{"id":787,"date":"2026-01-22T18:50:28","date_gmt":"2026-01-22T16:50:28","guid":{"rendered":"https:\/\/www.transtoyou.com\/de\/product\/euthyrox\/"},"modified":"2026-02-15T14:34:10","modified_gmt":"2026-02-15T12:34:10","slug":"euthyrox","status":"publish","type":"product","link":"https:\/\/www.transtoyou.com\/de\/product\/euthyrox\/","title":{"rendered":"Euthyrox"},"content":{"rendered":"<p>Euthyrox ist eine synthetische Form von Levothyroxin, einem Hormon, das identisch mit dem nat\u00fcrlichen Thyroxin ist, das von der Schilddr\u00fcse produziert wird. Es wird zur Behandlung von Hypothyreose eingesetzt, einem Zustand, bei dem die Schilddr\u00fcse unteraktiv ist und nicht gen\u00fcgend Hormone produziert. Thyroxin ist entscheidend f\u00fcr die Regulierung des Stoffwechsels, der Energieniveaus, der Temperaturkontrolle und vieler anderer wichtiger Funktionen im K\u00f6rper.<\/p>\n<p>Wenn die Schilddr\u00fcse nicht gen\u00fcgend Hormone produziert, k\u00f6nnen Symptome wie M\u00fcdigkeit, Gewichtszunahme, trockene Haut, Verstopfung, Depressionen und K\u00e4lteunvertr\u00e4glichkeit auftreten. Euthyrox hilft, die Hormonspiegel auf ein normales Niveau zu bringen, sodass die K\u00f6rpersysteme wieder richtig funktionieren k\u00f6nnen. Durch die Korrektur des Hormonungleichgewichts kann es Energie, Konzentration, Stimmung und metabolische Stabilit\u00e4t verbessern.<\/p>\n<p>Euthyrox wird einmal t\u00e4glich, idealerweise morgens, auf n\u00fcchternen Magen mindestens 30\u201360 Minuten vor dem Essen oder Trinken von etwas au\u00dfer Wasser eingenommen. Es wird \u00fcber den Verdauungstrakt aufgenommen und im gesamten K\u00f6rper verteilt, um seine Wirkung zu entfalten.<\/p>\n<p>Die meisten Menschen beginnen, innerhalb von ein bis zwei Wochen nach Beginn der Behandlung eine Verbesserung der Symptome zu bemerken, obwohl es l\u00e4nger dauern kann, bis die vollen Wirkungen eintreten. Da Hypothyreose oft ein lebenslanger Zustand ist, wird Euthyrox normalerweise als langfristiges t\u00e4gliches Medikament eingenommen.<\/p>\n<p>Es wird im Allgemeinen gut vertragen, wenn es in der richtigen Dosis eingenommen wird. Nebenwirkungen k\u00f6nnen auftreten, wenn die Dosis zu hoch ist, und k\u00f6nnen Symptome einer Hyperthyreose wie Unruhe, Schwitzen, Herzklopfen oder Schlafst\u00f6rungen umfassen. Euthyrox ist kontraindiziert bei Patienten mit unbehandelter Nebenniereninsuffizienz, akuter Thyreotoxikose oder bekannter \u00dcberempfindlichkeit gegen\u00fcber Levothyroxin oder einem Hilfsstoff in der Formulierung.<\/p>\n","protected":false},"excerpt":{"rendered":"<ul>\n<li>T\u00e4glicher Ersatz von Schilddr\u00fcsenhormonen<\/li>\n<li>Verbessert Energie und Stoffwechsel<\/li>\n<li>Unterst\u00fctzt das hormonelle Gleichgewicht<\/li>\n<\/ul>\n","protected":false},"featured_media":789,"comment_status":"open","ping_status":"closed","template":"","meta":[],"product_brand":[],"product_cat":[173],"product_tag":[],"expert":[21],"class_list":{"0":"post-787","1":"product","2":"type-product","3":"status-publish","4":"has-post-thumbnail","6":"product_cat-schilddrusenerkrankungen","7":"expert-dr-m-sharoyko","9":"first","10":"instock","11":"shipping-taxable","12":"product-type-variable"},"yoast_head":"<!-- This site is optimized with the Yoast SEO plugin v27.0 - https:\/\/yoast.com\/product\/yoast-seo-wordpress\/ -->\n<title>Euthyrox | Schilddr\u00fcsenbalance Wiederherstellen - Transtoyou<\/title>\n<meta name=\"description\" content=\"Euthyrox, ein synthetisches Levothyroxin, behandelt effektiv Hypothyreose. Jetzt bei Transtoyou einkaufen f\u00fcr zuverl\u00e4ssige Schilddr\u00fcsenhormonunterst\u00fctzung.\" \/>\n<meta name=\"robots\" content=\"noindex, follow, max-snippet:-1, max-image-preview:large, max-video-preview:-1\" \/>\n<meta property=\"og:locale\" content=\"de_DE\" \/>\n<meta property=\"og:type\" content=\"article\" \/>\n<meta property=\"og:title\" content=\"Euthyrox | Schilddr\u00fcsenbalance Wiederherstellen - Transtoyou\" \/>\n<meta property=\"og:description\" content=\"Euthyrox, ein synthetisches Levothyroxin, behandelt effektiv Hypothyreose. Jetzt bei Transtoyou einkaufen f\u00fcr zuverl\u00e4ssige Schilddr\u00fcsenhormonunterst\u00fctzung.\" \/>\n<meta property=\"og:url\" content=\"https:\/\/www.transtoyou.com\/de\/product\/euthyrox\/\" \/>\n<meta property=\"og:site_name\" content=\"Transtoyou - DE\" \/>\n<meta property=\"article:modified_time\" content=\"2026-02-15T12:34:10+00:00\" \/>\n<meta name=\"twitter:card\" content=\"summary_large_image\" \/>\n<meta name=\"twitter:label1\" content=\"Gesch\u00e4tzte Lesezeit\" \/>\n\t<meta name=\"twitter:data1\" content=\"1\u00a0Minute\" \/>\n<script type=\"application\/ld+json\" class=\"yoast-schema-graph\">{\"@context\":\"https:\/\/schema.org\",\"@graph\":[{\"@type\":\"WebPage\",\"@id\":\"https:\/\/www.transtoyou.com\/de\/product\/euthyrox\/\",\"url\":\"https:\/\/www.transtoyou.com\/de\/product\/euthyrox\/\",\"name\":\"Euthyrox | Schilddr\u00fcsenbalance Wiederherstellen - Transtoyou\",\"isPartOf\":{\"@id\":\"https:\/\/www.transtoyou.com\/de\/#website\"},\"primaryImageOfPage\":{\"@id\":\"https:\/\/www.transtoyou.com\/de\/product\/euthyrox\/#primaryimage\"},\"image\":{\"@id\":\"https:\/\/www.transtoyou.com\/de\/product\/euthyrox\/#primaryimage\"},\"thumbnailUrl\":\"https:\/\/www.transtoyou.com\/de\/wp-content\/uploads\/sites\/4\/2026\/01\/tty-no-product-image-16.webp\",\"datePublished\":\"2026-01-22T16:50:28+00:00\",\"dateModified\":\"2026-02-15T12:34:10+00:00\",\"description\":\"Euthyrox, ein synthetisches Levothyroxin, behandelt effektiv Hypothyreose. Jetzt bei Transtoyou einkaufen f\u00fcr zuverl\u00e4ssige Schilddr\u00fcsenhormonunterst\u00fctzung.\",\"breadcrumb\":{\"@id\":\"https:\/\/www.transtoyou.com\/de\/product\/euthyrox\/#breadcrumb\"},\"inLanguage\":\"de\",\"potentialAction\":[{\"@type\":\"ReadAction\",\"target\":[\"https:\/\/www.transtoyou.com\/de\/product\/euthyrox\/\"]}]},{\"@type\":\"ImageObject\",\"inLanguage\":\"de\",\"@id\":\"https:\/\/www.transtoyou.com\/de\/product\/euthyrox\/#primaryimage\",\"url\":\"https:\/\/www.transtoyou.com\/de\/wp-content\/uploads\/sites\/4\/2026\/01\/tty-no-product-image-16.webp\",\"contentUrl\":\"https:\/\/www.transtoyou.com\/de\/wp-content\/uploads\/sites\/4\/2026\/01\/tty-no-product-image-16.webp\",\"width\":1000,\"height\":1000,\"caption\":\"Standardproduktbild\"},{\"@type\":\"WebSite\",\"@id\":\"https:\/\/www.transtoyou.com\/de\/#website\",\"url\":\"https:\/\/www.transtoyou.com\/de\/\",\"name\":\"Transtoyou - DE\",\"description\":\"DE\",\"publisher\":{\"@id\":\"https:\/\/www.transtoyou.com\/de\/#organization\"},\"potentialAction\":[{\"@type\":\"SearchAction\",\"target\":{\"@type\":\"EntryPoint\",\"urlTemplate\":\"https:\/\/www.transtoyou.com\/de\/?s={search_term_string}\"},\"query-input\":{\"@type\":\"PropertyValueSpecification\",\"valueRequired\":true,\"valueName\":\"search_term_string\"}}],\"inLanguage\":\"de\"},{\"@type\":\"Organization\",\"@id\":\"https:\/\/www.transtoyou.com\/de\/#organization\",\"name\":\"Transtoyou - DE\",\"url\":\"https:\/\/www.transtoyou.com\/de\/\",\"logo\":{\"@type\":\"ImageObject\",\"inLanguage\":\"de\",\"@id\":\"https:\/\/www.transtoyou.com\/de\/#\/schema\/logo\/image\/\",\"url\":\"https:\/\/www.transtoyou.com\/de\/wp-content\/uploads\/sites\/4\/2026\/01\/logo-tty-menu-bar-300x87-1.webp\",\"contentUrl\":\"https:\/\/www.transtoyou.com\/de\/wp-content\/uploads\/sites\/4\/2026\/01\/logo-tty-menu-bar-300x87-1.webp\",\"width\":300,\"height\":87,\"caption\":\"Transtoyou - DE\"},\"image\":{\"@id\":\"https:\/\/www.transtoyou.com\/de\/#\/schema\/logo\/image\/\"}}]}<\/script>\n<!-- \/ Yoast SEO plugin. -->","yoast_head_json":{"title":"Euthyrox | Schilddr\u00fcsenbalance Wiederherstellen - Transtoyou","description":"Euthyrox, ein synthetisches Levothyroxin, behandelt effektiv Hypothyreose. Jetzt bei Transtoyou einkaufen f\u00fcr zuverl\u00e4ssige Schilddr\u00fcsenhormonunterst\u00fctzung.","robots":{"index":"noindex","follow":"follow","max-snippet":"max-snippet:-1","max-image-preview":"max-image-preview:large","max-video-preview":"max-video-preview:-1"},"og_locale":"de_DE","og_type":"article","og_title":"Euthyrox | Schilddr\u00fcsenbalance Wiederherstellen - Transtoyou","og_description":"Euthyrox, ein synthetisches Levothyroxin, behandelt effektiv Hypothyreose. Jetzt bei Transtoyou einkaufen f\u00fcr zuverl\u00e4ssige Schilddr\u00fcsenhormonunterst\u00fctzung.","og_url":"https:\/\/www.transtoyou.com\/de\/product\/euthyrox\/","og_site_name":"Transtoyou - DE","article_modified_time":"2026-02-15T12:34:10+00:00","twitter_card":"summary_large_image","twitter_misc":{"Gesch\u00e4tzte Lesezeit":"1\u00a0Minute"},"schema":{"@context":"https:\/\/schema.org","@graph":[{"@type":"WebPage","@id":"https:\/\/www.transtoyou.com\/de\/product\/euthyrox\/","url":"https:\/\/www.transtoyou.com\/de\/product\/euthyrox\/","name":"Euthyrox | Schilddr\u00fcsenbalance Wiederherstellen - Transtoyou","isPartOf":{"@id":"https:\/\/www.transtoyou.com\/de\/#website"},"primaryImageOfPage":{"@id":"https:\/\/www.transtoyou.com\/de\/product\/euthyrox\/#primaryimage"},"image":{"@id":"https:\/\/www.transtoyou.com\/de\/product\/euthyrox\/#primaryimage"},"thumbnailUrl":"https:\/\/www.transtoyou.com\/de\/wp-content\/uploads\/sites\/4\/2026\/01\/tty-no-product-image-16.webp","datePublished":"2026-01-22T16:50:28+00:00","dateModified":"2026-02-15T12:34:10+00:00","description":"Euthyrox, ein synthetisches Levothyroxin, behandelt effektiv Hypothyreose. Jetzt bei Transtoyou einkaufen f\u00fcr zuverl\u00e4ssige Schilddr\u00fcsenhormonunterst\u00fctzung.","breadcrumb":{"@id":"https:\/\/www.transtoyou.com\/de\/product\/euthyrox\/#breadcrumb"},"inLanguage":"de","potentialAction":[{"@type":"ReadAction","target":["https:\/\/www.transtoyou.com\/de\/product\/euthyrox\/"]}]},{"@type":"ImageObject","inLanguage":"de","@id":"https:\/\/www.transtoyou.com\/de\/product\/euthyrox\/#primaryimage","url":"https:\/\/www.transtoyou.com\/de\/wp-content\/uploads\/sites\/4\/2026\/01\/tty-no-product-image-16.webp","contentUrl":"https:\/\/www.transtoyou.com\/de\/wp-content\/uploads\/sites\/4\/2026\/01\/tty-no-product-image-16.webp","width":1000,"height":1000,"caption":"Standardproduktbild"},{"@type":"WebSite","@id":"https:\/\/www.transtoyou.com\/de\/#website","url":"https:\/\/www.transtoyou.com\/de\/","name":"Transtoyou - DE","description":"DE","publisher":{"@id":"https:\/\/www.transtoyou.com\/de\/#organization"},"potentialAction":[{"@type":"SearchAction","target":{"@type":"EntryPoint","urlTemplate":"https:\/\/www.transtoyou.com\/de\/?s={search_term_string}"},"query-input":{"@type":"PropertyValueSpecification","valueRequired":true,"valueName":"search_term_string"}}],"inLanguage":"de"},{"@type":"Organization","@id":"https:\/\/www.transtoyou.com\/de\/#organization","name":"Transtoyou - DE","url":"https:\/\/www.transtoyou.com\/de\/","logo":{"@type":"ImageObject","inLanguage":"de","@id":"https:\/\/www.transtoyou.com\/de\/#\/schema\/logo\/image\/","url":"https:\/\/www.transtoyou.com\/de\/wp-content\/uploads\/sites\/4\/2026\/01\/logo-tty-menu-bar-300x87-1.webp","contentUrl":"https:\/\/www.transtoyou.com\/de\/wp-content\/uploads\/sites\/4\/2026\/01\/logo-tty-menu-bar-300x87-1.webp","width":300,"height":87,"caption":"Transtoyou - DE"},"image":{"@id":"https:\/\/www.transtoyou.com\/de\/#\/schema\/logo\/image\/"}}]}},"_links":{"self":[{"href":"https:\/\/www.transtoyou.com\/de\/wp-json\/wp\/v2\/product\/787","targetHints":{"allow":["GET"]}}],"collection":[{"href":"https:\/\/www.transtoyou.com\/de\/wp-json\/wp\/v2\/product"}],"about":[{"href":"https:\/\/www.transtoyou.com\/de\/wp-json\/wp\/v2\/types\/product"}],"replies":[{"embeddable":true,"href":"https:\/\/www.transtoyou.com\/de\/wp-json\/wp\/v2\/comments?post=787"}],"wp:featuredmedia":[{"embeddable":true,"href":"https:\/\/www.transtoyou.com\/de\/wp-json\/wp\/v2\/media\/789"}],"wp:attachment":[{"href":"https:\/\/www.transtoyou.com\/de\/wp-json\/wp\/v2\/media?parent=787"}],"wp:term":[{"taxonomy":"product_brand","embeddable":true,"href":"https:\/\/www.transtoyou.com\/de\/wp-json\/wp\/v2\/product_brand?post=787"},{"taxonomy":"product_cat","embeddable":true,"href":"https:\/\/www.transtoyou.com\/de\/wp-json\/wp\/v2\/product_cat?post=787"},{"taxonomy":"product_tag","embeddable":true,"href":"https:\/\/www.transtoyou.com\/de\/wp-json\/wp\/v2\/product_tag?post=787"},{"taxonomy":"expert","embeddable":true,"href":"https:\/\/www.transtoyou.com\/de\/wp-json\/wp\/v2\/expert?post=787"}],"curies":[{"name":"wp","href":"https:\/\/api.w.org\/{rel}","templated":true}]}}