{"id":790,"date":"2026-01-22T19:07:30","date_gmt":"2026-01-22T17:07:30","guid":{"rendered":"https:\/\/www.transtoyou.com\/de\/product\/aciclovir\/"},"modified":"2026-02-01T16:20:45","modified_gmt":"2026-02-01T14:20:45","slug":"aciclovir","status":"publish","type":"product","link":"https:\/\/www.transtoyou.com\/de\/product\/aciclovir\/","title":{"rendered":"Aciclovir"},"content":{"rendered":"<p>Aciclovir ist ein antivirales Medikament, das zur Behandlung von Infektionen eingesetzt wird, die durch Herpesviren (wie HSV und VZV) verursacht werden, einschlie\u00dflich Genitalherpes, Lippenherpes und G\u00fcrtelrose. Es wirkt, indem es das Wachstum und die Ausbreitung des Herpesvirus im K\u00f6rper verlangsamt, was hilft, die Schwere und Dauer von Ausbr\u00fcchen zu reduzieren. Aciclovir heilt Herpesinfektionen nicht, kann jedoch die Symptome effektiv lindern und die H\u00e4ufigkeit von R\u00fcckf\u00e4llen verringern.<\/p>\n<p>Das Medikament ist in verschiedenen Formen erh\u00e4ltlich, darunter Tabletten, Cremes und intraven\u00f6se L\u00f6sungen. Bei hautbezogenen Ausbr\u00fcchen wie Lippenherpes oder G\u00fcrtelrose wird die Creme oft direkt auf die betroffene Stelle aufgetragen. In F\u00e4llen von weit verbreiteten oder schweren Infektionen sind Tabletten oder eine intraven\u00f6se Verabreichung angezeigt.<\/p>\n<p>Aciclovir wirkt, indem es die F\u00e4higkeit des Virus beeintr\u00e4chtigt, sein genetisches Material zu replizieren. Das bedeutet, dass, w\u00e4hrend das Virus im K\u00f6rper inaktiv bleibt, die aktive Replikation unterdr\u00fcckt wird, was hilft, die Infektion einzud\u00e4mmen und eine schnellere Heilung zu f\u00f6rdern.<\/p>\n<p>Die meisten Menschen bemerken innerhalb weniger Tage nach Beginn der Behandlung eine Linderung der Symptome, insbesondere wenn es bei den ersten Anzeichen eines Ausbruchs eingenommen wird.<\/p>\n<p>Typische Behandlungsverl\u00e4ufe dauern f\u00fcnf bis zehn Tage, abh\u00e4ngig vom Zustand und der Verabreichungsform. Bei Genitalherpes betr\u00e4gt die typische Erwachsenendosis 400 mg dreimal t\u00e4glich f\u00fcr 5 bis 10 Tage. Bei wiederkehrenden Ausbr\u00fcchen k\u00f6nnen einige Personen Aciclovir t\u00e4glich als suppressive Therapie einnehmen, um Sch\u00fcbe zu reduzieren.<\/p>\n","protected":false},"excerpt":{"rendered":"<ul>\n<li>Wirksam gegen Herpesviren<\/li>\n<li>Reduziert die Schwere und Dauer von Ausbr\u00fcchen<\/li>\n<li>Erh\u00e4ltlich in Creme- und Tablettenform<\/li>\n<\/ul>\n","protected":false},"featured_media":2213,"comment_status":"open","ping_status":"closed","template":"","meta":[],"product_brand":[],"product_cat":[96,138,166],"product_tag":[],"expert":[21],"class_list":{"0":"post-790","1":"product","2":"type-product","3":"status-publish","4":"has-post-thumbnail","6":"product_cat-fieberblaschen","7":"product_cat-herpes","8":"product_cat-schindeln","9":"expert-dr-m-sharoyko","11":"first","12":"instock","13":"shipping-taxable","14":"purchasable","15":"product-type-variable"},"yoast_head":"<!-- This site is optimized with the Yoast SEO plugin v27.0 - https:\/\/yoast.com\/product\/yoast-seo-wordpress\/ -->\n<title>Aciclovir | Effektive antivirale Linderung - Transtoyou<\/title>\n<meta name=\"description\" content=\"Aciclovir bei Transtoyou erh\u00e4ltlich, deiner vertrauensw\u00fcrdigen Quelle f\u00fcr effektive Virusbehandlungen. Jetzt einkaufen und schnell hochwertige Produkte erhalten.\" \/>\n<meta name=\"robots\" content=\"noindex, follow, max-snippet:-1, max-image-preview:large, max-video-preview:-1\" \/>\n<meta property=\"og:locale\" content=\"de_DE\" \/>\n<meta property=\"og:type\" content=\"article\" \/>\n<meta property=\"og:title\" content=\"Aciclovir | Effektive antivirale Linderung - Transtoyou\" \/>\n<meta property=\"og:description\" content=\"Aciclovir bei Transtoyou erh\u00e4ltlich, deiner vertrauensw\u00fcrdigen Quelle f\u00fcr effektive Virusbehandlungen. Jetzt einkaufen und schnell hochwertige Produkte erhalten.\" \/>\n<meta property=\"og:url\" content=\"https:\/\/www.transtoyou.com\/de\/product\/aciclovir\/\" \/>\n<meta property=\"og:site_name\" content=\"Transtoyou - DE\" \/>\n<meta property=\"article:modified_time\" content=\"2026-02-01T14:20:45+00:00\" \/>\n<meta name=\"twitter:card\" content=\"summary_large_image\" \/>\n<meta name=\"twitter:label1\" content=\"Gesch\u00e4tzte Lesezeit\" \/>\n\t<meta name=\"twitter:data1\" content=\"1\u00a0Minute\" \/>\n<script type=\"application\/ld+json\" class=\"yoast-schema-graph\">{\"@context\":\"https:\/\/schema.org\",\"@graph\":[{\"@type\":\"WebPage\",\"@id\":\"https:\/\/www.transtoyou.com\/de\/product\/aciclovir\/\",\"url\":\"https:\/\/www.transtoyou.com\/de\/product\/aciclovir\/\",\"name\":\"Aciclovir | Effektive antivirale Linderung - Transtoyou\",\"isPartOf\":{\"@id\":\"https:\/\/www.transtoyou.com\/de\/#website\"},\"primaryImageOfPage\":{\"@id\":\"https:\/\/www.transtoyou.com\/de\/product\/aciclovir\/#primaryimage\"},\"image\":{\"@id\":\"https:\/\/www.transtoyou.com\/de\/product\/aciclovir\/#primaryimage\"},\"thumbnailUrl\":\"https:\/\/www.transtoyou.com\/de\/wp-content\/uploads\/sites\/4\/2026\/02\/Aciclovir-mean-image.png\",\"datePublished\":\"2026-01-22T17:07:30+00:00\",\"dateModified\":\"2026-02-01T14:20:45+00:00\",\"description\":\"Aciclovir bei Transtoyou erh\u00e4ltlich, deiner vertrauensw\u00fcrdigen Quelle f\u00fcr effektive Virusbehandlungen. Jetzt einkaufen und schnell hochwertige Produkte erhalten.\",\"breadcrumb\":{\"@id\":\"https:\/\/www.transtoyou.com\/de\/product\/aciclovir\/#breadcrumb\"},\"inLanguage\":\"de\",\"potentialAction\":[{\"@type\":\"ReadAction\",\"target\":[\"https:\/\/www.transtoyou.com\/de\/product\/aciclovir\/\"]}]},{\"@type\":\"ImageObject\",\"inLanguage\":\"de\",\"@id\":\"https:\/\/www.transtoyou.com\/de\/product\/aciclovir\/#primaryimage\",\"url\":\"https:\/\/www.transtoyou.com\/de\/wp-content\/uploads\/sites\/4\/2026\/02\/Aciclovir-mean-image.png\",\"contentUrl\":\"https:\/\/www.transtoyou.com\/de\/wp-content\/uploads\/sites\/4\/2026\/02\/Aciclovir-mean-image.png\",\"width\":1080,\"height\":1080,\"caption\":\"Aciclovir online bestellen - Transtoyou\"},{\"@type\":\"WebSite\",\"@id\":\"https:\/\/www.transtoyou.com\/de\/#website\",\"url\":\"https:\/\/www.transtoyou.com\/de\/\",\"name\":\"Transtoyou - DE\",\"description\":\"DE\",\"publisher\":{\"@id\":\"https:\/\/www.transtoyou.com\/de\/#organization\"},\"potentialAction\":[{\"@type\":\"SearchAction\",\"target\":{\"@type\":\"EntryPoint\",\"urlTemplate\":\"https:\/\/www.transtoyou.com\/de\/?s={search_term_string}\"},\"query-input\":{\"@type\":\"PropertyValueSpecification\",\"valueRequired\":true,\"valueName\":\"search_term_string\"}}],\"inLanguage\":\"de\"},{\"@type\":\"Organization\",\"@id\":\"https:\/\/www.transtoyou.com\/de\/#organization\",\"name\":\"Transtoyou - DE\",\"url\":\"https:\/\/www.transtoyou.com\/de\/\",\"logo\":{\"@type\":\"ImageObject\",\"inLanguage\":\"de\",\"@id\":\"https:\/\/www.transtoyou.com\/de\/#\/schema\/logo\/image\/\",\"url\":\"https:\/\/www.transtoyou.com\/de\/wp-content\/uploads\/sites\/4\/2026\/01\/logo-tty-menu-bar-300x87-1.webp\",\"contentUrl\":\"https:\/\/www.transtoyou.com\/de\/wp-content\/uploads\/sites\/4\/2026\/01\/logo-tty-menu-bar-300x87-1.webp\",\"width\":300,\"height\":87,\"caption\":\"Transtoyou - DE\"},\"image\":{\"@id\":\"https:\/\/www.transtoyou.com\/de\/#\/schema\/logo\/image\/\"}}]}<\/script>\n<!-- \/ Yoast SEO plugin. -->","yoast_head_json":{"title":"Aciclovir | Effektive antivirale Linderung - Transtoyou","description":"Aciclovir bei Transtoyou erh\u00e4ltlich, deiner vertrauensw\u00fcrdigen Quelle f\u00fcr effektive Virusbehandlungen. Jetzt einkaufen und schnell hochwertige Produkte erhalten.","robots":{"index":"noindex","follow":"follow","max-snippet":"max-snippet:-1","max-image-preview":"max-image-preview:large","max-video-preview":"max-video-preview:-1"},"og_locale":"de_DE","og_type":"article","og_title":"Aciclovir | Effektive antivirale Linderung - Transtoyou","og_description":"Aciclovir bei Transtoyou erh\u00e4ltlich, deiner vertrauensw\u00fcrdigen Quelle f\u00fcr effektive Virusbehandlungen. Jetzt einkaufen und schnell hochwertige Produkte erhalten.","og_url":"https:\/\/www.transtoyou.com\/de\/product\/aciclovir\/","og_site_name":"Transtoyou - DE","article_modified_time":"2026-02-01T14:20:45+00:00","twitter_card":"summary_large_image","twitter_misc":{"Gesch\u00e4tzte Lesezeit":"1\u00a0Minute"},"schema":{"@context":"https:\/\/schema.org","@graph":[{"@type":"WebPage","@id":"https:\/\/www.transtoyou.com\/de\/product\/aciclovir\/","url":"https:\/\/www.transtoyou.com\/de\/product\/aciclovir\/","name":"Aciclovir | Effektive antivirale Linderung - Transtoyou","isPartOf":{"@id":"https:\/\/www.transtoyou.com\/de\/#website"},"primaryImageOfPage":{"@id":"https:\/\/www.transtoyou.com\/de\/product\/aciclovir\/#primaryimage"},"image":{"@id":"https:\/\/www.transtoyou.com\/de\/product\/aciclovir\/#primaryimage"},"thumbnailUrl":"https:\/\/www.transtoyou.com\/de\/wp-content\/uploads\/sites\/4\/2026\/02\/Aciclovir-mean-image.png","datePublished":"2026-01-22T17:07:30+00:00","dateModified":"2026-02-01T14:20:45+00:00","description":"Aciclovir bei Transtoyou erh\u00e4ltlich, deiner vertrauensw\u00fcrdigen Quelle f\u00fcr effektive Virusbehandlungen. Jetzt einkaufen und schnell hochwertige Produkte erhalten.","breadcrumb":{"@id":"https:\/\/www.transtoyou.com\/de\/product\/aciclovir\/#breadcrumb"},"inLanguage":"de","potentialAction":[{"@type":"ReadAction","target":["https:\/\/www.transtoyou.com\/de\/product\/aciclovir\/"]}]},{"@type":"ImageObject","inLanguage":"de","@id":"https:\/\/www.transtoyou.com\/de\/product\/aciclovir\/#primaryimage","url":"https:\/\/www.transtoyou.com\/de\/wp-content\/uploads\/sites\/4\/2026\/02\/Aciclovir-mean-image.png","contentUrl":"https:\/\/www.transtoyou.com\/de\/wp-content\/uploads\/sites\/4\/2026\/02\/Aciclovir-mean-image.png","width":1080,"height":1080,"caption":"Aciclovir online bestellen - Transtoyou"},{"@type":"WebSite","@id":"https:\/\/www.transtoyou.com\/de\/#website","url":"https:\/\/www.transtoyou.com\/de\/","name":"Transtoyou - DE","description":"DE","publisher":{"@id":"https:\/\/www.transtoyou.com\/de\/#organization"},"potentialAction":[{"@type":"SearchAction","target":{"@type":"EntryPoint","urlTemplate":"https:\/\/www.transtoyou.com\/de\/?s={search_term_string}"},"query-input":{"@type":"PropertyValueSpecification","valueRequired":true,"valueName":"search_term_string"}}],"inLanguage":"de"},{"@type":"Organization","@id":"https:\/\/www.transtoyou.com\/de\/#organization","name":"Transtoyou - DE","url":"https:\/\/www.transtoyou.com\/de\/","logo":{"@type":"ImageObject","inLanguage":"de","@id":"https:\/\/www.transtoyou.com\/de\/#\/schema\/logo\/image\/","url":"https:\/\/www.transtoyou.com\/de\/wp-content\/uploads\/sites\/4\/2026\/01\/logo-tty-menu-bar-300x87-1.webp","contentUrl":"https:\/\/www.transtoyou.com\/de\/wp-content\/uploads\/sites\/4\/2026\/01\/logo-tty-menu-bar-300x87-1.webp","width":300,"height":87,"caption":"Transtoyou - DE"},"image":{"@id":"https:\/\/www.transtoyou.com\/de\/#\/schema\/logo\/image\/"}}]}},"_links":{"self":[{"href":"https:\/\/www.transtoyou.com\/de\/wp-json\/wp\/v2\/product\/790","targetHints":{"allow":["GET"]}}],"collection":[{"href":"https:\/\/www.transtoyou.com\/de\/wp-json\/wp\/v2\/product"}],"about":[{"href":"https:\/\/www.transtoyou.com\/de\/wp-json\/wp\/v2\/types\/product"}],"replies":[{"embeddable":true,"href":"https:\/\/www.transtoyou.com\/de\/wp-json\/wp\/v2\/comments?post=790"}],"wp:featuredmedia":[{"embeddable":true,"href":"https:\/\/www.transtoyou.com\/de\/wp-json\/wp\/v2\/media\/2213"}],"wp:attachment":[{"href":"https:\/\/www.transtoyou.com\/de\/wp-json\/wp\/v2\/media?parent=790"}],"wp:term":[{"taxonomy":"product_brand","embeddable":true,"href":"https:\/\/www.transtoyou.com\/de\/wp-json\/wp\/v2\/product_brand?post=790"},{"taxonomy":"product_cat","embeddable":true,"href":"https:\/\/www.transtoyou.com\/de\/wp-json\/wp\/v2\/product_cat?post=790"},{"taxonomy":"product_tag","embeddable":true,"href":"https:\/\/www.transtoyou.com\/de\/wp-json\/wp\/v2\/product_tag?post=790"},{"taxonomy":"expert","embeddable":true,"href":"https:\/\/www.transtoyou.com\/de\/wp-json\/wp\/v2\/expert?post=790"}],"curies":[{"name":"wp","href":"https:\/\/api.w.org\/{rel}","templated":true}]}}