{"id":793,"date":"2026-01-22T19:23:45","date_gmt":"2026-01-22T17:23:45","guid":{"rendered":"https:\/\/www.transtoyou.com\/de\/product\/aldara\/"},"modified":"2026-02-12T09:35:04","modified_gmt":"2026-02-12T07:35:04","slug":"aldara","status":"publish","type":"product","link":"https:\/\/www.transtoyou.com\/de\/product\/aldara\/","title":{"rendered":"Aldara"},"content":{"rendered":"<p>Aldara ist eine topische Creme, die Imiquimod enth\u00e4lt, einen Immunmodulator, der zur Behandlung von \u00e4u\u00dferen genitalen und analen Warzen sowie anderen Arten von Hauterkrankungen wie gew\u00f6hnlichen Warzen und bestimmten pr\u00e4kanzer\u00f6sen oder kanzer\u00f6sen Hauterkrankungen wie aktinischer Keratose und superfiziellen Basalzellkarzinomen eingesetzt wird. Diese Creme wirkt, indem sie das Immunsystem des K\u00f6rpers anregt, um abnormale Hautwucherungen zu bek\u00e4mpfen, die durch Viren wie das humane Papillomavirus (HPV) oder durch Sonnensch\u00e4den verursacht werden.<\/p>\n<p>Der Hauptbestandteil, Imiquimod, f\u00f6rdert die Produktion nat\u00fcrlicher Chemikalien wie Interferon, die helfen, die virusinfizierten Zellen zu zerst\u00f6ren. Im Gegensatz zu Behandlungen, die Warzen physisch entfernen, aktiviert Aldara das Immunsystem, um die Ursache von innen heraus zu erkennen und zu beseitigen. Dieser Ansatz kann die Wahrscheinlichkeit eines Wiederauftretens verringern und das Virus von innen in der Haut bek\u00e4mpfen. Dieser Ansatz verringert die Wahrscheinlichkeit eines Wiederauftretens und ist besonders wertvoll f\u00fcr die Behandlung empfindlicher Bereiche wie dem genitalen oder analen Bereich.<\/p>\n<p>Aldara wird in der Regel dreimal pro Woche direkt auf die betroffene Stelle aufgetragen, normalerweise vor dem Schlafengehen. Sie bleibt sechs bis zehn Stunden auf der Haut und wird dann abgewaschen. Die Behandlungsdauer kann variieren, aber sichtbare Verbesserungen sind innerhalb weniger Wochen zu erwarten. Der gesamte Verlauf kann bis zu 16 Wochen dauern, abh\u00e4ngig von der Reaktion.<\/p>\n<p>Benutzer sollten sich vor und nach der Anwendung die H\u00e4nde waschen, und die Creme sollte nicht auf Schleimh\u00e4uten oder offenen Wunden angewendet werden. Zu den h\u00e4ufigsten Nebenwirkungen geh\u00f6ren leichte R\u00f6tungen, Juckreiz, Brennen und Schuppenbildung an der Anwendungsstelle. Diese sind in der Regel vor\u00fcbergehend und k\u00f6nnen darauf hindeuten, dass die Immunreaktion aktiviert wird. Wenn die Reaktion schwerwiegend wird, kann die Behandlung f\u00fcr einige Tage pausiert werden.<\/p>\n","protected":false},"excerpt":{"rendered":"<ul>\n<li>Stimuliert die Immunantwort<\/li>\n<li>Aktinische Keratosen und oberfl\u00e4chliches Basalzellkarzinom<\/li>\n<li>Topische, selbstverabreichte Behandlung<\/li>\n<\/ul>\n","protected":false},"featured_media":2340,"comment_status":"open","ping_status":"closed","template":"","meta":[],"product_brand":[],"product_cat":[127,179],"product_tag":[],"expert":[21],"class_list":{"0":"post-793","1":"product","2":"type-product","3":"status-publish","4":"has-post-thumbnail","6":"product_cat-genitalwarzen","7":"product_cat-warzen","8":"expert-dr-m-sharoyko","10":"first","11":"instock","12":"shipping-taxable","13":"purchasable","14":"product-type-variable"},"yoast_head":"<!-- This site is optimized with the Yoast SEO plugin v27.0 - https:\/\/yoast.com\/product\/yoast-seo-wordpress\/ -->\n<title>Aldara | Exzellenz in der Hautgesundheit - Transtoyou<\/title>\n<meta name=\"description\" content=\"Aldara-Creme bei Transtoyou erh\u00e4ltlich, bek\u00e4mpft gezielt Hauterkrankungen. Jetzt shoppen f\u00fcr die praktische L\u00f6sung deiner Hautpflegebed\u00fcrfnisse.\" \/>\n<meta name=\"robots\" content=\"noindex, follow, max-snippet:-1, max-image-preview:large, max-video-preview:-1\" \/>\n<meta property=\"og:locale\" content=\"de_DE\" \/>\n<meta property=\"og:type\" content=\"article\" \/>\n<meta property=\"og:title\" content=\"Aldara | Exzellenz in der Hautgesundheit - Transtoyou\" \/>\n<meta property=\"og:description\" content=\"Aldara-Creme bei Transtoyou erh\u00e4ltlich, bek\u00e4mpft gezielt Hauterkrankungen. Jetzt shoppen f\u00fcr die praktische L\u00f6sung deiner Hautpflegebed\u00fcrfnisse.\" \/>\n<meta property=\"og:url\" content=\"https:\/\/www.transtoyou.com\/de\/product\/aldara\/\" \/>\n<meta property=\"og:site_name\" content=\"Transtoyou - DE\" \/>\n<meta property=\"article:modified_time\" content=\"2026-02-12T07:35:04+00:00\" \/>\n<meta name=\"twitter:card\" content=\"summary_large_image\" \/>\n<meta name=\"twitter:label1\" content=\"Gesch\u00e4tzte Lesezeit\" \/>\n\t<meta name=\"twitter:data1\" content=\"1\u00a0Minute\" \/>\n<script type=\"application\/ld+json\" class=\"yoast-schema-graph\">{\"@context\":\"https:\/\/schema.org\",\"@graph\":[{\"@type\":\"WebPage\",\"@id\":\"https:\/\/www.transtoyou.com\/de\/product\/aldara\/\",\"url\":\"https:\/\/www.transtoyou.com\/de\/product\/aldara\/\",\"name\":\"Aldara | Exzellenz in der Hautgesundheit - Transtoyou\",\"isPartOf\":{\"@id\":\"https:\/\/www.transtoyou.com\/de\/#website\"},\"primaryImageOfPage\":{\"@id\":\"https:\/\/www.transtoyou.com\/de\/product\/aldara\/#primaryimage\"},\"image\":{\"@id\":\"https:\/\/www.transtoyou.com\/de\/product\/aldara\/#primaryimage\"},\"thumbnailUrl\":\"https:\/\/www.transtoyou.com\/de\/wp-content\/uploads\/sites\/4\/2026\/02\/Aldara-5-2.png\",\"datePublished\":\"2026-01-22T17:23:45+00:00\",\"dateModified\":\"2026-02-12T07:35:04+00:00\",\"description\":\"Aldara-Creme bei Transtoyou erh\u00e4ltlich, bek\u00e4mpft gezielt Hauterkrankungen. Jetzt shoppen f\u00fcr die praktische L\u00f6sung deiner Hautpflegebed\u00fcrfnisse.\",\"breadcrumb\":{\"@id\":\"https:\/\/www.transtoyou.com\/de\/product\/aldara\/#breadcrumb\"},\"inLanguage\":\"de\",\"potentialAction\":[{\"@type\":\"ReadAction\",\"target\":[\"https:\/\/www.transtoyou.com\/de\/product\/aldara\/\"]}]},{\"@type\":\"ImageObject\",\"inLanguage\":\"de\",\"@id\":\"https:\/\/www.transtoyou.com\/de\/product\/aldara\/#primaryimage\",\"url\":\"https:\/\/www.transtoyou.com\/de\/wp-content\/uploads\/sites\/4\/2026\/02\/Aldara-5-2.png\",\"contentUrl\":\"https:\/\/www.transtoyou.com\/de\/wp-content\/uploads\/sites\/4\/2026\/02\/Aldara-5-2.png\",\"width\":1080,\"height\":1080,\"caption\":\"Aldara 5% Box 12 St. Creme - Transtoyou\"},{\"@type\":\"WebSite\",\"@id\":\"https:\/\/www.transtoyou.com\/de\/#website\",\"url\":\"https:\/\/www.transtoyou.com\/de\/\",\"name\":\"Transtoyou - DE\",\"description\":\"DE\",\"publisher\":{\"@id\":\"https:\/\/www.transtoyou.com\/de\/#organization\"},\"potentialAction\":[{\"@type\":\"SearchAction\",\"target\":{\"@type\":\"EntryPoint\",\"urlTemplate\":\"https:\/\/www.transtoyou.com\/de\/?s={search_term_string}\"},\"query-input\":{\"@type\":\"PropertyValueSpecification\",\"valueRequired\":true,\"valueName\":\"search_term_string\"}}],\"inLanguage\":\"de\"},{\"@type\":\"Organization\",\"@id\":\"https:\/\/www.transtoyou.com\/de\/#organization\",\"name\":\"Transtoyou - DE\",\"url\":\"https:\/\/www.transtoyou.com\/de\/\",\"logo\":{\"@type\":\"ImageObject\",\"inLanguage\":\"de\",\"@id\":\"https:\/\/www.transtoyou.com\/de\/#\/schema\/logo\/image\/\",\"url\":\"https:\/\/www.transtoyou.com\/de\/wp-content\/uploads\/sites\/4\/2026\/01\/logo-tty-menu-bar-300x87-1.webp\",\"contentUrl\":\"https:\/\/www.transtoyou.com\/de\/wp-content\/uploads\/sites\/4\/2026\/01\/logo-tty-menu-bar-300x87-1.webp\",\"width\":300,\"height\":87,\"caption\":\"Transtoyou - DE\"},\"image\":{\"@id\":\"https:\/\/www.transtoyou.com\/de\/#\/schema\/logo\/image\/\"}}]}<\/script>\n<!-- \/ Yoast SEO plugin. -->","yoast_head_json":{"title":"Aldara | Exzellenz in der Hautgesundheit - Transtoyou","description":"Aldara-Creme bei Transtoyou erh\u00e4ltlich, bek\u00e4mpft gezielt Hauterkrankungen. Jetzt shoppen f\u00fcr die praktische L\u00f6sung deiner Hautpflegebed\u00fcrfnisse.","robots":{"index":"noindex","follow":"follow","max-snippet":"max-snippet:-1","max-image-preview":"max-image-preview:large","max-video-preview":"max-video-preview:-1"},"og_locale":"de_DE","og_type":"article","og_title":"Aldara | Exzellenz in der Hautgesundheit - Transtoyou","og_description":"Aldara-Creme bei Transtoyou erh\u00e4ltlich, bek\u00e4mpft gezielt Hauterkrankungen. Jetzt shoppen f\u00fcr die praktische L\u00f6sung deiner Hautpflegebed\u00fcrfnisse.","og_url":"https:\/\/www.transtoyou.com\/de\/product\/aldara\/","og_site_name":"Transtoyou - DE","article_modified_time":"2026-02-12T07:35:04+00:00","twitter_card":"summary_large_image","twitter_misc":{"Gesch\u00e4tzte Lesezeit":"1\u00a0Minute"},"schema":{"@context":"https:\/\/schema.org","@graph":[{"@type":"WebPage","@id":"https:\/\/www.transtoyou.com\/de\/product\/aldara\/","url":"https:\/\/www.transtoyou.com\/de\/product\/aldara\/","name":"Aldara | Exzellenz in der Hautgesundheit - Transtoyou","isPartOf":{"@id":"https:\/\/www.transtoyou.com\/de\/#website"},"primaryImageOfPage":{"@id":"https:\/\/www.transtoyou.com\/de\/product\/aldara\/#primaryimage"},"image":{"@id":"https:\/\/www.transtoyou.com\/de\/product\/aldara\/#primaryimage"},"thumbnailUrl":"https:\/\/www.transtoyou.com\/de\/wp-content\/uploads\/sites\/4\/2026\/02\/Aldara-5-2.png","datePublished":"2026-01-22T17:23:45+00:00","dateModified":"2026-02-12T07:35:04+00:00","description":"Aldara-Creme bei Transtoyou erh\u00e4ltlich, bek\u00e4mpft gezielt Hauterkrankungen. Jetzt shoppen f\u00fcr die praktische L\u00f6sung deiner Hautpflegebed\u00fcrfnisse.","breadcrumb":{"@id":"https:\/\/www.transtoyou.com\/de\/product\/aldara\/#breadcrumb"},"inLanguage":"de","potentialAction":[{"@type":"ReadAction","target":["https:\/\/www.transtoyou.com\/de\/product\/aldara\/"]}]},{"@type":"ImageObject","inLanguage":"de","@id":"https:\/\/www.transtoyou.com\/de\/product\/aldara\/#primaryimage","url":"https:\/\/www.transtoyou.com\/de\/wp-content\/uploads\/sites\/4\/2026\/02\/Aldara-5-2.png","contentUrl":"https:\/\/www.transtoyou.com\/de\/wp-content\/uploads\/sites\/4\/2026\/02\/Aldara-5-2.png","width":1080,"height":1080,"caption":"Aldara 5% Box 12 St. Creme - Transtoyou"},{"@type":"WebSite","@id":"https:\/\/www.transtoyou.com\/de\/#website","url":"https:\/\/www.transtoyou.com\/de\/","name":"Transtoyou - DE","description":"DE","publisher":{"@id":"https:\/\/www.transtoyou.com\/de\/#organization"},"potentialAction":[{"@type":"SearchAction","target":{"@type":"EntryPoint","urlTemplate":"https:\/\/www.transtoyou.com\/de\/?s={search_term_string}"},"query-input":{"@type":"PropertyValueSpecification","valueRequired":true,"valueName":"search_term_string"}}],"inLanguage":"de"},{"@type":"Organization","@id":"https:\/\/www.transtoyou.com\/de\/#organization","name":"Transtoyou - DE","url":"https:\/\/www.transtoyou.com\/de\/","logo":{"@type":"ImageObject","inLanguage":"de","@id":"https:\/\/www.transtoyou.com\/de\/#\/schema\/logo\/image\/","url":"https:\/\/www.transtoyou.com\/de\/wp-content\/uploads\/sites\/4\/2026\/01\/logo-tty-menu-bar-300x87-1.webp","contentUrl":"https:\/\/www.transtoyou.com\/de\/wp-content\/uploads\/sites\/4\/2026\/01\/logo-tty-menu-bar-300x87-1.webp","width":300,"height":87,"caption":"Transtoyou - DE"},"image":{"@id":"https:\/\/www.transtoyou.com\/de\/#\/schema\/logo\/image\/"}}]}},"_links":{"self":[{"href":"https:\/\/www.transtoyou.com\/de\/wp-json\/wp\/v2\/product\/793","targetHints":{"allow":["GET"]}}],"collection":[{"href":"https:\/\/www.transtoyou.com\/de\/wp-json\/wp\/v2\/product"}],"about":[{"href":"https:\/\/www.transtoyou.com\/de\/wp-json\/wp\/v2\/types\/product"}],"replies":[{"embeddable":true,"href":"https:\/\/www.transtoyou.com\/de\/wp-json\/wp\/v2\/comments?post=793"}],"wp:featuredmedia":[{"embeddable":true,"href":"https:\/\/www.transtoyou.com\/de\/wp-json\/wp\/v2\/media\/2340"}],"wp:attachment":[{"href":"https:\/\/www.transtoyou.com\/de\/wp-json\/wp\/v2\/media?parent=793"}],"wp:term":[{"taxonomy":"product_brand","embeddable":true,"href":"https:\/\/www.transtoyou.com\/de\/wp-json\/wp\/v2\/product_brand?post=793"},{"taxonomy":"product_cat","embeddable":true,"href":"https:\/\/www.transtoyou.com\/de\/wp-json\/wp\/v2\/product_cat?post=793"},{"taxonomy":"product_tag","embeddable":true,"href":"https:\/\/www.transtoyou.com\/de\/wp-json\/wp\/v2\/product_tag?post=793"},{"taxonomy":"expert","embeddable":true,"href":"https:\/\/www.transtoyou.com\/de\/wp-json\/wp\/v2\/expert?post=793"}],"curies":[{"name":"wp","href":"https:\/\/api.w.org\/{rel}","templated":true}]}}