{"id":796,"date":"2026-01-22T19:40:03","date_gmt":"2026-01-22T17:40:03","guid":{"rendered":"https:\/\/www.transtoyou.com\/de\/product\/metronidazole-flagyl\/"},"modified":"2026-02-25T14:37:12","modified_gmt":"2026-02-25T12:37:12","slug":"metronidazol-flagyl","status":"publish","type":"product","link":"https:\/\/www.transtoyou.com\/de\/product\/metronidazol-flagyl\/","title":{"rendered":"Metronidazol (Flagyl)"},"content":{"rendered":"<p>Metronidazol, oft bekannt unter dem Markennamen Flagyl, ist ein weit verbreitetes Antibiotikum und Antiprotozoikum. Es wird h\u00e4ufig bei Infektionen verschrieben, die durch anaerobe Bakterien und bestimmte Parasiten verursacht werden. Eine der Hauptanwendungen ist die Behandlung von Trichomoniasis, einer h\u00e4ufigen sexuell \u00fcbertragbaren Infektion, die durch einen protozoischen Parasiten verursacht wird. Dar\u00fcber hinaus ist es wirksam bei der Behandlung von bakterieller Vaginose, entz\u00fcndlichen Erkrankungen des Beckens (als Teil einer Kombinationstherapie) und Infektionen des Magen-Darm-Trakts sowie des urogenitalen Trakts.<\/p>\n<p>Metronidazol wirkt, indem es in die mikrobielle Zelle eindringt und deren DNA beeintr\u00e4chtigt. Diese Wirkung verhindert, dass die Bakterien oder Protozoen sich reproduzieren, und f\u00fchrt letztendlich zu ihrer Eliminierung aus dem K\u00f6rper. Das Medikament ist in verschiedenen Formen erh\u00e4ltlich, einschlie\u00dflich Tabletten, topischen Gelen und vaginalen Cremes, abh\u00e4ngig von der Lage und Art der behandelten Infektion.<\/p>\n<p>Typischerweise wird Metronidazol oral ein bis dreimal t\u00e4glich \u00fcber einen Zeitraum von 5 bis 7 Tagen eingenommen, obwohl k\u00fcrzere oder l\u00e4ngere Behandlungszyklen verschrieben werden k\u00f6nnen. Viele Anwender bemerken innerhalb weniger Tage eine Verbesserung der Symptome, aber es ist wichtig, den gesamten Behandlungszyklus abzuschlie\u00dfen, auch wenn die Symptome fr\u00fchzeitig abklingen.<\/p>\n<p>H\u00e4ufige Nebenwirkungen sind \u00dcbelkeit, ein metallischer Geschmack und Magenbeschwerden. Die Kombination mit Alkohol kann zu disulfiram\u00e4hnlichen Reaktionen f\u00fchren, einschlie\u00dflich Hitzewallungen, \u00dcbelkeit, Erbrechen, Kopfschmerzen und Herzklopfen. Daher wird geraten, w\u00e4hrend der Behandlung und f\u00fcr mindestens 48 Stunden danach auf Alkohol zu verzichten.<\/p>\n","protected":false},"excerpt":{"rendered":"<ul>\n<li>Zielt auf anaerobe Bakterien und Protozoen ab<\/li>\n<li>Wirksam bei bakteriellen, parasit\u00e4ren und sexuell \u00fcbertragbaren Infektionen<\/li>\n<li>Erh\u00e4ltlich in oralen, topischen und vaginalen Formen<\/li>\n<\/ul>\n","protected":false},"featured_media":798,"comment_status":"open","ping_status":"closed","template":"","meta":[],"product_brand":[],"product_cat":[82,175],"product_tag":[],"expert":[21],"class_list":{"0":"post-796","1":"product","2":"type-product","3":"status-publish","4":"has-post-thumbnail","6":"product_cat-antibiotika-infektionen","7":"product_cat-trichomoniasis","8":"expert-dr-m-sharoyko","10":"first","11":"instock","12":"shipping-taxable","13":"product-type-variable"},"yoast_head":"<!-- This site is optimized with the Yoast SEO plugin v27.0 - https:\/\/yoast.com\/product\/yoast-seo-wordpress\/ -->\n<title>Metronidazol (Flagyl) | Vertrauensw\u00fcrdige Antibiotika-Hilfe - Transtoyou<\/title>\n<meta name=\"description\" content=\"Entdecke Metronidazol (Flagyl) bei Transtoyou, wirksam gegen Infektionen wie Trichomoniasis. Jetzt zuverl\u00e4ssige Antibiotika kaufen.\" \/>\n<meta name=\"robots\" content=\"noindex, follow, max-snippet:-1, max-image-preview:large, max-video-preview:-1\" \/>\n<meta property=\"og:locale\" content=\"de_DE\" \/>\n<meta property=\"og:type\" content=\"article\" \/>\n<meta property=\"og:title\" content=\"Metronidazol (Flagyl) | Vertrauensw\u00fcrdige Antibiotika-Hilfe - Transtoyou\" \/>\n<meta property=\"og:description\" content=\"Entdecke Metronidazol (Flagyl) bei Transtoyou, wirksam gegen Infektionen wie Trichomoniasis. Jetzt zuverl\u00e4ssige Antibiotika kaufen.\" \/>\n<meta property=\"og:url\" content=\"https:\/\/www.transtoyou.com\/de\/product\/metronidazole-flagyl\/\" \/>\n<meta property=\"og:site_name\" content=\"Transtoyou - DE\" \/>\n<meta property=\"article:modified_time\" content=\"2026-02-25T12:37:12+00:00\" \/>\n<meta name=\"twitter:card\" content=\"summary_large_image\" \/>\n<meta name=\"twitter:label1\" content=\"Gesch\u00e4tzte Lesezeit\" \/>\n\t<meta name=\"twitter:data1\" content=\"1\u00a0Minute\" \/>\n<script type=\"application\/ld+json\" class=\"yoast-schema-graph\">{\"@context\":\"https:\/\/schema.org\",\"@graph\":[{\"@type\":\"WebPage\",\"@id\":\"https:\/\/www.transtoyou.com\/de\/product\/metronidazole-flagyl\/\",\"url\":\"https:\/\/www.transtoyou.com\/de\/product\/metronidazole-flagyl\/\",\"name\":\"Metronidazol (Flagyl) | Vertrauensw\u00fcrdige Antibiotika-Hilfe - Transtoyou\",\"isPartOf\":{\"@id\":\"https:\/\/www.transtoyou.com\/de\/#website\"},\"primaryImageOfPage\":{\"@id\":\"https:\/\/www.transtoyou.com\/de\/product\/metronidazole-flagyl\/#primaryimage\"},\"image\":{\"@id\":\"https:\/\/www.transtoyou.com\/de\/product\/metronidazole-flagyl\/#primaryimage\"},\"thumbnailUrl\":\"https:\/\/www.transtoyou.com\/de\/wp-content\/uploads\/sites\/4\/2026\/01\/tty-no-product-image-19.webp\",\"datePublished\":\"2026-01-22T17:40:03+00:00\",\"dateModified\":\"2026-02-25T12:37:12+00:00\",\"description\":\"Entdecke Metronidazol (Flagyl) bei Transtoyou, wirksam gegen Infektionen wie Trichomoniasis. Jetzt zuverl\u00e4ssige Antibiotika kaufen.\",\"breadcrumb\":{\"@id\":\"https:\/\/www.transtoyou.com\/de\/product\/metronidazole-flagyl\/#breadcrumb\"},\"inLanguage\":\"de\",\"potentialAction\":[{\"@type\":\"ReadAction\",\"target\":[\"https:\/\/www.transtoyou.com\/de\/product\/metronidazole-flagyl\/\"]}]},{\"@type\":\"ImageObject\",\"inLanguage\":\"de\",\"@id\":\"https:\/\/www.transtoyou.com\/de\/product\/metronidazole-flagyl\/#primaryimage\",\"url\":\"https:\/\/www.transtoyou.com\/de\/wp-content\/uploads\/sites\/4\/2026\/01\/tty-no-product-image-19.webp\",\"contentUrl\":\"https:\/\/www.transtoyou.com\/de\/wp-content\/uploads\/sites\/4\/2026\/01\/tty-no-product-image-19.webp\",\"width\":1000,\"height\":1000,\"caption\":\"Standardproduktbild\"},{\"@type\":\"WebSite\",\"@id\":\"https:\/\/www.transtoyou.com\/de\/#website\",\"url\":\"https:\/\/www.transtoyou.com\/de\/\",\"name\":\"Transtoyou - DE\",\"description\":\"DE\",\"publisher\":{\"@id\":\"https:\/\/www.transtoyou.com\/de\/#organization\"},\"potentialAction\":[{\"@type\":\"SearchAction\",\"target\":{\"@type\":\"EntryPoint\",\"urlTemplate\":\"https:\/\/www.transtoyou.com\/de\/?s={search_term_string}\"},\"query-input\":{\"@type\":\"PropertyValueSpecification\",\"valueRequired\":true,\"valueName\":\"search_term_string\"}}],\"inLanguage\":\"de\"},{\"@type\":\"Organization\",\"@id\":\"https:\/\/www.transtoyou.com\/de\/#organization\",\"name\":\"Transtoyou - DE\",\"url\":\"https:\/\/www.transtoyou.com\/de\/\",\"logo\":{\"@type\":\"ImageObject\",\"inLanguage\":\"de\",\"@id\":\"https:\/\/www.transtoyou.com\/de\/#\/schema\/logo\/image\/\",\"url\":\"https:\/\/www.transtoyou.com\/de\/wp-content\/uploads\/sites\/4\/2026\/01\/logo-tty-menu-bar-300x87-1.webp\",\"contentUrl\":\"https:\/\/www.transtoyou.com\/de\/wp-content\/uploads\/sites\/4\/2026\/01\/logo-tty-menu-bar-300x87-1.webp\",\"width\":300,\"height\":87,\"caption\":\"Transtoyou - DE\"},\"image\":{\"@id\":\"https:\/\/www.transtoyou.com\/de\/#\/schema\/logo\/image\/\"}}]}<\/script>\n<!-- \/ Yoast SEO plugin. -->","yoast_head_json":{"title":"Metronidazol (Flagyl) | Vertrauensw\u00fcrdige Antibiotika-Hilfe - Transtoyou","description":"Entdecke Metronidazol (Flagyl) bei Transtoyou, wirksam gegen Infektionen wie Trichomoniasis. Jetzt zuverl\u00e4ssige Antibiotika kaufen.","robots":{"index":"noindex","follow":"follow","max-snippet":"max-snippet:-1","max-image-preview":"max-image-preview:large","max-video-preview":"max-video-preview:-1"},"og_locale":"de_DE","og_type":"article","og_title":"Metronidazol (Flagyl) | Vertrauensw\u00fcrdige Antibiotika-Hilfe - Transtoyou","og_description":"Entdecke Metronidazol (Flagyl) bei Transtoyou, wirksam gegen Infektionen wie Trichomoniasis. Jetzt zuverl\u00e4ssige Antibiotika kaufen.","og_url":"https:\/\/www.transtoyou.com\/de\/product\/metronidazole-flagyl\/","og_site_name":"Transtoyou - DE","article_modified_time":"2026-02-25T12:37:12+00:00","twitter_card":"summary_large_image","twitter_misc":{"Gesch\u00e4tzte Lesezeit":"1\u00a0Minute"},"schema":{"@context":"https:\/\/schema.org","@graph":[{"@type":"WebPage","@id":"https:\/\/www.transtoyou.com\/de\/product\/metronidazole-flagyl\/","url":"https:\/\/www.transtoyou.com\/de\/product\/metronidazole-flagyl\/","name":"Metronidazol (Flagyl) | Vertrauensw\u00fcrdige Antibiotika-Hilfe - Transtoyou","isPartOf":{"@id":"https:\/\/www.transtoyou.com\/de\/#website"},"primaryImageOfPage":{"@id":"https:\/\/www.transtoyou.com\/de\/product\/metronidazole-flagyl\/#primaryimage"},"image":{"@id":"https:\/\/www.transtoyou.com\/de\/product\/metronidazole-flagyl\/#primaryimage"},"thumbnailUrl":"https:\/\/www.transtoyou.com\/de\/wp-content\/uploads\/sites\/4\/2026\/01\/tty-no-product-image-19.webp","datePublished":"2026-01-22T17:40:03+00:00","dateModified":"2026-02-25T12:37:12+00:00","description":"Entdecke Metronidazol (Flagyl) bei Transtoyou, wirksam gegen Infektionen wie Trichomoniasis. Jetzt zuverl\u00e4ssige Antibiotika kaufen.","breadcrumb":{"@id":"https:\/\/www.transtoyou.com\/de\/product\/metronidazole-flagyl\/#breadcrumb"},"inLanguage":"de","potentialAction":[{"@type":"ReadAction","target":["https:\/\/www.transtoyou.com\/de\/product\/metronidazole-flagyl\/"]}]},{"@type":"ImageObject","inLanguage":"de","@id":"https:\/\/www.transtoyou.com\/de\/product\/metronidazole-flagyl\/#primaryimage","url":"https:\/\/www.transtoyou.com\/de\/wp-content\/uploads\/sites\/4\/2026\/01\/tty-no-product-image-19.webp","contentUrl":"https:\/\/www.transtoyou.com\/de\/wp-content\/uploads\/sites\/4\/2026\/01\/tty-no-product-image-19.webp","width":1000,"height":1000,"caption":"Standardproduktbild"},{"@type":"WebSite","@id":"https:\/\/www.transtoyou.com\/de\/#website","url":"https:\/\/www.transtoyou.com\/de\/","name":"Transtoyou - DE","description":"DE","publisher":{"@id":"https:\/\/www.transtoyou.com\/de\/#organization"},"potentialAction":[{"@type":"SearchAction","target":{"@type":"EntryPoint","urlTemplate":"https:\/\/www.transtoyou.com\/de\/?s={search_term_string}"},"query-input":{"@type":"PropertyValueSpecification","valueRequired":true,"valueName":"search_term_string"}}],"inLanguage":"de"},{"@type":"Organization","@id":"https:\/\/www.transtoyou.com\/de\/#organization","name":"Transtoyou - DE","url":"https:\/\/www.transtoyou.com\/de\/","logo":{"@type":"ImageObject","inLanguage":"de","@id":"https:\/\/www.transtoyou.com\/de\/#\/schema\/logo\/image\/","url":"https:\/\/www.transtoyou.com\/de\/wp-content\/uploads\/sites\/4\/2026\/01\/logo-tty-menu-bar-300x87-1.webp","contentUrl":"https:\/\/www.transtoyou.com\/de\/wp-content\/uploads\/sites\/4\/2026\/01\/logo-tty-menu-bar-300x87-1.webp","width":300,"height":87,"caption":"Transtoyou - DE"},"image":{"@id":"https:\/\/www.transtoyou.com\/de\/#\/schema\/logo\/image\/"}}]}},"_links":{"self":[{"href":"https:\/\/www.transtoyou.com\/de\/wp-json\/wp\/v2\/product\/796","targetHints":{"allow":["GET"]}}],"collection":[{"href":"https:\/\/www.transtoyou.com\/de\/wp-json\/wp\/v2\/product"}],"about":[{"href":"https:\/\/www.transtoyou.com\/de\/wp-json\/wp\/v2\/types\/product"}],"replies":[{"embeddable":true,"href":"https:\/\/www.transtoyou.com\/de\/wp-json\/wp\/v2\/comments?post=796"}],"wp:featuredmedia":[{"embeddable":true,"href":"https:\/\/www.transtoyou.com\/de\/wp-json\/wp\/v2\/media\/798"}],"wp:attachment":[{"href":"https:\/\/www.transtoyou.com\/de\/wp-json\/wp\/v2\/media?parent=796"}],"wp:term":[{"taxonomy":"product_brand","embeddable":true,"href":"https:\/\/www.transtoyou.com\/de\/wp-json\/wp\/v2\/product_brand?post=796"},{"taxonomy":"product_cat","embeddable":true,"href":"https:\/\/www.transtoyou.com\/de\/wp-json\/wp\/v2\/product_cat?post=796"},{"taxonomy":"product_tag","embeddable":true,"href":"https:\/\/www.transtoyou.com\/de\/wp-json\/wp\/v2\/product_tag?post=796"},{"taxonomy":"expert","embeddable":true,"href":"https:\/\/www.transtoyou.com\/de\/wp-json\/wp\/v2\/expert?post=796"}],"curies":[{"name":"wp","href":"https:\/\/api.w.org\/{rel}","templated":true}]}}