{"id":802,"date":"2026-01-22T20:12:28","date_gmt":"2026-01-22T18:12:28","guid":{"rendered":"https:\/\/www.transtoyou.com\/de\/product\/zyban\/"},"modified":"2026-03-08T13:48:50","modified_gmt":"2026-03-08T11:48:50","slug":"zyban","status":"publish","type":"product","link":"https:\/\/www.transtoyou.com\/de\/product\/zyban\/","title":{"rendered":"Zyban"},"content":{"rendered":"<p>Zyban ist ein rezeptpflichtiges Medikament, das Menschen hilft, mit dem Rauchen aufzuh\u00f6ren. Es enth\u00e4lt Bupropion, eine Verbindung, die urspr\u00fcnglich als Antidepressivum entwickelt wurde, aber sp\u00e4ter als wirksam zur Reduzierung von Nikotinverlangen und Entzugssymptomen erkannt wurde. Im Gegensatz zu Nikotinersatztherapien enth\u00e4lt Zyban kein Nikotin. Stattdessen wirkt es, indem es die Spiegel bestimmter Neurotransmitter im Gehirn, insbesondere Dopamin und Noradrenalin, ver\u00e4ndert, die an Sucht und Stimmungskontrolle beteiligt sind.<\/p>\n<p>Zyban wird als Tablette eingenommen, normalerweise ein bis zwei Wochen vor dem geplanten Aufh\u00f6rdatum. Dies erm\u00f6glicht es dem Medikament, sich im K\u00f6rper anzureichern und die Verlangen zu reduzieren, bis das Rauchen eingestellt wird. Die Behandlung dauert in der Regel 7 bis 12 Wochen, abh\u00e4ngig vom individuellen Fortschritt und den Empfehlungen des Arztes.<\/p>\n<p>Zyban ist besonders hilfreich f\u00fcr Personen, die andere Hilfsmittel zum Rauchen aufh\u00f6ren ohne Erfolg ausprobiert haben oder f\u00fcr diejenigen, die einen nicht-nikotinbasierten Ansatz bevorzugen. In Kombination mit verhaltensbezogener Unterst\u00fctzung hat sich gezeigt, dass Zyban die Chancen, erfolgreich mit dem Rauchen aufzuh\u00f6ren, erheblich erh\u00f6ht.<\/p>\n<p>Nebenwirkungen k\u00f6nnen trockener Mund, Schlaflosigkeit, Kopfschmerzen oder Appetitver\u00e4nderungen umfassen. Es ist wichtig, die verschriebene Dosis nicht zu \u00fcberschreiten, da h\u00f6here Dosen das Risiko von Anf\u00e4llen erh\u00f6hen k\u00f6nnen. Zyban sollte nicht in Kombination mit anderen Medikamenten verwendet werden, die ebenfalls Serotonin beeinflussen, oder bei Personen mit einer Vorgeschichte von Anf\u00e4llen oder Essst\u00f6rungen.<\/p>\n","protected":false},"excerpt":{"rendered":"<ul>\n<li>Raucherentw\u00f6hnungshilfe ohne Nikotin<\/li>\n<li>Verringert das Verlangen und Entzugserscheinungen<\/li>\n<li>Beginne 1 Woche vor dem Aufh\u00f6rdatum<\/li>\n<\/ul>\n","protected":false},"featured_media":804,"comment_status":"open","ping_status":"closed","template":"","meta":[],"product_brand":[],"product_cat":[169],"product_tag":[],"expert":[16],"class_list":{"0":"post-802","1":"product","2":"type-product","3":"status-publish","4":"has-post-thumbnail","6":"product_cat-raucherentwohnungshilfen","7":"expert-dr-c-alexandru","9":"first","10":"instock","11":"shipping-taxable","12":"product-type-variable"},"yoast_head":"<!-- This site is optimized with the Yoast SEO plugin v27.0 - https:\/\/yoast.com\/product\/yoast-seo-wordpress\/ -->\n<title>Zyban | Unterst\u00fctzung bei der Raucherentw\u00f6hnung - Transtoyou<\/title>\n<meta name=\"description\" content=\"Entdecke Zyban bei Transtoyou, deiner vertrauensw\u00fcrdigen Quelle f\u00fcr Gesundheitsl\u00f6sungen. Jetzt kaufen und erfolgreich mit dem Rauchen aufh\u00f6ren!\" \/>\n<meta name=\"robots\" content=\"noindex, follow, max-snippet:-1, max-image-preview:large, max-video-preview:-1\" \/>\n<meta property=\"og:locale\" content=\"de_DE\" \/>\n<meta property=\"og:type\" content=\"article\" \/>\n<meta property=\"og:title\" content=\"Zyban | Unterst\u00fctzung bei der Raucherentw\u00f6hnung - Transtoyou\" \/>\n<meta property=\"og:description\" content=\"Entdecke Zyban bei Transtoyou, deiner vertrauensw\u00fcrdigen Quelle f\u00fcr Gesundheitsl\u00f6sungen. Jetzt kaufen und erfolgreich mit dem Rauchen aufh\u00f6ren!\" \/>\n<meta property=\"og:url\" content=\"https:\/\/www.transtoyou.com\/de\/product\/zyban\/\" \/>\n<meta property=\"og:site_name\" content=\"Transtoyou - DE\" \/>\n<meta property=\"article:modified_time\" content=\"2026-03-08T11:48:50+00:00\" \/>\n<meta name=\"twitter:card\" content=\"summary_large_image\" \/>\n<meta name=\"twitter:label1\" content=\"Gesch\u00e4tzte Lesezeit\" \/>\n\t<meta name=\"twitter:data1\" content=\"1\u00a0Minute\" \/>\n<script type=\"application\/ld+json\" class=\"yoast-schema-graph\">{\"@context\":\"https:\/\/schema.org\",\"@graph\":[{\"@type\":\"WebPage\",\"@id\":\"https:\/\/www.transtoyou.com\/de\/product\/zyban\/\",\"url\":\"https:\/\/www.transtoyou.com\/de\/product\/zyban\/\",\"name\":\"Zyban | Unterst\u00fctzung bei der Raucherentw\u00f6hnung - Transtoyou\",\"isPartOf\":{\"@id\":\"https:\/\/www.transtoyou.com\/de\/#website\"},\"primaryImageOfPage\":{\"@id\":\"https:\/\/www.transtoyou.com\/de\/product\/zyban\/#primaryimage\"},\"image\":{\"@id\":\"https:\/\/www.transtoyou.com\/de\/product\/zyban\/#primaryimage\"},\"thumbnailUrl\":\"https:\/\/www.transtoyou.com\/de\/wp-content\/uploads\/sites\/4\/2026\/01\/tty-no-product-image-21.webp\",\"datePublished\":\"2026-01-22T18:12:28+00:00\",\"dateModified\":\"2026-03-08T11:48:50+00:00\",\"description\":\"Entdecke Zyban bei Transtoyou, deiner vertrauensw\u00fcrdigen Quelle f\u00fcr Gesundheitsl\u00f6sungen. Jetzt kaufen und erfolgreich mit dem Rauchen aufh\u00f6ren!\",\"breadcrumb\":{\"@id\":\"https:\/\/www.transtoyou.com\/de\/product\/zyban\/#breadcrumb\"},\"inLanguage\":\"de\",\"potentialAction\":[{\"@type\":\"ReadAction\",\"target\":[\"https:\/\/www.transtoyou.com\/de\/product\/zyban\/\"]}]},{\"@type\":\"ImageObject\",\"inLanguage\":\"de\",\"@id\":\"https:\/\/www.transtoyou.com\/de\/product\/zyban\/#primaryimage\",\"url\":\"https:\/\/www.transtoyou.com\/de\/wp-content\/uploads\/sites\/4\/2026\/01\/tty-no-product-image-21.webp\",\"contentUrl\":\"https:\/\/www.transtoyou.com\/de\/wp-content\/uploads\/sites\/4\/2026\/01\/tty-no-product-image-21.webp\",\"width\":1000,\"height\":1000,\"caption\":\"Standardproduktbild\"},{\"@type\":\"WebSite\",\"@id\":\"https:\/\/www.transtoyou.com\/de\/#website\",\"url\":\"https:\/\/www.transtoyou.com\/de\/\",\"name\":\"Transtoyou - DE\",\"description\":\"DE\",\"publisher\":{\"@id\":\"https:\/\/www.transtoyou.com\/de\/#organization\"},\"potentialAction\":[{\"@type\":\"SearchAction\",\"target\":{\"@type\":\"EntryPoint\",\"urlTemplate\":\"https:\/\/www.transtoyou.com\/de\/?s={search_term_string}\"},\"query-input\":{\"@type\":\"PropertyValueSpecification\",\"valueRequired\":true,\"valueName\":\"search_term_string\"}}],\"inLanguage\":\"de\"},{\"@type\":\"Organization\",\"@id\":\"https:\/\/www.transtoyou.com\/de\/#organization\",\"name\":\"Transtoyou - DE\",\"url\":\"https:\/\/www.transtoyou.com\/de\/\",\"logo\":{\"@type\":\"ImageObject\",\"inLanguage\":\"de\",\"@id\":\"https:\/\/www.transtoyou.com\/de\/#\/schema\/logo\/image\/\",\"url\":\"https:\/\/www.transtoyou.com\/de\/wp-content\/uploads\/sites\/4\/2026\/01\/logo-tty-menu-bar-300x87-1.webp\",\"contentUrl\":\"https:\/\/www.transtoyou.com\/de\/wp-content\/uploads\/sites\/4\/2026\/01\/logo-tty-menu-bar-300x87-1.webp\",\"width\":300,\"height\":87,\"caption\":\"Transtoyou - DE\"},\"image\":{\"@id\":\"https:\/\/www.transtoyou.com\/de\/#\/schema\/logo\/image\/\"}}]}<\/script>\n<!-- \/ Yoast SEO plugin. -->","yoast_head_json":{"title":"Zyban | Unterst\u00fctzung bei der Raucherentw\u00f6hnung - Transtoyou","description":"Entdecke Zyban bei Transtoyou, deiner vertrauensw\u00fcrdigen Quelle f\u00fcr Gesundheitsl\u00f6sungen. Jetzt kaufen und erfolgreich mit dem Rauchen aufh\u00f6ren!","robots":{"index":"noindex","follow":"follow","max-snippet":"max-snippet:-1","max-image-preview":"max-image-preview:large","max-video-preview":"max-video-preview:-1"},"og_locale":"de_DE","og_type":"article","og_title":"Zyban | Unterst\u00fctzung bei der Raucherentw\u00f6hnung - Transtoyou","og_description":"Entdecke Zyban bei Transtoyou, deiner vertrauensw\u00fcrdigen Quelle f\u00fcr Gesundheitsl\u00f6sungen. Jetzt kaufen und erfolgreich mit dem Rauchen aufh\u00f6ren!","og_url":"https:\/\/www.transtoyou.com\/de\/product\/zyban\/","og_site_name":"Transtoyou - DE","article_modified_time":"2026-03-08T11:48:50+00:00","twitter_card":"summary_large_image","twitter_misc":{"Gesch\u00e4tzte Lesezeit":"1\u00a0Minute"},"schema":{"@context":"https:\/\/schema.org","@graph":[{"@type":"WebPage","@id":"https:\/\/www.transtoyou.com\/de\/product\/zyban\/","url":"https:\/\/www.transtoyou.com\/de\/product\/zyban\/","name":"Zyban | Unterst\u00fctzung bei der Raucherentw\u00f6hnung - Transtoyou","isPartOf":{"@id":"https:\/\/www.transtoyou.com\/de\/#website"},"primaryImageOfPage":{"@id":"https:\/\/www.transtoyou.com\/de\/product\/zyban\/#primaryimage"},"image":{"@id":"https:\/\/www.transtoyou.com\/de\/product\/zyban\/#primaryimage"},"thumbnailUrl":"https:\/\/www.transtoyou.com\/de\/wp-content\/uploads\/sites\/4\/2026\/01\/tty-no-product-image-21.webp","datePublished":"2026-01-22T18:12:28+00:00","dateModified":"2026-03-08T11:48:50+00:00","description":"Entdecke Zyban bei Transtoyou, deiner vertrauensw\u00fcrdigen Quelle f\u00fcr Gesundheitsl\u00f6sungen. Jetzt kaufen und erfolgreich mit dem Rauchen aufh\u00f6ren!","breadcrumb":{"@id":"https:\/\/www.transtoyou.com\/de\/product\/zyban\/#breadcrumb"},"inLanguage":"de","potentialAction":[{"@type":"ReadAction","target":["https:\/\/www.transtoyou.com\/de\/product\/zyban\/"]}]},{"@type":"ImageObject","inLanguage":"de","@id":"https:\/\/www.transtoyou.com\/de\/product\/zyban\/#primaryimage","url":"https:\/\/www.transtoyou.com\/de\/wp-content\/uploads\/sites\/4\/2026\/01\/tty-no-product-image-21.webp","contentUrl":"https:\/\/www.transtoyou.com\/de\/wp-content\/uploads\/sites\/4\/2026\/01\/tty-no-product-image-21.webp","width":1000,"height":1000,"caption":"Standardproduktbild"},{"@type":"WebSite","@id":"https:\/\/www.transtoyou.com\/de\/#website","url":"https:\/\/www.transtoyou.com\/de\/","name":"Transtoyou - DE","description":"DE","publisher":{"@id":"https:\/\/www.transtoyou.com\/de\/#organization"},"potentialAction":[{"@type":"SearchAction","target":{"@type":"EntryPoint","urlTemplate":"https:\/\/www.transtoyou.com\/de\/?s={search_term_string}"},"query-input":{"@type":"PropertyValueSpecification","valueRequired":true,"valueName":"search_term_string"}}],"inLanguage":"de"},{"@type":"Organization","@id":"https:\/\/www.transtoyou.com\/de\/#organization","name":"Transtoyou - DE","url":"https:\/\/www.transtoyou.com\/de\/","logo":{"@type":"ImageObject","inLanguage":"de","@id":"https:\/\/www.transtoyou.com\/de\/#\/schema\/logo\/image\/","url":"https:\/\/www.transtoyou.com\/de\/wp-content\/uploads\/sites\/4\/2026\/01\/logo-tty-menu-bar-300x87-1.webp","contentUrl":"https:\/\/www.transtoyou.com\/de\/wp-content\/uploads\/sites\/4\/2026\/01\/logo-tty-menu-bar-300x87-1.webp","width":300,"height":87,"caption":"Transtoyou - DE"},"image":{"@id":"https:\/\/www.transtoyou.com\/de\/#\/schema\/logo\/image\/"}}]}},"_links":{"self":[{"href":"https:\/\/www.transtoyou.com\/de\/wp-json\/wp\/v2\/product\/802","targetHints":{"allow":["GET"]}}],"collection":[{"href":"https:\/\/www.transtoyou.com\/de\/wp-json\/wp\/v2\/product"}],"about":[{"href":"https:\/\/www.transtoyou.com\/de\/wp-json\/wp\/v2\/types\/product"}],"replies":[{"embeddable":true,"href":"https:\/\/www.transtoyou.com\/de\/wp-json\/wp\/v2\/comments?post=802"}],"wp:featuredmedia":[{"embeddable":true,"href":"https:\/\/www.transtoyou.com\/de\/wp-json\/wp\/v2\/media\/804"}],"wp:attachment":[{"href":"https:\/\/www.transtoyou.com\/de\/wp-json\/wp\/v2\/media?parent=802"}],"wp:term":[{"taxonomy":"product_brand","embeddable":true,"href":"https:\/\/www.transtoyou.com\/de\/wp-json\/wp\/v2\/product_brand?post=802"},{"taxonomy":"product_cat","embeddable":true,"href":"https:\/\/www.transtoyou.com\/de\/wp-json\/wp\/v2\/product_cat?post=802"},{"taxonomy":"product_tag","embeddable":true,"href":"https:\/\/www.transtoyou.com\/de\/wp-json\/wp\/v2\/product_tag?post=802"},{"taxonomy":"expert","embeddable":true,"href":"https:\/\/www.transtoyou.com\/de\/wp-json\/wp\/v2\/expert?post=802"}],"curies":[{"name":"wp","href":"https:\/\/api.w.org\/{rel}","templated":true}]}}