{"id":805,"date":"2026-01-22T20:28:48","date_gmt":"2026-01-22T18:28:48","guid":{"rendered":"https:\/\/www.transtoyou.com\/de\/product\/nicorette\/"},"modified":"2026-01-22T20:29:59","modified_gmt":"2026-01-22T18:29:59","slug":"nicorette","status":"publish","type":"product","link":"https:\/\/www.transtoyou.com\/de\/product\/nicorette\/","title":{"rendered":"Nicorette"},"content":{"rendered":"<p>Nicorette ist eine weithin anerkannte Marke f\u00fcr Nikotinersatztherapie (NRT), die Personen unterst\u00fctzen soll, die versuchen, mit dem Rauchen aufzuh\u00f6ren. Es ist in verschiedenen Formen erh\u00e4ltlich. Nicorette liefert kontrollierte Mengen Nikotin an den K\u00f6rper, ohne die sch\u00e4dlichen Substanzen, die in Zigaretten enthalten sind. Dies hilft, Entzugssymptome und Verlangen zu reduzieren, wodurch der \u00dcbergang vom Rauchen leichter wird.<\/p>\n<p>Durch die schrittweise Senkung der Abh\u00e4ngigkeit des K\u00f6rpers von Nikotin erm\u00f6glicht es Nicorette Rauchern, sich auf das Brechen der Verhaltensgewohnheit des Rauchens zu konzentrieren, ohne intensive k\u00f6rperliche Entzugserscheinungen zu erleben. Jedes Nicorette-Produkt bietet eine flexible M\u00f6glichkeit, den Entw\u00f6hnungsplan an individuelle Vorlieben und Lebensstile anzupassen. Zum Beispiel bieten Pflaster \u00fcber den Tag hinweg stetiges Nikotin, w\u00e4hrend Kaugummi oder Lutschtabletten sofortige Linderung w\u00e4hrend des Verlangens bieten.<\/p>\n<p>Nicorette-Produkte werden typischerweise \u00fcber einen Zeitraum von 8 bis 12 Wochen verwendet, wobei die Dosierung im Laufe der Zeit verringert wird. Sie k\u00f6nnen alleine oder in Kombination verwendet werden, zum Beispiel ein Pflaster mit Kaugummi kombinieren.<\/p>\n<p>Nebenwirkungen k\u00f6nnen leichte Reizungen im Hals oder Mund, Schluckauf, Hautempfindlichkeit (von Pflastern) oder Magenbeschwerden umfassen. Diese Effekte sind in der Regel vor\u00fcbergehend. Nicorette wird w\u00e4hrend der Schwangerschaft oder Stillzeit nicht empfohlen, es sei denn, es wurde von einem Arzt genehmigt.<\/p>\n","protected":false},"excerpt":{"rendered":"<ul>\n<li>Reduziert das Verlangen nach Nikotin<\/li>\n<li>Mehrere Formate verf\u00fcgbar<\/li>\n<li>Hilft, das Rauchen schrittweise aufzugeben<\/li>\n<\/ul>\n","protected":false},"featured_media":807,"comment_status":"open","ping_status":"closed","template":"","meta":[],"product_brand":[],"product_cat":[169],"product_tag":[],"expert":[16],"class_list":{"0":"post-805","1":"product","2":"type-product","3":"status-publish","4":"has-post-thumbnail","6":"product_cat-raucherentwohnungshilfen","7":"expert-dr-c-alexandru","9":"first","10":"instock","11":"shipping-taxable","12":"product-type-variable"},"yoast_head":"<!-- This site is optimized with the Yoast SEO plugin v27.0 - https:\/\/yoast.com\/product\/yoast-seo-wordpress\/ -->\n<title>Nicorette | Raucherentw\u00f6hnungshilfe &amp; Verlangenlinderung - Transtoyou<\/title>\n<meta name=\"description\" content=\"Nicorette, erh\u00e4ltlich bei Transtoyou, hilft bei der Linderung von Entzugserscheinungen durch kontrolliertes Nikotin. Jetzt einkaufen f\u00fcr flexible Entw\u00f6hnungspl\u00e4ne!\" \/>\n<meta name=\"robots\" content=\"noindex, follow, max-snippet:-1, max-image-preview:large, max-video-preview:-1\" \/>\n<meta property=\"og:locale\" content=\"de_DE\" \/>\n<meta property=\"og:type\" content=\"article\" \/>\n<meta property=\"og:title\" content=\"Nicorette | Raucherentw\u00f6hnungshilfe &amp; Verlangenlinderung - Transtoyou\" \/>\n<meta property=\"og:description\" content=\"Nicorette, erh\u00e4ltlich bei Transtoyou, hilft bei der Linderung von Entzugserscheinungen durch kontrolliertes Nikotin. Jetzt einkaufen f\u00fcr flexible Entw\u00f6hnungspl\u00e4ne!\" \/>\n<meta property=\"og:url\" content=\"https:\/\/www.transtoyou.com\/de\/product\/nicorette\/\" \/>\n<meta property=\"og:site_name\" content=\"Transtoyou - DE\" \/>\n<meta property=\"article:modified_time\" content=\"2026-01-22T18:29:59+00:00\" \/>\n<meta name=\"twitter:card\" content=\"summary_large_image\" \/>\n<meta name=\"twitter:label1\" content=\"Gesch\u00e4tzte Lesezeit\" \/>\n\t<meta name=\"twitter:data1\" content=\"1\u00a0Minute\" \/>\n<script type=\"application\/ld+json\" class=\"yoast-schema-graph\">{\"@context\":\"https:\/\/schema.org\",\"@graph\":[{\"@type\":\"WebPage\",\"@id\":\"https:\/\/www.transtoyou.com\/de\/product\/nicorette\/\",\"url\":\"https:\/\/www.transtoyou.com\/de\/product\/nicorette\/\",\"name\":\"Nicorette | Raucherentw\u00f6hnungshilfe & Verlangenlinderung - Transtoyou\",\"isPartOf\":{\"@id\":\"https:\/\/www.transtoyou.com\/de\/#website\"},\"primaryImageOfPage\":{\"@id\":\"https:\/\/www.transtoyou.com\/de\/product\/nicorette\/#primaryimage\"},\"image\":{\"@id\":\"https:\/\/www.transtoyou.com\/de\/product\/nicorette\/#primaryimage\"},\"thumbnailUrl\":\"https:\/\/www.transtoyou.com\/de\/wp-content\/uploads\/sites\/4\/2026\/01\/tty-no-product-image-22.webp\",\"datePublished\":\"2026-01-22T18:28:48+00:00\",\"dateModified\":\"2026-01-22T18:29:59+00:00\",\"description\":\"Nicorette, erh\u00e4ltlich bei Transtoyou, hilft bei der Linderung von Entzugserscheinungen durch kontrolliertes Nikotin. Jetzt einkaufen f\u00fcr flexible Entw\u00f6hnungspl\u00e4ne!\",\"breadcrumb\":{\"@id\":\"https:\/\/www.transtoyou.com\/de\/product\/nicorette\/#breadcrumb\"},\"inLanguage\":\"de\",\"potentialAction\":[{\"@type\":\"ReadAction\",\"target\":[\"https:\/\/www.transtoyou.com\/de\/product\/nicorette\/\"]}]},{\"@type\":\"ImageObject\",\"inLanguage\":\"de\",\"@id\":\"https:\/\/www.transtoyou.com\/de\/product\/nicorette\/#primaryimage\",\"url\":\"https:\/\/www.transtoyou.com\/de\/wp-content\/uploads\/sites\/4\/2026\/01\/tty-no-product-image-22.webp\",\"contentUrl\":\"https:\/\/www.transtoyou.com\/de\/wp-content\/uploads\/sites\/4\/2026\/01\/tty-no-product-image-22.webp\",\"width\":1000,\"height\":1000,\"caption\":\"Standardproduktbild\"},{\"@type\":\"WebSite\",\"@id\":\"https:\/\/www.transtoyou.com\/de\/#website\",\"url\":\"https:\/\/www.transtoyou.com\/de\/\",\"name\":\"Transtoyou - DE\",\"description\":\"DE\",\"publisher\":{\"@id\":\"https:\/\/www.transtoyou.com\/de\/#organization\"},\"potentialAction\":[{\"@type\":\"SearchAction\",\"target\":{\"@type\":\"EntryPoint\",\"urlTemplate\":\"https:\/\/www.transtoyou.com\/de\/?s={search_term_string}\"},\"query-input\":{\"@type\":\"PropertyValueSpecification\",\"valueRequired\":true,\"valueName\":\"search_term_string\"}}],\"inLanguage\":\"de\"},{\"@type\":\"Organization\",\"@id\":\"https:\/\/www.transtoyou.com\/de\/#organization\",\"name\":\"Transtoyou - DE\",\"url\":\"https:\/\/www.transtoyou.com\/de\/\",\"logo\":{\"@type\":\"ImageObject\",\"inLanguage\":\"de\",\"@id\":\"https:\/\/www.transtoyou.com\/de\/#\/schema\/logo\/image\/\",\"url\":\"https:\/\/www.transtoyou.com\/de\/wp-content\/uploads\/sites\/4\/2026\/01\/logo-tty-menu-bar-300x87-1.webp\",\"contentUrl\":\"https:\/\/www.transtoyou.com\/de\/wp-content\/uploads\/sites\/4\/2026\/01\/logo-tty-menu-bar-300x87-1.webp\",\"width\":300,\"height\":87,\"caption\":\"Transtoyou - DE\"},\"image\":{\"@id\":\"https:\/\/www.transtoyou.com\/de\/#\/schema\/logo\/image\/\"}}]}<\/script>\n<!-- \/ Yoast SEO plugin. -->","yoast_head_json":{"title":"Nicorette | Raucherentw\u00f6hnungshilfe & Verlangenlinderung - Transtoyou","description":"Nicorette, erh\u00e4ltlich bei Transtoyou, hilft bei der Linderung von Entzugserscheinungen durch kontrolliertes Nikotin. Jetzt einkaufen f\u00fcr flexible Entw\u00f6hnungspl\u00e4ne!","robots":{"index":"noindex","follow":"follow","max-snippet":"max-snippet:-1","max-image-preview":"max-image-preview:large","max-video-preview":"max-video-preview:-1"},"og_locale":"de_DE","og_type":"article","og_title":"Nicorette | Raucherentw\u00f6hnungshilfe & Verlangenlinderung - Transtoyou","og_description":"Nicorette, erh\u00e4ltlich bei Transtoyou, hilft bei der Linderung von Entzugserscheinungen durch kontrolliertes Nikotin. Jetzt einkaufen f\u00fcr flexible Entw\u00f6hnungspl\u00e4ne!","og_url":"https:\/\/www.transtoyou.com\/de\/product\/nicorette\/","og_site_name":"Transtoyou - DE","article_modified_time":"2026-01-22T18:29:59+00:00","twitter_card":"summary_large_image","twitter_misc":{"Gesch\u00e4tzte Lesezeit":"1\u00a0Minute"},"schema":{"@context":"https:\/\/schema.org","@graph":[{"@type":"WebPage","@id":"https:\/\/www.transtoyou.com\/de\/product\/nicorette\/","url":"https:\/\/www.transtoyou.com\/de\/product\/nicorette\/","name":"Nicorette | Raucherentw\u00f6hnungshilfe & Verlangenlinderung - Transtoyou","isPartOf":{"@id":"https:\/\/www.transtoyou.com\/de\/#website"},"primaryImageOfPage":{"@id":"https:\/\/www.transtoyou.com\/de\/product\/nicorette\/#primaryimage"},"image":{"@id":"https:\/\/www.transtoyou.com\/de\/product\/nicorette\/#primaryimage"},"thumbnailUrl":"https:\/\/www.transtoyou.com\/de\/wp-content\/uploads\/sites\/4\/2026\/01\/tty-no-product-image-22.webp","datePublished":"2026-01-22T18:28:48+00:00","dateModified":"2026-01-22T18:29:59+00:00","description":"Nicorette, erh\u00e4ltlich bei Transtoyou, hilft bei der Linderung von Entzugserscheinungen durch kontrolliertes Nikotin. Jetzt einkaufen f\u00fcr flexible Entw\u00f6hnungspl\u00e4ne!","breadcrumb":{"@id":"https:\/\/www.transtoyou.com\/de\/product\/nicorette\/#breadcrumb"},"inLanguage":"de","potentialAction":[{"@type":"ReadAction","target":["https:\/\/www.transtoyou.com\/de\/product\/nicorette\/"]}]},{"@type":"ImageObject","inLanguage":"de","@id":"https:\/\/www.transtoyou.com\/de\/product\/nicorette\/#primaryimage","url":"https:\/\/www.transtoyou.com\/de\/wp-content\/uploads\/sites\/4\/2026\/01\/tty-no-product-image-22.webp","contentUrl":"https:\/\/www.transtoyou.com\/de\/wp-content\/uploads\/sites\/4\/2026\/01\/tty-no-product-image-22.webp","width":1000,"height":1000,"caption":"Standardproduktbild"},{"@type":"WebSite","@id":"https:\/\/www.transtoyou.com\/de\/#website","url":"https:\/\/www.transtoyou.com\/de\/","name":"Transtoyou - DE","description":"DE","publisher":{"@id":"https:\/\/www.transtoyou.com\/de\/#organization"},"potentialAction":[{"@type":"SearchAction","target":{"@type":"EntryPoint","urlTemplate":"https:\/\/www.transtoyou.com\/de\/?s={search_term_string}"},"query-input":{"@type":"PropertyValueSpecification","valueRequired":true,"valueName":"search_term_string"}}],"inLanguage":"de"},{"@type":"Organization","@id":"https:\/\/www.transtoyou.com\/de\/#organization","name":"Transtoyou - DE","url":"https:\/\/www.transtoyou.com\/de\/","logo":{"@type":"ImageObject","inLanguage":"de","@id":"https:\/\/www.transtoyou.com\/de\/#\/schema\/logo\/image\/","url":"https:\/\/www.transtoyou.com\/de\/wp-content\/uploads\/sites\/4\/2026\/01\/logo-tty-menu-bar-300x87-1.webp","contentUrl":"https:\/\/www.transtoyou.com\/de\/wp-content\/uploads\/sites\/4\/2026\/01\/logo-tty-menu-bar-300x87-1.webp","width":300,"height":87,"caption":"Transtoyou - DE"},"image":{"@id":"https:\/\/www.transtoyou.com\/de\/#\/schema\/logo\/image\/"}}]}},"_links":{"self":[{"href":"https:\/\/www.transtoyou.com\/de\/wp-json\/wp\/v2\/product\/805","targetHints":{"allow":["GET"]}}],"collection":[{"href":"https:\/\/www.transtoyou.com\/de\/wp-json\/wp\/v2\/product"}],"about":[{"href":"https:\/\/www.transtoyou.com\/de\/wp-json\/wp\/v2\/types\/product"}],"replies":[{"embeddable":true,"href":"https:\/\/www.transtoyou.com\/de\/wp-json\/wp\/v2\/comments?post=805"}],"wp:featuredmedia":[{"embeddable":true,"href":"https:\/\/www.transtoyou.com\/de\/wp-json\/wp\/v2\/media\/807"}],"wp:attachment":[{"href":"https:\/\/www.transtoyou.com\/de\/wp-json\/wp\/v2\/media?parent=805"}],"wp:term":[{"taxonomy":"product_brand","embeddable":true,"href":"https:\/\/www.transtoyou.com\/de\/wp-json\/wp\/v2\/product_brand?post=805"},{"taxonomy":"product_cat","embeddable":true,"href":"https:\/\/www.transtoyou.com\/de\/wp-json\/wp\/v2\/product_cat?post=805"},{"taxonomy":"product_tag","embeddable":true,"href":"https:\/\/www.transtoyou.com\/de\/wp-json\/wp\/v2\/product_tag?post=805"},{"taxonomy":"expert","embeddable":true,"href":"https:\/\/www.transtoyou.com\/de\/wp-json\/wp\/v2\/expert?post=805"}],"curies":[{"name":"wp","href":"https:\/\/api.w.org\/{rel}","templated":true}]}}