{"id":808,"date":"2026-01-22T20:45:17","date_gmt":"2026-01-22T18:45:17","guid":{"rendered":"https:\/\/www.transtoyou.com\/de\/product\/decigatan\/"},"modified":"2026-02-13T16:14:43","modified_gmt":"2026-02-13T14:14:43","slug":"decigatan","status":"publish","type":"product","link":"https:\/\/www.transtoyou.com\/de\/product\/decigatan\/","title":{"rendered":"Decigatan"},"content":{"rendered":"<p>Decigatan ist ein rezeptpflichtiges Medikament, das Personen unterst\u00fctzen soll, die mit dem Rauchen aufh\u00f6ren m\u00f6chten. Es enth\u00e4lt Cytisin, eine pflanzliche Verbindung, die hilft, das Verlangen und Entzugserscheinungen zu reduzieren, indem sie teilweise die Nikotinrezeptoren im Gehirn stimuliert. Diese Wirkung erleichtert den \u00dcbergang von der Nikotinabh\u00e4ngigkeit und verringert die belohnenden Effekte des Rauchens.<\/p>\n<p>Im Gegensatz zu Nikotinersatztherapien, die Nikotin an den K\u00f6rper abgeben, wirkt Decigatan, indem es einige der Effekte von Nikotin nachahmt und gleichzeitig dessen st\u00e4rkere s\u00fcchtig machende Eigenschaften blockiert. Dieser doppelte Mechanismus hilft Rauchern, ihre Abh\u00e4ngigkeit von Zigaretten allm\u00e4hlich zu reduzieren, w\u00e4hrend sie weniger Verlangen und weniger Unannehmlichkeiten w\u00e4hrend des Entw\u00f6hnungsprozesses erleben.<\/p>\n<p>Decigatan wird typischerweise \u00fcber einen Zeitraum von 25 Tagen eingenommen, mit einer allm\u00e4hlich abnehmenden Dosierung. W\u00e4hrend dieser Zeit werden die Nutzer ermutigt, innerhalb der ersten f\u00fcnf Tage vollst\u00e4ndig mit dem Rauchen aufzuh\u00f6ren. Der strukturierte Behandlungsplan unterst\u00fctzt sowohl den physischen als auch den psychologischen Entzug, was es einfacher macht, die Rauchgewohnheit zu brechen.<\/p>\n<p>Die meisten Nutzer vertragen Decigatan gut, obwohl einige leichte Nebenwirkungen wie \u00dcbelkeit, trockener Mund oder Schlafst\u00f6rungen erleben k\u00f6nnen. Wie bei jedem Medikament ist es wichtig, den Dosierungsplan sorgf\u00e4ltig zu befolgen und w\u00e4hrend der Einnahme der Behandlung nicht zu rauchen, da die Kombination beider zu Nebenwirkungen oder einer verringerten Wirksamkeit f\u00fchren kann.<\/p>\n<p>Decigatan wird w\u00e4hrend der Schwangerschaft oder Stillzeit nicht empfohlen und sollte von Personen mit bestimmten medizinischen Bedingungen ohne \u00e4rztliche Anleitung nicht verwendet werden.<\/p>\n","protected":false},"excerpt":{"rendered":"<ul>\n<li>Reduziert das Verlangen nach Nikotin<\/li>\n<li>25-t\u00e4giger Behandlungsverlauf<\/li>\n<li>Pflanzlicher Wirkstoff<\/li>\n<\/ul>\n","protected":false},"featured_media":810,"comment_status":"open","ping_status":"closed","template":"","meta":[],"product_brand":[],"product_cat":[169],"product_tag":[],"expert":[16],"class_list":{"0":"post-808","1":"product","2":"type-product","3":"status-publish","4":"has-post-thumbnail","6":"product_cat-raucherentwohnungshilfen","7":"expert-dr-c-alexandru","9":"first","10":"instock","11":"shipping-taxable","12":"product-type-variable"},"yoast_head":"<!-- This site is optimized with the Yoast SEO plugin v27.0 - https:\/\/yoast.com\/product\/yoast-seo-wordpress\/ -->\n<title>Decigatan | Unterst\u00fctzung beim Rauchstopp - Transtoyou<\/title>\n<meta name=\"description\" content=\"Decigatan, ein Rezept-Hilfsmittel zum Rauchstopp, verringert Verlangen und Entzugserscheinungen. Konsultiere unsere \u00c4rzte f\u00fcr deinen individuellen Behandlungsplan.\" \/>\n<meta name=\"robots\" content=\"noindex, follow, max-snippet:-1, max-image-preview:large, max-video-preview:-1\" \/>\n<meta property=\"og:locale\" content=\"de_DE\" \/>\n<meta property=\"og:type\" content=\"article\" \/>\n<meta property=\"og:title\" content=\"Decigatan | Unterst\u00fctzung beim Rauchstopp - Transtoyou\" \/>\n<meta property=\"og:description\" content=\"Decigatan, ein Rezept-Hilfsmittel zum Rauchstopp, verringert Verlangen und Entzugserscheinungen. Konsultiere unsere \u00c4rzte f\u00fcr deinen individuellen Behandlungsplan.\" \/>\n<meta property=\"og:url\" content=\"https:\/\/www.transtoyou.com\/de\/product\/decigatan\/\" \/>\n<meta property=\"og:site_name\" content=\"Transtoyou - DE\" \/>\n<meta property=\"article:modified_time\" content=\"2026-02-13T14:14:43+00:00\" \/>\n<meta name=\"twitter:card\" content=\"summary_large_image\" \/>\n<meta name=\"twitter:label1\" content=\"Gesch\u00e4tzte Lesezeit\" \/>\n\t<meta name=\"twitter:data1\" content=\"1\u00a0Minute\" \/>\n<script type=\"application\/ld+json\" class=\"yoast-schema-graph\">{\"@context\":\"https:\/\/schema.org\",\"@graph\":[{\"@type\":\"WebPage\",\"@id\":\"https:\/\/www.transtoyou.com\/de\/product\/decigatan\/\",\"url\":\"https:\/\/www.transtoyou.com\/de\/product\/decigatan\/\",\"name\":\"Decigatan | Unterst\u00fctzung beim Rauchstopp - Transtoyou\",\"isPartOf\":{\"@id\":\"https:\/\/www.transtoyou.com\/de\/#website\"},\"primaryImageOfPage\":{\"@id\":\"https:\/\/www.transtoyou.com\/de\/product\/decigatan\/#primaryimage\"},\"image\":{\"@id\":\"https:\/\/www.transtoyou.com\/de\/product\/decigatan\/#primaryimage\"},\"thumbnailUrl\":\"https:\/\/www.transtoyou.com\/de\/wp-content\/uploads\/sites\/4\/2026\/01\/tty-no-product-image-23.webp\",\"datePublished\":\"2026-01-22T18:45:17+00:00\",\"dateModified\":\"2026-02-13T14:14:43+00:00\",\"description\":\"Decigatan, ein Rezept-Hilfsmittel zum Rauchstopp, verringert Verlangen und Entzugserscheinungen. Konsultiere unsere \u00c4rzte f\u00fcr deinen individuellen Behandlungsplan.\",\"breadcrumb\":{\"@id\":\"https:\/\/www.transtoyou.com\/de\/product\/decigatan\/#breadcrumb\"},\"inLanguage\":\"de\",\"potentialAction\":[{\"@type\":\"ReadAction\",\"target\":[\"https:\/\/www.transtoyou.com\/de\/product\/decigatan\/\"]}]},{\"@type\":\"ImageObject\",\"inLanguage\":\"de\",\"@id\":\"https:\/\/www.transtoyou.com\/de\/product\/decigatan\/#primaryimage\",\"url\":\"https:\/\/www.transtoyou.com\/de\/wp-content\/uploads\/sites\/4\/2026\/01\/tty-no-product-image-23.webp\",\"contentUrl\":\"https:\/\/www.transtoyou.com\/de\/wp-content\/uploads\/sites\/4\/2026\/01\/tty-no-product-image-23.webp\",\"width\":1000,\"height\":1000,\"caption\":\"Standardproduktbild\"},{\"@type\":\"WebSite\",\"@id\":\"https:\/\/www.transtoyou.com\/de\/#website\",\"url\":\"https:\/\/www.transtoyou.com\/de\/\",\"name\":\"Transtoyou - DE\",\"description\":\"DE\",\"publisher\":{\"@id\":\"https:\/\/www.transtoyou.com\/de\/#organization\"},\"potentialAction\":[{\"@type\":\"SearchAction\",\"target\":{\"@type\":\"EntryPoint\",\"urlTemplate\":\"https:\/\/www.transtoyou.com\/de\/?s={search_term_string}\"},\"query-input\":{\"@type\":\"PropertyValueSpecification\",\"valueRequired\":true,\"valueName\":\"search_term_string\"}}],\"inLanguage\":\"de\"},{\"@type\":\"Organization\",\"@id\":\"https:\/\/www.transtoyou.com\/de\/#organization\",\"name\":\"Transtoyou - DE\",\"url\":\"https:\/\/www.transtoyou.com\/de\/\",\"logo\":{\"@type\":\"ImageObject\",\"inLanguage\":\"de\",\"@id\":\"https:\/\/www.transtoyou.com\/de\/#\/schema\/logo\/image\/\",\"url\":\"https:\/\/www.transtoyou.com\/de\/wp-content\/uploads\/sites\/4\/2026\/01\/logo-tty-menu-bar-300x87-1.webp\",\"contentUrl\":\"https:\/\/www.transtoyou.com\/de\/wp-content\/uploads\/sites\/4\/2026\/01\/logo-tty-menu-bar-300x87-1.webp\",\"width\":300,\"height\":87,\"caption\":\"Transtoyou - DE\"},\"image\":{\"@id\":\"https:\/\/www.transtoyou.com\/de\/#\/schema\/logo\/image\/\"}}]}<\/script>\n<!-- \/ Yoast SEO plugin. -->","yoast_head_json":{"title":"Decigatan | Unterst\u00fctzung beim Rauchstopp - Transtoyou","description":"Decigatan, ein Rezept-Hilfsmittel zum Rauchstopp, verringert Verlangen und Entzugserscheinungen. Konsultiere unsere \u00c4rzte f\u00fcr deinen individuellen Behandlungsplan.","robots":{"index":"noindex","follow":"follow","max-snippet":"max-snippet:-1","max-image-preview":"max-image-preview:large","max-video-preview":"max-video-preview:-1"},"og_locale":"de_DE","og_type":"article","og_title":"Decigatan | Unterst\u00fctzung beim Rauchstopp - Transtoyou","og_description":"Decigatan, ein Rezept-Hilfsmittel zum Rauchstopp, verringert Verlangen und Entzugserscheinungen. Konsultiere unsere \u00c4rzte f\u00fcr deinen individuellen Behandlungsplan.","og_url":"https:\/\/www.transtoyou.com\/de\/product\/decigatan\/","og_site_name":"Transtoyou - DE","article_modified_time":"2026-02-13T14:14:43+00:00","twitter_card":"summary_large_image","twitter_misc":{"Gesch\u00e4tzte Lesezeit":"1\u00a0Minute"},"schema":{"@context":"https:\/\/schema.org","@graph":[{"@type":"WebPage","@id":"https:\/\/www.transtoyou.com\/de\/product\/decigatan\/","url":"https:\/\/www.transtoyou.com\/de\/product\/decigatan\/","name":"Decigatan | Unterst\u00fctzung beim Rauchstopp - Transtoyou","isPartOf":{"@id":"https:\/\/www.transtoyou.com\/de\/#website"},"primaryImageOfPage":{"@id":"https:\/\/www.transtoyou.com\/de\/product\/decigatan\/#primaryimage"},"image":{"@id":"https:\/\/www.transtoyou.com\/de\/product\/decigatan\/#primaryimage"},"thumbnailUrl":"https:\/\/www.transtoyou.com\/de\/wp-content\/uploads\/sites\/4\/2026\/01\/tty-no-product-image-23.webp","datePublished":"2026-01-22T18:45:17+00:00","dateModified":"2026-02-13T14:14:43+00:00","description":"Decigatan, ein Rezept-Hilfsmittel zum Rauchstopp, verringert Verlangen und Entzugserscheinungen. Konsultiere unsere \u00c4rzte f\u00fcr deinen individuellen Behandlungsplan.","breadcrumb":{"@id":"https:\/\/www.transtoyou.com\/de\/product\/decigatan\/#breadcrumb"},"inLanguage":"de","potentialAction":[{"@type":"ReadAction","target":["https:\/\/www.transtoyou.com\/de\/product\/decigatan\/"]}]},{"@type":"ImageObject","inLanguage":"de","@id":"https:\/\/www.transtoyou.com\/de\/product\/decigatan\/#primaryimage","url":"https:\/\/www.transtoyou.com\/de\/wp-content\/uploads\/sites\/4\/2026\/01\/tty-no-product-image-23.webp","contentUrl":"https:\/\/www.transtoyou.com\/de\/wp-content\/uploads\/sites\/4\/2026\/01\/tty-no-product-image-23.webp","width":1000,"height":1000,"caption":"Standardproduktbild"},{"@type":"WebSite","@id":"https:\/\/www.transtoyou.com\/de\/#website","url":"https:\/\/www.transtoyou.com\/de\/","name":"Transtoyou - DE","description":"DE","publisher":{"@id":"https:\/\/www.transtoyou.com\/de\/#organization"},"potentialAction":[{"@type":"SearchAction","target":{"@type":"EntryPoint","urlTemplate":"https:\/\/www.transtoyou.com\/de\/?s={search_term_string}"},"query-input":{"@type":"PropertyValueSpecification","valueRequired":true,"valueName":"search_term_string"}}],"inLanguage":"de"},{"@type":"Organization","@id":"https:\/\/www.transtoyou.com\/de\/#organization","name":"Transtoyou - DE","url":"https:\/\/www.transtoyou.com\/de\/","logo":{"@type":"ImageObject","inLanguage":"de","@id":"https:\/\/www.transtoyou.com\/de\/#\/schema\/logo\/image\/","url":"https:\/\/www.transtoyou.com\/de\/wp-content\/uploads\/sites\/4\/2026\/01\/logo-tty-menu-bar-300x87-1.webp","contentUrl":"https:\/\/www.transtoyou.com\/de\/wp-content\/uploads\/sites\/4\/2026\/01\/logo-tty-menu-bar-300x87-1.webp","width":300,"height":87,"caption":"Transtoyou - DE"},"image":{"@id":"https:\/\/www.transtoyou.com\/de\/#\/schema\/logo\/image\/"}}]}},"_links":{"self":[{"href":"https:\/\/www.transtoyou.com\/de\/wp-json\/wp\/v2\/product\/808","targetHints":{"allow":["GET"]}}],"collection":[{"href":"https:\/\/www.transtoyou.com\/de\/wp-json\/wp\/v2\/product"}],"about":[{"href":"https:\/\/www.transtoyou.com\/de\/wp-json\/wp\/v2\/types\/product"}],"replies":[{"embeddable":true,"href":"https:\/\/www.transtoyou.com\/de\/wp-json\/wp\/v2\/comments?post=808"}],"wp:featuredmedia":[{"embeddable":true,"href":"https:\/\/www.transtoyou.com\/de\/wp-json\/wp\/v2\/media\/810"}],"wp:attachment":[{"href":"https:\/\/www.transtoyou.com\/de\/wp-json\/wp\/v2\/media?parent=808"}],"wp:term":[{"taxonomy":"product_brand","embeddable":true,"href":"https:\/\/www.transtoyou.com\/de\/wp-json\/wp\/v2\/product_brand?post=808"},{"taxonomy":"product_cat","embeddable":true,"href":"https:\/\/www.transtoyou.com\/de\/wp-json\/wp\/v2\/product_cat?post=808"},{"taxonomy":"product_tag","embeddable":true,"href":"https:\/\/www.transtoyou.com\/de\/wp-json\/wp\/v2\/product_tag?post=808"},{"taxonomy":"expert","embeddable":true,"href":"https:\/\/www.transtoyou.com\/de\/wp-json\/wp\/v2\/expert?post=808"}],"curies":[{"name":"wp","href":"https:\/\/api.w.org\/{rel}","templated":true}]}}