{"id":814,"date":"2026-01-22T21:15:26","date_gmt":"2026-01-22T19:15:26","guid":{"rendered":"https:\/\/www.transtoyou.com\/de\/product\/valtrex\/"},"modified":"2026-01-22T21:16:28","modified_gmt":"2026-01-22T19:16:28","slug":"valtrex","status":"publish","type":"product","link":"https:\/\/www.transtoyou.com\/de\/product\/valtrex\/","title":{"rendered":"Valtrex"},"content":{"rendered":"<p>Valtrex ist ein antivirales Medikament (virusbek\u00e4mpfendes Mittel), das zur Behandlung von Infektionen eingesetzt wird, die durch Herpesviren verursacht werden. Es ist ein Prodrug von Aciclovir, was bedeutet, dass dein K\u00f6rper es nach der Einnahme in seine aktive Form (Aciclovir) umwandelt. Aciclovir wirkt, indem es das Virus daran hindert, seine DNA (genetisches Material) zu replizieren, was verhindert, dass es sich vermehrt und ausbreitet (blockiert die virale Replikation).<\/p>\n<p>Valtrex wird haupts\u00e4chlich f\u00fcr Infektionen verschrieben, die durch Herpesviren verursacht werden, einschlie\u00dflich Lippenherpes (oraler Herpes), Genitalherpes, G\u00fcrtelrose (Herpes zoster), Augeninfektionen aufgrund von Herpes und zur Vorbeugung von Cytomegalovirus (CMV)-Infektionen bei Personen, die eine Organtransplantation hatten. Es wird auch langfristig eingesetzt, um die H\u00e4ufigkeit von Ausbr\u00fcchen zu reduzieren.<\/p>\n<p>Valtrex wirkt im K\u00f6rper, indem es das Virus w\u00e4hrend aktiver Ausbr\u00fcche kontrolliert und das Risiko zuk\u00fcnftiger Sch\u00fcbe verringert. Es wirkt gut, wenn es fr\u00fch im Verlauf der Symptome begonnen wird, oft innerhalb der ersten 1\u20131,5 Stunden. Da es nur virusinfizierte Zellen angreift, bleiben gesunde Zellen in der Regel verschont, was zu weniger Nebenwirkungen f\u00fchrt.<\/p>\n<p>Die Hauptvorteile von Valtrex sind der schnelle Wirkungseintritt, die einfache Anwendung (orale Tablette), weniger t\u00e4gliche Dosen im Vergleich zu \u00e4lteren Antiviral-Medikamenten und starke Belege f\u00fcr die Wirksamkeit. Es reduziert Schmerzen und die Heilungszeit w\u00e4hrend Ausbr\u00fcchen und kann auch die Wahrscheinlichkeit verringern, das Virus an andere weiterzugeben, wenn es t\u00e4glich angewendet wird.<\/p>\n<p>Valtrex heilt Herpes nicht, hilft jedoch, ihn effektiv zu managen und macht das Leben mit der Erkrankung besser handhabbar.<\/p>\n","protected":false},"excerpt":{"rendered":"<ul>\n<li>Antiviral gegen Herpesviren<\/li>\n<li>Hilft, Ausbr\u00fcche und Symptome zu reduzieren<\/li>\n<li>Einmal t\u00e4glich zur Vorbeugung<\/li>\n<\/ul>\n","protected":false},"featured_media":816,"comment_status":"open","ping_status":"closed","template":"","meta":[],"product_brand":[],"product_cat":[96,138,166],"product_tag":[],"expert":[17],"class_list":{"0":"post-814","1":"product","2":"type-product","3":"status-publish","4":"has-post-thumbnail","6":"product_cat-fieberblaschen","7":"product_cat-herpes","8":"product_cat-schindeln","9":"expert-dr-c-munoz-parada","11":"first","12":"instock","13":"shipping-taxable","14":"product-type-variable"},"yoast_head":"<!-- This site is optimized with the Yoast SEO plugin v27.0 - https:\/\/yoast.com\/product\/yoast-seo-wordpress\/ -->\n<title>Valtrex | Effektive antivirale Unterst\u00fctzung - Transtoyou<\/title>\n<meta name=\"description\" content=\"Valtrex bei Transtoyou erh\u00e4ltlich, bietet vertrauensvolle antivirale Unterst\u00fctzung. Entdecke die Vorteile zur Behandlung von Herpes-Symptomen. Jetzt kaufen!\" \/>\n<meta name=\"robots\" content=\"noindex, follow, max-snippet:-1, max-image-preview:large, max-video-preview:-1\" \/>\n<meta property=\"og:locale\" content=\"de_DE\" \/>\n<meta property=\"og:type\" content=\"article\" \/>\n<meta property=\"og:title\" content=\"Valtrex | Effektive antivirale Unterst\u00fctzung - Transtoyou\" \/>\n<meta property=\"og:description\" content=\"Valtrex bei Transtoyou erh\u00e4ltlich, bietet vertrauensvolle antivirale Unterst\u00fctzung. Entdecke die Vorteile zur Behandlung von Herpes-Symptomen. Jetzt kaufen!\" \/>\n<meta property=\"og:url\" content=\"https:\/\/www.transtoyou.com\/de\/product\/valtrex\/\" \/>\n<meta property=\"og:site_name\" content=\"Transtoyou - DE\" \/>\n<meta property=\"article:modified_time\" content=\"2026-01-22T19:16:28+00:00\" \/>\n<meta name=\"twitter:card\" content=\"summary_large_image\" \/>\n<meta name=\"twitter:label1\" content=\"Gesch\u00e4tzte Lesezeit\" \/>\n\t<meta name=\"twitter:data1\" content=\"1\u00a0Minute\" \/>\n<script type=\"application\/ld+json\" class=\"yoast-schema-graph\">{\"@context\":\"https:\/\/schema.org\",\"@graph\":[{\"@type\":\"WebPage\",\"@id\":\"https:\/\/www.transtoyou.com\/de\/product\/valtrex\/\",\"url\":\"https:\/\/www.transtoyou.com\/de\/product\/valtrex\/\",\"name\":\"Valtrex | Effektive antivirale Unterst\u00fctzung - Transtoyou\",\"isPartOf\":{\"@id\":\"https:\/\/www.transtoyou.com\/de\/#website\"},\"primaryImageOfPage\":{\"@id\":\"https:\/\/www.transtoyou.com\/de\/product\/valtrex\/#primaryimage\"},\"image\":{\"@id\":\"https:\/\/www.transtoyou.com\/de\/product\/valtrex\/#primaryimage\"},\"thumbnailUrl\":\"https:\/\/www.transtoyou.com\/de\/wp-content\/uploads\/sites\/4\/2026\/01\/tty-no-product-image-25.webp\",\"datePublished\":\"2026-01-22T19:15:26+00:00\",\"dateModified\":\"2026-01-22T19:16:28+00:00\",\"description\":\"Valtrex bei Transtoyou erh\u00e4ltlich, bietet vertrauensvolle antivirale Unterst\u00fctzung. Entdecke die Vorteile zur Behandlung von Herpes-Symptomen. Jetzt kaufen!\",\"breadcrumb\":{\"@id\":\"https:\/\/www.transtoyou.com\/de\/product\/valtrex\/#breadcrumb\"},\"inLanguage\":\"de\",\"potentialAction\":[{\"@type\":\"ReadAction\",\"target\":[\"https:\/\/www.transtoyou.com\/de\/product\/valtrex\/\"]}]},{\"@type\":\"ImageObject\",\"inLanguage\":\"de\",\"@id\":\"https:\/\/www.transtoyou.com\/de\/product\/valtrex\/#primaryimage\",\"url\":\"https:\/\/www.transtoyou.com\/de\/wp-content\/uploads\/sites\/4\/2026\/01\/tty-no-product-image-25.webp\",\"contentUrl\":\"https:\/\/www.transtoyou.com\/de\/wp-content\/uploads\/sites\/4\/2026\/01\/tty-no-product-image-25.webp\",\"width\":1000,\"height\":1000,\"caption\":\"Standardproduktbild\"},{\"@type\":\"WebSite\",\"@id\":\"https:\/\/www.transtoyou.com\/de\/#website\",\"url\":\"https:\/\/www.transtoyou.com\/de\/\",\"name\":\"Transtoyou - DE\",\"description\":\"DE\",\"publisher\":{\"@id\":\"https:\/\/www.transtoyou.com\/de\/#organization\"},\"potentialAction\":[{\"@type\":\"SearchAction\",\"target\":{\"@type\":\"EntryPoint\",\"urlTemplate\":\"https:\/\/www.transtoyou.com\/de\/?s={search_term_string}\"},\"query-input\":{\"@type\":\"PropertyValueSpecification\",\"valueRequired\":true,\"valueName\":\"search_term_string\"}}],\"inLanguage\":\"de\"},{\"@type\":\"Organization\",\"@id\":\"https:\/\/www.transtoyou.com\/de\/#organization\",\"name\":\"Transtoyou - DE\",\"url\":\"https:\/\/www.transtoyou.com\/de\/\",\"logo\":{\"@type\":\"ImageObject\",\"inLanguage\":\"de\",\"@id\":\"https:\/\/www.transtoyou.com\/de\/#\/schema\/logo\/image\/\",\"url\":\"https:\/\/www.transtoyou.com\/de\/wp-content\/uploads\/sites\/4\/2026\/01\/logo-tty-menu-bar-300x87-1.webp\",\"contentUrl\":\"https:\/\/www.transtoyou.com\/de\/wp-content\/uploads\/sites\/4\/2026\/01\/logo-tty-menu-bar-300x87-1.webp\",\"width\":300,\"height\":87,\"caption\":\"Transtoyou - DE\"},\"image\":{\"@id\":\"https:\/\/www.transtoyou.com\/de\/#\/schema\/logo\/image\/\"}}]}<\/script>\n<!-- \/ Yoast SEO plugin. -->","yoast_head_json":{"title":"Valtrex | Effektive antivirale Unterst\u00fctzung - Transtoyou","description":"Valtrex bei Transtoyou erh\u00e4ltlich, bietet vertrauensvolle antivirale Unterst\u00fctzung. Entdecke die Vorteile zur Behandlung von Herpes-Symptomen. Jetzt kaufen!","robots":{"index":"noindex","follow":"follow","max-snippet":"max-snippet:-1","max-image-preview":"max-image-preview:large","max-video-preview":"max-video-preview:-1"},"og_locale":"de_DE","og_type":"article","og_title":"Valtrex | Effektive antivirale Unterst\u00fctzung - Transtoyou","og_description":"Valtrex bei Transtoyou erh\u00e4ltlich, bietet vertrauensvolle antivirale Unterst\u00fctzung. Entdecke die Vorteile zur Behandlung von Herpes-Symptomen. Jetzt kaufen!","og_url":"https:\/\/www.transtoyou.com\/de\/product\/valtrex\/","og_site_name":"Transtoyou - DE","article_modified_time":"2026-01-22T19:16:28+00:00","twitter_card":"summary_large_image","twitter_misc":{"Gesch\u00e4tzte Lesezeit":"1\u00a0Minute"},"schema":{"@context":"https:\/\/schema.org","@graph":[{"@type":"WebPage","@id":"https:\/\/www.transtoyou.com\/de\/product\/valtrex\/","url":"https:\/\/www.transtoyou.com\/de\/product\/valtrex\/","name":"Valtrex | Effektive antivirale Unterst\u00fctzung - Transtoyou","isPartOf":{"@id":"https:\/\/www.transtoyou.com\/de\/#website"},"primaryImageOfPage":{"@id":"https:\/\/www.transtoyou.com\/de\/product\/valtrex\/#primaryimage"},"image":{"@id":"https:\/\/www.transtoyou.com\/de\/product\/valtrex\/#primaryimage"},"thumbnailUrl":"https:\/\/www.transtoyou.com\/de\/wp-content\/uploads\/sites\/4\/2026\/01\/tty-no-product-image-25.webp","datePublished":"2026-01-22T19:15:26+00:00","dateModified":"2026-01-22T19:16:28+00:00","description":"Valtrex bei Transtoyou erh\u00e4ltlich, bietet vertrauensvolle antivirale Unterst\u00fctzung. Entdecke die Vorteile zur Behandlung von Herpes-Symptomen. Jetzt kaufen!","breadcrumb":{"@id":"https:\/\/www.transtoyou.com\/de\/product\/valtrex\/#breadcrumb"},"inLanguage":"de","potentialAction":[{"@type":"ReadAction","target":["https:\/\/www.transtoyou.com\/de\/product\/valtrex\/"]}]},{"@type":"ImageObject","inLanguage":"de","@id":"https:\/\/www.transtoyou.com\/de\/product\/valtrex\/#primaryimage","url":"https:\/\/www.transtoyou.com\/de\/wp-content\/uploads\/sites\/4\/2026\/01\/tty-no-product-image-25.webp","contentUrl":"https:\/\/www.transtoyou.com\/de\/wp-content\/uploads\/sites\/4\/2026\/01\/tty-no-product-image-25.webp","width":1000,"height":1000,"caption":"Standardproduktbild"},{"@type":"WebSite","@id":"https:\/\/www.transtoyou.com\/de\/#website","url":"https:\/\/www.transtoyou.com\/de\/","name":"Transtoyou - DE","description":"DE","publisher":{"@id":"https:\/\/www.transtoyou.com\/de\/#organization"},"potentialAction":[{"@type":"SearchAction","target":{"@type":"EntryPoint","urlTemplate":"https:\/\/www.transtoyou.com\/de\/?s={search_term_string}"},"query-input":{"@type":"PropertyValueSpecification","valueRequired":true,"valueName":"search_term_string"}}],"inLanguage":"de"},{"@type":"Organization","@id":"https:\/\/www.transtoyou.com\/de\/#organization","name":"Transtoyou - DE","url":"https:\/\/www.transtoyou.com\/de\/","logo":{"@type":"ImageObject","inLanguage":"de","@id":"https:\/\/www.transtoyou.com\/de\/#\/schema\/logo\/image\/","url":"https:\/\/www.transtoyou.com\/de\/wp-content\/uploads\/sites\/4\/2026\/01\/logo-tty-menu-bar-300x87-1.webp","contentUrl":"https:\/\/www.transtoyou.com\/de\/wp-content\/uploads\/sites\/4\/2026\/01\/logo-tty-menu-bar-300x87-1.webp","width":300,"height":87,"caption":"Transtoyou - DE"},"image":{"@id":"https:\/\/www.transtoyou.com\/de\/#\/schema\/logo\/image\/"}}]}},"_links":{"self":[{"href":"https:\/\/www.transtoyou.com\/de\/wp-json\/wp\/v2\/product\/814","targetHints":{"allow":["GET"]}}],"collection":[{"href":"https:\/\/www.transtoyou.com\/de\/wp-json\/wp\/v2\/product"}],"about":[{"href":"https:\/\/www.transtoyou.com\/de\/wp-json\/wp\/v2\/types\/product"}],"replies":[{"embeddable":true,"href":"https:\/\/www.transtoyou.com\/de\/wp-json\/wp\/v2\/comments?post=814"}],"wp:featuredmedia":[{"embeddable":true,"href":"https:\/\/www.transtoyou.com\/de\/wp-json\/wp\/v2\/media\/816"}],"wp:attachment":[{"href":"https:\/\/www.transtoyou.com\/de\/wp-json\/wp\/v2\/media?parent=814"}],"wp:term":[{"taxonomy":"product_brand","embeddable":true,"href":"https:\/\/www.transtoyou.com\/de\/wp-json\/wp\/v2\/product_brand?post=814"},{"taxonomy":"product_cat","embeddable":true,"href":"https:\/\/www.transtoyou.com\/de\/wp-json\/wp\/v2\/product_cat?post=814"},{"taxonomy":"product_tag","embeddable":true,"href":"https:\/\/www.transtoyou.com\/de\/wp-json\/wp\/v2\/product_tag?post=814"},{"taxonomy":"expert","embeddable":true,"href":"https:\/\/www.transtoyou.com\/de\/wp-json\/wp\/v2\/expert?post=814"}],"curies":[{"name":"wp","href":"https:\/\/api.w.org\/{rel}","templated":true}]}}