{"id":817,"date":"2026-01-22T21:30:06","date_gmt":"2026-01-22T19:30:06","guid":{"rendered":"https:\/\/www.transtoyou.com\/de\/product\/valaciclovir\/"},"modified":"2026-03-06T16:50:50","modified_gmt":"2026-03-06T14:50:50","slug":"valaciclovir","status":"publish","type":"product","link":"https:\/\/www.transtoyou.com\/de\/product\/valaciclovir\/","title":{"rendered":"Valaciclovir"},"content":{"rendered":"<p>Valaciclovir ist ein antivirales Medikament, das zur Behandlung von Infektionen eingesetzt wird, die durch Herpesviren verursacht werden. Es ist ein Prodrug von Aciclovir, was bedeutet, dass dein K\u00f6rper es nach der Einnahme in seine aktive Form (Aciclovir) umwandelt. Aciclovir wirkt, indem es die F\u00e4higkeit des Virus st\u00f6rt, seine DNA zu kopieren, wodurch es effektiv daran gehindert wird, sich zu vermehren und auszubreiten.<\/p>\n<p>Valaciclovir wird haupts\u00e4chlich zur Behandlung und Vorbeugung von Herpes-simplex-Infektionen eingesetzt, einschlie\u00dflich Lippenherpes und Genitalherpes, G\u00fcrtelrose oder Augeninfektionen, die durch Herpes verursacht werden. Es ist besonders hilfreich zur Linderung von Schmerzen, zur Verk\u00fcrzung der Dauer und zur Verringerung der H\u00e4ufigkeit von Symptomen.<\/p>\n<p>Dieses Medikament hilft, die Schwere von Ausbr\u00fcchen zu reduzieren und kann die Heilungszeit verk\u00fcrzen. Bei Anwendung als vorbeugende Behandlung verringert es die Anzahl der R\u00fcckf\u00e4lle und kann die Sch\u00fcbe weniger schwerwiegend machen. Es wirkt schnell (innerhalb von 1\u20131,5 Stunden nach der Einnahme), und da es oral eingenommen wird, ist es praktisch und einfach zu verwenden. Viele Menschen profitieren von seiner langanhaltenden Wirkung mit relativ wenigen Nebenwirkungen.<\/p>\n<p>Valaciclovir heilt Herpes nicht, macht das Leben mit dem Virus jedoch besser handhabbar, indem es seine Auswirkungen auf das t\u00e4gliche Leben einschr\u00e4nkt.<\/p>\n","protected":false},"excerpt":{"rendered":"<ul>\n<li>Antiviral gegen Herpesviren<\/li>\n<li>Hilft, Ausbr\u00fcche und Symptome zu reduzieren<\/li>\n<li>Einmal t\u00e4glich zur Vorbeugung<\/li>\n<\/ul>\n","protected":false},"featured_media":819,"comment_status":"open","ping_status":"closed","template":"","meta":[],"product_brand":[],"product_cat":[96,138,166],"product_tag":[],"expert":[17],"class_list":{"0":"post-817","1":"product","2":"type-product","3":"status-publish","4":"has-post-thumbnail","6":"product_cat-fieberblaschen","7":"product_cat-herpes","8":"product_cat-schindeln","9":"expert-dr-c-munoz-parada","11":"first","12":"instock","13":"shipping-taxable","14":"product-type-variable"},"yoast_head":"<!-- This site is optimized with the Yoast SEO plugin v27.0 - https:\/\/yoast.com\/product\/yoast-seo-wordpress\/ -->\n<title>Valaciclovir | Bek\u00e4mpfe Herpes &amp; G\u00fcrtelrose schnell - Transtoyou<\/title>\n<meta name=\"description\" content=\"Valaciclovir, ein effektives antivirales Mittel gegen Herpes, lindert Symptome und R\u00fcckf\u00e4lle. Entdecke die Vorteile bei Transtoyou noch heute.\" \/>\n<meta name=\"robots\" content=\"noindex, follow, max-snippet:-1, max-image-preview:large, max-video-preview:-1\" \/>\n<meta property=\"og:locale\" content=\"de_DE\" \/>\n<meta property=\"og:type\" content=\"article\" \/>\n<meta property=\"og:title\" content=\"Valaciclovir | Bek\u00e4mpfe Herpes &amp; G\u00fcrtelrose schnell - Transtoyou\" \/>\n<meta property=\"og:description\" content=\"Valaciclovir, ein effektives antivirales Mittel gegen Herpes, lindert Symptome und R\u00fcckf\u00e4lle. Entdecke die Vorteile bei Transtoyou noch heute.\" \/>\n<meta property=\"og:url\" content=\"https:\/\/www.transtoyou.com\/de\/product\/valaciclovir\/\" \/>\n<meta property=\"og:site_name\" content=\"Transtoyou - DE\" \/>\n<meta property=\"article:modified_time\" content=\"2026-03-06T14:50:50+00:00\" \/>\n<meta name=\"twitter:card\" content=\"summary_large_image\" \/>\n<meta name=\"twitter:label1\" content=\"Gesch\u00e4tzte Lesezeit\" \/>\n\t<meta name=\"twitter:data1\" content=\"1\u00a0Minute\" \/>\n<script type=\"application\/ld+json\" class=\"yoast-schema-graph\">{\"@context\":\"https:\/\/schema.org\",\"@graph\":[{\"@type\":\"WebPage\",\"@id\":\"https:\/\/www.transtoyou.com\/de\/product\/valaciclovir\/\",\"url\":\"https:\/\/www.transtoyou.com\/de\/product\/valaciclovir\/\",\"name\":\"Valaciclovir | Bek\u00e4mpfe Herpes & G\u00fcrtelrose schnell - Transtoyou\",\"isPartOf\":{\"@id\":\"https:\/\/www.transtoyou.com\/de\/#website\"},\"primaryImageOfPage\":{\"@id\":\"https:\/\/www.transtoyou.com\/de\/product\/valaciclovir\/#primaryimage\"},\"image\":{\"@id\":\"https:\/\/www.transtoyou.com\/de\/product\/valaciclovir\/#primaryimage\"},\"thumbnailUrl\":\"https:\/\/www.transtoyou.com\/de\/wp-content\/uploads\/sites\/4\/2026\/01\/tty-no-product-image-26.webp\",\"datePublished\":\"2026-01-22T19:30:06+00:00\",\"dateModified\":\"2026-03-06T14:50:50+00:00\",\"description\":\"Valaciclovir, ein effektives antivirales Mittel gegen Herpes, lindert Symptome und R\u00fcckf\u00e4lle. Entdecke die Vorteile bei Transtoyou noch heute.\",\"breadcrumb\":{\"@id\":\"https:\/\/www.transtoyou.com\/de\/product\/valaciclovir\/#breadcrumb\"},\"inLanguage\":\"de\",\"potentialAction\":[{\"@type\":\"ReadAction\",\"target\":[\"https:\/\/www.transtoyou.com\/de\/product\/valaciclovir\/\"]}]},{\"@type\":\"ImageObject\",\"inLanguage\":\"de\",\"@id\":\"https:\/\/www.transtoyou.com\/de\/product\/valaciclovir\/#primaryimage\",\"url\":\"https:\/\/www.transtoyou.com\/de\/wp-content\/uploads\/sites\/4\/2026\/01\/tty-no-product-image-26.webp\",\"contentUrl\":\"https:\/\/www.transtoyou.com\/de\/wp-content\/uploads\/sites\/4\/2026\/01\/tty-no-product-image-26.webp\",\"width\":1000,\"height\":1000,\"caption\":\"Standardproduktbild\"},{\"@type\":\"WebSite\",\"@id\":\"https:\/\/www.transtoyou.com\/de\/#website\",\"url\":\"https:\/\/www.transtoyou.com\/de\/\",\"name\":\"Transtoyou - DE\",\"description\":\"DE\",\"publisher\":{\"@id\":\"https:\/\/www.transtoyou.com\/de\/#organization\"},\"potentialAction\":[{\"@type\":\"SearchAction\",\"target\":{\"@type\":\"EntryPoint\",\"urlTemplate\":\"https:\/\/www.transtoyou.com\/de\/?s={search_term_string}\"},\"query-input\":{\"@type\":\"PropertyValueSpecification\",\"valueRequired\":true,\"valueName\":\"search_term_string\"}}],\"inLanguage\":\"de\"},{\"@type\":\"Organization\",\"@id\":\"https:\/\/www.transtoyou.com\/de\/#organization\",\"name\":\"Transtoyou - DE\",\"url\":\"https:\/\/www.transtoyou.com\/de\/\",\"logo\":{\"@type\":\"ImageObject\",\"inLanguage\":\"de\",\"@id\":\"https:\/\/www.transtoyou.com\/de\/#\/schema\/logo\/image\/\",\"url\":\"https:\/\/www.transtoyou.com\/de\/wp-content\/uploads\/sites\/4\/2026\/01\/logo-tty-menu-bar-300x87-1.webp\",\"contentUrl\":\"https:\/\/www.transtoyou.com\/de\/wp-content\/uploads\/sites\/4\/2026\/01\/logo-tty-menu-bar-300x87-1.webp\",\"width\":300,\"height\":87,\"caption\":\"Transtoyou - DE\"},\"image\":{\"@id\":\"https:\/\/www.transtoyou.com\/de\/#\/schema\/logo\/image\/\"}}]}<\/script>\n<!-- \/ Yoast SEO plugin. -->","yoast_head_json":{"title":"Valaciclovir | Bek\u00e4mpfe Herpes & G\u00fcrtelrose schnell - Transtoyou","description":"Valaciclovir, ein effektives antivirales Mittel gegen Herpes, lindert Symptome und R\u00fcckf\u00e4lle. Entdecke die Vorteile bei Transtoyou noch heute.","robots":{"index":"noindex","follow":"follow","max-snippet":"max-snippet:-1","max-image-preview":"max-image-preview:large","max-video-preview":"max-video-preview:-1"},"og_locale":"de_DE","og_type":"article","og_title":"Valaciclovir | Bek\u00e4mpfe Herpes & G\u00fcrtelrose schnell - Transtoyou","og_description":"Valaciclovir, ein effektives antivirales Mittel gegen Herpes, lindert Symptome und R\u00fcckf\u00e4lle. Entdecke die Vorteile bei Transtoyou noch heute.","og_url":"https:\/\/www.transtoyou.com\/de\/product\/valaciclovir\/","og_site_name":"Transtoyou - DE","article_modified_time":"2026-03-06T14:50:50+00:00","twitter_card":"summary_large_image","twitter_misc":{"Gesch\u00e4tzte Lesezeit":"1\u00a0Minute"},"schema":{"@context":"https:\/\/schema.org","@graph":[{"@type":"WebPage","@id":"https:\/\/www.transtoyou.com\/de\/product\/valaciclovir\/","url":"https:\/\/www.transtoyou.com\/de\/product\/valaciclovir\/","name":"Valaciclovir | Bek\u00e4mpfe Herpes & G\u00fcrtelrose schnell - Transtoyou","isPartOf":{"@id":"https:\/\/www.transtoyou.com\/de\/#website"},"primaryImageOfPage":{"@id":"https:\/\/www.transtoyou.com\/de\/product\/valaciclovir\/#primaryimage"},"image":{"@id":"https:\/\/www.transtoyou.com\/de\/product\/valaciclovir\/#primaryimage"},"thumbnailUrl":"https:\/\/www.transtoyou.com\/de\/wp-content\/uploads\/sites\/4\/2026\/01\/tty-no-product-image-26.webp","datePublished":"2026-01-22T19:30:06+00:00","dateModified":"2026-03-06T14:50:50+00:00","description":"Valaciclovir, ein effektives antivirales Mittel gegen Herpes, lindert Symptome und R\u00fcckf\u00e4lle. Entdecke die Vorteile bei Transtoyou noch heute.","breadcrumb":{"@id":"https:\/\/www.transtoyou.com\/de\/product\/valaciclovir\/#breadcrumb"},"inLanguage":"de","potentialAction":[{"@type":"ReadAction","target":["https:\/\/www.transtoyou.com\/de\/product\/valaciclovir\/"]}]},{"@type":"ImageObject","inLanguage":"de","@id":"https:\/\/www.transtoyou.com\/de\/product\/valaciclovir\/#primaryimage","url":"https:\/\/www.transtoyou.com\/de\/wp-content\/uploads\/sites\/4\/2026\/01\/tty-no-product-image-26.webp","contentUrl":"https:\/\/www.transtoyou.com\/de\/wp-content\/uploads\/sites\/4\/2026\/01\/tty-no-product-image-26.webp","width":1000,"height":1000,"caption":"Standardproduktbild"},{"@type":"WebSite","@id":"https:\/\/www.transtoyou.com\/de\/#website","url":"https:\/\/www.transtoyou.com\/de\/","name":"Transtoyou - DE","description":"DE","publisher":{"@id":"https:\/\/www.transtoyou.com\/de\/#organization"},"potentialAction":[{"@type":"SearchAction","target":{"@type":"EntryPoint","urlTemplate":"https:\/\/www.transtoyou.com\/de\/?s={search_term_string}"},"query-input":{"@type":"PropertyValueSpecification","valueRequired":true,"valueName":"search_term_string"}}],"inLanguage":"de"},{"@type":"Organization","@id":"https:\/\/www.transtoyou.com\/de\/#organization","name":"Transtoyou - DE","url":"https:\/\/www.transtoyou.com\/de\/","logo":{"@type":"ImageObject","inLanguage":"de","@id":"https:\/\/www.transtoyou.com\/de\/#\/schema\/logo\/image\/","url":"https:\/\/www.transtoyou.com\/de\/wp-content\/uploads\/sites\/4\/2026\/01\/logo-tty-menu-bar-300x87-1.webp","contentUrl":"https:\/\/www.transtoyou.com\/de\/wp-content\/uploads\/sites\/4\/2026\/01\/logo-tty-menu-bar-300x87-1.webp","width":300,"height":87,"caption":"Transtoyou - DE"},"image":{"@id":"https:\/\/www.transtoyou.com\/de\/#\/schema\/logo\/image\/"}}]}},"_links":{"self":[{"href":"https:\/\/www.transtoyou.com\/de\/wp-json\/wp\/v2\/product\/817","targetHints":{"allow":["GET"]}}],"collection":[{"href":"https:\/\/www.transtoyou.com\/de\/wp-json\/wp\/v2\/product"}],"about":[{"href":"https:\/\/www.transtoyou.com\/de\/wp-json\/wp\/v2\/types\/product"}],"replies":[{"embeddable":true,"href":"https:\/\/www.transtoyou.com\/de\/wp-json\/wp\/v2\/comments?post=817"}],"wp:featuredmedia":[{"embeddable":true,"href":"https:\/\/www.transtoyou.com\/de\/wp-json\/wp\/v2\/media\/819"}],"wp:attachment":[{"href":"https:\/\/www.transtoyou.com\/de\/wp-json\/wp\/v2\/media?parent=817"}],"wp:term":[{"taxonomy":"product_brand","embeddable":true,"href":"https:\/\/www.transtoyou.com\/de\/wp-json\/wp\/v2\/product_brand?post=817"},{"taxonomy":"product_cat","embeddable":true,"href":"https:\/\/www.transtoyou.com\/de\/wp-json\/wp\/v2\/product_cat?post=817"},{"taxonomy":"product_tag","embeddable":true,"href":"https:\/\/www.transtoyou.com\/de\/wp-json\/wp\/v2\/product_tag?post=817"},{"taxonomy":"expert","embeddable":true,"href":"https:\/\/www.transtoyou.com\/de\/wp-json\/wp\/v2\/expert?post=817"}],"curies":[{"name":"wp","href":"https:\/\/api.w.org\/{rel}","templated":true}]}}