{"id":820,"date":"2026-01-22T21:44:01","date_gmt":"2026-01-22T19:44:01","guid":{"rendered":"https:\/\/www.transtoyou.com\/de\/product\/xyloproct\/"},"modified":"2026-03-08T12:55:05","modified_gmt":"2026-03-08T10:55:05","slug":"xyloproct","status":"publish","type":"product","link":"https:\/\/www.transtoyou.com\/de\/product\/xyloproct\/","title":{"rendered":"Xyloproct"},"content":{"rendered":"<p>Xyloproct ist eine topische Behandlung, die entwickelt wurde, um Symptome zu lindern, die durch H\u00e4morrhoiden und andere anale oder rektale Erkrankungen verursacht werden. Es kombiniert Lidocain (ein Lokalan\u00e4sthetikum) und Hydrocortison (ein entz\u00fcndungshemmendes Steroid). Diese Inhaltsstoffe wirken zusammen, um schnelle Linderung von Schmerzen, Juckreiz, Schwellungen und Reizungen zu bieten (beruhigt Entz\u00fcndungen und Unbehagen).<\/p>\n<p>Lidocain bet\u00e4ubt den Bereich (lindert Schmerzen und Juckreiz, indem es Nervenimpulse blockiert), w\u00e4hrend Hydrocortison R\u00f6tungen, Schwellungen und Juckreiz reduziert (entz\u00fcndungshemmende und juckreizstillende Wirkung).<\/p>\n<p>Xyloproct wird zur Behandlung von Entz\u00fcndungen und Juckreiz eingesetzt, die mit H\u00e4morrhoiden (geschwollene Blutgef\u00e4\u00dfe im Rektalbereich) und analem Unbehagen verbunden sind. Es bietet gezielte, schnell wirkende Linderung f\u00fcr Symptome wie Schmerzen, Schwellungen, Juckreiz und Empfindlichkeit. Die Formulierung wird normalerweise als weiche Salbe geliefert.<\/p>\n<p>Die Hauptvorteile von Xyloproct umfassen eine schnelle Linderung der Symptome, eine kombinierte therapeutische Wirkung (an\u00e4sthetisch, entz\u00fcndungshemmend, antiseptisch und heilend) und eine einfache Anwendung. Es ist eine umfassende Behandlung f\u00fcr akute h\u00e4morrhoidale Episoden und damit verbundenes rektales Unbehagen.<\/p>\n","protected":false},"excerpt":{"rendered":"<ul>\n<li>Beruhigt H\u00e4morrhoidensymptome schnell<\/li>\n<li>Kombiniert Schmerzlinderung und Entz\u00fcndungshemmung<\/li>\n<li>Einfach zu bedienender rektaler Applikator<\/li>\n<\/ul>\n","protected":false},"featured_media":822,"comment_status":"open","ping_status":"closed","template":"","meta":[],"product_brand":[],"product_cat":[136],"product_tag":[],"expert":[17],"class_list":{"0":"post-820","1":"product","2":"type-product","3":"status-publish","4":"has-post-thumbnail","6":"product_cat-hamorrhoiden","7":"expert-dr-c-munoz-parada","9":"first","10":"instock","11":"shipping-taxable","12":"product-type-variable"},"yoast_head":"<!-- This site is optimized with the Yoast SEO plugin v27.0 - https:\/\/yoast.com\/product\/yoast-seo-wordpress\/ -->\n<title>Xyloproct | Schnelle Linderung bei H\u00e4morrhoiden - Transtoyou<\/title>\n<meta name=\"description\" content=\"Xyloproct, hier erh\u00e4ltlich, bietet schnelle Linderung bei H\u00e4morrhoidenbeschwerden mit Lidocain und Hydrocortison. Hol dir jetzt gezielten Komfort!\" \/>\n<meta name=\"robots\" content=\"noindex, follow, max-snippet:-1, max-image-preview:large, max-video-preview:-1\" \/>\n<meta property=\"og:locale\" content=\"de_DE\" \/>\n<meta property=\"og:type\" content=\"article\" \/>\n<meta property=\"og:title\" content=\"Xyloproct | Schnelle Linderung bei H\u00e4morrhoiden - Transtoyou\" \/>\n<meta property=\"og:description\" content=\"Xyloproct, hier erh\u00e4ltlich, bietet schnelle Linderung bei H\u00e4morrhoidenbeschwerden mit Lidocain und Hydrocortison. Hol dir jetzt gezielten Komfort!\" \/>\n<meta property=\"og:url\" content=\"https:\/\/www.transtoyou.com\/de\/product\/xyloproct\/\" \/>\n<meta property=\"og:site_name\" content=\"Transtoyou - DE\" \/>\n<meta property=\"article:modified_time\" content=\"2026-03-08T10:55:05+00:00\" \/>\n<meta name=\"twitter:card\" content=\"summary_large_image\" \/>\n<meta name=\"twitter:label1\" content=\"Gesch\u00e4tzte Lesezeit\" \/>\n\t<meta name=\"twitter:data1\" content=\"1\u00a0Minute\" \/>\n<script type=\"application\/ld+json\" class=\"yoast-schema-graph\">{\"@context\":\"https:\/\/schema.org\",\"@graph\":[{\"@type\":\"WebPage\",\"@id\":\"https:\/\/www.transtoyou.com\/de\/product\/xyloproct\/\",\"url\":\"https:\/\/www.transtoyou.com\/de\/product\/xyloproct\/\",\"name\":\"Xyloproct | Schnelle Linderung bei H\u00e4morrhoiden - Transtoyou\",\"isPartOf\":{\"@id\":\"https:\/\/www.transtoyou.com\/de\/#website\"},\"primaryImageOfPage\":{\"@id\":\"https:\/\/www.transtoyou.com\/de\/product\/xyloproct\/#primaryimage\"},\"image\":{\"@id\":\"https:\/\/www.transtoyou.com\/de\/product\/xyloproct\/#primaryimage\"},\"thumbnailUrl\":\"https:\/\/www.transtoyou.com\/de\/wp-content\/uploads\/sites\/4\/2026\/01\/tty-no-product-image-27.webp\",\"datePublished\":\"2026-01-22T19:44:01+00:00\",\"dateModified\":\"2026-03-08T10:55:05+00:00\",\"description\":\"Xyloproct, hier erh\u00e4ltlich, bietet schnelle Linderung bei H\u00e4morrhoidenbeschwerden mit Lidocain und Hydrocortison. Hol dir jetzt gezielten Komfort!\",\"breadcrumb\":{\"@id\":\"https:\/\/www.transtoyou.com\/de\/product\/xyloproct\/#breadcrumb\"},\"inLanguage\":\"de\",\"potentialAction\":[{\"@type\":\"ReadAction\",\"target\":[\"https:\/\/www.transtoyou.com\/de\/product\/xyloproct\/\"]}]},{\"@type\":\"ImageObject\",\"inLanguage\":\"de\",\"@id\":\"https:\/\/www.transtoyou.com\/de\/product\/xyloproct\/#primaryimage\",\"url\":\"https:\/\/www.transtoyou.com\/de\/wp-content\/uploads\/sites\/4\/2026\/01\/tty-no-product-image-27.webp\",\"contentUrl\":\"https:\/\/www.transtoyou.com\/de\/wp-content\/uploads\/sites\/4\/2026\/01\/tty-no-product-image-27.webp\",\"width\":1000,\"height\":1000,\"caption\":\"Standardproduktbild\"},{\"@type\":\"WebSite\",\"@id\":\"https:\/\/www.transtoyou.com\/de\/#website\",\"url\":\"https:\/\/www.transtoyou.com\/de\/\",\"name\":\"Transtoyou - DE\",\"description\":\"DE\",\"publisher\":{\"@id\":\"https:\/\/www.transtoyou.com\/de\/#organization\"},\"potentialAction\":[{\"@type\":\"SearchAction\",\"target\":{\"@type\":\"EntryPoint\",\"urlTemplate\":\"https:\/\/www.transtoyou.com\/de\/?s={search_term_string}\"},\"query-input\":{\"@type\":\"PropertyValueSpecification\",\"valueRequired\":true,\"valueName\":\"search_term_string\"}}],\"inLanguage\":\"de\"},{\"@type\":\"Organization\",\"@id\":\"https:\/\/www.transtoyou.com\/de\/#organization\",\"name\":\"Transtoyou - DE\",\"url\":\"https:\/\/www.transtoyou.com\/de\/\",\"logo\":{\"@type\":\"ImageObject\",\"inLanguage\":\"de\",\"@id\":\"https:\/\/www.transtoyou.com\/de\/#\/schema\/logo\/image\/\",\"url\":\"https:\/\/www.transtoyou.com\/de\/wp-content\/uploads\/sites\/4\/2026\/01\/logo-tty-menu-bar-300x87-1.webp\",\"contentUrl\":\"https:\/\/www.transtoyou.com\/de\/wp-content\/uploads\/sites\/4\/2026\/01\/logo-tty-menu-bar-300x87-1.webp\",\"width\":300,\"height\":87,\"caption\":\"Transtoyou - DE\"},\"image\":{\"@id\":\"https:\/\/www.transtoyou.com\/de\/#\/schema\/logo\/image\/\"}}]}<\/script>\n<!-- \/ Yoast SEO plugin. -->","yoast_head_json":{"title":"Xyloproct | Schnelle Linderung bei H\u00e4morrhoiden - Transtoyou","description":"Xyloproct, hier erh\u00e4ltlich, bietet schnelle Linderung bei H\u00e4morrhoidenbeschwerden mit Lidocain und Hydrocortison. Hol dir jetzt gezielten Komfort!","robots":{"index":"noindex","follow":"follow","max-snippet":"max-snippet:-1","max-image-preview":"max-image-preview:large","max-video-preview":"max-video-preview:-1"},"og_locale":"de_DE","og_type":"article","og_title":"Xyloproct | Schnelle Linderung bei H\u00e4morrhoiden - Transtoyou","og_description":"Xyloproct, hier erh\u00e4ltlich, bietet schnelle Linderung bei H\u00e4morrhoidenbeschwerden mit Lidocain und Hydrocortison. Hol dir jetzt gezielten Komfort!","og_url":"https:\/\/www.transtoyou.com\/de\/product\/xyloproct\/","og_site_name":"Transtoyou - DE","article_modified_time":"2026-03-08T10:55:05+00:00","twitter_card":"summary_large_image","twitter_misc":{"Gesch\u00e4tzte Lesezeit":"1\u00a0Minute"},"schema":{"@context":"https:\/\/schema.org","@graph":[{"@type":"WebPage","@id":"https:\/\/www.transtoyou.com\/de\/product\/xyloproct\/","url":"https:\/\/www.transtoyou.com\/de\/product\/xyloproct\/","name":"Xyloproct | Schnelle Linderung bei H\u00e4morrhoiden - Transtoyou","isPartOf":{"@id":"https:\/\/www.transtoyou.com\/de\/#website"},"primaryImageOfPage":{"@id":"https:\/\/www.transtoyou.com\/de\/product\/xyloproct\/#primaryimage"},"image":{"@id":"https:\/\/www.transtoyou.com\/de\/product\/xyloproct\/#primaryimage"},"thumbnailUrl":"https:\/\/www.transtoyou.com\/de\/wp-content\/uploads\/sites\/4\/2026\/01\/tty-no-product-image-27.webp","datePublished":"2026-01-22T19:44:01+00:00","dateModified":"2026-03-08T10:55:05+00:00","description":"Xyloproct, hier erh\u00e4ltlich, bietet schnelle Linderung bei H\u00e4morrhoidenbeschwerden mit Lidocain und Hydrocortison. Hol dir jetzt gezielten Komfort!","breadcrumb":{"@id":"https:\/\/www.transtoyou.com\/de\/product\/xyloproct\/#breadcrumb"},"inLanguage":"de","potentialAction":[{"@type":"ReadAction","target":["https:\/\/www.transtoyou.com\/de\/product\/xyloproct\/"]}]},{"@type":"ImageObject","inLanguage":"de","@id":"https:\/\/www.transtoyou.com\/de\/product\/xyloproct\/#primaryimage","url":"https:\/\/www.transtoyou.com\/de\/wp-content\/uploads\/sites\/4\/2026\/01\/tty-no-product-image-27.webp","contentUrl":"https:\/\/www.transtoyou.com\/de\/wp-content\/uploads\/sites\/4\/2026\/01\/tty-no-product-image-27.webp","width":1000,"height":1000,"caption":"Standardproduktbild"},{"@type":"WebSite","@id":"https:\/\/www.transtoyou.com\/de\/#website","url":"https:\/\/www.transtoyou.com\/de\/","name":"Transtoyou - DE","description":"DE","publisher":{"@id":"https:\/\/www.transtoyou.com\/de\/#organization"},"potentialAction":[{"@type":"SearchAction","target":{"@type":"EntryPoint","urlTemplate":"https:\/\/www.transtoyou.com\/de\/?s={search_term_string}"},"query-input":{"@type":"PropertyValueSpecification","valueRequired":true,"valueName":"search_term_string"}}],"inLanguage":"de"},{"@type":"Organization","@id":"https:\/\/www.transtoyou.com\/de\/#organization","name":"Transtoyou - DE","url":"https:\/\/www.transtoyou.com\/de\/","logo":{"@type":"ImageObject","inLanguage":"de","@id":"https:\/\/www.transtoyou.com\/de\/#\/schema\/logo\/image\/","url":"https:\/\/www.transtoyou.com\/de\/wp-content\/uploads\/sites\/4\/2026\/01\/logo-tty-menu-bar-300x87-1.webp","contentUrl":"https:\/\/www.transtoyou.com\/de\/wp-content\/uploads\/sites\/4\/2026\/01\/logo-tty-menu-bar-300x87-1.webp","width":300,"height":87,"caption":"Transtoyou - DE"},"image":{"@id":"https:\/\/www.transtoyou.com\/de\/#\/schema\/logo\/image\/"}}]}},"_links":{"self":[{"href":"https:\/\/www.transtoyou.com\/de\/wp-json\/wp\/v2\/product\/820","targetHints":{"allow":["GET"]}}],"collection":[{"href":"https:\/\/www.transtoyou.com\/de\/wp-json\/wp\/v2\/product"}],"about":[{"href":"https:\/\/www.transtoyou.com\/de\/wp-json\/wp\/v2\/types\/product"}],"replies":[{"embeddable":true,"href":"https:\/\/www.transtoyou.com\/de\/wp-json\/wp\/v2\/comments?post=820"}],"wp:featuredmedia":[{"embeddable":true,"href":"https:\/\/www.transtoyou.com\/de\/wp-json\/wp\/v2\/media\/822"}],"wp:attachment":[{"href":"https:\/\/www.transtoyou.com\/de\/wp-json\/wp\/v2\/media?parent=820"}],"wp:term":[{"taxonomy":"product_brand","embeddable":true,"href":"https:\/\/www.transtoyou.com\/de\/wp-json\/wp\/v2\/product_brand?post=820"},{"taxonomy":"product_cat","embeddable":true,"href":"https:\/\/www.transtoyou.com\/de\/wp-json\/wp\/v2\/product_cat?post=820"},{"taxonomy":"product_tag","embeddable":true,"href":"https:\/\/www.transtoyou.com\/de\/wp-json\/wp\/v2\/product_tag?post=820"},{"taxonomy":"expert","embeddable":true,"href":"https:\/\/www.transtoyou.com\/de\/wp-json\/wp\/v2\/expert?post=820"}],"curies":[{"name":"wp","href":"https:\/\/api.w.org\/{rel}","templated":true}]}}