{"id":826,"date":"2026-01-22T22:12:01","date_gmt":"2026-01-22T20:12:01","guid":{"rendered":"https:\/\/www.transtoyou.com\/de\/product\/sildenafil\/"},"modified":"2026-03-05T12:06:31","modified_gmt":"2026-03-05T10:06:31","slug":"sildenafil","status":"publish","type":"product","link":"https:\/\/www.transtoyou.com\/de\/product\/sildenafil\/","title":{"rendered":"Sildenafil"},"content":{"rendered":"<p>Sildenafil ist eine Behandlung f\u00fcr erektile Dysfunktion, eine Erkrankung, bei der es einem Mann schwerf\u00e4llt, eine Erektion zu erreichen oder aufrechtzuerhalten. Der Wirkstoff, ebenfalls Sildenafil genannt, wirkt, indem er die Durchblutung des Penis verbessert, wenn ein Mann sexuell erregt ist. Er erh\u00f6ht nicht das Libido, unterst\u00fctzt jedoch die k\u00f6rperliche Reaktion auf sexuelle Stimulation.<\/p>\n<p>Urspr\u00fcnglich zur Behandlung von herzbedingten Brustschmerzen entwickelt, wurde sp\u00e4ter festgestellt, dass Sildenafil auch bei erektilen Schwierigkeiten wirksam ist. Es wird oft unter dem Markennamen Viagra verwendet, obwohl generische Versionen ebenso wirksam sind. Sildenafil beginnt normalerweise innerhalb von 30 bis 60 Minuten zu wirken und kann etwa vier Stunden lang wirksam bleiben, was ein entspannteres Erlebnis erm\u00f6glicht.<\/p>\n<p>Die standardm\u00e4\u00dfige empfohlene Dosis betr\u00e4gt 50 mg, die nach Bedarf vor sexueller Aktivit\u00e4t eingenommen wird. Einige Personen k\u00f6nnen jedoch von niedrigeren oder h\u00f6heren Dosen profitieren, abh\u00e4ngig von der individuellen Toleranz und Reaktion. Es sollte nicht mehr als einmal t\u00e4glich eingenommen werden und mit Wasser geschluckt werden. Eine schwere Mahlzeit kann die Wirkung verz\u00f6gern.<\/p>\n<p>H\u00e4ufige Nebenwirkungen k\u00f6nnen Kopfschmerzen, Gesichtsr\u00f6tung, Nasenverstopfung und Schwindel umfassen. Schwerwiegendere Auswirkungen wie Sehver\u00e4nderungen oder anhaltende Erektionen sind selten, erfordern jedoch medizinische Aufmerksamkeit. Sildenafil sollte nicht zusammen mit nitrathaltigen Medikamenten oder bestimmten Blutdruckmedikamenten eingenommen werden, da dies das Risiko eines schweren Blutdruckabfalls erh\u00f6ht.<\/p>\n","protected":false},"excerpt":{"rendered":"<ul>\n<li>Beginnt in 30 bis 60 Minuten zu wirken<\/li>\n<li>Die Wirkung h\u00e4lt bis zu 4 Stunden an<\/li>\n<li>Hilft, nat\u00fcrliche Erektionen zu unterst\u00fctzen<\/li>\n<\/ul>\n","protected":false},"featured_media":828,"comment_status":"open","ping_status":"closed","template":"","meta":[],"product_brand":[],"product_cat":[118],"product_tag":[],"expert":[16],"class_list":{"0":"post-826","1":"product","2":"type-product","3":"status-publish","4":"has-post-thumbnail","6":"product_cat-erektile-dysfunktion-behandlungen","7":"expert-dr-c-alexandru","9":"first","10":"instock","11":"shipping-taxable","12":"product-type-variable"},"yoast_head":"<!-- This site is optimized with the Yoast SEO plugin v27.0 - https:\/\/yoast.com\/product\/yoast-seo-wordpress\/ -->\n<title>Sildenafil | Diskret die Leistung steigern - Transtoyou<\/title>\n<meta name=\"description\" content=\"Entdecke Sildenafil bei Transtoyou, deiner vertrauensw\u00fcrdigen Quelle f\u00fcr hochwertige Gesundheitsprodukte. Finde Vorteile und shoppe bequem. Jetzt erh\u00e4ltlich.\" \/>\n<meta name=\"robots\" content=\"noindex, follow, max-snippet:-1, max-image-preview:large, max-video-preview:-1\" \/>\n<meta property=\"og:locale\" content=\"de_DE\" \/>\n<meta property=\"og:type\" content=\"article\" \/>\n<meta property=\"og:title\" content=\"Sildenafil | Diskret die Leistung steigern - Transtoyou\" \/>\n<meta property=\"og:description\" content=\"Entdecke Sildenafil bei Transtoyou, deiner vertrauensw\u00fcrdigen Quelle f\u00fcr hochwertige Gesundheitsprodukte. Finde Vorteile und shoppe bequem. Jetzt erh\u00e4ltlich.\" \/>\n<meta property=\"og:url\" content=\"https:\/\/www.transtoyou.com\/de\/product\/sildenafil\/\" \/>\n<meta property=\"og:site_name\" content=\"Transtoyou - DE\" \/>\n<meta property=\"article:modified_time\" content=\"2026-03-05T10:06:31+00:00\" \/>\n<meta name=\"twitter:card\" content=\"summary_large_image\" \/>\n<meta name=\"twitter:label1\" content=\"Gesch\u00e4tzte Lesezeit\" \/>\n\t<meta name=\"twitter:data1\" content=\"1\u00a0Minute\" \/>\n<script type=\"application\/ld+json\" class=\"yoast-schema-graph\">{\"@context\":\"https:\/\/schema.org\",\"@graph\":[{\"@type\":\"WebPage\",\"@id\":\"https:\/\/www.transtoyou.com\/de\/product\/sildenafil\/\",\"url\":\"https:\/\/www.transtoyou.com\/de\/product\/sildenafil\/\",\"name\":\"Sildenafil | Diskret die Leistung steigern - Transtoyou\",\"isPartOf\":{\"@id\":\"https:\/\/www.transtoyou.com\/de\/#website\"},\"primaryImageOfPage\":{\"@id\":\"https:\/\/www.transtoyou.com\/de\/product\/sildenafil\/#primaryimage\"},\"image\":{\"@id\":\"https:\/\/www.transtoyou.com\/de\/product\/sildenafil\/#primaryimage\"},\"thumbnailUrl\":\"https:\/\/www.transtoyou.com\/de\/wp-content\/uploads\/sites\/4\/2026\/01\/tty-no-product-image-29.webp\",\"datePublished\":\"2026-01-22T20:12:01+00:00\",\"dateModified\":\"2026-03-05T10:06:31+00:00\",\"description\":\"Entdecke Sildenafil bei Transtoyou, deiner vertrauensw\u00fcrdigen Quelle f\u00fcr hochwertige Gesundheitsprodukte. Finde Vorteile und shoppe bequem. Jetzt erh\u00e4ltlich.\",\"breadcrumb\":{\"@id\":\"https:\/\/www.transtoyou.com\/de\/product\/sildenafil\/#breadcrumb\"},\"inLanguage\":\"de\",\"potentialAction\":[{\"@type\":\"ReadAction\",\"target\":[\"https:\/\/www.transtoyou.com\/de\/product\/sildenafil\/\"]}]},{\"@type\":\"ImageObject\",\"inLanguage\":\"de\",\"@id\":\"https:\/\/www.transtoyou.com\/de\/product\/sildenafil\/#primaryimage\",\"url\":\"https:\/\/www.transtoyou.com\/de\/wp-content\/uploads\/sites\/4\/2026\/01\/tty-no-product-image-29.webp\",\"contentUrl\":\"https:\/\/www.transtoyou.com\/de\/wp-content\/uploads\/sites\/4\/2026\/01\/tty-no-product-image-29.webp\",\"width\":1000,\"height\":1000,\"caption\":\"Standardproduktbild\"},{\"@type\":\"WebSite\",\"@id\":\"https:\/\/www.transtoyou.com\/de\/#website\",\"url\":\"https:\/\/www.transtoyou.com\/de\/\",\"name\":\"Transtoyou - DE\",\"description\":\"DE\",\"publisher\":{\"@id\":\"https:\/\/www.transtoyou.com\/de\/#organization\"},\"potentialAction\":[{\"@type\":\"SearchAction\",\"target\":{\"@type\":\"EntryPoint\",\"urlTemplate\":\"https:\/\/www.transtoyou.com\/de\/?s={search_term_string}\"},\"query-input\":{\"@type\":\"PropertyValueSpecification\",\"valueRequired\":true,\"valueName\":\"search_term_string\"}}],\"inLanguage\":\"de\"},{\"@type\":\"Organization\",\"@id\":\"https:\/\/www.transtoyou.com\/de\/#organization\",\"name\":\"Transtoyou - DE\",\"url\":\"https:\/\/www.transtoyou.com\/de\/\",\"logo\":{\"@type\":\"ImageObject\",\"inLanguage\":\"de\",\"@id\":\"https:\/\/www.transtoyou.com\/de\/#\/schema\/logo\/image\/\",\"url\":\"https:\/\/www.transtoyou.com\/de\/wp-content\/uploads\/sites\/4\/2026\/01\/logo-tty-menu-bar-300x87-1.webp\",\"contentUrl\":\"https:\/\/www.transtoyou.com\/de\/wp-content\/uploads\/sites\/4\/2026\/01\/logo-tty-menu-bar-300x87-1.webp\",\"width\":300,\"height\":87,\"caption\":\"Transtoyou - DE\"},\"image\":{\"@id\":\"https:\/\/www.transtoyou.com\/de\/#\/schema\/logo\/image\/\"}}]}<\/script>\n<!-- \/ Yoast SEO plugin. -->","yoast_head_json":{"title":"Sildenafil | Diskret die Leistung steigern - Transtoyou","description":"Entdecke Sildenafil bei Transtoyou, deiner vertrauensw\u00fcrdigen Quelle f\u00fcr hochwertige Gesundheitsprodukte. Finde Vorteile und shoppe bequem. Jetzt erh\u00e4ltlich.","robots":{"index":"noindex","follow":"follow","max-snippet":"max-snippet:-1","max-image-preview":"max-image-preview:large","max-video-preview":"max-video-preview:-1"},"og_locale":"de_DE","og_type":"article","og_title":"Sildenafil | Diskret die Leistung steigern - Transtoyou","og_description":"Entdecke Sildenafil bei Transtoyou, deiner vertrauensw\u00fcrdigen Quelle f\u00fcr hochwertige Gesundheitsprodukte. Finde Vorteile und shoppe bequem. Jetzt erh\u00e4ltlich.","og_url":"https:\/\/www.transtoyou.com\/de\/product\/sildenafil\/","og_site_name":"Transtoyou - DE","article_modified_time":"2026-03-05T10:06:31+00:00","twitter_card":"summary_large_image","twitter_misc":{"Gesch\u00e4tzte Lesezeit":"1\u00a0Minute"},"schema":{"@context":"https:\/\/schema.org","@graph":[{"@type":"WebPage","@id":"https:\/\/www.transtoyou.com\/de\/product\/sildenafil\/","url":"https:\/\/www.transtoyou.com\/de\/product\/sildenafil\/","name":"Sildenafil | Diskret die Leistung steigern - Transtoyou","isPartOf":{"@id":"https:\/\/www.transtoyou.com\/de\/#website"},"primaryImageOfPage":{"@id":"https:\/\/www.transtoyou.com\/de\/product\/sildenafil\/#primaryimage"},"image":{"@id":"https:\/\/www.transtoyou.com\/de\/product\/sildenafil\/#primaryimage"},"thumbnailUrl":"https:\/\/www.transtoyou.com\/de\/wp-content\/uploads\/sites\/4\/2026\/01\/tty-no-product-image-29.webp","datePublished":"2026-01-22T20:12:01+00:00","dateModified":"2026-03-05T10:06:31+00:00","description":"Entdecke Sildenafil bei Transtoyou, deiner vertrauensw\u00fcrdigen Quelle f\u00fcr hochwertige Gesundheitsprodukte. Finde Vorteile und shoppe bequem. Jetzt erh\u00e4ltlich.","breadcrumb":{"@id":"https:\/\/www.transtoyou.com\/de\/product\/sildenafil\/#breadcrumb"},"inLanguage":"de","potentialAction":[{"@type":"ReadAction","target":["https:\/\/www.transtoyou.com\/de\/product\/sildenafil\/"]}]},{"@type":"ImageObject","inLanguage":"de","@id":"https:\/\/www.transtoyou.com\/de\/product\/sildenafil\/#primaryimage","url":"https:\/\/www.transtoyou.com\/de\/wp-content\/uploads\/sites\/4\/2026\/01\/tty-no-product-image-29.webp","contentUrl":"https:\/\/www.transtoyou.com\/de\/wp-content\/uploads\/sites\/4\/2026\/01\/tty-no-product-image-29.webp","width":1000,"height":1000,"caption":"Standardproduktbild"},{"@type":"WebSite","@id":"https:\/\/www.transtoyou.com\/de\/#website","url":"https:\/\/www.transtoyou.com\/de\/","name":"Transtoyou - DE","description":"DE","publisher":{"@id":"https:\/\/www.transtoyou.com\/de\/#organization"},"potentialAction":[{"@type":"SearchAction","target":{"@type":"EntryPoint","urlTemplate":"https:\/\/www.transtoyou.com\/de\/?s={search_term_string}"},"query-input":{"@type":"PropertyValueSpecification","valueRequired":true,"valueName":"search_term_string"}}],"inLanguage":"de"},{"@type":"Organization","@id":"https:\/\/www.transtoyou.com\/de\/#organization","name":"Transtoyou - DE","url":"https:\/\/www.transtoyou.com\/de\/","logo":{"@type":"ImageObject","inLanguage":"de","@id":"https:\/\/www.transtoyou.com\/de\/#\/schema\/logo\/image\/","url":"https:\/\/www.transtoyou.com\/de\/wp-content\/uploads\/sites\/4\/2026\/01\/logo-tty-menu-bar-300x87-1.webp","contentUrl":"https:\/\/www.transtoyou.com\/de\/wp-content\/uploads\/sites\/4\/2026\/01\/logo-tty-menu-bar-300x87-1.webp","width":300,"height":87,"caption":"Transtoyou - DE"},"image":{"@id":"https:\/\/www.transtoyou.com\/de\/#\/schema\/logo\/image\/"}}]}},"_links":{"self":[{"href":"https:\/\/www.transtoyou.com\/de\/wp-json\/wp\/v2\/product\/826","targetHints":{"allow":["GET"]}}],"collection":[{"href":"https:\/\/www.transtoyou.com\/de\/wp-json\/wp\/v2\/product"}],"about":[{"href":"https:\/\/www.transtoyou.com\/de\/wp-json\/wp\/v2\/types\/product"}],"replies":[{"embeddable":true,"href":"https:\/\/www.transtoyou.com\/de\/wp-json\/wp\/v2\/comments?post=826"}],"wp:featuredmedia":[{"embeddable":true,"href":"https:\/\/www.transtoyou.com\/de\/wp-json\/wp\/v2\/media\/828"}],"wp:attachment":[{"href":"https:\/\/www.transtoyou.com\/de\/wp-json\/wp\/v2\/media?parent=826"}],"wp:term":[{"taxonomy":"product_brand","embeddable":true,"href":"https:\/\/www.transtoyou.com\/de\/wp-json\/wp\/v2\/product_brand?post=826"},{"taxonomy":"product_cat","embeddable":true,"href":"https:\/\/www.transtoyou.com\/de\/wp-json\/wp\/v2\/product_cat?post=826"},{"taxonomy":"product_tag","embeddable":true,"href":"https:\/\/www.transtoyou.com\/de\/wp-json\/wp\/v2\/product_tag?post=826"},{"taxonomy":"expert","embeddable":true,"href":"https:\/\/www.transtoyou.com\/de\/wp-json\/wp\/v2\/expert?post=826"}],"curies":[{"name":"wp","href":"https:\/\/api.w.org\/{rel}","templated":true}]}}