{"id":829,"date":"2026-01-23T17:44:15","date_gmt":"2026-01-23T15:44:15","guid":{"rendered":"https:\/\/www.transtoyou.com\/de\/product\/levitra\/"},"modified":"2026-02-20T13:30:36","modified_gmt":"2026-02-20T11:30:36","slug":"levitra","status":"publish","type":"product","link":"https:\/\/www.transtoyou.com\/de\/product\/levitra\/","title":{"rendered":"Levitra"},"content":{"rendered":"<p>Levitra ist ein Medikament f\u00fcr M\u00e4nner, die an erektiler Dysfunktion leiden, einem Zustand, bei dem es schwierig wird, eine Erektion zu erreichen oder aufrechtzuerhalten. Es enth\u00e4lt den Wirkstoff Vardenafil, der zu einer Gruppe von Medikamenten geh\u00f6rt, die als Phosphodiesterase-Typ-5 (PDE5)-Hemmer bekannt sind. Diese Medikamente wirken, indem sie die Durchblutung des Penis w\u00e4hrend der sexuellen Stimulation erh\u00f6hen, was hilft, eine festere und nachhaltigere Erektion zu erreichen.<\/p>\n<p>Erektile Dysfunktion kann sowohl k\u00f6rperliche als auch emotionale Ursachen haben. Levitra erh\u00f6ht nicht das sexuelle Verlangen, verbessert jedoch die k\u00f6rperliche Reaktion auf Stimulation. Nach der Einnahme beginnt es innerhalb von 30 bis 60 Minuten zu wirken und bleibt bis zu f\u00fcnf Stunden lang wirksam. Dies erm\u00f6glicht ein nat\u00fcrlicheres und weniger zeitlich gedr\u00e4ngtes Erlebnis.<\/p>\n<p>Levitra wird in der Regel nach Bedarf eingenommen und sollte ganz mit Wasser geschluckt werden. Es kann mit oder ohne Nahrung eingenommen werden, obwohl eine sehr schwere oder fettreiche Mahlzeit den Wirkungseintritt verz\u00f6gern kann. Die empfohlene Anfangsdosis betr\u00e4gt normalerweise 10 mg, kann jedoch je nach Wirksamkeit und Auftreten von Nebenwirkungen angepasst werden.<\/p>\n<p>H\u00e4ufige Nebenwirkungen sind Kopfschmerzen, Hitzewallungen, Nasenverstopfung und Schwindel. Diese sind in der Regel mild und vor\u00fcbergehend. Levitra sollte nicht zusammen mit nitrathaltigen Medikamenten oder bestimmten Herzmedikamenten eingenommen werden, da die Kombination zu einem signifikanten Blutdruckabfall f\u00fchren kann.<\/p>\n","protected":false},"excerpt":{"rendered":"<ul>\n<li>Wirkung innerhalb von 30\u201360 Minuten<\/li>\n<li>H\u00e4lt bis zu 5 Stunden an<\/li>\n<li>Unterst\u00fctzt die nat\u00fcrliche erektile Reaktion<\/li>\n<\/ul>\n","protected":false},"featured_media":831,"comment_status":"open","ping_status":"closed","template":"","meta":[],"product_brand":[],"product_cat":[118],"product_tag":[],"expert":[16],"class_list":{"0":"post-829","1":"product","2":"type-product","3":"status-publish","4":"has-post-thumbnail","6":"product_cat-erektile-dysfunktion-behandlungen","7":"expert-dr-c-alexandru","9":"first","10":"instock","11":"shipping-taxable","12":"product-type-variable"},"yoast_head":"<!-- This site is optimized with the Yoast SEO plugin v27.0 - https:\/\/yoast.com\/product\/yoast-seo-wordpress\/ -->\n<title>Levitra | Steigert Intimit\u00e4t &amp; Selbstvertrauen - Transtoyou<\/title>\n<meta name=\"description\" content=\"Entdecke Levitra auf Transtoyou, einer vertrauensw\u00fcrdigen Gesundheitsplattform. Verbessere dein Wohlbefinden mit klinisch gepr\u00fcften Produkten.\" \/>\n<meta name=\"robots\" content=\"noindex, follow, max-snippet:-1, max-image-preview:large, max-video-preview:-1\" \/>\n<meta property=\"og:locale\" content=\"de_DE\" \/>\n<meta property=\"og:type\" content=\"article\" \/>\n<meta property=\"og:title\" content=\"Levitra | Steigert Intimit\u00e4t &amp; Selbstvertrauen - Transtoyou\" \/>\n<meta property=\"og:description\" content=\"Entdecke Levitra auf Transtoyou, einer vertrauensw\u00fcrdigen Gesundheitsplattform. Verbessere dein Wohlbefinden mit klinisch gepr\u00fcften Produkten.\" \/>\n<meta property=\"og:url\" content=\"https:\/\/www.transtoyou.com\/de\/product\/levitra\/\" \/>\n<meta property=\"og:site_name\" content=\"Transtoyou - DE\" \/>\n<meta property=\"article:modified_time\" content=\"2026-02-20T11:30:36+00:00\" \/>\n<meta name=\"twitter:card\" content=\"summary_large_image\" \/>\n<meta name=\"twitter:label1\" content=\"Gesch\u00e4tzte Lesezeit\" \/>\n\t<meta name=\"twitter:data1\" content=\"1\u00a0Minute\" \/>\n<script type=\"application\/ld+json\" class=\"yoast-schema-graph\">{\"@context\":\"https:\/\/schema.org\",\"@graph\":[{\"@type\":\"WebPage\",\"@id\":\"https:\/\/www.transtoyou.com\/de\/product\/levitra\/\",\"url\":\"https:\/\/www.transtoyou.com\/de\/product\/levitra\/\",\"name\":\"Levitra | Steigert Intimit\u00e4t & Selbstvertrauen - Transtoyou\",\"isPartOf\":{\"@id\":\"https:\/\/www.transtoyou.com\/de\/#website\"},\"primaryImageOfPage\":{\"@id\":\"https:\/\/www.transtoyou.com\/de\/product\/levitra\/#primaryimage\"},\"image\":{\"@id\":\"https:\/\/www.transtoyou.com\/de\/product\/levitra\/#primaryimage\"},\"thumbnailUrl\":\"https:\/\/www.transtoyou.com\/de\/wp-content\/uploads\/sites\/4\/2026\/01\/tty-no-product-image-30.webp\",\"datePublished\":\"2026-01-23T15:44:15+00:00\",\"dateModified\":\"2026-02-20T11:30:36+00:00\",\"description\":\"Entdecke Levitra auf Transtoyou, einer vertrauensw\u00fcrdigen Gesundheitsplattform. Verbessere dein Wohlbefinden mit klinisch gepr\u00fcften Produkten.\",\"breadcrumb\":{\"@id\":\"https:\/\/www.transtoyou.com\/de\/product\/levitra\/#breadcrumb\"},\"inLanguage\":\"de\",\"potentialAction\":[{\"@type\":\"ReadAction\",\"target\":[\"https:\/\/www.transtoyou.com\/de\/product\/levitra\/\"]}]},{\"@type\":\"ImageObject\",\"inLanguage\":\"de\",\"@id\":\"https:\/\/www.transtoyou.com\/de\/product\/levitra\/#primaryimage\",\"url\":\"https:\/\/www.transtoyou.com\/de\/wp-content\/uploads\/sites\/4\/2026\/01\/tty-no-product-image-30.webp\",\"contentUrl\":\"https:\/\/www.transtoyou.com\/de\/wp-content\/uploads\/sites\/4\/2026\/01\/tty-no-product-image-30.webp\",\"width\":1000,\"height\":1000,\"caption\":\"Standardproduktbild\"},{\"@type\":\"WebSite\",\"@id\":\"https:\/\/www.transtoyou.com\/de\/#website\",\"url\":\"https:\/\/www.transtoyou.com\/de\/\",\"name\":\"Transtoyou - DE\",\"description\":\"DE\",\"publisher\":{\"@id\":\"https:\/\/www.transtoyou.com\/de\/#organization\"},\"potentialAction\":[{\"@type\":\"SearchAction\",\"target\":{\"@type\":\"EntryPoint\",\"urlTemplate\":\"https:\/\/www.transtoyou.com\/de\/?s={search_term_string}\"},\"query-input\":{\"@type\":\"PropertyValueSpecification\",\"valueRequired\":true,\"valueName\":\"search_term_string\"}}],\"inLanguage\":\"de\"},{\"@type\":\"Organization\",\"@id\":\"https:\/\/www.transtoyou.com\/de\/#organization\",\"name\":\"Transtoyou - DE\",\"url\":\"https:\/\/www.transtoyou.com\/de\/\",\"logo\":{\"@type\":\"ImageObject\",\"inLanguage\":\"de\",\"@id\":\"https:\/\/www.transtoyou.com\/de\/#\/schema\/logo\/image\/\",\"url\":\"https:\/\/www.transtoyou.com\/de\/wp-content\/uploads\/sites\/4\/2026\/01\/logo-tty-menu-bar-300x87-1.webp\",\"contentUrl\":\"https:\/\/www.transtoyou.com\/de\/wp-content\/uploads\/sites\/4\/2026\/01\/logo-tty-menu-bar-300x87-1.webp\",\"width\":300,\"height\":87,\"caption\":\"Transtoyou - DE\"},\"image\":{\"@id\":\"https:\/\/www.transtoyou.com\/de\/#\/schema\/logo\/image\/\"}}]}<\/script>\n<!-- \/ Yoast SEO plugin. -->","yoast_head_json":{"title":"Levitra | Steigert Intimit\u00e4t & Selbstvertrauen - Transtoyou","description":"Entdecke Levitra auf Transtoyou, einer vertrauensw\u00fcrdigen Gesundheitsplattform. Verbessere dein Wohlbefinden mit klinisch gepr\u00fcften Produkten.","robots":{"index":"noindex","follow":"follow","max-snippet":"max-snippet:-1","max-image-preview":"max-image-preview:large","max-video-preview":"max-video-preview:-1"},"og_locale":"de_DE","og_type":"article","og_title":"Levitra | Steigert Intimit\u00e4t & Selbstvertrauen - Transtoyou","og_description":"Entdecke Levitra auf Transtoyou, einer vertrauensw\u00fcrdigen Gesundheitsplattform. Verbessere dein Wohlbefinden mit klinisch gepr\u00fcften Produkten.","og_url":"https:\/\/www.transtoyou.com\/de\/product\/levitra\/","og_site_name":"Transtoyou - DE","article_modified_time":"2026-02-20T11:30:36+00:00","twitter_card":"summary_large_image","twitter_misc":{"Gesch\u00e4tzte Lesezeit":"1\u00a0Minute"},"schema":{"@context":"https:\/\/schema.org","@graph":[{"@type":"WebPage","@id":"https:\/\/www.transtoyou.com\/de\/product\/levitra\/","url":"https:\/\/www.transtoyou.com\/de\/product\/levitra\/","name":"Levitra | Steigert Intimit\u00e4t & Selbstvertrauen - Transtoyou","isPartOf":{"@id":"https:\/\/www.transtoyou.com\/de\/#website"},"primaryImageOfPage":{"@id":"https:\/\/www.transtoyou.com\/de\/product\/levitra\/#primaryimage"},"image":{"@id":"https:\/\/www.transtoyou.com\/de\/product\/levitra\/#primaryimage"},"thumbnailUrl":"https:\/\/www.transtoyou.com\/de\/wp-content\/uploads\/sites\/4\/2026\/01\/tty-no-product-image-30.webp","datePublished":"2026-01-23T15:44:15+00:00","dateModified":"2026-02-20T11:30:36+00:00","description":"Entdecke Levitra auf Transtoyou, einer vertrauensw\u00fcrdigen Gesundheitsplattform. Verbessere dein Wohlbefinden mit klinisch gepr\u00fcften Produkten.","breadcrumb":{"@id":"https:\/\/www.transtoyou.com\/de\/product\/levitra\/#breadcrumb"},"inLanguage":"de","potentialAction":[{"@type":"ReadAction","target":["https:\/\/www.transtoyou.com\/de\/product\/levitra\/"]}]},{"@type":"ImageObject","inLanguage":"de","@id":"https:\/\/www.transtoyou.com\/de\/product\/levitra\/#primaryimage","url":"https:\/\/www.transtoyou.com\/de\/wp-content\/uploads\/sites\/4\/2026\/01\/tty-no-product-image-30.webp","contentUrl":"https:\/\/www.transtoyou.com\/de\/wp-content\/uploads\/sites\/4\/2026\/01\/tty-no-product-image-30.webp","width":1000,"height":1000,"caption":"Standardproduktbild"},{"@type":"WebSite","@id":"https:\/\/www.transtoyou.com\/de\/#website","url":"https:\/\/www.transtoyou.com\/de\/","name":"Transtoyou - DE","description":"DE","publisher":{"@id":"https:\/\/www.transtoyou.com\/de\/#organization"},"potentialAction":[{"@type":"SearchAction","target":{"@type":"EntryPoint","urlTemplate":"https:\/\/www.transtoyou.com\/de\/?s={search_term_string}"},"query-input":{"@type":"PropertyValueSpecification","valueRequired":true,"valueName":"search_term_string"}}],"inLanguage":"de"},{"@type":"Organization","@id":"https:\/\/www.transtoyou.com\/de\/#organization","name":"Transtoyou - DE","url":"https:\/\/www.transtoyou.com\/de\/","logo":{"@type":"ImageObject","inLanguage":"de","@id":"https:\/\/www.transtoyou.com\/de\/#\/schema\/logo\/image\/","url":"https:\/\/www.transtoyou.com\/de\/wp-content\/uploads\/sites\/4\/2026\/01\/logo-tty-menu-bar-300x87-1.webp","contentUrl":"https:\/\/www.transtoyou.com\/de\/wp-content\/uploads\/sites\/4\/2026\/01\/logo-tty-menu-bar-300x87-1.webp","width":300,"height":87,"caption":"Transtoyou - DE"},"image":{"@id":"https:\/\/www.transtoyou.com\/de\/#\/schema\/logo\/image\/"}}]}},"_links":{"self":[{"href":"https:\/\/www.transtoyou.com\/de\/wp-json\/wp\/v2\/product\/829","targetHints":{"allow":["GET"]}}],"collection":[{"href":"https:\/\/www.transtoyou.com\/de\/wp-json\/wp\/v2\/product"}],"about":[{"href":"https:\/\/www.transtoyou.com\/de\/wp-json\/wp\/v2\/types\/product"}],"replies":[{"embeddable":true,"href":"https:\/\/www.transtoyou.com\/de\/wp-json\/wp\/v2\/comments?post=829"}],"wp:featuredmedia":[{"embeddable":true,"href":"https:\/\/www.transtoyou.com\/de\/wp-json\/wp\/v2\/media\/831"}],"wp:attachment":[{"href":"https:\/\/www.transtoyou.com\/de\/wp-json\/wp\/v2\/media?parent=829"}],"wp:term":[{"taxonomy":"product_brand","embeddable":true,"href":"https:\/\/www.transtoyou.com\/de\/wp-json\/wp\/v2\/product_brand?post=829"},{"taxonomy":"product_cat","embeddable":true,"href":"https:\/\/www.transtoyou.com\/de\/wp-json\/wp\/v2\/product_cat?post=829"},{"taxonomy":"product_tag","embeddable":true,"href":"https:\/\/www.transtoyou.com\/de\/wp-json\/wp\/v2\/product_tag?post=829"},{"taxonomy":"expert","embeddable":true,"href":"https:\/\/www.transtoyou.com\/de\/wp-json\/wp\/v2\/expert?post=829"}],"curies":[{"name":"wp","href":"https:\/\/api.w.org\/{rel}","templated":true}]}}