{"id":832,"date":"2026-01-23T17:54:26","date_gmt":"2026-01-23T15:54:26","guid":{"rendered":"https:\/\/www.transtoyou.com\/de\/product\/sandrena\/"},"modified":"2026-01-23T17:55:17","modified_gmt":"2026-01-23T15:55:17","slug":"sandrena","status":"publish","type":"product","link":"https:\/\/www.transtoyou.com\/de\/product\/sandrena\/","title":{"rendered":"Sandrena"},"content":{"rendered":"<p>Sandrena ist ein transdermales Gel, das Estradiol-Hemihydrat enth\u00e4lt, eine Form von \u00d6strogen. Es behandelt Symptome, die mit einem \u00d6strogenmangel w\u00e4hrend der nat\u00fcrlichen oder chirurgischen Menopause verbunden sind, wie Hitzewallungen, Nachtschwei\u00df und vaginale Trockenheit. Sandrena kann auch zur fr\u00fchen Pr\u00e4vention von postmenopausaler Osteoporose eingesetzt werden.<\/p>\n<p>Das Medikament wirkt, indem es Estradiol direkt durch die Haut in den Blutkreislauf abgibt, die Leber umgeht und hormonelle Schwankungen im Vergleich zu oralen \u00d6strogenen reduziert. Estradiol bindet an \u00d6strogenrezeptoren und entfaltet anti-osteoporotische, lipidregulierende und vasomotorisch stabilisierende Wirkungen. Es erh\u00e4lt auch die Gesundheit der Haut, der Harnwege und der Knochen.<\/p>\n<p>Im K\u00f6rper erh\u00f6ht Sandrena effektiv die Estradiolspiegel, um das hormonelle Gleichgewicht wiederherzustellen, verbessert die Symptome der Menopause und erh\u00e4lt ein g\u00fcnstiges Verh\u00e4ltnis von Estradiol zu Estron. Es bietet stabile Blutspiegel mit minimalen t\u00e4glichen Schwankungen und kann leicht an die individuellen therapeutischen Bed\u00fcrfnisse angepasst werden.<\/p>\n<p>Sandrena wird im Allgemeinen gut vertragen, erfordert jedoch die Kombination mit einem Gestagen bei Frauen mit intaktem Uterus, um einer endometrialen Hyperplasie vorzubeugen.<\/p>\n","protected":false},"excerpt":{"rendered":"<ul>\n<li>Linderung von Menopause-Symptomen<\/li>\n<li>Transdermale Estrogen-Gel-Behandlung<\/li>\n<li>Hilft, fr\u00fchzeitiger Osteoporose vorzubeugen<\/li>\n<\/ul>\n","protected":false},"featured_media":834,"comment_status":"open","ping_status":"closed","template":"","meta":[],"product_brand":[],"product_cat":[142,119],"product_tag":[],"expert":[17],"class_list":{"0":"post-832","1":"product","2":"type-product","3":"status-publish","4":"has-post-thumbnail","6":"product_cat-hormonersatztherapie-hrt","7":"product_cat-ostrogen-und-feminisierungstherapie","8":"expert-dr-c-munoz-parada","10":"first","11":"instock","12":"shipping-taxable","13":"product-type-variable"},"yoast_head":"<!-- This site is optimized with the Yoast SEO plugin v27.0 - https:\/\/yoast.com\/product\/yoast-seo-wordpress\/ -->\n<title>Sandrena | Vertrauensw\u00fcrdige Unterst\u00fctzung f\u00fcr hormonelles Gleichgewicht - Transtoyou<\/title>\n<meta name=\"description\" content=\"Sandrena jetzt bei Transtoyou erh\u00e4ltlich, bietet hormonelle Unterst\u00fctzung mit klinisch gepr\u00fcften Vorteilen. Jetzt einkaufen f\u00fcr zuverl\u00e4ssige, hochwertige Gesundheitsl\u00f6sungen.\" \/>\n<meta name=\"robots\" content=\"noindex, follow, max-snippet:-1, max-image-preview:large, max-video-preview:-1\" \/>\n<meta property=\"og:locale\" content=\"de_DE\" \/>\n<meta property=\"og:type\" content=\"article\" \/>\n<meta property=\"og:title\" content=\"Sandrena | Vertrauensw\u00fcrdige Unterst\u00fctzung f\u00fcr hormonelles Gleichgewicht - Transtoyou\" \/>\n<meta property=\"og:description\" content=\"Sandrena jetzt bei Transtoyou erh\u00e4ltlich, bietet hormonelle Unterst\u00fctzung mit klinisch gepr\u00fcften Vorteilen. Jetzt einkaufen f\u00fcr zuverl\u00e4ssige, hochwertige Gesundheitsl\u00f6sungen.\" \/>\n<meta property=\"og:url\" content=\"https:\/\/www.transtoyou.com\/de\/product\/sandrena\/\" \/>\n<meta property=\"og:site_name\" content=\"Transtoyou - DE\" \/>\n<meta property=\"article:modified_time\" content=\"2026-01-23T15:55:17+00:00\" \/>\n<meta name=\"twitter:card\" content=\"summary_large_image\" \/>\n<meta name=\"twitter:label1\" content=\"Gesch\u00e4tzte Lesezeit\" \/>\n\t<meta name=\"twitter:data1\" content=\"1\u00a0Minute\" \/>\n<script type=\"application\/ld+json\" class=\"yoast-schema-graph\">{\"@context\":\"https:\/\/schema.org\",\"@graph\":[{\"@type\":\"WebPage\",\"@id\":\"https:\/\/www.transtoyou.com\/de\/product\/sandrena\/\",\"url\":\"https:\/\/www.transtoyou.com\/de\/product\/sandrena\/\",\"name\":\"Sandrena | Vertrauensw\u00fcrdige Unterst\u00fctzung f\u00fcr hormonelles Gleichgewicht - Transtoyou\",\"isPartOf\":{\"@id\":\"https:\/\/www.transtoyou.com\/de\/#website\"},\"primaryImageOfPage\":{\"@id\":\"https:\/\/www.transtoyou.com\/de\/product\/sandrena\/#primaryimage\"},\"image\":{\"@id\":\"https:\/\/www.transtoyou.com\/de\/product\/sandrena\/#primaryimage\"},\"thumbnailUrl\":\"https:\/\/www.transtoyou.com\/de\/wp-content\/uploads\/sites\/4\/2026\/01\/tty-no-product-image-31.webp\",\"datePublished\":\"2026-01-23T15:54:26+00:00\",\"dateModified\":\"2026-01-23T15:55:17+00:00\",\"description\":\"Sandrena jetzt bei Transtoyou erh\u00e4ltlich, bietet hormonelle Unterst\u00fctzung mit klinisch gepr\u00fcften Vorteilen. Jetzt einkaufen f\u00fcr zuverl\u00e4ssige, hochwertige Gesundheitsl\u00f6sungen.\",\"breadcrumb\":{\"@id\":\"https:\/\/www.transtoyou.com\/de\/product\/sandrena\/#breadcrumb\"},\"inLanguage\":\"de\",\"potentialAction\":[{\"@type\":\"ReadAction\",\"target\":[\"https:\/\/www.transtoyou.com\/de\/product\/sandrena\/\"]}]},{\"@type\":\"ImageObject\",\"inLanguage\":\"de\",\"@id\":\"https:\/\/www.transtoyou.com\/de\/product\/sandrena\/#primaryimage\",\"url\":\"https:\/\/www.transtoyou.com\/de\/wp-content\/uploads\/sites\/4\/2026\/01\/tty-no-product-image-31.webp\",\"contentUrl\":\"https:\/\/www.transtoyou.com\/de\/wp-content\/uploads\/sites\/4\/2026\/01\/tty-no-product-image-31.webp\",\"width\":1000,\"height\":1000,\"caption\":\"Standardproduktbild\"},{\"@type\":\"WebSite\",\"@id\":\"https:\/\/www.transtoyou.com\/de\/#website\",\"url\":\"https:\/\/www.transtoyou.com\/de\/\",\"name\":\"Transtoyou - DE\",\"description\":\"DE\",\"publisher\":{\"@id\":\"https:\/\/www.transtoyou.com\/de\/#organization\"},\"potentialAction\":[{\"@type\":\"SearchAction\",\"target\":{\"@type\":\"EntryPoint\",\"urlTemplate\":\"https:\/\/www.transtoyou.com\/de\/?s={search_term_string}\"},\"query-input\":{\"@type\":\"PropertyValueSpecification\",\"valueRequired\":true,\"valueName\":\"search_term_string\"}}],\"inLanguage\":\"de\"},{\"@type\":\"Organization\",\"@id\":\"https:\/\/www.transtoyou.com\/de\/#organization\",\"name\":\"Transtoyou - DE\",\"url\":\"https:\/\/www.transtoyou.com\/de\/\",\"logo\":{\"@type\":\"ImageObject\",\"inLanguage\":\"de\",\"@id\":\"https:\/\/www.transtoyou.com\/de\/#\/schema\/logo\/image\/\",\"url\":\"https:\/\/www.transtoyou.com\/de\/wp-content\/uploads\/sites\/4\/2026\/01\/logo-tty-menu-bar-300x87-1.webp\",\"contentUrl\":\"https:\/\/www.transtoyou.com\/de\/wp-content\/uploads\/sites\/4\/2026\/01\/logo-tty-menu-bar-300x87-1.webp\",\"width\":300,\"height\":87,\"caption\":\"Transtoyou - DE\"},\"image\":{\"@id\":\"https:\/\/www.transtoyou.com\/de\/#\/schema\/logo\/image\/\"}}]}<\/script>\n<!-- \/ Yoast SEO plugin. -->","yoast_head_json":{"title":"Sandrena | Vertrauensw\u00fcrdige Unterst\u00fctzung f\u00fcr hormonelles Gleichgewicht - Transtoyou","description":"Sandrena jetzt bei Transtoyou erh\u00e4ltlich, bietet hormonelle Unterst\u00fctzung mit klinisch gepr\u00fcften Vorteilen. Jetzt einkaufen f\u00fcr zuverl\u00e4ssige, hochwertige Gesundheitsl\u00f6sungen.","robots":{"index":"noindex","follow":"follow","max-snippet":"max-snippet:-1","max-image-preview":"max-image-preview:large","max-video-preview":"max-video-preview:-1"},"og_locale":"de_DE","og_type":"article","og_title":"Sandrena | Vertrauensw\u00fcrdige Unterst\u00fctzung f\u00fcr hormonelles Gleichgewicht - Transtoyou","og_description":"Sandrena jetzt bei Transtoyou erh\u00e4ltlich, bietet hormonelle Unterst\u00fctzung mit klinisch gepr\u00fcften Vorteilen. Jetzt einkaufen f\u00fcr zuverl\u00e4ssige, hochwertige Gesundheitsl\u00f6sungen.","og_url":"https:\/\/www.transtoyou.com\/de\/product\/sandrena\/","og_site_name":"Transtoyou - DE","article_modified_time":"2026-01-23T15:55:17+00:00","twitter_card":"summary_large_image","twitter_misc":{"Gesch\u00e4tzte Lesezeit":"1\u00a0Minute"},"schema":{"@context":"https:\/\/schema.org","@graph":[{"@type":"WebPage","@id":"https:\/\/www.transtoyou.com\/de\/product\/sandrena\/","url":"https:\/\/www.transtoyou.com\/de\/product\/sandrena\/","name":"Sandrena | Vertrauensw\u00fcrdige Unterst\u00fctzung f\u00fcr hormonelles Gleichgewicht - Transtoyou","isPartOf":{"@id":"https:\/\/www.transtoyou.com\/de\/#website"},"primaryImageOfPage":{"@id":"https:\/\/www.transtoyou.com\/de\/product\/sandrena\/#primaryimage"},"image":{"@id":"https:\/\/www.transtoyou.com\/de\/product\/sandrena\/#primaryimage"},"thumbnailUrl":"https:\/\/www.transtoyou.com\/de\/wp-content\/uploads\/sites\/4\/2026\/01\/tty-no-product-image-31.webp","datePublished":"2026-01-23T15:54:26+00:00","dateModified":"2026-01-23T15:55:17+00:00","description":"Sandrena jetzt bei Transtoyou erh\u00e4ltlich, bietet hormonelle Unterst\u00fctzung mit klinisch gepr\u00fcften Vorteilen. Jetzt einkaufen f\u00fcr zuverl\u00e4ssige, hochwertige Gesundheitsl\u00f6sungen.","breadcrumb":{"@id":"https:\/\/www.transtoyou.com\/de\/product\/sandrena\/#breadcrumb"},"inLanguage":"de","potentialAction":[{"@type":"ReadAction","target":["https:\/\/www.transtoyou.com\/de\/product\/sandrena\/"]}]},{"@type":"ImageObject","inLanguage":"de","@id":"https:\/\/www.transtoyou.com\/de\/product\/sandrena\/#primaryimage","url":"https:\/\/www.transtoyou.com\/de\/wp-content\/uploads\/sites\/4\/2026\/01\/tty-no-product-image-31.webp","contentUrl":"https:\/\/www.transtoyou.com\/de\/wp-content\/uploads\/sites\/4\/2026\/01\/tty-no-product-image-31.webp","width":1000,"height":1000,"caption":"Standardproduktbild"},{"@type":"WebSite","@id":"https:\/\/www.transtoyou.com\/de\/#website","url":"https:\/\/www.transtoyou.com\/de\/","name":"Transtoyou - DE","description":"DE","publisher":{"@id":"https:\/\/www.transtoyou.com\/de\/#organization"},"potentialAction":[{"@type":"SearchAction","target":{"@type":"EntryPoint","urlTemplate":"https:\/\/www.transtoyou.com\/de\/?s={search_term_string}"},"query-input":{"@type":"PropertyValueSpecification","valueRequired":true,"valueName":"search_term_string"}}],"inLanguage":"de"},{"@type":"Organization","@id":"https:\/\/www.transtoyou.com\/de\/#organization","name":"Transtoyou - DE","url":"https:\/\/www.transtoyou.com\/de\/","logo":{"@type":"ImageObject","inLanguage":"de","@id":"https:\/\/www.transtoyou.com\/de\/#\/schema\/logo\/image\/","url":"https:\/\/www.transtoyou.com\/de\/wp-content\/uploads\/sites\/4\/2026\/01\/logo-tty-menu-bar-300x87-1.webp","contentUrl":"https:\/\/www.transtoyou.com\/de\/wp-content\/uploads\/sites\/4\/2026\/01\/logo-tty-menu-bar-300x87-1.webp","width":300,"height":87,"caption":"Transtoyou - DE"},"image":{"@id":"https:\/\/www.transtoyou.com\/de\/#\/schema\/logo\/image\/"}}]}},"_links":{"self":[{"href":"https:\/\/www.transtoyou.com\/de\/wp-json\/wp\/v2\/product\/832","targetHints":{"allow":["GET"]}}],"collection":[{"href":"https:\/\/www.transtoyou.com\/de\/wp-json\/wp\/v2\/product"}],"about":[{"href":"https:\/\/www.transtoyou.com\/de\/wp-json\/wp\/v2\/types\/product"}],"replies":[{"embeddable":true,"href":"https:\/\/www.transtoyou.com\/de\/wp-json\/wp\/v2\/comments?post=832"}],"wp:featuredmedia":[{"embeddable":true,"href":"https:\/\/www.transtoyou.com\/de\/wp-json\/wp\/v2\/media\/834"}],"wp:attachment":[{"href":"https:\/\/www.transtoyou.com\/de\/wp-json\/wp\/v2\/media?parent=832"}],"wp:term":[{"taxonomy":"product_brand","embeddable":true,"href":"https:\/\/www.transtoyou.com\/de\/wp-json\/wp\/v2\/product_brand?post=832"},{"taxonomy":"product_cat","embeddable":true,"href":"https:\/\/www.transtoyou.com\/de\/wp-json\/wp\/v2\/product_cat?post=832"},{"taxonomy":"product_tag","embeddable":true,"href":"https:\/\/www.transtoyou.com\/de\/wp-json\/wp\/v2\/product_tag?post=832"},{"taxonomy":"expert","embeddable":true,"href":"https:\/\/www.transtoyou.com\/de\/wp-json\/wp\/v2\/expert?post=832"}],"curies":[{"name":"wp","href":"https:\/\/api.w.org\/{rel}","templated":true}]}}