{"id":835,"date":"2026-01-23T18:08:40","date_gmt":"2026-01-23T16:08:40","guid":{"rendered":"https:\/\/www.transtoyou.com\/de\/product\/spedra\/"},"modified":"2026-03-05T13:15:20","modified_gmt":"2026-03-05T11:15:20","slug":"spedra","status":"publish","type":"product","link":"https:\/\/www.transtoyou.com\/de\/product\/spedra\/","title":{"rendered":"Spedra"},"content":{"rendered":"<p>Spedra ist ein schnell wirkendes Medikament zur Behandlung von erektiler Dysfunktion (ED). Es enth\u00e4lt Avanafil, einen selektiven Phosphodiesterase-Typ-5 (PDE5)-Hemmer. Wenn ein Mann sexuell stimuliert wird, erh\u00f6ht sich der Blutfluss, was eine Erektion zur Folge hat. Avanafil blockiert das PDE5-Enzym, um den Erektionsprozess zu verl\u00e4ngern.<\/p>\n<p>Spedra ist angezeigt bei ED, einschlie\u00dflich milden bis schweren Symptomen, solange eine sexuelle Stimulation vorhanden ist. Es ist ohne diese nicht wirksam. Der Wirkungseintritt erfolgt in nur 15\u201330 Minuten, und die Wirkungen k\u00f6nnen bis zu 2 Stunden anhalten, abh\u00e4ngig von der individuellen Situation.<\/p>\n<p>Dieses Medikament wird gut vertragen und hat ein g\u00fcnstiges Sicherheitsprofil, wenn es wie vorgeschrieben verwendet wird. Es kann von Menschen jeden Alters, einschlie\u00dflich \u00e4lterer Erwachsener, verwendet werden und hat den Vorteil, schnell aufgenommen zu werden. Im Gegensatz zu einigen PDE5-Hemmern sind die Nahrungsmittelinteraktionen von Spedra minimal, obwohl eine fettreiche Mahlzeit die Aufnahme leicht verz\u00f6gern kann.<\/p>\n","protected":false},"excerpt":{"rendered":"<ul>\n<li>Schneller Wirkungseintritt innerhalb von 15\u201330 Minuten<\/li>\n<li>Wirksamkeit von bis zu 2 Stunden<\/li>\n<li>Kann mit oder ohne Nahrung eingenommen werden<\/li>\n<\/ul>\n","protected":false},"featured_media":837,"comment_status":"open","ping_status":"closed","template":"","meta":[],"product_brand":[],"product_cat":[118],"product_tag":[],"expert":[17],"class_list":{"0":"post-835","1":"product","2":"type-product","3":"status-publish","4":"has-post-thumbnail","6":"product_cat-erektile-dysfunktion-behandlungen","7":"expert-dr-c-munoz-parada","9":"first","10":"instock","11":"shipping-taxable","12":"product-type-variable"},"yoast_head":"<!-- This site is optimized with the Yoast SEO plugin v27.0 - https:\/\/yoast.com\/product\/yoast-seo-wordpress\/ -->\n<title>Spedra | Schnell wirkende ED-L\u00f6sung - Transtoyou<\/title>\n<meta name=\"description\" content=\"Spedra, jetzt bei Transtoyou erh\u00e4ltlich. Steigere dein Wohlbefinden mit diesem einzigartigen Gesundheitsprodukt. Entdecke die Vorteile und kaufe jetzt ein!\" \/>\n<meta name=\"robots\" content=\"noindex, follow, max-snippet:-1, max-image-preview:large, max-video-preview:-1\" \/>\n<meta property=\"og:locale\" content=\"de_DE\" \/>\n<meta property=\"og:type\" content=\"article\" \/>\n<meta property=\"og:title\" content=\"Spedra | Schnell wirkende ED-L\u00f6sung - Transtoyou\" \/>\n<meta property=\"og:description\" content=\"Spedra, jetzt bei Transtoyou erh\u00e4ltlich. Steigere dein Wohlbefinden mit diesem einzigartigen Gesundheitsprodukt. Entdecke die Vorteile und kaufe jetzt ein!\" \/>\n<meta property=\"og:url\" content=\"https:\/\/www.transtoyou.com\/de\/product\/spedra\/\" \/>\n<meta property=\"og:site_name\" content=\"Transtoyou - DE\" \/>\n<meta property=\"article:modified_time\" content=\"2026-03-05T11:15:20+00:00\" \/>\n<meta name=\"twitter:card\" content=\"summary_large_image\" \/>\n<meta name=\"twitter:label1\" content=\"Gesch\u00e4tzte Lesezeit\" \/>\n\t<meta name=\"twitter:data1\" content=\"1\u00a0Minute\" \/>\n<script type=\"application\/ld+json\" class=\"yoast-schema-graph\">{\"@context\":\"https:\/\/schema.org\",\"@graph\":[{\"@type\":\"WebPage\",\"@id\":\"https:\/\/www.transtoyou.com\/de\/product\/spedra\/\",\"url\":\"https:\/\/www.transtoyou.com\/de\/product\/spedra\/\",\"name\":\"Spedra | Schnell wirkende ED-L\u00f6sung - Transtoyou\",\"isPartOf\":{\"@id\":\"https:\/\/www.transtoyou.com\/de\/#website\"},\"primaryImageOfPage\":{\"@id\":\"https:\/\/www.transtoyou.com\/de\/product\/spedra\/#primaryimage\"},\"image\":{\"@id\":\"https:\/\/www.transtoyou.com\/de\/product\/spedra\/#primaryimage\"},\"thumbnailUrl\":\"https:\/\/www.transtoyou.com\/de\/wp-content\/uploads\/sites\/4\/2026\/01\/tty-no-product-image-32.webp\",\"datePublished\":\"2026-01-23T16:08:40+00:00\",\"dateModified\":\"2026-03-05T11:15:20+00:00\",\"description\":\"Spedra, jetzt bei Transtoyou erh\u00e4ltlich. Steigere dein Wohlbefinden mit diesem einzigartigen Gesundheitsprodukt. Entdecke die Vorteile und kaufe jetzt ein!\",\"breadcrumb\":{\"@id\":\"https:\/\/www.transtoyou.com\/de\/product\/spedra\/#breadcrumb\"},\"inLanguage\":\"de\",\"potentialAction\":[{\"@type\":\"ReadAction\",\"target\":[\"https:\/\/www.transtoyou.com\/de\/product\/spedra\/\"]}]},{\"@type\":\"ImageObject\",\"inLanguage\":\"de\",\"@id\":\"https:\/\/www.transtoyou.com\/de\/product\/spedra\/#primaryimage\",\"url\":\"https:\/\/www.transtoyou.com\/de\/wp-content\/uploads\/sites\/4\/2026\/01\/tty-no-product-image-32.webp\",\"contentUrl\":\"https:\/\/www.transtoyou.com\/de\/wp-content\/uploads\/sites\/4\/2026\/01\/tty-no-product-image-32.webp\",\"width\":1000,\"height\":1000,\"caption\":\"Standardproduktbild\"},{\"@type\":\"WebSite\",\"@id\":\"https:\/\/www.transtoyou.com\/de\/#website\",\"url\":\"https:\/\/www.transtoyou.com\/de\/\",\"name\":\"Transtoyou - DE\",\"description\":\"DE\",\"publisher\":{\"@id\":\"https:\/\/www.transtoyou.com\/de\/#organization\"},\"potentialAction\":[{\"@type\":\"SearchAction\",\"target\":{\"@type\":\"EntryPoint\",\"urlTemplate\":\"https:\/\/www.transtoyou.com\/de\/?s={search_term_string}\"},\"query-input\":{\"@type\":\"PropertyValueSpecification\",\"valueRequired\":true,\"valueName\":\"search_term_string\"}}],\"inLanguage\":\"de\"},{\"@type\":\"Organization\",\"@id\":\"https:\/\/www.transtoyou.com\/de\/#organization\",\"name\":\"Transtoyou - DE\",\"url\":\"https:\/\/www.transtoyou.com\/de\/\",\"logo\":{\"@type\":\"ImageObject\",\"inLanguage\":\"de\",\"@id\":\"https:\/\/www.transtoyou.com\/de\/#\/schema\/logo\/image\/\",\"url\":\"https:\/\/www.transtoyou.com\/de\/wp-content\/uploads\/sites\/4\/2026\/01\/logo-tty-menu-bar-300x87-1.webp\",\"contentUrl\":\"https:\/\/www.transtoyou.com\/de\/wp-content\/uploads\/sites\/4\/2026\/01\/logo-tty-menu-bar-300x87-1.webp\",\"width\":300,\"height\":87,\"caption\":\"Transtoyou - DE\"},\"image\":{\"@id\":\"https:\/\/www.transtoyou.com\/de\/#\/schema\/logo\/image\/\"}}]}<\/script>\n<!-- \/ Yoast SEO plugin. -->","yoast_head_json":{"title":"Spedra | Schnell wirkende ED-L\u00f6sung - Transtoyou","description":"Spedra, jetzt bei Transtoyou erh\u00e4ltlich. Steigere dein Wohlbefinden mit diesem einzigartigen Gesundheitsprodukt. Entdecke die Vorteile und kaufe jetzt ein!","robots":{"index":"noindex","follow":"follow","max-snippet":"max-snippet:-1","max-image-preview":"max-image-preview:large","max-video-preview":"max-video-preview:-1"},"og_locale":"de_DE","og_type":"article","og_title":"Spedra | Schnell wirkende ED-L\u00f6sung - Transtoyou","og_description":"Spedra, jetzt bei Transtoyou erh\u00e4ltlich. Steigere dein Wohlbefinden mit diesem einzigartigen Gesundheitsprodukt. Entdecke die Vorteile und kaufe jetzt ein!","og_url":"https:\/\/www.transtoyou.com\/de\/product\/spedra\/","og_site_name":"Transtoyou - DE","article_modified_time":"2026-03-05T11:15:20+00:00","twitter_card":"summary_large_image","twitter_misc":{"Gesch\u00e4tzte Lesezeit":"1\u00a0Minute"},"schema":{"@context":"https:\/\/schema.org","@graph":[{"@type":"WebPage","@id":"https:\/\/www.transtoyou.com\/de\/product\/spedra\/","url":"https:\/\/www.transtoyou.com\/de\/product\/spedra\/","name":"Spedra | Schnell wirkende ED-L\u00f6sung - Transtoyou","isPartOf":{"@id":"https:\/\/www.transtoyou.com\/de\/#website"},"primaryImageOfPage":{"@id":"https:\/\/www.transtoyou.com\/de\/product\/spedra\/#primaryimage"},"image":{"@id":"https:\/\/www.transtoyou.com\/de\/product\/spedra\/#primaryimage"},"thumbnailUrl":"https:\/\/www.transtoyou.com\/de\/wp-content\/uploads\/sites\/4\/2026\/01\/tty-no-product-image-32.webp","datePublished":"2026-01-23T16:08:40+00:00","dateModified":"2026-03-05T11:15:20+00:00","description":"Spedra, jetzt bei Transtoyou erh\u00e4ltlich. Steigere dein Wohlbefinden mit diesem einzigartigen Gesundheitsprodukt. Entdecke die Vorteile und kaufe jetzt ein!","breadcrumb":{"@id":"https:\/\/www.transtoyou.com\/de\/product\/spedra\/#breadcrumb"},"inLanguage":"de","potentialAction":[{"@type":"ReadAction","target":["https:\/\/www.transtoyou.com\/de\/product\/spedra\/"]}]},{"@type":"ImageObject","inLanguage":"de","@id":"https:\/\/www.transtoyou.com\/de\/product\/spedra\/#primaryimage","url":"https:\/\/www.transtoyou.com\/de\/wp-content\/uploads\/sites\/4\/2026\/01\/tty-no-product-image-32.webp","contentUrl":"https:\/\/www.transtoyou.com\/de\/wp-content\/uploads\/sites\/4\/2026\/01\/tty-no-product-image-32.webp","width":1000,"height":1000,"caption":"Standardproduktbild"},{"@type":"WebSite","@id":"https:\/\/www.transtoyou.com\/de\/#website","url":"https:\/\/www.transtoyou.com\/de\/","name":"Transtoyou - DE","description":"DE","publisher":{"@id":"https:\/\/www.transtoyou.com\/de\/#organization"},"potentialAction":[{"@type":"SearchAction","target":{"@type":"EntryPoint","urlTemplate":"https:\/\/www.transtoyou.com\/de\/?s={search_term_string}"},"query-input":{"@type":"PropertyValueSpecification","valueRequired":true,"valueName":"search_term_string"}}],"inLanguage":"de"},{"@type":"Organization","@id":"https:\/\/www.transtoyou.com\/de\/#organization","name":"Transtoyou - DE","url":"https:\/\/www.transtoyou.com\/de\/","logo":{"@type":"ImageObject","inLanguage":"de","@id":"https:\/\/www.transtoyou.com\/de\/#\/schema\/logo\/image\/","url":"https:\/\/www.transtoyou.com\/de\/wp-content\/uploads\/sites\/4\/2026\/01\/logo-tty-menu-bar-300x87-1.webp","contentUrl":"https:\/\/www.transtoyou.com\/de\/wp-content\/uploads\/sites\/4\/2026\/01\/logo-tty-menu-bar-300x87-1.webp","width":300,"height":87,"caption":"Transtoyou - DE"},"image":{"@id":"https:\/\/www.transtoyou.com\/de\/#\/schema\/logo\/image\/"}}]}},"_links":{"self":[{"href":"https:\/\/www.transtoyou.com\/de\/wp-json\/wp\/v2\/product\/835","targetHints":{"allow":["GET"]}}],"collection":[{"href":"https:\/\/www.transtoyou.com\/de\/wp-json\/wp\/v2\/product"}],"about":[{"href":"https:\/\/www.transtoyou.com\/de\/wp-json\/wp\/v2\/types\/product"}],"replies":[{"embeddable":true,"href":"https:\/\/www.transtoyou.com\/de\/wp-json\/wp\/v2\/comments?post=835"}],"wp:featuredmedia":[{"embeddable":true,"href":"https:\/\/www.transtoyou.com\/de\/wp-json\/wp\/v2\/media\/837"}],"wp:attachment":[{"href":"https:\/\/www.transtoyou.com\/de\/wp-json\/wp\/v2\/media?parent=835"}],"wp:term":[{"taxonomy":"product_brand","embeddable":true,"href":"https:\/\/www.transtoyou.com\/de\/wp-json\/wp\/v2\/product_brand?post=835"},{"taxonomy":"product_cat","embeddable":true,"href":"https:\/\/www.transtoyou.com\/de\/wp-json\/wp\/v2\/product_cat?post=835"},{"taxonomy":"product_tag","embeddable":true,"href":"https:\/\/www.transtoyou.com\/de\/wp-json\/wp\/v2\/product_tag?post=835"},{"taxonomy":"expert","embeddable":true,"href":"https:\/\/www.transtoyou.com\/de\/wp-json\/wp\/v2\/expert?post=835"}],"curies":[{"name":"wp","href":"https:\/\/api.w.org\/{rel}","templated":true}]}}