{"id":838,"date":"2026-01-23T18:23:49","date_gmt":"2026-01-23T16:23:49","guid":{"rendered":"https:\/\/www.transtoyou.com\/de\/product\/fucidin\/"},"modified":"2026-02-17T14:28:49","modified_gmt":"2026-02-17T12:28:49","slug":"fucidin","status":"publish","type":"product","link":"https:\/\/www.transtoyou.com\/de\/product\/fucidin\/","title":{"rendered":"Fucidin"},"content":{"rendered":"<p>Fucidin ist ein topisches Antibiotikum, das zur Behandlung von Hautinfektionen eingesetzt wird, die durch bestimmte Bakterien verursacht werden. Es enth\u00e4lt Fusidins\u00e4ure, ein steroidhaltiges Antibiotikum, das wirkt, indem es den Prozess der bakteriellen Proteinsynthese hemmt und somit das Wachstum und die Ausbreitung von Bakterien effektiv stoppt.<\/p>\n<p>Fucidin wird h\u00e4ufig bei lokalisierten Hautinfektionen wie Impetigo, infiziertem Ekzem, Follikulitis, Furunkeln, infizierten Geschw\u00fcren und infizierten Insektenstichen verschrieben.<\/p>\n<p>Es hilft, R\u00f6tungen, Entz\u00fcndungen, Schwellungen und Ausfluss, die durch die Infektion verursacht werden, zu reduzieren. Es hat keine antifungalen oder antiviralen Eigenschaften, sodass es nicht bei Infektionen wirkt, die durch Pilze oder Viren verursacht werden.<\/p>\n<p>Die Hauptvorteile von Fucidin sind seine hohe Wirksamkeit gegen Bakterien, schnelle Linderung der Symptome und gute Hautvertr\u00e4glichkeit. Es ist f\u00fcr die kurzfristige Anwendung geeignet und kann je nach Schweregrad und Lage der L\u00e4sion mit oder ohne Verb\u00e4nde verwendet werden. Es ist besonders n\u00fctzlich, wenn systemische Antibiotika nicht erforderlich sind oder um die Einnahme von oralen Antibiotika zu vermeiden.<\/p>\n","protected":false},"excerpt":{"rendered":"<ul>\n<li>Zielt auf bakterielle Hautinfektionen ab<\/li>\n<li>Geeignet f\u00fcr infiziertes Ekzem<\/li>\n<li>Schnell wirkende topische Antibiotika-Creme<\/li>\n<\/ul>\n","protected":false},"featured_media":840,"comment_status":"open","ping_status":"closed","template":"","meta":[],"product_brand":[],"product_cat":[112],"product_tag":[],"expert":[17],"class_list":{"0":"post-838","1":"product","2":"type-product","3":"status-publish","4":"has-post-thumbnail","6":"product_cat-ekzem","7":"expert-dr-c-munoz-parada","9":"first","10":"instock","11":"shipping-taxable","12":"product-type-variable"},"yoast_head":"<!-- This site is optimized with the Yoast SEO plugin v27.0 - https:\/\/yoast.com\/product\/yoast-seo-wordpress\/ -->\n<title>Fucidin | Effektive Behandlung von Hautinfektionen - Transtoyou<\/title>\n<meta name=\"description\" content=\"Fucidin, ein topisches Antibiotikum, bek\u00e4mpft Hautinfektionen effektiv. Jetzt kaufen f\u00fcr schnelle Linderung und gute Hautvertr\u00e4glichkeit bei Transtoyou.\" \/>\n<meta name=\"robots\" content=\"noindex, follow, max-snippet:-1, max-image-preview:large, max-video-preview:-1\" \/>\n<meta property=\"og:locale\" content=\"de_DE\" \/>\n<meta property=\"og:type\" content=\"article\" \/>\n<meta property=\"og:title\" content=\"Fucidin | Effektive Behandlung von Hautinfektionen - Transtoyou\" \/>\n<meta property=\"og:description\" content=\"Fucidin, ein topisches Antibiotikum, bek\u00e4mpft Hautinfektionen effektiv. Jetzt kaufen f\u00fcr schnelle Linderung und gute Hautvertr\u00e4glichkeit bei Transtoyou.\" \/>\n<meta property=\"og:url\" content=\"https:\/\/www.transtoyou.com\/de\/product\/fucidin\/\" \/>\n<meta property=\"og:site_name\" content=\"Transtoyou - DE\" \/>\n<meta property=\"article:modified_time\" content=\"2026-02-17T12:28:49+00:00\" \/>\n<meta name=\"twitter:card\" content=\"summary_large_image\" \/>\n<meta name=\"twitter:label1\" content=\"Gesch\u00e4tzte Lesezeit\" \/>\n\t<meta name=\"twitter:data1\" content=\"1\u00a0Minute\" \/>\n<script type=\"application\/ld+json\" class=\"yoast-schema-graph\">{\"@context\":\"https:\/\/schema.org\",\"@graph\":[{\"@type\":\"WebPage\",\"@id\":\"https:\/\/www.transtoyou.com\/de\/product\/fucidin\/\",\"url\":\"https:\/\/www.transtoyou.com\/de\/product\/fucidin\/\",\"name\":\"Fucidin | Effektive Behandlung von Hautinfektionen - Transtoyou\",\"isPartOf\":{\"@id\":\"https:\/\/www.transtoyou.com\/de\/#website\"},\"primaryImageOfPage\":{\"@id\":\"https:\/\/www.transtoyou.com\/de\/product\/fucidin\/#primaryimage\"},\"image\":{\"@id\":\"https:\/\/www.transtoyou.com\/de\/product\/fucidin\/#primaryimage\"},\"thumbnailUrl\":\"https:\/\/www.transtoyou.com\/de\/wp-content\/uploads\/sites\/4\/2026\/01\/tty-no-product-image-33.webp\",\"datePublished\":\"2026-01-23T16:23:49+00:00\",\"dateModified\":\"2026-02-17T12:28:49+00:00\",\"description\":\"Fucidin, ein topisches Antibiotikum, bek\u00e4mpft Hautinfektionen effektiv. Jetzt kaufen f\u00fcr schnelle Linderung und gute Hautvertr\u00e4glichkeit bei Transtoyou.\",\"breadcrumb\":{\"@id\":\"https:\/\/www.transtoyou.com\/de\/product\/fucidin\/#breadcrumb\"},\"inLanguage\":\"de\",\"potentialAction\":[{\"@type\":\"ReadAction\",\"target\":[\"https:\/\/www.transtoyou.com\/de\/product\/fucidin\/\"]}]},{\"@type\":\"ImageObject\",\"inLanguage\":\"de\",\"@id\":\"https:\/\/www.transtoyou.com\/de\/product\/fucidin\/#primaryimage\",\"url\":\"https:\/\/www.transtoyou.com\/de\/wp-content\/uploads\/sites\/4\/2026\/01\/tty-no-product-image-33.webp\",\"contentUrl\":\"https:\/\/www.transtoyou.com\/de\/wp-content\/uploads\/sites\/4\/2026\/01\/tty-no-product-image-33.webp\",\"width\":1000,\"height\":1000,\"caption\":\"Standardproduktbild\"},{\"@type\":\"WebSite\",\"@id\":\"https:\/\/www.transtoyou.com\/de\/#website\",\"url\":\"https:\/\/www.transtoyou.com\/de\/\",\"name\":\"Transtoyou - DE\",\"description\":\"DE\",\"publisher\":{\"@id\":\"https:\/\/www.transtoyou.com\/de\/#organization\"},\"potentialAction\":[{\"@type\":\"SearchAction\",\"target\":{\"@type\":\"EntryPoint\",\"urlTemplate\":\"https:\/\/www.transtoyou.com\/de\/?s={search_term_string}\"},\"query-input\":{\"@type\":\"PropertyValueSpecification\",\"valueRequired\":true,\"valueName\":\"search_term_string\"}}],\"inLanguage\":\"de\"},{\"@type\":\"Organization\",\"@id\":\"https:\/\/www.transtoyou.com\/de\/#organization\",\"name\":\"Transtoyou - DE\",\"url\":\"https:\/\/www.transtoyou.com\/de\/\",\"logo\":{\"@type\":\"ImageObject\",\"inLanguage\":\"de\",\"@id\":\"https:\/\/www.transtoyou.com\/de\/#\/schema\/logo\/image\/\",\"url\":\"https:\/\/www.transtoyou.com\/de\/wp-content\/uploads\/sites\/4\/2026\/01\/logo-tty-menu-bar-300x87-1.webp\",\"contentUrl\":\"https:\/\/www.transtoyou.com\/de\/wp-content\/uploads\/sites\/4\/2026\/01\/logo-tty-menu-bar-300x87-1.webp\",\"width\":300,\"height\":87,\"caption\":\"Transtoyou - DE\"},\"image\":{\"@id\":\"https:\/\/www.transtoyou.com\/de\/#\/schema\/logo\/image\/\"}}]}<\/script>\n<!-- \/ Yoast SEO plugin. -->","yoast_head_json":{"title":"Fucidin | Effektive Behandlung von Hautinfektionen - Transtoyou","description":"Fucidin, ein topisches Antibiotikum, bek\u00e4mpft Hautinfektionen effektiv. Jetzt kaufen f\u00fcr schnelle Linderung und gute Hautvertr\u00e4glichkeit bei Transtoyou.","robots":{"index":"noindex","follow":"follow","max-snippet":"max-snippet:-1","max-image-preview":"max-image-preview:large","max-video-preview":"max-video-preview:-1"},"og_locale":"de_DE","og_type":"article","og_title":"Fucidin | Effektive Behandlung von Hautinfektionen - Transtoyou","og_description":"Fucidin, ein topisches Antibiotikum, bek\u00e4mpft Hautinfektionen effektiv. Jetzt kaufen f\u00fcr schnelle Linderung und gute Hautvertr\u00e4glichkeit bei Transtoyou.","og_url":"https:\/\/www.transtoyou.com\/de\/product\/fucidin\/","og_site_name":"Transtoyou - DE","article_modified_time":"2026-02-17T12:28:49+00:00","twitter_card":"summary_large_image","twitter_misc":{"Gesch\u00e4tzte Lesezeit":"1\u00a0Minute"},"schema":{"@context":"https:\/\/schema.org","@graph":[{"@type":"WebPage","@id":"https:\/\/www.transtoyou.com\/de\/product\/fucidin\/","url":"https:\/\/www.transtoyou.com\/de\/product\/fucidin\/","name":"Fucidin | Effektive Behandlung von Hautinfektionen - Transtoyou","isPartOf":{"@id":"https:\/\/www.transtoyou.com\/de\/#website"},"primaryImageOfPage":{"@id":"https:\/\/www.transtoyou.com\/de\/product\/fucidin\/#primaryimage"},"image":{"@id":"https:\/\/www.transtoyou.com\/de\/product\/fucidin\/#primaryimage"},"thumbnailUrl":"https:\/\/www.transtoyou.com\/de\/wp-content\/uploads\/sites\/4\/2026\/01\/tty-no-product-image-33.webp","datePublished":"2026-01-23T16:23:49+00:00","dateModified":"2026-02-17T12:28:49+00:00","description":"Fucidin, ein topisches Antibiotikum, bek\u00e4mpft Hautinfektionen effektiv. Jetzt kaufen f\u00fcr schnelle Linderung und gute Hautvertr\u00e4glichkeit bei Transtoyou.","breadcrumb":{"@id":"https:\/\/www.transtoyou.com\/de\/product\/fucidin\/#breadcrumb"},"inLanguage":"de","potentialAction":[{"@type":"ReadAction","target":["https:\/\/www.transtoyou.com\/de\/product\/fucidin\/"]}]},{"@type":"ImageObject","inLanguage":"de","@id":"https:\/\/www.transtoyou.com\/de\/product\/fucidin\/#primaryimage","url":"https:\/\/www.transtoyou.com\/de\/wp-content\/uploads\/sites\/4\/2026\/01\/tty-no-product-image-33.webp","contentUrl":"https:\/\/www.transtoyou.com\/de\/wp-content\/uploads\/sites\/4\/2026\/01\/tty-no-product-image-33.webp","width":1000,"height":1000,"caption":"Standardproduktbild"},{"@type":"WebSite","@id":"https:\/\/www.transtoyou.com\/de\/#website","url":"https:\/\/www.transtoyou.com\/de\/","name":"Transtoyou - DE","description":"DE","publisher":{"@id":"https:\/\/www.transtoyou.com\/de\/#organization"},"potentialAction":[{"@type":"SearchAction","target":{"@type":"EntryPoint","urlTemplate":"https:\/\/www.transtoyou.com\/de\/?s={search_term_string}"},"query-input":{"@type":"PropertyValueSpecification","valueRequired":true,"valueName":"search_term_string"}}],"inLanguage":"de"},{"@type":"Organization","@id":"https:\/\/www.transtoyou.com\/de\/#organization","name":"Transtoyou - DE","url":"https:\/\/www.transtoyou.com\/de\/","logo":{"@type":"ImageObject","inLanguage":"de","@id":"https:\/\/www.transtoyou.com\/de\/#\/schema\/logo\/image\/","url":"https:\/\/www.transtoyou.com\/de\/wp-content\/uploads\/sites\/4\/2026\/01\/logo-tty-menu-bar-300x87-1.webp","contentUrl":"https:\/\/www.transtoyou.com\/de\/wp-content\/uploads\/sites\/4\/2026\/01\/logo-tty-menu-bar-300x87-1.webp","width":300,"height":87,"caption":"Transtoyou - DE"},"image":{"@id":"https:\/\/www.transtoyou.com\/de\/#\/schema\/logo\/image\/"}}]}},"_links":{"self":[{"href":"https:\/\/www.transtoyou.com\/de\/wp-json\/wp\/v2\/product\/838","targetHints":{"allow":["GET"]}}],"collection":[{"href":"https:\/\/www.transtoyou.com\/de\/wp-json\/wp\/v2\/product"}],"about":[{"href":"https:\/\/www.transtoyou.com\/de\/wp-json\/wp\/v2\/types\/product"}],"replies":[{"embeddable":true,"href":"https:\/\/www.transtoyou.com\/de\/wp-json\/wp\/v2\/comments?post=838"}],"wp:featuredmedia":[{"embeddable":true,"href":"https:\/\/www.transtoyou.com\/de\/wp-json\/wp\/v2\/media\/840"}],"wp:attachment":[{"href":"https:\/\/www.transtoyou.com\/de\/wp-json\/wp\/v2\/media?parent=838"}],"wp:term":[{"taxonomy":"product_brand","embeddable":true,"href":"https:\/\/www.transtoyou.com\/de\/wp-json\/wp\/v2\/product_brand?post=838"},{"taxonomy":"product_cat","embeddable":true,"href":"https:\/\/www.transtoyou.com\/de\/wp-json\/wp\/v2\/product_cat?post=838"},{"taxonomy":"product_tag","embeddable":true,"href":"https:\/\/www.transtoyou.com\/de\/wp-json\/wp\/v2\/product_tag?post=838"},{"taxonomy":"expert","embeddable":true,"href":"https:\/\/www.transtoyou.com\/de\/wp-json\/wp\/v2\/expert?post=838"}],"curies":[{"name":"wp","href":"https:\/\/api.w.org\/{rel}","templated":true}]}}