{"id":841,"date":"2026-01-23T18:37:37","date_gmt":"2026-01-23T16:37:37","guid":{"rendered":"https:\/\/www.transtoyou.com\/de\/product\/diprosone\/"},"modified":"2026-02-14T10:47:17","modified_gmt":"2026-02-14T08:47:17","slug":"diprosone","status":"publish","type":"product","link":"https:\/\/www.transtoyou.com\/de\/product\/diprosone\/","title":{"rendered":"Diprosone"},"content":{"rendered":"<p>Diprosone ist ein potentes topisches Kortikosteroid, das Betamethason enth\u00e4lt. Es wirkt, indem es Entz\u00fcndungen, Schwellungen, R\u00f6tungen und Juckreiz bei Hauterkrankungen, die auf Kortikosteroide ansprechen, reduziert. Seine entz\u00fcndungshemmende Wirkung beruht auf der F\u00e4higkeit, die Aktivit\u00e4t von Substanzen im K\u00f6rper zu unterdr\u00fccken, die Entz\u00fcndungen verursachen, wie Prostaglandine, Histamine und Kinin. Es wirkt auch als Immunsuppressivum und antiproliferativ, was hilft, Hautausbr\u00fcche zu beruhigen und das \u00fcberm\u00e4\u00dfige Wachstum von Hautzellen zu reduzieren.<\/p>\n<p>Dieses Medikament ist haupts\u00e4chlich f\u00fcr entz\u00fcndliche und juckende Hauterkrankungen wie Ekzeme, Psoriasis, Kontaktdermatitis, seborrhoische Dermatitis, Insektenstiche und andere Hauterkrankungen angezeigt.<\/p>\n<p>Direkt auf die Haut aufgetragen, lindert Diprosone die Symptome, indem es die Blutgef\u00e4\u00dfe im betroffenen Bereich verengt und R\u00f6tung sowie Schwellung reduziert. Es beruhigt auch \u00fcberaktive Immunreaktionen und verlangsamt die \u00fcberm\u00e4\u00dfige Produktion von Hautzellen, die h\u00e4ufig bei chronischen Erkrankungen wie Psoriasis zu beobachten ist.<\/p>\n<p>Die wichtigsten Vorteile von Diprosone sind die schnelle Linderung von R\u00f6tungen, Juckreiz und Entz\u00fcndungen, selbst bei resistenten Hauterkrankungen. Es wird oft f\u00fcr eine kurzfristige Anwendung verschrieben und ist in verschiedenen Formulierungen (Creme, Salbe, Lotion) erh\u00e4ltlich, abh\u00e4ngig von der Lage und Schwere des Hautproblems. Obwohl es wirksam und gut vertr\u00e4glich ist, sollte die Anwendung auf kleine Bereiche und kurze Zeitr\u00e4ume beschr\u00e4nkt werden, um das Risiko von Hautverd\u00fcnnung oder systemischer Absorption zu verringern.<\/p>\n","protected":false},"excerpt":{"rendered":"<ul>\n<li>Schnelle Linderung bei entz\u00fcndeter Haut<\/li>\n<li>Hilft, Juckreiz und R\u00f6tungen zu reduzieren<\/li>\n<li>Geeignet f\u00fcr Ekzeme und Psoriasis<\/li>\n<\/ul>\n","protected":false},"featured_media":843,"comment_status":"open","ping_status":"closed","template":"","meta":[],"product_brand":[],"product_cat":[112,162],"product_tag":[],"expert":[17],"class_list":{"0":"post-841","1":"product","2":"type-product","3":"status-publish","4":"has-post-thumbnail","6":"product_cat-ekzem","7":"product_cat-psoriasis","8":"expert-dr-c-munoz-parada","10":"first","11":"instock","12":"shipping-taxable","13":"product-type-variable"},"yoast_head":"<!-- This site is optimized with the Yoast SEO plugin v27.0 - https:\/\/yoast.com\/product\/yoast-seo-wordpress\/ -->\n<title>Diprosone | Fortschrittliche Hautpflege-Linderung - Transtoyou<\/title>\n<meta name=\"description\" content=\"Diprosone, jetzt bei Transtoyou erh\u00e4ltlich, bietet wirksame Linderung bei Hautentz\u00fcndungen. Shoppe jetzt f\u00fcr vertrauensw\u00fcrdige Behandlungen und Expertenl\u00f6sungen.\" \/>\n<meta name=\"robots\" content=\"noindex, follow, max-snippet:-1, max-image-preview:large, max-video-preview:-1\" \/>\n<meta property=\"og:locale\" content=\"de_DE\" \/>\n<meta property=\"og:type\" content=\"article\" \/>\n<meta property=\"og:title\" content=\"Diprosone | Fortschrittliche Hautpflege-Linderung - Transtoyou\" \/>\n<meta property=\"og:description\" content=\"Diprosone, jetzt bei Transtoyou erh\u00e4ltlich, bietet wirksame Linderung bei Hautentz\u00fcndungen. Shoppe jetzt f\u00fcr vertrauensw\u00fcrdige Behandlungen und Expertenl\u00f6sungen.\" \/>\n<meta property=\"og:url\" content=\"https:\/\/www.transtoyou.com\/de\/product\/diprosone\/\" \/>\n<meta property=\"og:site_name\" content=\"Transtoyou - DE\" \/>\n<meta property=\"article:modified_time\" content=\"2026-02-14T08:47:17+00:00\" \/>\n<meta name=\"twitter:card\" content=\"summary_large_image\" \/>\n<meta name=\"twitter:label1\" content=\"Gesch\u00e4tzte Lesezeit\" \/>\n\t<meta name=\"twitter:data1\" content=\"1\u00a0Minute\" \/>\n<script type=\"application\/ld+json\" class=\"yoast-schema-graph\">{\"@context\":\"https:\/\/schema.org\",\"@graph\":[{\"@type\":\"WebPage\",\"@id\":\"https:\/\/www.transtoyou.com\/de\/product\/diprosone\/\",\"url\":\"https:\/\/www.transtoyou.com\/de\/product\/diprosone\/\",\"name\":\"Diprosone | Fortschrittliche Hautpflege-Linderung - Transtoyou\",\"isPartOf\":{\"@id\":\"https:\/\/www.transtoyou.com\/de\/#website\"},\"primaryImageOfPage\":{\"@id\":\"https:\/\/www.transtoyou.com\/de\/product\/diprosone\/#primaryimage\"},\"image\":{\"@id\":\"https:\/\/www.transtoyou.com\/de\/product\/diprosone\/#primaryimage\"},\"thumbnailUrl\":\"https:\/\/www.transtoyou.com\/de\/wp-content\/uploads\/sites\/4\/2026\/01\/tty-no-product-image-34.webp\",\"datePublished\":\"2026-01-23T16:37:37+00:00\",\"dateModified\":\"2026-02-14T08:47:17+00:00\",\"description\":\"Diprosone, jetzt bei Transtoyou erh\u00e4ltlich, bietet wirksame Linderung bei Hautentz\u00fcndungen. Shoppe jetzt f\u00fcr vertrauensw\u00fcrdige Behandlungen und Expertenl\u00f6sungen.\",\"breadcrumb\":{\"@id\":\"https:\/\/www.transtoyou.com\/de\/product\/diprosone\/#breadcrumb\"},\"inLanguage\":\"de\",\"potentialAction\":[{\"@type\":\"ReadAction\",\"target\":[\"https:\/\/www.transtoyou.com\/de\/product\/diprosone\/\"]}]},{\"@type\":\"ImageObject\",\"inLanguage\":\"de\",\"@id\":\"https:\/\/www.transtoyou.com\/de\/product\/diprosone\/#primaryimage\",\"url\":\"https:\/\/www.transtoyou.com\/de\/wp-content\/uploads\/sites\/4\/2026\/01\/tty-no-product-image-34.webp\",\"contentUrl\":\"https:\/\/www.transtoyou.com\/de\/wp-content\/uploads\/sites\/4\/2026\/01\/tty-no-product-image-34.webp\",\"width\":1000,\"height\":1000,\"caption\":\"Standardproduktbild\"},{\"@type\":\"WebSite\",\"@id\":\"https:\/\/www.transtoyou.com\/de\/#website\",\"url\":\"https:\/\/www.transtoyou.com\/de\/\",\"name\":\"Transtoyou - DE\",\"description\":\"DE\",\"publisher\":{\"@id\":\"https:\/\/www.transtoyou.com\/de\/#organization\"},\"potentialAction\":[{\"@type\":\"SearchAction\",\"target\":{\"@type\":\"EntryPoint\",\"urlTemplate\":\"https:\/\/www.transtoyou.com\/de\/?s={search_term_string}\"},\"query-input\":{\"@type\":\"PropertyValueSpecification\",\"valueRequired\":true,\"valueName\":\"search_term_string\"}}],\"inLanguage\":\"de\"},{\"@type\":\"Organization\",\"@id\":\"https:\/\/www.transtoyou.com\/de\/#organization\",\"name\":\"Transtoyou - DE\",\"url\":\"https:\/\/www.transtoyou.com\/de\/\",\"logo\":{\"@type\":\"ImageObject\",\"inLanguage\":\"de\",\"@id\":\"https:\/\/www.transtoyou.com\/de\/#\/schema\/logo\/image\/\",\"url\":\"https:\/\/www.transtoyou.com\/de\/wp-content\/uploads\/sites\/4\/2026\/01\/logo-tty-menu-bar-300x87-1.webp\",\"contentUrl\":\"https:\/\/www.transtoyou.com\/de\/wp-content\/uploads\/sites\/4\/2026\/01\/logo-tty-menu-bar-300x87-1.webp\",\"width\":300,\"height\":87,\"caption\":\"Transtoyou - DE\"},\"image\":{\"@id\":\"https:\/\/www.transtoyou.com\/de\/#\/schema\/logo\/image\/\"}}]}<\/script>\n<!-- \/ Yoast SEO plugin. -->","yoast_head_json":{"title":"Diprosone | Fortschrittliche Hautpflege-Linderung - Transtoyou","description":"Diprosone, jetzt bei Transtoyou erh\u00e4ltlich, bietet wirksame Linderung bei Hautentz\u00fcndungen. Shoppe jetzt f\u00fcr vertrauensw\u00fcrdige Behandlungen und Expertenl\u00f6sungen.","robots":{"index":"noindex","follow":"follow","max-snippet":"max-snippet:-1","max-image-preview":"max-image-preview:large","max-video-preview":"max-video-preview:-1"},"og_locale":"de_DE","og_type":"article","og_title":"Diprosone | Fortschrittliche Hautpflege-Linderung - Transtoyou","og_description":"Diprosone, jetzt bei Transtoyou erh\u00e4ltlich, bietet wirksame Linderung bei Hautentz\u00fcndungen. Shoppe jetzt f\u00fcr vertrauensw\u00fcrdige Behandlungen und Expertenl\u00f6sungen.","og_url":"https:\/\/www.transtoyou.com\/de\/product\/diprosone\/","og_site_name":"Transtoyou - DE","article_modified_time":"2026-02-14T08:47:17+00:00","twitter_card":"summary_large_image","twitter_misc":{"Gesch\u00e4tzte Lesezeit":"1\u00a0Minute"},"schema":{"@context":"https:\/\/schema.org","@graph":[{"@type":"WebPage","@id":"https:\/\/www.transtoyou.com\/de\/product\/diprosone\/","url":"https:\/\/www.transtoyou.com\/de\/product\/diprosone\/","name":"Diprosone | Fortschrittliche Hautpflege-Linderung - Transtoyou","isPartOf":{"@id":"https:\/\/www.transtoyou.com\/de\/#website"},"primaryImageOfPage":{"@id":"https:\/\/www.transtoyou.com\/de\/product\/diprosone\/#primaryimage"},"image":{"@id":"https:\/\/www.transtoyou.com\/de\/product\/diprosone\/#primaryimage"},"thumbnailUrl":"https:\/\/www.transtoyou.com\/de\/wp-content\/uploads\/sites\/4\/2026\/01\/tty-no-product-image-34.webp","datePublished":"2026-01-23T16:37:37+00:00","dateModified":"2026-02-14T08:47:17+00:00","description":"Diprosone, jetzt bei Transtoyou erh\u00e4ltlich, bietet wirksame Linderung bei Hautentz\u00fcndungen. Shoppe jetzt f\u00fcr vertrauensw\u00fcrdige Behandlungen und Expertenl\u00f6sungen.","breadcrumb":{"@id":"https:\/\/www.transtoyou.com\/de\/product\/diprosone\/#breadcrumb"},"inLanguage":"de","potentialAction":[{"@type":"ReadAction","target":["https:\/\/www.transtoyou.com\/de\/product\/diprosone\/"]}]},{"@type":"ImageObject","inLanguage":"de","@id":"https:\/\/www.transtoyou.com\/de\/product\/diprosone\/#primaryimage","url":"https:\/\/www.transtoyou.com\/de\/wp-content\/uploads\/sites\/4\/2026\/01\/tty-no-product-image-34.webp","contentUrl":"https:\/\/www.transtoyou.com\/de\/wp-content\/uploads\/sites\/4\/2026\/01\/tty-no-product-image-34.webp","width":1000,"height":1000,"caption":"Standardproduktbild"},{"@type":"WebSite","@id":"https:\/\/www.transtoyou.com\/de\/#website","url":"https:\/\/www.transtoyou.com\/de\/","name":"Transtoyou - DE","description":"DE","publisher":{"@id":"https:\/\/www.transtoyou.com\/de\/#organization"},"potentialAction":[{"@type":"SearchAction","target":{"@type":"EntryPoint","urlTemplate":"https:\/\/www.transtoyou.com\/de\/?s={search_term_string}"},"query-input":{"@type":"PropertyValueSpecification","valueRequired":true,"valueName":"search_term_string"}}],"inLanguage":"de"},{"@type":"Organization","@id":"https:\/\/www.transtoyou.com\/de\/#organization","name":"Transtoyou - DE","url":"https:\/\/www.transtoyou.com\/de\/","logo":{"@type":"ImageObject","inLanguage":"de","@id":"https:\/\/www.transtoyou.com\/de\/#\/schema\/logo\/image\/","url":"https:\/\/www.transtoyou.com\/de\/wp-content\/uploads\/sites\/4\/2026\/01\/logo-tty-menu-bar-300x87-1.webp","contentUrl":"https:\/\/www.transtoyou.com\/de\/wp-content\/uploads\/sites\/4\/2026\/01\/logo-tty-menu-bar-300x87-1.webp","width":300,"height":87,"caption":"Transtoyou - DE"},"image":{"@id":"https:\/\/www.transtoyou.com\/de\/#\/schema\/logo\/image\/"}}]}},"_links":{"self":[{"href":"https:\/\/www.transtoyou.com\/de\/wp-json\/wp\/v2\/product\/841","targetHints":{"allow":["GET"]}}],"collection":[{"href":"https:\/\/www.transtoyou.com\/de\/wp-json\/wp\/v2\/product"}],"about":[{"href":"https:\/\/www.transtoyou.com\/de\/wp-json\/wp\/v2\/types\/product"}],"replies":[{"embeddable":true,"href":"https:\/\/www.transtoyou.com\/de\/wp-json\/wp\/v2\/comments?post=841"}],"wp:featuredmedia":[{"embeddable":true,"href":"https:\/\/www.transtoyou.com\/de\/wp-json\/wp\/v2\/media\/843"}],"wp:attachment":[{"href":"https:\/\/www.transtoyou.com\/de\/wp-json\/wp\/v2\/media?parent=841"}],"wp:term":[{"taxonomy":"product_brand","embeddable":true,"href":"https:\/\/www.transtoyou.com\/de\/wp-json\/wp\/v2\/product_brand?post=841"},{"taxonomy":"product_cat","embeddable":true,"href":"https:\/\/www.transtoyou.com\/de\/wp-json\/wp\/v2\/product_cat?post=841"},{"taxonomy":"product_tag","embeddable":true,"href":"https:\/\/www.transtoyou.com\/de\/wp-json\/wp\/v2\/product_tag?post=841"},{"taxonomy":"expert","embeddable":true,"href":"https:\/\/www.transtoyou.com\/de\/wp-json\/wp\/v2\/expert?post=841"}],"curies":[{"name":"wp","href":"https:\/\/api.w.org\/{rel}","templated":true}]}}