{"id":853,"date":"2026-01-23T19:36:44","date_gmt":"2026-01-23T17:36:44","guid":{"rendered":"https:\/\/www.transtoyou.com\/de\/product\/movicol\/"},"modified":"2026-01-23T19:37:44","modified_gmt":"2026-01-23T17:37:44","slug":"movicol","status":"publish","type":"product","link":"https:\/\/www.transtoyou.com\/de\/product\/movicol\/","title":{"rendered":"Movicol"},"content":{"rendered":"<p>Movicol ist ein osmotisches Abf\u00fchrmittel, das zur Behandlung von chronischer Verstopfung und Stuhlverstopfung eingesetzt wird. Der Wirkstoff, Macrogol 3350, ist ein gro\u00dfes Polymer, das nicht in den Blutkreislauf aufgenommen wird. Nach der oralen Einnahme verbleibt es im Darm und zieht Wasser in den Stuhl. Diese Erh\u00f6hung des Wassergehalts macht den Stuhl weicher, erh\u00f6ht sein Volumen und l\u00f6st den nat\u00fcrlichen Reflex zur Def\u00e4kation aus. Die Formulierung enth\u00e4lt auch essentielle Elektrolyte (Natrium, Kalium und Bicarbonat), um Dehydration zu verhindern und das Elektrolytgleichgewicht w\u00e4hrend der Behandlung aufrechtzuerhalten.<\/p>\n<p>Movicol ist haupts\u00e4chlich f\u00fcr zwei Zust\u00e4nde angezeigt: die Behandlung von chronischer Verstopfung und die L\u00f6sung von Stuhlverstopfung, die eine schwerwiegendere Form der Verstopfung darstellt, bei der verh\u00e4rteter Stuhl im Rektum oder Dickdarm ansammelt und schwer auszuscheiden ist.<\/p>\n<p>Seine Wirkungen auf den K\u00f6rper sind haupts\u00e4chlich lokal und gastrointestinal. Durch die Hydrierung und das Weichmachen des Stuhls stimuliert es regelm\u00e4\u00dfige Stuhlgang ohne die Darmschleimhaut zu reizen. Im Gegensatz zu stimulierenden Abf\u00fchrmitteln wirkt es nicht auf die Nerven oder Muskeln des Darms, was es f\u00fcr empfindlichere Patienten oder solche, die eine langfristige Behandlung unter Aufsicht ben\u00f6tigen, geeignet macht.<\/p>\n<p>Zu den Hauptvorteilen von Movicol geh\u00f6rt seine vorhersehbare und sanfte abf\u00fchrende Wirkung, mit minimaler systemischer Absorption und im Allgemeinen milden Nebenwirkungen. Es kann besonders n\u00fctzlich bei \u00e4lteren Patienten und solchen mit chronischen neurologischen Erkrankungen wie Parkinson oder Multipler Sklerose sein, die zu therapieresistenter Verstopfung neigen. Es ist auch w\u00e4hrend der Schwangerschaft oder Stillzeit geeignet, falls erforderlich, da die systemische Exposition minimal ist.<\/p>\n<p>Movicol kann mit oder ohne Nahrung eingenommen werden und wird vor der Anwendung in Wasser aufgel\u00f6st. Es wird im Allgemeinen gut vertragen, und seine unerw\u00fcnschten Wirkungen, wie Bl\u00e4hungen oder \u00dcbelkeit, sind typischerweise mild und dosisabh\u00e4ngig.<\/p>\n","protected":false},"excerpt":{"rendered":"<ul>\n<li>Erleichtert chronische Verstopfung und Stuhlverhalt<\/li>\n<li>Sanfte und effektive osmotische Wirkung<\/li>\n<li>Enth\u00e4lt Elektrolyte zur Vermeidung von Ungleichgewichten<\/li>\n<\/ul>\n","protected":false},"featured_media":855,"comment_status":"open","ping_status":"closed","template":"","meta":[],"product_brand":[],"product_cat":[98],"product_tag":[],"expert":[17],"class_list":{"0":"post-853","1":"product","2":"type-product","3":"status-publish","4":"has-post-thumbnail","6":"product_cat-verstopfung","7":"expert-dr-c-munoz-parada","9":"first","10":"instock","11":"shipping-taxable","12":"product-type-variable"},"yoast_head":"<!-- This site is optimized with the Yoast SEO plugin v27.0 - https:\/\/yoast.com\/product\/yoast-seo-wordpress\/ -->\n<title>Movicol | Effektive Linderung von Verstopfung - Transtoyou<\/title>\n<meta name=\"description\" content=\"Movicol, ein osmotisches Abf\u00fchrmittel, behandelt chronische Verstopfung und Stuhlverhalt effektiv. Hier erh\u00e4ltlich, f\u00fcr eine einfache Darmgesundheit.\" \/>\n<meta name=\"robots\" content=\"noindex, follow, max-snippet:-1, max-image-preview:large, max-video-preview:-1\" \/>\n<meta property=\"og:locale\" content=\"de_DE\" \/>\n<meta property=\"og:type\" content=\"article\" \/>\n<meta property=\"og:title\" content=\"Movicol | Effektive Linderung von Verstopfung - Transtoyou\" \/>\n<meta property=\"og:description\" content=\"Movicol, ein osmotisches Abf\u00fchrmittel, behandelt chronische Verstopfung und Stuhlverhalt effektiv. Hier erh\u00e4ltlich, f\u00fcr eine einfache Darmgesundheit.\" \/>\n<meta property=\"og:url\" content=\"https:\/\/www.transtoyou.com\/de\/product\/movicol\/\" \/>\n<meta property=\"og:site_name\" content=\"Transtoyou - DE\" \/>\n<meta property=\"article:modified_time\" content=\"2026-01-23T17:37:44+00:00\" \/>\n<meta name=\"twitter:card\" content=\"summary_large_image\" \/>\n<meta name=\"twitter:label1\" content=\"Gesch\u00e4tzte Lesezeit\" \/>\n\t<meta name=\"twitter:data1\" content=\"2\u00a0Minuten\" \/>\n<script type=\"application\/ld+json\" class=\"yoast-schema-graph\">{\"@context\":\"https:\/\/schema.org\",\"@graph\":[{\"@type\":\"WebPage\",\"@id\":\"https:\/\/www.transtoyou.com\/de\/product\/movicol\/\",\"url\":\"https:\/\/www.transtoyou.com\/de\/product\/movicol\/\",\"name\":\"Movicol | Effektive Linderung von Verstopfung - Transtoyou\",\"isPartOf\":{\"@id\":\"https:\/\/www.transtoyou.com\/de\/#website\"},\"primaryImageOfPage\":{\"@id\":\"https:\/\/www.transtoyou.com\/de\/product\/movicol\/#primaryimage\"},\"image\":{\"@id\":\"https:\/\/www.transtoyou.com\/de\/product\/movicol\/#primaryimage\"},\"thumbnailUrl\":\"https:\/\/www.transtoyou.com\/de\/wp-content\/uploads\/sites\/4\/2026\/01\/tty-no-product-image-38.webp\",\"datePublished\":\"2026-01-23T17:36:44+00:00\",\"dateModified\":\"2026-01-23T17:37:44+00:00\",\"description\":\"Movicol, ein osmotisches Abf\u00fchrmittel, behandelt chronische Verstopfung und Stuhlverhalt effektiv. Hier erh\u00e4ltlich, f\u00fcr eine einfache Darmgesundheit.\",\"breadcrumb\":{\"@id\":\"https:\/\/www.transtoyou.com\/de\/product\/movicol\/#breadcrumb\"},\"inLanguage\":\"de\",\"potentialAction\":[{\"@type\":\"ReadAction\",\"target\":[\"https:\/\/www.transtoyou.com\/de\/product\/movicol\/\"]}]},{\"@type\":\"ImageObject\",\"inLanguage\":\"de\",\"@id\":\"https:\/\/www.transtoyou.com\/de\/product\/movicol\/#primaryimage\",\"url\":\"https:\/\/www.transtoyou.com\/de\/wp-content\/uploads\/sites\/4\/2026\/01\/tty-no-product-image-38.webp\",\"contentUrl\":\"https:\/\/www.transtoyou.com\/de\/wp-content\/uploads\/sites\/4\/2026\/01\/tty-no-product-image-38.webp\",\"width\":1000,\"height\":1000,\"caption\":\"Standardproduktbild\"},{\"@type\":\"WebSite\",\"@id\":\"https:\/\/www.transtoyou.com\/de\/#website\",\"url\":\"https:\/\/www.transtoyou.com\/de\/\",\"name\":\"Transtoyou - DE\",\"description\":\"DE\",\"publisher\":{\"@id\":\"https:\/\/www.transtoyou.com\/de\/#organization\"},\"potentialAction\":[{\"@type\":\"SearchAction\",\"target\":{\"@type\":\"EntryPoint\",\"urlTemplate\":\"https:\/\/www.transtoyou.com\/de\/?s={search_term_string}\"},\"query-input\":{\"@type\":\"PropertyValueSpecification\",\"valueRequired\":true,\"valueName\":\"search_term_string\"}}],\"inLanguage\":\"de\"},{\"@type\":\"Organization\",\"@id\":\"https:\/\/www.transtoyou.com\/de\/#organization\",\"name\":\"Transtoyou - DE\",\"url\":\"https:\/\/www.transtoyou.com\/de\/\",\"logo\":{\"@type\":\"ImageObject\",\"inLanguage\":\"de\",\"@id\":\"https:\/\/www.transtoyou.com\/de\/#\/schema\/logo\/image\/\",\"url\":\"https:\/\/www.transtoyou.com\/de\/wp-content\/uploads\/sites\/4\/2026\/01\/logo-tty-menu-bar-300x87-1.webp\",\"contentUrl\":\"https:\/\/www.transtoyou.com\/de\/wp-content\/uploads\/sites\/4\/2026\/01\/logo-tty-menu-bar-300x87-1.webp\",\"width\":300,\"height\":87,\"caption\":\"Transtoyou - DE\"},\"image\":{\"@id\":\"https:\/\/www.transtoyou.com\/de\/#\/schema\/logo\/image\/\"}}]}<\/script>\n<!-- \/ Yoast SEO plugin. -->","yoast_head_json":{"title":"Movicol | Effektive Linderung von Verstopfung - Transtoyou","description":"Movicol, ein osmotisches Abf\u00fchrmittel, behandelt chronische Verstopfung und Stuhlverhalt effektiv. Hier erh\u00e4ltlich, f\u00fcr eine einfache Darmgesundheit.","robots":{"index":"noindex","follow":"follow","max-snippet":"max-snippet:-1","max-image-preview":"max-image-preview:large","max-video-preview":"max-video-preview:-1"},"og_locale":"de_DE","og_type":"article","og_title":"Movicol | Effektive Linderung von Verstopfung - Transtoyou","og_description":"Movicol, ein osmotisches Abf\u00fchrmittel, behandelt chronische Verstopfung und Stuhlverhalt effektiv. Hier erh\u00e4ltlich, f\u00fcr eine einfache Darmgesundheit.","og_url":"https:\/\/www.transtoyou.com\/de\/product\/movicol\/","og_site_name":"Transtoyou - DE","article_modified_time":"2026-01-23T17:37:44+00:00","twitter_card":"summary_large_image","twitter_misc":{"Gesch\u00e4tzte Lesezeit":"2\u00a0Minuten"},"schema":{"@context":"https:\/\/schema.org","@graph":[{"@type":"WebPage","@id":"https:\/\/www.transtoyou.com\/de\/product\/movicol\/","url":"https:\/\/www.transtoyou.com\/de\/product\/movicol\/","name":"Movicol | Effektive Linderung von Verstopfung - Transtoyou","isPartOf":{"@id":"https:\/\/www.transtoyou.com\/de\/#website"},"primaryImageOfPage":{"@id":"https:\/\/www.transtoyou.com\/de\/product\/movicol\/#primaryimage"},"image":{"@id":"https:\/\/www.transtoyou.com\/de\/product\/movicol\/#primaryimage"},"thumbnailUrl":"https:\/\/www.transtoyou.com\/de\/wp-content\/uploads\/sites\/4\/2026\/01\/tty-no-product-image-38.webp","datePublished":"2026-01-23T17:36:44+00:00","dateModified":"2026-01-23T17:37:44+00:00","description":"Movicol, ein osmotisches Abf\u00fchrmittel, behandelt chronische Verstopfung und Stuhlverhalt effektiv. Hier erh\u00e4ltlich, f\u00fcr eine einfache Darmgesundheit.","breadcrumb":{"@id":"https:\/\/www.transtoyou.com\/de\/product\/movicol\/#breadcrumb"},"inLanguage":"de","potentialAction":[{"@type":"ReadAction","target":["https:\/\/www.transtoyou.com\/de\/product\/movicol\/"]}]},{"@type":"ImageObject","inLanguage":"de","@id":"https:\/\/www.transtoyou.com\/de\/product\/movicol\/#primaryimage","url":"https:\/\/www.transtoyou.com\/de\/wp-content\/uploads\/sites\/4\/2026\/01\/tty-no-product-image-38.webp","contentUrl":"https:\/\/www.transtoyou.com\/de\/wp-content\/uploads\/sites\/4\/2026\/01\/tty-no-product-image-38.webp","width":1000,"height":1000,"caption":"Standardproduktbild"},{"@type":"WebSite","@id":"https:\/\/www.transtoyou.com\/de\/#website","url":"https:\/\/www.transtoyou.com\/de\/","name":"Transtoyou - DE","description":"DE","publisher":{"@id":"https:\/\/www.transtoyou.com\/de\/#organization"},"potentialAction":[{"@type":"SearchAction","target":{"@type":"EntryPoint","urlTemplate":"https:\/\/www.transtoyou.com\/de\/?s={search_term_string}"},"query-input":{"@type":"PropertyValueSpecification","valueRequired":true,"valueName":"search_term_string"}}],"inLanguage":"de"},{"@type":"Organization","@id":"https:\/\/www.transtoyou.com\/de\/#organization","name":"Transtoyou - DE","url":"https:\/\/www.transtoyou.com\/de\/","logo":{"@type":"ImageObject","inLanguage":"de","@id":"https:\/\/www.transtoyou.com\/de\/#\/schema\/logo\/image\/","url":"https:\/\/www.transtoyou.com\/de\/wp-content\/uploads\/sites\/4\/2026\/01\/logo-tty-menu-bar-300x87-1.webp","contentUrl":"https:\/\/www.transtoyou.com\/de\/wp-content\/uploads\/sites\/4\/2026\/01\/logo-tty-menu-bar-300x87-1.webp","width":300,"height":87,"caption":"Transtoyou - DE"},"image":{"@id":"https:\/\/www.transtoyou.com\/de\/#\/schema\/logo\/image\/"}}]}},"_links":{"self":[{"href":"https:\/\/www.transtoyou.com\/de\/wp-json\/wp\/v2\/product\/853","targetHints":{"allow":["GET"]}}],"collection":[{"href":"https:\/\/www.transtoyou.com\/de\/wp-json\/wp\/v2\/product"}],"about":[{"href":"https:\/\/www.transtoyou.com\/de\/wp-json\/wp\/v2\/types\/product"}],"replies":[{"embeddable":true,"href":"https:\/\/www.transtoyou.com\/de\/wp-json\/wp\/v2\/comments?post=853"}],"wp:featuredmedia":[{"embeddable":true,"href":"https:\/\/www.transtoyou.com\/de\/wp-json\/wp\/v2\/media\/855"}],"wp:attachment":[{"href":"https:\/\/www.transtoyou.com\/de\/wp-json\/wp\/v2\/media?parent=853"}],"wp:term":[{"taxonomy":"product_brand","embeddable":true,"href":"https:\/\/www.transtoyou.com\/de\/wp-json\/wp\/v2\/product_brand?post=853"},{"taxonomy":"product_cat","embeddable":true,"href":"https:\/\/www.transtoyou.com\/de\/wp-json\/wp\/v2\/product_cat?post=853"},{"taxonomy":"product_tag","embeddable":true,"href":"https:\/\/www.transtoyou.com\/de\/wp-json\/wp\/v2\/product_tag?post=853"},{"taxonomy":"expert","embeddable":true,"href":"https:\/\/www.transtoyou.com\/de\/wp-json\/wp\/v2\/expert?post=853"}],"curies":[{"name":"wp","href":"https:\/\/api.w.org\/{rel}","templated":true}]}}