{"id":859,"date":"2026-01-23T20:06:48","date_gmt":"2026-01-23T18:06:48","guid":{"rendered":"https:\/\/www.transtoyou.com\/de\/product\/yasmin\/"},"modified":"2026-03-08T13:01:11","modified_gmt":"2026-03-08T11:01:11","slug":"yasmin","status":"publish","type":"product","link":"https:\/\/www.transtoyou.com\/de\/product\/yasmin\/","title":{"rendered":"Yasmin"},"content":{"rendered":"<p>Yasmin ist eine kombinierte orale Antibabypille, die zwei Wirkstoffe enth\u00e4lt: Ethinylestradiol (ein \u00d6strogen) und Drospirenon (ein Gestagen). Sie wird zur Verhinderung einer Schwangerschaft eingesetzt und t\u00e4glich \u00fcber 21 Tage eingenommen, gefolgt von einer 7-t\u00e4gigen Pause. Yasmin wirkt haupts\u00e4chlich, indem sie den Eisprung (die Freisetzung eines Eis aus den Eierst\u00f6cken) verhindert. Sie verdickt auch den Zervixschleim, wodurch es f\u00fcr Spermien schwieriger wird, das Ei zu erreichen, und ver\u00e4ndert die Geb\u00e4rmutterschleimhaut, um die Einnistung zu verhindern.<\/p>\n<p>Yasmin ist zur Verh\u00fctung bei erwachsenen Frauen angezeigt. W\u00e4hrend der Hauptzweck darin besteht, eine Schwangerschaft zu verhindern, erleben viele Menschen auch zus\u00e4tzliche Vorteile, wie regelm\u00e4\u00dfigerere Menstruationszyklen, leichtere Perioden und weniger Menstruationsschmerzen. Einige bemerken auch Verbesserungen bei Akne und fettiger Haut aufgrund der antiandrogenen Wirkung von Drospirenon.<\/p>\n<p>Im K\u00f6rper ahmen die Hormone in Yasmin die nat\u00fcrlichen weiblichen Geschlechtshormone nach, was hilft, den Menstruationszyklus zu regulieren und hormonelle Schwankungen zu reduzieren. Im Gegensatz zu einigen anderen Gestagenen hat Drospirenon antiandrogene Eigenschaften, was bedeutet, dass es die Auswirkungen m\u00e4nnlicher Hormone wie Testosteron entgegenwirken kann. Dies kann helfen, Akne, Fl\u00fcssigkeitsretention und Bl\u00e4hungen zu reduzieren. Bei trans M\u00e4nnern, die Testosteron einnehmen und dennoch eine Verh\u00fctung ben\u00f6tigen, k\u00f6nnte dieser antiandrogene Effekt einige maskulinisierende Ver\u00e4nderungen leicht reduzieren.<\/p>\n<p>Yasmin wird einmal t\u00e4glich eingenommen, idealerweise zur gleichen Zeit jeden Tag. Ihre empf\u00e4ngnisverh\u00fctende Wirkung ist zuverl\u00e4ssig, wenn sie korrekt und konsequent eingenommen wird. Einer der Vorteile von Yasmin ist, dass sie hohe empf\u00e4ngnisverh\u00fctende Wirksamkeit mit einem g\u00fcnstigen Nebenwirkungsprofil bei den meisten Anwendern kombiniert. Sie ist auch mit einem geringeren Risiko f\u00fcr Wassereinlagerungen und Gewichtszunahme im Vergleich zu anderen Pillen verbunden.<\/p>\n","protected":false},"excerpt":{"rendered":"<ul>\n<li>Wirksame t\u00e4gliche hormonelle Verh\u00fctung<\/li>\n<li>Hilft, Akne und Bl\u00e4hungen zu reduzieren<\/li>\n<li>Reguliert die Menstruationszyklen zuverl\u00e4ssig<\/li>\n<\/ul>\n","protected":false},"featured_media":861,"comment_status":"open","ping_status":"closed","template":"","meta":[],"product_brand":[],"product_cat":[97],"product_tag":[],"expert":[17],"class_list":{"0":"post-859","1":"product","2":"type-product","3":"status-publish","4":"has-post-thumbnail","6":"product_cat-kombinationspille","7":"expert-dr-c-munoz-parada","9":"first","10":"instock","11":"shipping-taxable","12":"product-type-variable"},"yoast_head":"<!-- This site is optimized with the Yoast SEO plugin v27.0 - https:\/\/yoast.com\/product\/yoast-seo-wordpress\/ -->\n<title>Yasmin | Vertrauensw\u00fcrdige Verh\u00fctungsl\u00f6sung - Transtoyou<\/title>\n<meta name=\"description\" content=\"Entdecke Yasmin bei Transtoyou. Genie\u00dfe zuverl\u00e4ssige Verh\u00fctungsunterst\u00fctzung. Jetzt einkaufen f\u00fcr bequeme und hochwertige Gesundheitsl\u00f6sungen.\" \/>\n<meta name=\"robots\" content=\"noindex, follow, max-snippet:-1, max-image-preview:large, max-video-preview:-1\" \/>\n<meta property=\"og:locale\" content=\"de_DE\" \/>\n<meta property=\"og:type\" content=\"article\" \/>\n<meta property=\"og:title\" content=\"Yasmin | Vertrauensw\u00fcrdige Verh\u00fctungsl\u00f6sung - Transtoyou\" \/>\n<meta property=\"og:description\" content=\"Entdecke Yasmin bei Transtoyou. Genie\u00dfe zuverl\u00e4ssige Verh\u00fctungsunterst\u00fctzung. Jetzt einkaufen f\u00fcr bequeme und hochwertige Gesundheitsl\u00f6sungen.\" \/>\n<meta property=\"og:url\" content=\"https:\/\/www.transtoyou.com\/de\/product\/yasmin\/\" \/>\n<meta property=\"og:site_name\" content=\"Transtoyou - DE\" \/>\n<meta property=\"article:modified_time\" content=\"2026-03-08T11:01:11+00:00\" \/>\n<meta name=\"twitter:card\" content=\"summary_large_image\" \/>\n<meta name=\"twitter:label1\" content=\"Gesch\u00e4tzte Lesezeit\" \/>\n\t<meta name=\"twitter:data1\" content=\"1\u00a0Minute\" \/>\n<script type=\"application\/ld+json\" class=\"yoast-schema-graph\">{\"@context\":\"https:\/\/schema.org\",\"@graph\":[{\"@type\":\"WebPage\",\"@id\":\"https:\/\/www.transtoyou.com\/de\/product\/yasmin\/\",\"url\":\"https:\/\/www.transtoyou.com\/de\/product\/yasmin\/\",\"name\":\"Yasmin | Vertrauensw\u00fcrdige Verh\u00fctungsl\u00f6sung - Transtoyou\",\"isPartOf\":{\"@id\":\"https:\/\/www.transtoyou.com\/de\/#website\"},\"primaryImageOfPage\":{\"@id\":\"https:\/\/www.transtoyou.com\/de\/product\/yasmin\/#primaryimage\"},\"image\":{\"@id\":\"https:\/\/www.transtoyou.com\/de\/product\/yasmin\/#primaryimage\"},\"thumbnailUrl\":\"https:\/\/www.transtoyou.com\/de\/wp-content\/uploads\/sites\/4\/2026\/01\/tty-no-product-image-40.webp\",\"datePublished\":\"2026-01-23T18:06:48+00:00\",\"dateModified\":\"2026-03-08T11:01:11+00:00\",\"description\":\"Entdecke Yasmin bei Transtoyou. Genie\u00dfe zuverl\u00e4ssige Verh\u00fctungsunterst\u00fctzung. Jetzt einkaufen f\u00fcr bequeme und hochwertige Gesundheitsl\u00f6sungen.\",\"breadcrumb\":{\"@id\":\"https:\/\/www.transtoyou.com\/de\/product\/yasmin\/#breadcrumb\"},\"inLanguage\":\"de\",\"potentialAction\":[{\"@type\":\"ReadAction\",\"target\":[\"https:\/\/www.transtoyou.com\/de\/product\/yasmin\/\"]}]},{\"@type\":\"ImageObject\",\"inLanguage\":\"de\",\"@id\":\"https:\/\/www.transtoyou.com\/de\/product\/yasmin\/#primaryimage\",\"url\":\"https:\/\/www.transtoyou.com\/de\/wp-content\/uploads\/sites\/4\/2026\/01\/tty-no-product-image-40.webp\",\"contentUrl\":\"https:\/\/www.transtoyou.com\/de\/wp-content\/uploads\/sites\/4\/2026\/01\/tty-no-product-image-40.webp\",\"width\":1000,\"height\":1000,\"caption\":\"Standardproduktbild\"},{\"@type\":\"WebSite\",\"@id\":\"https:\/\/www.transtoyou.com\/de\/#website\",\"url\":\"https:\/\/www.transtoyou.com\/de\/\",\"name\":\"Transtoyou - DE\",\"description\":\"DE\",\"publisher\":{\"@id\":\"https:\/\/www.transtoyou.com\/de\/#organization\"},\"potentialAction\":[{\"@type\":\"SearchAction\",\"target\":{\"@type\":\"EntryPoint\",\"urlTemplate\":\"https:\/\/www.transtoyou.com\/de\/?s={search_term_string}\"},\"query-input\":{\"@type\":\"PropertyValueSpecification\",\"valueRequired\":true,\"valueName\":\"search_term_string\"}}],\"inLanguage\":\"de\"},{\"@type\":\"Organization\",\"@id\":\"https:\/\/www.transtoyou.com\/de\/#organization\",\"name\":\"Transtoyou - DE\",\"url\":\"https:\/\/www.transtoyou.com\/de\/\",\"logo\":{\"@type\":\"ImageObject\",\"inLanguage\":\"de\",\"@id\":\"https:\/\/www.transtoyou.com\/de\/#\/schema\/logo\/image\/\",\"url\":\"https:\/\/www.transtoyou.com\/de\/wp-content\/uploads\/sites\/4\/2026\/01\/logo-tty-menu-bar-300x87-1.webp\",\"contentUrl\":\"https:\/\/www.transtoyou.com\/de\/wp-content\/uploads\/sites\/4\/2026\/01\/logo-tty-menu-bar-300x87-1.webp\",\"width\":300,\"height\":87,\"caption\":\"Transtoyou - DE\"},\"image\":{\"@id\":\"https:\/\/www.transtoyou.com\/de\/#\/schema\/logo\/image\/\"}}]}<\/script>\n<!-- \/ Yoast SEO plugin. -->","yoast_head_json":{"title":"Yasmin | Vertrauensw\u00fcrdige Verh\u00fctungsl\u00f6sung - Transtoyou","description":"Entdecke Yasmin bei Transtoyou. Genie\u00dfe zuverl\u00e4ssige Verh\u00fctungsunterst\u00fctzung. Jetzt einkaufen f\u00fcr bequeme und hochwertige Gesundheitsl\u00f6sungen.","robots":{"index":"noindex","follow":"follow","max-snippet":"max-snippet:-1","max-image-preview":"max-image-preview:large","max-video-preview":"max-video-preview:-1"},"og_locale":"de_DE","og_type":"article","og_title":"Yasmin | Vertrauensw\u00fcrdige Verh\u00fctungsl\u00f6sung - Transtoyou","og_description":"Entdecke Yasmin bei Transtoyou. Genie\u00dfe zuverl\u00e4ssige Verh\u00fctungsunterst\u00fctzung. Jetzt einkaufen f\u00fcr bequeme und hochwertige Gesundheitsl\u00f6sungen.","og_url":"https:\/\/www.transtoyou.com\/de\/product\/yasmin\/","og_site_name":"Transtoyou - DE","article_modified_time":"2026-03-08T11:01:11+00:00","twitter_card":"summary_large_image","twitter_misc":{"Gesch\u00e4tzte Lesezeit":"1\u00a0Minute"},"schema":{"@context":"https:\/\/schema.org","@graph":[{"@type":"WebPage","@id":"https:\/\/www.transtoyou.com\/de\/product\/yasmin\/","url":"https:\/\/www.transtoyou.com\/de\/product\/yasmin\/","name":"Yasmin | Vertrauensw\u00fcrdige Verh\u00fctungsl\u00f6sung - Transtoyou","isPartOf":{"@id":"https:\/\/www.transtoyou.com\/de\/#website"},"primaryImageOfPage":{"@id":"https:\/\/www.transtoyou.com\/de\/product\/yasmin\/#primaryimage"},"image":{"@id":"https:\/\/www.transtoyou.com\/de\/product\/yasmin\/#primaryimage"},"thumbnailUrl":"https:\/\/www.transtoyou.com\/de\/wp-content\/uploads\/sites\/4\/2026\/01\/tty-no-product-image-40.webp","datePublished":"2026-01-23T18:06:48+00:00","dateModified":"2026-03-08T11:01:11+00:00","description":"Entdecke Yasmin bei Transtoyou. Genie\u00dfe zuverl\u00e4ssige Verh\u00fctungsunterst\u00fctzung. Jetzt einkaufen f\u00fcr bequeme und hochwertige Gesundheitsl\u00f6sungen.","breadcrumb":{"@id":"https:\/\/www.transtoyou.com\/de\/product\/yasmin\/#breadcrumb"},"inLanguage":"de","potentialAction":[{"@type":"ReadAction","target":["https:\/\/www.transtoyou.com\/de\/product\/yasmin\/"]}]},{"@type":"ImageObject","inLanguage":"de","@id":"https:\/\/www.transtoyou.com\/de\/product\/yasmin\/#primaryimage","url":"https:\/\/www.transtoyou.com\/de\/wp-content\/uploads\/sites\/4\/2026\/01\/tty-no-product-image-40.webp","contentUrl":"https:\/\/www.transtoyou.com\/de\/wp-content\/uploads\/sites\/4\/2026\/01\/tty-no-product-image-40.webp","width":1000,"height":1000,"caption":"Standardproduktbild"},{"@type":"WebSite","@id":"https:\/\/www.transtoyou.com\/de\/#website","url":"https:\/\/www.transtoyou.com\/de\/","name":"Transtoyou - DE","description":"DE","publisher":{"@id":"https:\/\/www.transtoyou.com\/de\/#organization"},"potentialAction":[{"@type":"SearchAction","target":{"@type":"EntryPoint","urlTemplate":"https:\/\/www.transtoyou.com\/de\/?s={search_term_string}"},"query-input":{"@type":"PropertyValueSpecification","valueRequired":true,"valueName":"search_term_string"}}],"inLanguage":"de"},{"@type":"Organization","@id":"https:\/\/www.transtoyou.com\/de\/#organization","name":"Transtoyou - DE","url":"https:\/\/www.transtoyou.com\/de\/","logo":{"@type":"ImageObject","inLanguage":"de","@id":"https:\/\/www.transtoyou.com\/de\/#\/schema\/logo\/image\/","url":"https:\/\/www.transtoyou.com\/de\/wp-content\/uploads\/sites\/4\/2026\/01\/logo-tty-menu-bar-300x87-1.webp","contentUrl":"https:\/\/www.transtoyou.com\/de\/wp-content\/uploads\/sites\/4\/2026\/01\/logo-tty-menu-bar-300x87-1.webp","width":300,"height":87,"caption":"Transtoyou - DE"},"image":{"@id":"https:\/\/www.transtoyou.com\/de\/#\/schema\/logo\/image\/"}}]}},"_links":{"self":[{"href":"https:\/\/www.transtoyou.com\/de\/wp-json\/wp\/v2\/product\/859","targetHints":{"allow":["GET"]}}],"collection":[{"href":"https:\/\/www.transtoyou.com\/de\/wp-json\/wp\/v2\/product"}],"about":[{"href":"https:\/\/www.transtoyou.com\/de\/wp-json\/wp\/v2\/types\/product"}],"replies":[{"embeddable":true,"href":"https:\/\/www.transtoyou.com\/de\/wp-json\/wp\/v2\/comments?post=859"}],"wp:featuredmedia":[{"embeddable":true,"href":"https:\/\/www.transtoyou.com\/de\/wp-json\/wp\/v2\/media\/861"}],"wp:attachment":[{"href":"https:\/\/www.transtoyou.com\/de\/wp-json\/wp\/v2\/media?parent=859"}],"wp:term":[{"taxonomy":"product_brand","embeddable":true,"href":"https:\/\/www.transtoyou.com\/de\/wp-json\/wp\/v2\/product_brand?post=859"},{"taxonomy":"product_cat","embeddable":true,"href":"https:\/\/www.transtoyou.com\/de\/wp-json\/wp\/v2\/product_cat?post=859"},{"taxonomy":"product_tag","embeddable":true,"href":"https:\/\/www.transtoyou.com\/de\/wp-json\/wp\/v2\/product_tag?post=859"},{"taxonomy":"expert","embeddable":true,"href":"https:\/\/www.transtoyou.com\/de\/wp-json\/wp\/v2\/expert?post=859"}],"curies":[{"name":"wp","href":"https:\/\/api.w.org\/{rel}","templated":true}]}}