{"id":865,"date":"2026-01-23T20:38:33","date_gmt":"2026-01-23T18:38:33","guid":{"rendered":"https:\/\/www.transtoyou.com\/de\/product\/famenita\/"},"modified":"2026-02-16T10:58:48","modified_gmt":"2026-02-16T08:58:48","slug":"famenita","status":"publish","type":"product","link":"https:\/\/www.transtoyou.com\/de\/product\/famenita\/","title":{"rendered":"Famenita"},"content":{"rendered":"<p>Famenita ist eine weiche Kapsel, die mikronisiertes Progesteron enth\u00e4lt, eine nat\u00fcrliche Form des Hormons, das vom K\u00f6rper produziert wird. Es wird verwendet, um das hormonelle Gleichgewicht in verschiedenen Situationen zu unterst\u00fctzen, einschlie\u00dflich Hormonersatztherapie (HRT), Behandlung von Menstruationsbeschwerden, Fruchtbarkeitsbehandlungen, Linderung von Menopausensymptomen und der Behandlung von Endometriose.<\/p>\n<p>Bei der HRT wird Famenita zusammen mit \u00d6strogen eingesetzt, um die Geb\u00e4rmutterschleimhaut bei Personen zu sch\u00fctzen, die sich keiner Hysterektomie unterzogen haben. \u00d6strogen allein kann dazu f\u00fchren, dass sich das Endometrium verdickt, was gesundheitliche Risiken erh\u00f6hen kann. Famenita hilft, dem entgegenzuwirken, indem es die Geb\u00e4rmutterschleimhaut stabilisiert.<\/p>\n<p>Bei Fruchtbarkeitsbehandlungen unterst\u00fctzt Famenita die Lutealphase des Menstruationszyklus und hilft, die Geb\u00e4rmutter auf eine Schwangerschaft vorzubereiten. Es kann auch verschrieben werden, um Schmerzen zu reduzieren und Zyklen bei Personen mit Endometriose oder unregelm\u00e4\u00dfigen Perioden zu regulieren. F\u00fcr diejenigen, die Menopausen- oder pr\u00e4menstruelle Symptome erleben, kann Famenita Stimmungsschwankungen, Bl\u00e4hungen und andere hormonbedingte Beschwerden lindern.<\/p>\n<p>Famenita ist bioidentisches, pflanzlich gewonnenes Progesteron, das oral oder vaginal angewendet werden kann, je nach Verwendungszweck.<\/p>\n","protected":false},"excerpt":{"rendered":"<ul>\n<li>Nat\u00fcrliche Progesteron-Kapsel<\/li>\n<li>Unterst\u00fctzt HRT, Fruchtbarkeit und Zyklusregulation<\/li>\n<li>Kann oral oder vaginal angewendet werden<\/li>\n<\/ul>\n","protected":false},"featured_media":867,"comment_status":"open","ping_status":"closed","template":"","meta":[],"product_brand":[],"product_cat":[115,123,142,148,150],"product_tag":[],"expert":[21],"class_list":{"0":"post-865","1":"product","2":"type-product","3":"status-publish","4":"has-post-thumbnail","6":"product_cat-endometriose","7":"product_cat-fruchtbarkeit-ovulation","8":"product_cat-hormonersatztherapie-hrt","9":"product_cat-menopause-und-pms-linderung","10":"product_cat-menstruationsbeschwerden","11":"expert-dr-m-sharoyko","13":"first","14":"instock","15":"shipping-taxable","16":"product-type-variable"},"yoast_head":"<!-- This site is optimized with the Yoast SEO plugin v27.0 - https:\/\/yoast.com\/product\/yoast-seo-wordpress\/ -->\n<title>Famenita | Nat\u00fcrliche Hormonunterst\u00fctzung - Transtoyou<\/title>\n<meta name=\"description\" content=\"Famenita, jetzt erh\u00e4ltlich, unterst\u00fctzt das Hormongleichgewicht bei HRT, Menstruationsbeschwerden und Endometriose. Jetzt nat\u00fcrliche Progesteronl\u00f6sung kaufen.\" \/>\n<meta name=\"robots\" content=\"noindex, follow, max-snippet:-1, max-image-preview:large, max-video-preview:-1\" \/>\n<meta property=\"og:locale\" content=\"de_DE\" \/>\n<meta property=\"og:type\" content=\"article\" \/>\n<meta property=\"og:title\" content=\"Famenita | Nat\u00fcrliche Hormonunterst\u00fctzung - Transtoyou\" \/>\n<meta property=\"og:description\" content=\"Famenita, jetzt erh\u00e4ltlich, unterst\u00fctzt das Hormongleichgewicht bei HRT, Menstruationsbeschwerden und Endometriose. Jetzt nat\u00fcrliche Progesteronl\u00f6sung kaufen.\" \/>\n<meta property=\"og:url\" content=\"https:\/\/www.transtoyou.com\/de\/product\/famenita\/\" \/>\n<meta property=\"og:site_name\" content=\"Transtoyou - DE\" \/>\n<meta property=\"article:modified_time\" content=\"2026-02-16T08:58:48+00:00\" \/>\n<meta name=\"twitter:card\" content=\"summary_large_image\" \/>\n<meta name=\"twitter:label1\" content=\"Gesch\u00e4tzte Lesezeit\" \/>\n\t<meta name=\"twitter:data1\" content=\"1\u00a0Minute\" \/>\n<script type=\"application\/ld+json\" class=\"yoast-schema-graph\">{\"@context\":\"https:\/\/schema.org\",\"@graph\":[{\"@type\":\"WebPage\",\"@id\":\"https:\/\/www.transtoyou.com\/de\/product\/famenita\/\",\"url\":\"https:\/\/www.transtoyou.com\/de\/product\/famenita\/\",\"name\":\"Famenita | Nat\u00fcrliche Hormonunterst\u00fctzung - Transtoyou\",\"isPartOf\":{\"@id\":\"https:\/\/www.transtoyou.com\/de\/#website\"},\"primaryImageOfPage\":{\"@id\":\"https:\/\/www.transtoyou.com\/de\/product\/famenita\/#primaryimage\"},\"image\":{\"@id\":\"https:\/\/www.transtoyou.com\/de\/product\/famenita\/#primaryimage\"},\"thumbnailUrl\":\"https:\/\/www.transtoyou.com\/de\/wp-content\/uploads\/sites\/4\/2026\/01\/tty-no-product-image-42.webp\",\"datePublished\":\"2026-01-23T18:38:33+00:00\",\"dateModified\":\"2026-02-16T08:58:48+00:00\",\"description\":\"Famenita, jetzt erh\u00e4ltlich, unterst\u00fctzt das Hormongleichgewicht bei HRT, Menstruationsbeschwerden und Endometriose. Jetzt nat\u00fcrliche Progesteronl\u00f6sung kaufen.\",\"breadcrumb\":{\"@id\":\"https:\/\/www.transtoyou.com\/de\/product\/famenita\/#breadcrumb\"},\"inLanguage\":\"de\",\"potentialAction\":[{\"@type\":\"ReadAction\",\"target\":[\"https:\/\/www.transtoyou.com\/de\/product\/famenita\/\"]}]},{\"@type\":\"ImageObject\",\"inLanguage\":\"de\",\"@id\":\"https:\/\/www.transtoyou.com\/de\/product\/famenita\/#primaryimage\",\"url\":\"https:\/\/www.transtoyou.com\/de\/wp-content\/uploads\/sites\/4\/2026\/01\/tty-no-product-image-42.webp\",\"contentUrl\":\"https:\/\/www.transtoyou.com\/de\/wp-content\/uploads\/sites\/4\/2026\/01\/tty-no-product-image-42.webp\",\"width\":1000,\"height\":1000,\"caption\":\"Standardproduktbild\"},{\"@type\":\"WebSite\",\"@id\":\"https:\/\/www.transtoyou.com\/de\/#website\",\"url\":\"https:\/\/www.transtoyou.com\/de\/\",\"name\":\"Transtoyou - DE\",\"description\":\"DE\",\"publisher\":{\"@id\":\"https:\/\/www.transtoyou.com\/de\/#organization\"},\"potentialAction\":[{\"@type\":\"SearchAction\",\"target\":{\"@type\":\"EntryPoint\",\"urlTemplate\":\"https:\/\/www.transtoyou.com\/de\/?s={search_term_string}\"},\"query-input\":{\"@type\":\"PropertyValueSpecification\",\"valueRequired\":true,\"valueName\":\"search_term_string\"}}],\"inLanguage\":\"de\"},{\"@type\":\"Organization\",\"@id\":\"https:\/\/www.transtoyou.com\/de\/#organization\",\"name\":\"Transtoyou - DE\",\"url\":\"https:\/\/www.transtoyou.com\/de\/\",\"logo\":{\"@type\":\"ImageObject\",\"inLanguage\":\"de\",\"@id\":\"https:\/\/www.transtoyou.com\/de\/#\/schema\/logo\/image\/\",\"url\":\"https:\/\/www.transtoyou.com\/de\/wp-content\/uploads\/sites\/4\/2026\/01\/logo-tty-menu-bar-300x87-1.webp\",\"contentUrl\":\"https:\/\/www.transtoyou.com\/de\/wp-content\/uploads\/sites\/4\/2026\/01\/logo-tty-menu-bar-300x87-1.webp\",\"width\":300,\"height\":87,\"caption\":\"Transtoyou - DE\"},\"image\":{\"@id\":\"https:\/\/www.transtoyou.com\/de\/#\/schema\/logo\/image\/\"}}]}<\/script>\n<!-- \/ Yoast SEO plugin. -->","yoast_head_json":{"title":"Famenita | Nat\u00fcrliche Hormonunterst\u00fctzung - Transtoyou","description":"Famenita, jetzt erh\u00e4ltlich, unterst\u00fctzt das Hormongleichgewicht bei HRT, Menstruationsbeschwerden und Endometriose. Jetzt nat\u00fcrliche Progesteronl\u00f6sung kaufen.","robots":{"index":"noindex","follow":"follow","max-snippet":"max-snippet:-1","max-image-preview":"max-image-preview:large","max-video-preview":"max-video-preview:-1"},"og_locale":"de_DE","og_type":"article","og_title":"Famenita | Nat\u00fcrliche Hormonunterst\u00fctzung - Transtoyou","og_description":"Famenita, jetzt erh\u00e4ltlich, unterst\u00fctzt das Hormongleichgewicht bei HRT, Menstruationsbeschwerden und Endometriose. Jetzt nat\u00fcrliche Progesteronl\u00f6sung kaufen.","og_url":"https:\/\/www.transtoyou.com\/de\/product\/famenita\/","og_site_name":"Transtoyou - DE","article_modified_time":"2026-02-16T08:58:48+00:00","twitter_card":"summary_large_image","twitter_misc":{"Gesch\u00e4tzte Lesezeit":"1\u00a0Minute"},"schema":{"@context":"https:\/\/schema.org","@graph":[{"@type":"WebPage","@id":"https:\/\/www.transtoyou.com\/de\/product\/famenita\/","url":"https:\/\/www.transtoyou.com\/de\/product\/famenita\/","name":"Famenita | Nat\u00fcrliche Hormonunterst\u00fctzung - Transtoyou","isPartOf":{"@id":"https:\/\/www.transtoyou.com\/de\/#website"},"primaryImageOfPage":{"@id":"https:\/\/www.transtoyou.com\/de\/product\/famenita\/#primaryimage"},"image":{"@id":"https:\/\/www.transtoyou.com\/de\/product\/famenita\/#primaryimage"},"thumbnailUrl":"https:\/\/www.transtoyou.com\/de\/wp-content\/uploads\/sites\/4\/2026\/01\/tty-no-product-image-42.webp","datePublished":"2026-01-23T18:38:33+00:00","dateModified":"2026-02-16T08:58:48+00:00","description":"Famenita, jetzt erh\u00e4ltlich, unterst\u00fctzt das Hormongleichgewicht bei HRT, Menstruationsbeschwerden und Endometriose. Jetzt nat\u00fcrliche Progesteronl\u00f6sung kaufen.","breadcrumb":{"@id":"https:\/\/www.transtoyou.com\/de\/product\/famenita\/#breadcrumb"},"inLanguage":"de","potentialAction":[{"@type":"ReadAction","target":["https:\/\/www.transtoyou.com\/de\/product\/famenita\/"]}]},{"@type":"ImageObject","inLanguage":"de","@id":"https:\/\/www.transtoyou.com\/de\/product\/famenita\/#primaryimage","url":"https:\/\/www.transtoyou.com\/de\/wp-content\/uploads\/sites\/4\/2026\/01\/tty-no-product-image-42.webp","contentUrl":"https:\/\/www.transtoyou.com\/de\/wp-content\/uploads\/sites\/4\/2026\/01\/tty-no-product-image-42.webp","width":1000,"height":1000,"caption":"Standardproduktbild"},{"@type":"WebSite","@id":"https:\/\/www.transtoyou.com\/de\/#website","url":"https:\/\/www.transtoyou.com\/de\/","name":"Transtoyou - DE","description":"DE","publisher":{"@id":"https:\/\/www.transtoyou.com\/de\/#organization"},"potentialAction":[{"@type":"SearchAction","target":{"@type":"EntryPoint","urlTemplate":"https:\/\/www.transtoyou.com\/de\/?s={search_term_string}"},"query-input":{"@type":"PropertyValueSpecification","valueRequired":true,"valueName":"search_term_string"}}],"inLanguage":"de"},{"@type":"Organization","@id":"https:\/\/www.transtoyou.com\/de\/#organization","name":"Transtoyou - DE","url":"https:\/\/www.transtoyou.com\/de\/","logo":{"@type":"ImageObject","inLanguage":"de","@id":"https:\/\/www.transtoyou.com\/de\/#\/schema\/logo\/image\/","url":"https:\/\/www.transtoyou.com\/de\/wp-content\/uploads\/sites\/4\/2026\/01\/logo-tty-menu-bar-300x87-1.webp","contentUrl":"https:\/\/www.transtoyou.com\/de\/wp-content\/uploads\/sites\/4\/2026\/01\/logo-tty-menu-bar-300x87-1.webp","width":300,"height":87,"caption":"Transtoyou - DE"},"image":{"@id":"https:\/\/www.transtoyou.com\/de\/#\/schema\/logo\/image\/"}}]}},"_links":{"self":[{"href":"https:\/\/www.transtoyou.com\/de\/wp-json\/wp\/v2\/product\/865","targetHints":{"allow":["GET"]}}],"collection":[{"href":"https:\/\/www.transtoyou.com\/de\/wp-json\/wp\/v2\/product"}],"about":[{"href":"https:\/\/www.transtoyou.com\/de\/wp-json\/wp\/v2\/types\/product"}],"replies":[{"embeddable":true,"href":"https:\/\/www.transtoyou.com\/de\/wp-json\/wp\/v2\/comments?post=865"}],"wp:featuredmedia":[{"embeddable":true,"href":"https:\/\/www.transtoyou.com\/de\/wp-json\/wp\/v2\/media\/867"}],"wp:attachment":[{"href":"https:\/\/www.transtoyou.com\/de\/wp-json\/wp\/v2\/media?parent=865"}],"wp:term":[{"taxonomy":"product_brand","embeddable":true,"href":"https:\/\/www.transtoyou.com\/de\/wp-json\/wp\/v2\/product_brand?post=865"},{"taxonomy":"product_cat","embeddable":true,"href":"https:\/\/www.transtoyou.com\/de\/wp-json\/wp\/v2\/product_cat?post=865"},{"taxonomy":"product_tag","embeddable":true,"href":"https:\/\/www.transtoyou.com\/de\/wp-json\/wp\/v2\/product_tag?post=865"},{"taxonomy":"expert","embeddable":true,"href":"https:\/\/www.transtoyou.com\/de\/wp-json\/wp\/v2\/expert?post=865"}],"curies":[{"name":"wp","href":"https:\/\/api.w.org\/{rel}","templated":true}]}}