{"id":874,"date":"2026-01-23T21:21:30","date_gmt":"2026-01-23T19:21:30","guid":{"rendered":"https:\/\/www.transtoyou.com\/de\/product\/mirena\/"},"modified":"2026-01-23T21:22:31","modified_gmt":"2026-01-23T19:22:31","slug":"mirena","status":"publish","type":"product","link":"https:\/\/www.transtoyou.com\/de\/product\/mirena\/","title":{"rendered":"Mirena"},"content":{"rendered":"<p>Mirena ist ein hormonfreisetzendes Intrauterinpessar, das eine langanhaltende Verh\u00fctung bietet und auch zur Reduzierung von starken Menstruationsblutungen eingesetzt wird. Es enth\u00e4lt Levonorgestrel, ein Gestagen, das \u00fcber mehrere Jahre langsam in die Geb\u00e4rmutter freigesetzt wird. Nach der Einlage bietet Mirena bis zu f\u00fcnf Jahre lang zuverl\u00e4ssigen Schutz vor einer Schwangerschaft und hilft gleichzeitig, die Menstruationsblutung zu unterdr\u00fccken oder zu verringern.<\/p>\n<p>Das Ger\u00e4t wird w\u00e4hrend eines kurzen Eingriffs in der Arztpraxis in die Geb\u00e4rmutter eingesetzt. Es funktioniert, indem es den Zervixschleim verdickt, um Spermien zu blockieren, die Geb\u00e4rmutterschleimhaut ver\u00e4ndert, um die Einnistung zu verhindern, und bei einigen Personen kann es den Eisprung unterdr\u00fccken. Das Hormon wird direkt in die Geb\u00e4rmutter abgegeben, sodass die systemische Hormonexposition gering bleibt.<\/p>\n<p>Mirena wird oft nicht nur wegen ihrer Verh\u00fctungswirkung gew\u00e4hlt, sondern auch wegen ihrer F\u00e4higkeit, den Menstruationsfluss erheblich zu reduzieren. Viele Anwenderinnen erleben leichtere Perioden, und in einigen F\u00e4llen h\u00f6ren die Perioden ganz auf. Es wird h\u00e4ufig von Menschen verwendet, die unter starken oder schmerzhaften Perioden leiden oder die eine langfristige, pflegeleichte L\u00f6sung bevorzugen, die t\u00e4gliche Pillen vermeidet.<\/p>\n<p>Als hormonelles IUP, das kein \u00d6strogen enth\u00e4lt, ist Mirena eine gute Option f\u00fcr diejenigen, die keine oder keine \u00f6strogenhaltigen Verh\u00fctungsmittel verwenden k\u00f6nnen oder m\u00f6chten. Es kann jederzeit entfernt werden, und die Fruchtbarkeit kehrt in der Regel schnell nach der Entfernung zur\u00fcck.<\/p>\n","protected":false},"excerpt":{"rendered":"<ul>\n<li>Hormonelle Spirale f\u00fcr bis zu 5 Jahre<\/li>\n<li>Reduziert oder stoppt die Menstruation<\/li>\n<li>\u00d6strogenfreie Verh\u00fctungsoption<\/li>\n<\/ul>\n","protected":false},"featured_media":875,"comment_status":"open","ping_status":"closed","template":"","meta":[],"product_brand":[],"product_cat":[144,151],"product_tag":[],"expert":[19],"class_list":{"0":"post-874","1":"product","2":"type-product","3":"status-publish","4":"has-post-thumbnail","6":"product_cat-intrauterines-gerat-iud","7":"product_cat-menstruationsunterdruckung","8":"expert-dr-j-vazquez","10":"first","11":"instock","12":"shipping-taxable","13":"product-type-simple"},"yoast_head":"<!-- This site is optimized with the Yoast SEO plugin v27.0 - https:\/\/yoast.com\/product\/yoast-seo-wordpress\/ -->\n<title>Mirena | Effektive Verh\u00fctungsl\u00f6sung - Transtoyou<\/title>\n<meta name=\"description\" content=\"Mirena: Zuverl\u00e4ssige Verh\u00fctungsl\u00f6sung hier erh\u00e4ltlich. Entdecke die Vorteile und shoppe noch heute bei Transtoyou f\u00fcr bequemen, vertrauensw\u00fcrdigen Zugang zur Gesundheitsversorgung.\" \/>\n<meta name=\"robots\" content=\"noindex, follow, max-snippet:-1, max-image-preview:large, max-video-preview:-1\" \/>\n<meta property=\"og:locale\" content=\"de_DE\" \/>\n<meta property=\"og:type\" content=\"article\" \/>\n<meta property=\"og:title\" content=\"Mirena | Effektive Verh\u00fctungsl\u00f6sung - Transtoyou\" \/>\n<meta property=\"og:description\" content=\"Mirena: Zuverl\u00e4ssige Verh\u00fctungsl\u00f6sung hier erh\u00e4ltlich. Entdecke die Vorteile und shoppe noch heute bei Transtoyou f\u00fcr bequemen, vertrauensw\u00fcrdigen Zugang zur Gesundheitsversorgung.\" \/>\n<meta property=\"og:url\" content=\"https:\/\/www.transtoyou.com\/de\/product\/mirena\/\" \/>\n<meta property=\"og:site_name\" content=\"Transtoyou - DE\" \/>\n<meta property=\"article:modified_time\" content=\"2026-01-23T19:22:31+00:00\" \/>\n<meta name=\"twitter:card\" content=\"summary_large_image\" \/>\n<meta name=\"twitter:label1\" content=\"Gesch\u00e4tzte Lesezeit\" \/>\n\t<meta name=\"twitter:data1\" content=\"1\u00a0Minute\" \/>\n<script type=\"application\/ld+json\" class=\"yoast-schema-graph\">{\"@context\":\"https:\/\/schema.org\",\"@graph\":[{\"@type\":\"WebPage\",\"@id\":\"https:\/\/www.transtoyou.com\/de\/product\/mirena\/\",\"url\":\"https:\/\/www.transtoyou.com\/de\/product\/mirena\/\",\"name\":\"Mirena | Effektive Verh\u00fctungsl\u00f6sung - Transtoyou\",\"isPartOf\":{\"@id\":\"https:\/\/www.transtoyou.com\/de\/#website\"},\"primaryImageOfPage\":{\"@id\":\"https:\/\/www.transtoyou.com\/de\/product\/mirena\/#primaryimage\"},\"image\":{\"@id\":\"https:\/\/www.transtoyou.com\/de\/product\/mirena\/#primaryimage\"},\"thumbnailUrl\":\"https:\/\/www.transtoyou.com\/de\/wp-content\/uploads\/sites\/4\/2026\/01\/tty-no-product-image-45.webp\",\"datePublished\":\"2026-01-23T19:21:30+00:00\",\"dateModified\":\"2026-01-23T19:22:31+00:00\",\"description\":\"Mirena: Zuverl\u00e4ssige Verh\u00fctungsl\u00f6sung hier erh\u00e4ltlich. Entdecke die Vorteile und shoppe noch heute bei Transtoyou f\u00fcr bequemen, vertrauensw\u00fcrdigen Zugang zur Gesundheitsversorgung.\",\"breadcrumb\":{\"@id\":\"https:\/\/www.transtoyou.com\/de\/product\/mirena\/#breadcrumb\"},\"inLanguage\":\"de\",\"potentialAction\":[{\"@type\":\"ReadAction\",\"target\":[\"https:\/\/www.transtoyou.com\/de\/product\/mirena\/\"]}]},{\"@type\":\"ImageObject\",\"inLanguage\":\"de\",\"@id\":\"https:\/\/www.transtoyou.com\/de\/product\/mirena\/#primaryimage\",\"url\":\"https:\/\/www.transtoyou.com\/de\/wp-content\/uploads\/sites\/4\/2026\/01\/tty-no-product-image-45.webp\",\"contentUrl\":\"https:\/\/www.transtoyou.com\/de\/wp-content\/uploads\/sites\/4\/2026\/01\/tty-no-product-image-45.webp\",\"width\":1000,\"height\":1000,\"caption\":\"Standardproduktbild\"},{\"@type\":\"WebSite\",\"@id\":\"https:\/\/www.transtoyou.com\/de\/#website\",\"url\":\"https:\/\/www.transtoyou.com\/de\/\",\"name\":\"Transtoyou - DE\",\"description\":\"DE\",\"publisher\":{\"@id\":\"https:\/\/www.transtoyou.com\/de\/#organization\"},\"potentialAction\":[{\"@type\":\"SearchAction\",\"target\":{\"@type\":\"EntryPoint\",\"urlTemplate\":\"https:\/\/www.transtoyou.com\/de\/?s={search_term_string}\"},\"query-input\":{\"@type\":\"PropertyValueSpecification\",\"valueRequired\":true,\"valueName\":\"search_term_string\"}}],\"inLanguage\":\"de\"},{\"@type\":\"Organization\",\"@id\":\"https:\/\/www.transtoyou.com\/de\/#organization\",\"name\":\"Transtoyou - DE\",\"url\":\"https:\/\/www.transtoyou.com\/de\/\",\"logo\":{\"@type\":\"ImageObject\",\"inLanguage\":\"de\",\"@id\":\"https:\/\/www.transtoyou.com\/de\/#\/schema\/logo\/image\/\",\"url\":\"https:\/\/www.transtoyou.com\/de\/wp-content\/uploads\/sites\/4\/2026\/01\/logo-tty-menu-bar-300x87-1.webp\",\"contentUrl\":\"https:\/\/www.transtoyou.com\/de\/wp-content\/uploads\/sites\/4\/2026\/01\/logo-tty-menu-bar-300x87-1.webp\",\"width\":300,\"height\":87,\"caption\":\"Transtoyou - DE\"},\"image\":{\"@id\":\"https:\/\/www.transtoyou.com\/de\/#\/schema\/logo\/image\/\"}}]}<\/script>\n<!-- \/ Yoast SEO plugin. -->","yoast_head_json":{"title":"Mirena | Effektive Verh\u00fctungsl\u00f6sung - Transtoyou","description":"Mirena: Zuverl\u00e4ssige Verh\u00fctungsl\u00f6sung hier erh\u00e4ltlich. Entdecke die Vorteile und shoppe noch heute bei Transtoyou f\u00fcr bequemen, vertrauensw\u00fcrdigen Zugang zur Gesundheitsversorgung.","robots":{"index":"noindex","follow":"follow","max-snippet":"max-snippet:-1","max-image-preview":"max-image-preview:large","max-video-preview":"max-video-preview:-1"},"og_locale":"de_DE","og_type":"article","og_title":"Mirena | Effektive Verh\u00fctungsl\u00f6sung - Transtoyou","og_description":"Mirena: Zuverl\u00e4ssige Verh\u00fctungsl\u00f6sung hier erh\u00e4ltlich. Entdecke die Vorteile und shoppe noch heute bei Transtoyou f\u00fcr bequemen, vertrauensw\u00fcrdigen Zugang zur Gesundheitsversorgung.","og_url":"https:\/\/www.transtoyou.com\/de\/product\/mirena\/","og_site_name":"Transtoyou - DE","article_modified_time":"2026-01-23T19:22:31+00:00","twitter_card":"summary_large_image","twitter_misc":{"Gesch\u00e4tzte Lesezeit":"1\u00a0Minute"},"schema":{"@context":"https:\/\/schema.org","@graph":[{"@type":"WebPage","@id":"https:\/\/www.transtoyou.com\/de\/product\/mirena\/","url":"https:\/\/www.transtoyou.com\/de\/product\/mirena\/","name":"Mirena | Effektive Verh\u00fctungsl\u00f6sung - Transtoyou","isPartOf":{"@id":"https:\/\/www.transtoyou.com\/de\/#website"},"primaryImageOfPage":{"@id":"https:\/\/www.transtoyou.com\/de\/product\/mirena\/#primaryimage"},"image":{"@id":"https:\/\/www.transtoyou.com\/de\/product\/mirena\/#primaryimage"},"thumbnailUrl":"https:\/\/www.transtoyou.com\/de\/wp-content\/uploads\/sites\/4\/2026\/01\/tty-no-product-image-45.webp","datePublished":"2026-01-23T19:21:30+00:00","dateModified":"2026-01-23T19:22:31+00:00","description":"Mirena: Zuverl\u00e4ssige Verh\u00fctungsl\u00f6sung hier erh\u00e4ltlich. Entdecke die Vorteile und shoppe noch heute bei Transtoyou f\u00fcr bequemen, vertrauensw\u00fcrdigen Zugang zur Gesundheitsversorgung.","breadcrumb":{"@id":"https:\/\/www.transtoyou.com\/de\/product\/mirena\/#breadcrumb"},"inLanguage":"de","potentialAction":[{"@type":"ReadAction","target":["https:\/\/www.transtoyou.com\/de\/product\/mirena\/"]}]},{"@type":"ImageObject","inLanguage":"de","@id":"https:\/\/www.transtoyou.com\/de\/product\/mirena\/#primaryimage","url":"https:\/\/www.transtoyou.com\/de\/wp-content\/uploads\/sites\/4\/2026\/01\/tty-no-product-image-45.webp","contentUrl":"https:\/\/www.transtoyou.com\/de\/wp-content\/uploads\/sites\/4\/2026\/01\/tty-no-product-image-45.webp","width":1000,"height":1000,"caption":"Standardproduktbild"},{"@type":"WebSite","@id":"https:\/\/www.transtoyou.com\/de\/#website","url":"https:\/\/www.transtoyou.com\/de\/","name":"Transtoyou - DE","description":"DE","publisher":{"@id":"https:\/\/www.transtoyou.com\/de\/#organization"},"potentialAction":[{"@type":"SearchAction","target":{"@type":"EntryPoint","urlTemplate":"https:\/\/www.transtoyou.com\/de\/?s={search_term_string}"},"query-input":{"@type":"PropertyValueSpecification","valueRequired":true,"valueName":"search_term_string"}}],"inLanguage":"de"},{"@type":"Organization","@id":"https:\/\/www.transtoyou.com\/de\/#organization","name":"Transtoyou - DE","url":"https:\/\/www.transtoyou.com\/de\/","logo":{"@type":"ImageObject","inLanguage":"de","@id":"https:\/\/www.transtoyou.com\/de\/#\/schema\/logo\/image\/","url":"https:\/\/www.transtoyou.com\/de\/wp-content\/uploads\/sites\/4\/2026\/01\/logo-tty-menu-bar-300x87-1.webp","contentUrl":"https:\/\/www.transtoyou.com\/de\/wp-content\/uploads\/sites\/4\/2026\/01\/logo-tty-menu-bar-300x87-1.webp","width":300,"height":87,"caption":"Transtoyou - DE"},"image":{"@id":"https:\/\/www.transtoyou.com\/de\/#\/schema\/logo\/image\/"}}]}},"_links":{"self":[{"href":"https:\/\/www.transtoyou.com\/de\/wp-json\/wp\/v2\/product\/874","targetHints":{"allow":["GET"]}}],"collection":[{"href":"https:\/\/www.transtoyou.com\/de\/wp-json\/wp\/v2\/product"}],"about":[{"href":"https:\/\/www.transtoyou.com\/de\/wp-json\/wp\/v2\/types\/product"}],"replies":[{"embeddable":true,"href":"https:\/\/www.transtoyou.com\/de\/wp-json\/wp\/v2\/comments?post=874"}],"wp:featuredmedia":[{"embeddable":true,"href":"https:\/\/www.transtoyou.com\/de\/wp-json\/wp\/v2\/media\/875"}],"wp:attachment":[{"href":"https:\/\/www.transtoyou.com\/de\/wp-json\/wp\/v2\/media?parent=874"}],"wp:term":[{"taxonomy":"product_brand","embeddable":true,"href":"https:\/\/www.transtoyou.com\/de\/wp-json\/wp\/v2\/product_brand?post=874"},{"taxonomy":"product_cat","embeddable":true,"href":"https:\/\/www.transtoyou.com\/de\/wp-json\/wp\/v2\/product_cat?post=874"},{"taxonomy":"product_tag","embeddable":true,"href":"https:\/\/www.transtoyou.com\/de\/wp-json\/wp\/v2\/product_tag?post=874"},{"taxonomy":"expert","embeddable":true,"href":"https:\/\/www.transtoyou.com\/de\/wp-json\/wp\/v2\/expert?post=874"}],"curies":[{"name":"wp","href":"https:\/\/api.w.org\/{rel}","templated":true}]}}