{"id":876,"date":"2026-01-23T21:35:49","date_gmt":"2026-01-23T19:35:49","guid":{"rendered":"https:\/\/www.transtoyou.com\/de\/product\/kyleena\/"},"modified":"2026-02-20T13:18:24","modified_gmt":"2026-02-20T11:18:24","slug":"kyleena","status":"publish","type":"product","link":"https:\/\/www.transtoyou.com\/de\/product\/kyleena\/","title":{"rendered":"Kyleena"},"content":{"rendered":"<p>Kyleena ist ein kleines, flexibles Intrauterinpessar, das eine niedrige Dosis des Hormons Levonorgestrel direkt in die Geb\u00e4rmutter abgibt. Es bietet eine langanhaltende reversible Verh\u00fctung f\u00fcr bis zu f\u00fcnf Jahre und geh\u00f6rt zu den effektivsten Verh\u00fctungsmethoden, die verf\u00fcgbar sind. Nach der Platzierung wirkt Kyleena kontinuierlich, ohne dass t\u00e4gliche Aufmerksamkeit erforderlich ist.<\/p>\n<p>Das Ger\u00e4t wird w\u00e4hrend eines einfachen Verfahrens in die Geb\u00e4rmutter eingesetzt. Es gibt Levonorgestrel langsam ab, das den Zervixschleim verdickt, um zu verhindern, dass Spermien die Eizelle erreichen, und kann bei einigen Personen auch den Eisprung unterdr\u00fccken. Das Hormon wird lokal in kleinen Mengen freigesetzt, was die Wahrscheinlichkeit systemischer Nebenwirkungen verringert.<\/p>\n<p>Kyleena ist kleiner als einige andere IUPs und wird oft von Personen gew\u00e4hlt, die eine niedrig dosierte hormonelle Option bevorzugen oder keine Kinder haben. Es ist innerhalb von 24 Stunden nach der Platzierung wirksam und kann jederzeit entfernt werden, sodass die Fruchtbarkeit schnell zur\u00fcckkehrt. Im Gegensatz zu t\u00e4glichen Pillen oder Injektionen bietet Kyleena kontinuierlichen Schutz, ohne dass regelm\u00e4\u00dfige Ma\u00dfnahmen des Nutzers erforderlich sind.<\/p>\n<p>Dieses IUP ist eine diskrete und \u00e4u\u00dferst zuverl\u00e4ssige Verh\u00fctungsmethode, die es den Nutzern erm\u00f6glicht, auf \u00d6strogen zu verzichten und eine langfristige, pflegeleichte L\u00f6sung zu w\u00e4hlen. Kyleena enth\u00e4lt kein Kupfer und ist nicht f\u00fcr die Notfallverh\u00fctung gedacht. Du kannst Kyleena bei Transtoyou anfordern, musst jedoch einen Termin mit einem Fachmann vereinbaren, der das IUP f\u00fcr dich einsetzen kann.<\/p>\n","protected":false},"excerpt":{"rendered":"<ul>\n<li>Langzeit-hormonelle Spirale<\/li>\n<li>Wirksam bis zu f\u00fcnf Jahre<\/li>\n<li>Niedrig dosiert und \u00f6strogenfrei<\/li>\n<\/ul>\n","protected":false},"featured_media":878,"comment_status":"open","ping_status":"closed","template":"","meta":[],"product_brand":[],"product_cat":[144,151],"product_tag":[],"expert":[19],"class_list":{"0":"post-876","1":"product","2":"type-product","3":"status-publish","4":"has-post-thumbnail","6":"product_cat-intrauterines-gerat-iud","7":"product_cat-menstruationsunterdruckung","8":"expert-dr-j-vazquez","10":"first","11":"instock","12":"shipping-taxable","13":"product-type-variable"},"yoast_head":"<!-- This site is optimized with the Yoast SEO plugin v27.0 - https:\/\/yoast.com\/product\/yoast-seo-wordpress\/ -->\n<title>Kyleena | Effektive Langzeitverh\u00fctung - Transtoyou<\/title>\n<meta name=\"description\" content=\"Kyleena, erh\u00e4ltlich bei Transtoyou, bietet zuverl\u00e4ssigen, langfristigen Verh\u00fctungsschutz. Entdecke die Vorteile f\u00fcr deine Familienplanung!\" \/>\n<meta name=\"robots\" content=\"noindex, follow, max-snippet:-1, max-image-preview:large, max-video-preview:-1\" \/>\n<meta property=\"og:locale\" content=\"de_DE\" \/>\n<meta property=\"og:type\" content=\"article\" \/>\n<meta property=\"og:title\" content=\"Kyleena | Effektive Langzeitverh\u00fctung - Transtoyou\" \/>\n<meta property=\"og:description\" content=\"Kyleena, erh\u00e4ltlich bei Transtoyou, bietet zuverl\u00e4ssigen, langfristigen Verh\u00fctungsschutz. Entdecke die Vorteile f\u00fcr deine Familienplanung!\" \/>\n<meta property=\"og:url\" content=\"https:\/\/www.transtoyou.com\/de\/product\/kyleena\/\" \/>\n<meta property=\"og:site_name\" content=\"Transtoyou - DE\" \/>\n<meta property=\"article:modified_time\" content=\"2026-02-20T11:18:24+00:00\" \/>\n<meta name=\"twitter:card\" content=\"summary_large_image\" \/>\n<meta name=\"twitter:label1\" content=\"Gesch\u00e4tzte Lesezeit\" \/>\n\t<meta name=\"twitter:data1\" content=\"1\u00a0Minute\" \/>\n<script type=\"application\/ld+json\" class=\"yoast-schema-graph\">{\"@context\":\"https:\/\/schema.org\",\"@graph\":[{\"@type\":\"WebPage\",\"@id\":\"https:\/\/www.transtoyou.com\/de\/product\/kyleena\/\",\"url\":\"https:\/\/www.transtoyou.com\/de\/product\/kyleena\/\",\"name\":\"Kyleena | Effektive Langzeitverh\u00fctung - Transtoyou\",\"isPartOf\":{\"@id\":\"https:\/\/www.transtoyou.com\/de\/#website\"},\"primaryImageOfPage\":{\"@id\":\"https:\/\/www.transtoyou.com\/de\/product\/kyleena\/#primaryimage\"},\"image\":{\"@id\":\"https:\/\/www.transtoyou.com\/de\/product\/kyleena\/#primaryimage\"},\"thumbnailUrl\":\"https:\/\/www.transtoyou.com\/de\/wp-content\/uploads\/sites\/4\/2026\/01\/tty-no-product-image-46.webp\",\"datePublished\":\"2026-01-23T19:35:49+00:00\",\"dateModified\":\"2026-02-20T11:18:24+00:00\",\"description\":\"Kyleena, erh\u00e4ltlich bei Transtoyou, bietet zuverl\u00e4ssigen, langfristigen Verh\u00fctungsschutz. Entdecke die Vorteile f\u00fcr deine Familienplanung!\",\"breadcrumb\":{\"@id\":\"https:\/\/www.transtoyou.com\/de\/product\/kyleena\/#breadcrumb\"},\"inLanguage\":\"de\",\"potentialAction\":[{\"@type\":\"ReadAction\",\"target\":[\"https:\/\/www.transtoyou.com\/de\/product\/kyleena\/\"]}]},{\"@type\":\"ImageObject\",\"inLanguage\":\"de\",\"@id\":\"https:\/\/www.transtoyou.com\/de\/product\/kyleena\/#primaryimage\",\"url\":\"https:\/\/www.transtoyou.com\/de\/wp-content\/uploads\/sites\/4\/2026\/01\/tty-no-product-image-46.webp\",\"contentUrl\":\"https:\/\/www.transtoyou.com\/de\/wp-content\/uploads\/sites\/4\/2026\/01\/tty-no-product-image-46.webp\",\"width\":1000,\"height\":1000,\"caption\":\"Standardproduktbild\"},{\"@type\":\"WebSite\",\"@id\":\"https:\/\/www.transtoyou.com\/de\/#website\",\"url\":\"https:\/\/www.transtoyou.com\/de\/\",\"name\":\"Transtoyou - DE\",\"description\":\"DE\",\"publisher\":{\"@id\":\"https:\/\/www.transtoyou.com\/de\/#organization\"},\"potentialAction\":[{\"@type\":\"SearchAction\",\"target\":{\"@type\":\"EntryPoint\",\"urlTemplate\":\"https:\/\/www.transtoyou.com\/de\/?s={search_term_string}\"},\"query-input\":{\"@type\":\"PropertyValueSpecification\",\"valueRequired\":true,\"valueName\":\"search_term_string\"}}],\"inLanguage\":\"de\"},{\"@type\":\"Organization\",\"@id\":\"https:\/\/www.transtoyou.com\/de\/#organization\",\"name\":\"Transtoyou - DE\",\"url\":\"https:\/\/www.transtoyou.com\/de\/\",\"logo\":{\"@type\":\"ImageObject\",\"inLanguage\":\"de\",\"@id\":\"https:\/\/www.transtoyou.com\/de\/#\/schema\/logo\/image\/\",\"url\":\"https:\/\/www.transtoyou.com\/de\/wp-content\/uploads\/sites\/4\/2026\/01\/logo-tty-menu-bar-300x87-1.webp\",\"contentUrl\":\"https:\/\/www.transtoyou.com\/de\/wp-content\/uploads\/sites\/4\/2026\/01\/logo-tty-menu-bar-300x87-1.webp\",\"width\":300,\"height\":87,\"caption\":\"Transtoyou - DE\"},\"image\":{\"@id\":\"https:\/\/www.transtoyou.com\/de\/#\/schema\/logo\/image\/\"}}]}<\/script>\n<!-- \/ Yoast SEO plugin. -->","yoast_head_json":{"title":"Kyleena | Effektive Langzeitverh\u00fctung - Transtoyou","description":"Kyleena, erh\u00e4ltlich bei Transtoyou, bietet zuverl\u00e4ssigen, langfristigen Verh\u00fctungsschutz. Entdecke die Vorteile f\u00fcr deine Familienplanung!","robots":{"index":"noindex","follow":"follow","max-snippet":"max-snippet:-1","max-image-preview":"max-image-preview:large","max-video-preview":"max-video-preview:-1"},"og_locale":"de_DE","og_type":"article","og_title":"Kyleena | Effektive Langzeitverh\u00fctung - Transtoyou","og_description":"Kyleena, erh\u00e4ltlich bei Transtoyou, bietet zuverl\u00e4ssigen, langfristigen Verh\u00fctungsschutz. Entdecke die Vorteile f\u00fcr deine Familienplanung!","og_url":"https:\/\/www.transtoyou.com\/de\/product\/kyleena\/","og_site_name":"Transtoyou - DE","article_modified_time":"2026-02-20T11:18:24+00:00","twitter_card":"summary_large_image","twitter_misc":{"Gesch\u00e4tzte Lesezeit":"1\u00a0Minute"},"schema":{"@context":"https:\/\/schema.org","@graph":[{"@type":"WebPage","@id":"https:\/\/www.transtoyou.com\/de\/product\/kyleena\/","url":"https:\/\/www.transtoyou.com\/de\/product\/kyleena\/","name":"Kyleena | Effektive Langzeitverh\u00fctung - Transtoyou","isPartOf":{"@id":"https:\/\/www.transtoyou.com\/de\/#website"},"primaryImageOfPage":{"@id":"https:\/\/www.transtoyou.com\/de\/product\/kyleena\/#primaryimage"},"image":{"@id":"https:\/\/www.transtoyou.com\/de\/product\/kyleena\/#primaryimage"},"thumbnailUrl":"https:\/\/www.transtoyou.com\/de\/wp-content\/uploads\/sites\/4\/2026\/01\/tty-no-product-image-46.webp","datePublished":"2026-01-23T19:35:49+00:00","dateModified":"2026-02-20T11:18:24+00:00","description":"Kyleena, erh\u00e4ltlich bei Transtoyou, bietet zuverl\u00e4ssigen, langfristigen Verh\u00fctungsschutz. Entdecke die Vorteile f\u00fcr deine Familienplanung!","breadcrumb":{"@id":"https:\/\/www.transtoyou.com\/de\/product\/kyleena\/#breadcrumb"},"inLanguage":"de","potentialAction":[{"@type":"ReadAction","target":["https:\/\/www.transtoyou.com\/de\/product\/kyleena\/"]}]},{"@type":"ImageObject","inLanguage":"de","@id":"https:\/\/www.transtoyou.com\/de\/product\/kyleena\/#primaryimage","url":"https:\/\/www.transtoyou.com\/de\/wp-content\/uploads\/sites\/4\/2026\/01\/tty-no-product-image-46.webp","contentUrl":"https:\/\/www.transtoyou.com\/de\/wp-content\/uploads\/sites\/4\/2026\/01\/tty-no-product-image-46.webp","width":1000,"height":1000,"caption":"Standardproduktbild"},{"@type":"WebSite","@id":"https:\/\/www.transtoyou.com\/de\/#website","url":"https:\/\/www.transtoyou.com\/de\/","name":"Transtoyou - DE","description":"DE","publisher":{"@id":"https:\/\/www.transtoyou.com\/de\/#organization"},"potentialAction":[{"@type":"SearchAction","target":{"@type":"EntryPoint","urlTemplate":"https:\/\/www.transtoyou.com\/de\/?s={search_term_string}"},"query-input":{"@type":"PropertyValueSpecification","valueRequired":true,"valueName":"search_term_string"}}],"inLanguage":"de"},{"@type":"Organization","@id":"https:\/\/www.transtoyou.com\/de\/#organization","name":"Transtoyou - DE","url":"https:\/\/www.transtoyou.com\/de\/","logo":{"@type":"ImageObject","inLanguage":"de","@id":"https:\/\/www.transtoyou.com\/de\/#\/schema\/logo\/image\/","url":"https:\/\/www.transtoyou.com\/de\/wp-content\/uploads\/sites\/4\/2026\/01\/logo-tty-menu-bar-300x87-1.webp","contentUrl":"https:\/\/www.transtoyou.com\/de\/wp-content\/uploads\/sites\/4\/2026\/01\/logo-tty-menu-bar-300x87-1.webp","width":300,"height":87,"caption":"Transtoyou - DE"},"image":{"@id":"https:\/\/www.transtoyou.com\/de\/#\/schema\/logo\/image\/"}}]}},"_links":{"self":[{"href":"https:\/\/www.transtoyou.com\/de\/wp-json\/wp\/v2\/product\/876","targetHints":{"allow":["GET"]}}],"collection":[{"href":"https:\/\/www.transtoyou.com\/de\/wp-json\/wp\/v2\/product"}],"about":[{"href":"https:\/\/www.transtoyou.com\/de\/wp-json\/wp\/v2\/types\/product"}],"replies":[{"embeddable":true,"href":"https:\/\/www.transtoyou.com\/de\/wp-json\/wp\/v2\/comments?post=876"}],"wp:featuredmedia":[{"embeddable":true,"href":"https:\/\/www.transtoyou.com\/de\/wp-json\/wp\/v2\/media\/878"}],"wp:attachment":[{"href":"https:\/\/www.transtoyou.com\/de\/wp-json\/wp\/v2\/media?parent=876"}],"wp:term":[{"taxonomy":"product_brand","embeddable":true,"href":"https:\/\/www.transtoyou.com\/de\/wp-json\/wp\/v2\/product_brand?post=876"},{"taxonomy":"product_cat","embeddable":true,"href":"https:\/\/www.transtoyou.com\/de\/wp-json\/wp\/v2\/product_cat?post=876"},{"taxonomy":"product_tag","embeddable":true,"href":"https:\/\/www.transtoyou.com\/de\/wp-json\/wp\/v2\/product_tag?post=876"},{"taxonomy":"expert","embeddable":true,"href":"https:\/\/www.transtoyou.com\/de\/wp-json\/wp\/v2\/expert?post=876"}],"curies":[{"name":"wp","href":"https:\/\/api.w.org\/{rel}","templated":true}]}}