{"id":879,"date":"2026-01-23T21:49:50","date_gmt":"2026-01-23T19:49:50","guid":{"rendered":"https:\/\/www.transtoyou.com\/de\/product\/zumenon\/"},"modified":"2026-01-23T21:50:47","modified_gmt":"2026-01-23T19:50:47","slug":"zumenon","status":"publish","type":"product","link":"https:\/\/www.transtoyou.com\/de\/product\/zumenon\/","title":{"rendered":"Zumenon"},"content":{"rendered":"<p>Zumenon ist ein rezeptpflichtiges Medikament f\u00fcr die Hormonersatztherapie. Jede Tablette enth\u00e4lt Estradiol, eine Form von \u00d6strogen, die identisch mit dem im K\u00f6rper nat\u00fcrlich produzierten ist. Es wird verwendet, um Symptome eines \u00d6strogenmangels bei Personen zu behandeln, die die Menopause durchlaufen haben, und kann auch in der \u00d6strogen- und feminisierenden Hormontherapie eingesetzt werden.<\/p>\n<p>F\u00fcr Personen, die die Menopause erleben, hilft Zumenon, Symptome wie Hitzewallungen, Nachtschwei\u00df, Stimmungsschwankungen und vaginale Trockenheit zu reduzieren. Diese Symptome sind oft das Ergebnis sinkender \u00d6strogenspiegel. Durch die Wiederherstellung der Estradiolspiegel unterst\u00fctzt Zumenon das hormonelle Gleichgewicht und verbessert den Komfort w\u00e4hrend der postmenopausalen Phase.<\/p>\n<p>Zumenon wird auch im Kontext der geschlechtsaffirmierenden Hormontherapie eingesetzt. Bei Transgender-Frauen kann das Estradiol in Zumenon feminisierende k\u00f6rperliche Ver\u00e4nderungen unterst\u00fctzen, einschlie\u00dflich Fettverlagerung, Hautverweichlichung und Brustentwicklung. Die orale Form kann von Personen bevorzugt werden, die eine einfache, vertraute Verabreichungsmethode w\u00fcnschen.<\/p>\n<p>Zumenon wird typischerweise einmal t\u00e4glich eingenommen, und die Dosierung kann je nach individuellen Behandlungszielen angepasst werden. Es kann allein oder zusammen mit einem Gestagen f\u00fcr Personen, die eine Geb\u00e4rmutter haben, verwendet werden. Ob f\u00fcr die Menopause oder den Geschlechts\u00fcbergang, Zumenon bietet eine unkomplizierte M\u00f6glichkeit, die \u00d6strogenspiegel zu erg\u00e4nzen und das langfristige hormonelle Gleichgewicht zu unterst\u00fctzen.<\/p>\n","protected":false},"excerpt":{"rendered":"<ul>\n<li>T\u00e4gliche orale \u00d6strogentablette<\/li>\n<li>Verwendet f\u00fcr die Menopause und den \u00dcbergang<\/li>\n<li>Unterst\u00fctzt das hormonelle Gleichgewicht<\/li>\n<\/ul>\n","protected":false},"featured_media":881,"comment_status":"open","ping_status":"closed","template":"","meta":[],"product_brand":[],"product_cat":[142,119],"product_tag":[],"expert":[19],"class_list":{"0":"post-879","1":"product","2":"type-product","3":"status-publish","4":"has-post-thumbnail","6":"product_cat-hormonersatztherapie-hrt","7":"product_cat-ostrogen-und-feminisierungstherapie","8":"expert-dr-j-vazquez","10":"first","11":"instock","12":"shipping-taxable","13":"product-type-variable"},"yoast_head":"<!-- This site is optimized with the Yoast SEO plugin v27.0 - https:\/\/yoast.com\/product\/yoast-seo-wordpress\/ -->\n<title>Zumenon | Unterst\u00fctzung des hormonellen Gleichgewichts - Transtoyou<\/title>\n<meta name=\"description\" content=\"Zumenon, hier erh\u00e4ltlich, bietet Vorteile der Hormonersatztherapie. Jetzt einkaufen f\u00fcr effektive Linderung und verbessertes Wohlbefinden mit Transtoyou.\" \/>\n<meta name=\"robots\" content=\"noindex, follow, max-snippet:-1, max-image-preview:large, max-video-preview:-1\" \/>\n<meta property=\"og:locale\" content=\"de_DE\" \/>\n<meta property=\"og:type\" content=\"article\" \/>\n<meta property=\"og:title\" content=\"Zumenon | Unterst\u00fctzung des hormonellen Gleichgewichts - Transtoyou\" \/>\n<meta property=\"og:description\" content=\"Zumenon, hier erh\u00e4ltlich, bietet Vorteile der Hormonersatztherapie. Jetzt einkaufen f\u00fcr effektive Linderung und verbessertes Wohlbefinden mit Transtoyou.\" \/>\n<meta property=\"og:url\" content=\"https:\/\/www.transtoyou.com\/de\/product\/zumenon\/\" \/>\n<meta property=\"og:site_name\" content=\"Transtoyou - DE\" \/>\n<meta property=\"article:modified_time\" content=\"2026-01-23T19:50:47+00:00\" \/>\n<meta name=\"twitter:card\" content=\"summary_large_image\" \/>\n<meta name=\"twitter:label1\" content=\"Gesch\u00e4tzte Lesezeit\" \/>\n\t<meta name=\"twitter:data1\" content=\"1\u00a0Minute\" \/>\n<script type=\"application\/ld+json\" class=\"yoast-schema-graph\">{\"@context\":\"https:\/\/schema.org\",\"@graph\":[{\"@type\":\"WebPage\",\"@id\":\"https:\/\/www.transtoyou.com\/de\/product\/zumenon\/\",\"url\":\"https:\/\/www.transtoyou.com\/de\/product\/zumenon\/\",\"name\":\"Zumenon | Unterst\u00fctzung des hormonellen Gleichgewichts - Transtoyou\",\"isPartOf\":{\"@id\":\"https:\/\/www.transtoyou.com\/de\/#website\"},\"primaryImageOfPage\":{\"@id\":\"https:\/\/www.transtoyou.com\/de\/product\/zumenon\/#primaryimage\"},\"image\":{\"@id\":\"https:\/\/www.transtoyou.com\/de\/product\/zumenon\/#primaryimage\"},\"thumbnailUrl\":\"https:\/\/www.transtoyou.com\/de\/wp-content\/uploads\/sites\/4\/2026\/01\/tty-no-product-image-47.webp\",\"datePublished\":\"2026-01-23T19:49:50+00:00\",\"dateModified\":\"2026-01-23T19:50:47+00:00\",\"description\":\"Zumenon, hier erh\u00e4ltlich, bietet Vorteile der Hormonersatztherapie. Jetzt einkaufen f\u00fcr effektive Linderung und verbessertes Wohlbefinden mit Transtoyou.\",\"breadcrumb\":{\"@id\":\"https:\/\/www.transtoyou.com\/de\/product\/zumenon\/#breadcrumb\"},\"inLanguage\":\"de\",\"potentialAction\":[{\"@type\":\"ReadAction\",\"target\":[\"https:\/\/www.transtoyou.com\/de\/product\/zumenon\/\"]}]},{\"@type\":\"ImageObject\",\"inLanguage\":\"de\",\"@id\":\"https:\/\/www.transtoyou.com\/de\/product\/zumenon\/#primaryimage\",\"url\":\"https:\/\/www.transtoyou.com\/de\/wp-content\/uploads\/sites\/4\/2026\/01\/tty-no-product-image-47.webp\",\"contentUrl\":\"https:\/\/www.transtoyou.com\/de\/wp-content\/uploads\/sites\/4\/2026\/01\/tty-no-product-image-47.webp\",\"width\":1000,\"height\":1000,\"caption\":\"Standardproduktbild\"},{\"@type\":\"WebSite\",\"@id\":\"https:\/\/www.transtoyou.com\/de\/#website\",\"url\":\"https:\/\/www.transtoyou.com\/de\/\",\"name\":\"Transtoyou - DE\",\"description\":\"DE\",\"publisher\":{\"@id\":\"https:\/\/www.transtoyou.com\/de\/#organization\"},\"potentialAction\":[{\"@type\":\"SearchAction\",\"target\":{\"@type\":\"EntryPoint\",\"urlTemplate\":\"https:\/\/www.transtoyou.com\/de\/?s={search_term_string}\"},\"query-input\":{\"@type\":\"PropertyValueSpecification\",\"valueRequired\":true,\"valueName\":\"search_term_string\"}}],\"inLanguage\":\"de\"},{\"@type\":\"Organization\",\"@id\":\"https:\/\/www.transtoyou.com\/de\/#organization\",\"name\":\"Transtoyou - DE\",\"url\":\"https:\/\/www.transtoyou.com\/de\/\",\"logo\":{\"@type\":\"ImageObject\",\"inLanguage\":\"de\",\"@id\":\"https:\/\/www.transtoyou.com\/de\/#\/schema\/logo\/image\/\",\"url\":\"https:\/\/www.transtoyou.com\/de\/wp-content\/uploads\/sites\/4\/2026\/01\/logo-tty-menu-bar-300x87-1.webp\",\"contentUrl\":\"https:\/\/www.transtoyou.com\/de\/wp-content\/uploads\/sites\/4\/2026\/01\/logo-tty-menu-bar-300x87-1.webp\",\"width\":300,\"height\":87,\"caption\":\"Transtoyou - DE\"},\"image\":{\"@id\":\"https:\/\/www.transtoyou.com\/de\/#\/schema\/logo\/image\/\"}}]}<\/script>\n<!-- \/ Yoast SEO plugin. -->","yoast_head_json":{"title":"Zumenon | Unterst\u00fctzung des hormonellen Gleichgewichts - Transtoyou","description":"Zumenon, hier erh\u00e4ltlich, bietet Vorteile der Hormonersatztherapie. Jetzt einkaufen f\u00fcr effektive Linderung und verbessertes Wohlbefinden mit Transtoyou.","robots":{"index":"noindex","follow":"follow","max-snippet":"max-snippet:-1","max-image-preview":"max-image-preview:large","max-video-preview":"max-video-preview:-1"},"og_locale":"de_DE","og_type":"article","og_title":"Zumenon | Unterst\u00fctzung des hormonellen Gleichgewichts - Transtoyou","og_description":"Zumenon, hier erh\u00e4ltlich, bietet Vorteile der Hormonersatztherapie. Jetzt einkaufen f\u00fcr effektive Linderung und verbessertes Wohlbefinden mit Transtoyou.","og_url":"https:\/\/www.transtoyou.com\/de\/product\/zumenon\/","og_site_name":"Transtoyou - DE","article_modified_time":"2026-01-23T19:50:47+00:00","twitter_card":"summary_large_image","twitter_misc":{"Gesch\u00e4tzte Lesezeit":"1\u00a0Minute"},"schema":{"@context":"https:\/\/schema.org","@graph":[{"@type":"WebPage","@id":"https:\/\/www.transtoyou.com\/de\/product\/zumenon\/","url":"https:\/\/www.transtoyou.com\/de\/product\/zumenon\/","name":"Zumenon | Unterst\u00fctzung des hormonellen Gleichgewichts - Transtoyou","isPartOf":{"@id":"https:\/\/www.transtoyou.com\/de\/#website"},"primaryImageOfPage":{"@id":"https:\/\/www.transtoyou.com\/de\/product\/zumenon\/#primaryimage"},"image":{"@id":"https:\/\/www.transtoyou.com\/de\/product\/zumenon\/#primaryimage"},"thumbnailUrl":"https:\/\/www.transtoyou.com\/de\/wp-content\/uploads\/sites\/4\/2026\/01\/tty-no-product-image-47.webp","datePublished":"2026-01-23T19:49:50+00:00","dateModified":"2026-01-23T19:50:47+00:00","description":"Zumenon, hier erh\u00e4ltlich, bietet Vorteile der Hormonersatztherapie. Jetzt einkaufen f\u00fcr effektive Linderung und verbessertes Wohlbefinden mit Transtoyou.","breadcrumb":{"@id":"https:\/\/www.transtoyou.com\/de\/product\/zumenon\/#breadcrumb"},"inLanguage":"de","potentialAction":[{"@type":"ReadAction","target":["https:\/\/www.transtoyou.com\/de\/product\/zumenon\/"]}]},{"@type":"ImageObject","inLanguage":"de","@id":"https:\/\/www.transtoyou.com\/de\/product\/zumenon\/#primaryimage","url":"https:\/\/www.transtoyou.com\/de\/wp-content\/uploads\/sites\/4\/2026\/01\/tty-no-product-image-47.webp","contentUrl":"https:\/\/www.transtoyou.com\/de\/wp-content\/uploads\/sites\/4\/2026\/01\/tty-no-product-image-47.webp","width":1000,"height":1000,"caption":"Standardproduktbild"},{"@type":"WebSite","@id":"https:\/\/www.transtoyou.com\/de\/#website","url":"https:\/\/www.transtoyou.com\/de\/","name":"Transtoyou - DE","description":"DE","publisher":{"@id":"https:\/\/www.transtoyou.com\/de\/#organization"},"potentialAction":[{"@type":"SearchAction","target":{"@type":"EntryPoint","urlTemplate":"https:\/\/www.transtoyou.com\/de\/?s={search_term_string}"},"query-input":{"@type":"PropertyValueSpecification","valueRequired":true,"valueName":"search_term_string"}}],"inLanguage":"de"},{"@type":"Organization","@id":"https:\/\/www.transtoyou.com\/de\/#organization","name":"Transtoyou - DE","url":"https:\/\/www.transtoyou.com\/de\/","logo":{"@type":"ImageObject","inLanguage":"de","@id":"https:\/\/www.transtoyou.com\/de\/#\/schema\/logo\/image\/","url":"https:\/\/www.transtoyou.com\/de\/wp-content\/uploads\/sites\/4\/2026\/01\/logo-tty-menu-bar-300x87-1.webp","contentUrl":"https:\/\/www.transtoyou.com\/de\/wp-content\/uploads\/sites\/4\/2026\/01\/logo-tty-menu-bar-300x87-1.webp","width":300,"height":87,"caption":"Transtoyou - DE"},"image":{"@id":"https:\/\/www.transtoyou.com\/de\/#\/schema\/logo\/image\/"}}]}},"_links":{"self":[{"href":"https:\/\/www.transtoyou.com\/de\/wp-json\/wp\/v2\/product\/879","targetHints":{"allow":["GET"]}}],"collection":[{"href":"https:\/\/www.transtoyou.com\/de\/wp-json\/wp\/v2\/product"}],"about":[{"href":"https:\/\/www.transtoyou.com\/de\/wp-json\/wp\/v2\/types\/product"}],"replies":[{"embeddable":true,"href":"https:\/\/www.transtoyou.com\/de\/wp-json\/wp\/v2\/comments?post=879"}],"wp:featuredmedia":[{"embeddable":true,"href":"https:\/\/www.transtoyou.com\/de\/wp-json\/wp\/v2\/media\/881"}],"wp:attachment":[{"href":"https:\/\/www.transtoyou.com\/de\/wp-json\/wp\/v2\/media?parent=879"}],"wp:term":[{"taxonomy":"product_brand","embeddable":true,"href":"https:\/\/www.transtoyou.com\/de\/wp-json\/wp\/v2\/product_brand?post=879"},{"taxonomy":"product_cat","embeddable":true,"href":"https:\/\/www.transtoyou.com\/de\/wp-json\/wp\/v2\/product_cat?post=879"},{"taxonomy":"product_tag","embeddable":true,"href":"https:\/\/www.transtoyou.com\/de\/wp-json\/wp\/v2\/product_tag?post=879"},{"taxonomy":"expert","embeddable":true,"href":"https:\/\/www.transtoyou.com\/de\/wp-json\/wp\/v2\/expert?post=879"}],"curies":[{"name":"wp","href":"https:\/\/api.w.org\/{rel}","templated":true}]}}