{"id":885,"date":"2026-01-23T22:19:28","date_gmt":"2026-01-23T20:19:28","guid":{"rendered":"https:\/\/www.transtoyou.com\/de\/product\/amlodipine\/"},"modified":"2026-02-09T10:13:16","modified_gmt":"2026-02-09T08:13:16","slug":"amlodipin","status":"publish","type":"product","link":"https:\/\/www.transtoyou.com\/de\/product\/amlodipin\/","title":{"rendered":"Amlodipin"},"content":{"rendered":"<p>Amlodipin ist ein langwirksames Medikament zur Behandlung von Bluthochdruck. Es geh\u00f6rt zu einer Gruppe von Arzneimitteln, die als Calciumkanalblocker bezeichnet werden. Diese wirken, indem sie die Blutgef\u00e4\u00dfe entspannen, was den Blutfluss erleichtert und den Druck in den Arterien senkt. Durch die Senkung des Blutdrucks hilft Amlodipin, das Risiko von Schlaganf\u00e4llen, Herzinfarkten und Nierenproblemen zu verringern. Es kann allein oder in Kombination mit anderen blutdrucksenkenden Medikamenten verschrieben werden, abh\u00e4ngig von den individuellen Behandlungsbed\u00fcrfnissen.<\/p>\n<p>Amlodipin wirkt haupts\u00e4chlich, indem es die Blutgef\u00e4\u00dfe selbst erweitert. Dies macht es besonders n\u00fctzlich f\u00fcr Menschen, deren Bluthochdruck mit der Gef\u00e4\u00dfresistenz zusammenh\u00e4ngt. Es wird auch h\u00e4ufig zur Behandlung von Brustschmerzen eingesetzt, die durch Angina und andere durchblutungsbedingte Probleme verursacht werden.<\/p>\n<p>Amlodipin wird in der Regel einmal t\u00e4glich eingenommen, und seine Wirkung h\u00e4lt volle 24 Stunden an. Es liegt in Tablettenform vor und wird im Allgemeinen gut vertragen. Da es eine allm\u00e4hliche Wirkung hat, sp\u00fcren Patienten m\u00f6glicherweise nicht sofort eine Ver\u00e4nderung, aber eine konsequente t\u00e4gliche Einnahme ist entscheidend, um langfristige Vorteile zu erzielen. Der Blutdruck sollte w\u00e4hrend der Behandlung regelm\u00e4\u00dfig \u00fcberwacht werden, um sicherzustellen, dass er im gew\u00fcnschten Bereich bleibt.<\/p>\n<p>Die meisten Menschen erleben mit Amlodipin nur wenige Nebenwirkungen. Einige bemerken m\u00f6glicherweise Schwellungen in den Kn\u00f6cheln oder F\u00fc\u00dfen, Hitzewallungen oder leichte Kopfschmerzen in den ersten Tagen der Behandlung. Diese Symptome sind in der Regel mild und vor\u00fcbergehend.<\/p>\n","protected":false},"excerpt":{"rendered":"<ul>\n<li>Einmal t\u00e4glich 24h Druckkontrolle<\/li>\n<li>Erleichtert Angina und Raynaud-Spasmen<\/li>\n<li>Gut vertr\u00e4glich, keine Herzverlangsamung<\/li>\n<\/ul>\n","protected":false},"featured_media":887,"comment_status":"open","ping_status":"closed","template":"","meta":[],"product_brand":[],"product_cat":[139],"product_tag":[],"expert":[21],"class_list":{"0":"post-885","1":"product","2":"type-product","3":"status-publish","4":"has-post-thumbnail","6":"product_cat-bluthochdruck","7":"expert-dr-m-sharoyko","9":"first","10":"instock","11":"shipping-taxable","12":"product-type-variable"},"yoast_head":"<!-- This site is optimized with the Yoast SEO plugin v27.0 - https:\/\/yoast.com\/product\/yoast-seo-wordpress\/ -->\n<title>Amlodipin | Effektive Unterst\u00fctzung des Blutdrucks - Transtoyou<\/title>\n<meta name=\"description\" content=\"Amlodipin bei Transtoyou erh\u00e4ltlich, die zuverl\u00e4ssige Wahl zur Blutdruckregulierung. Sichere dir noch heute deine Versorgung mit professionellem Service.\" \/>\n<meta name=\"robots\" content=\"noindex, follow, max-snippet:-1, max-image-preview:large, max-video-preview:-1\" \/>\n<meta property=\"og:locale\" content=\"de_DE\" \/>\n<meta property=\"og:type\" content=\"article\" \/>\n<meta property=\"og:title\" content=\"Amlodipin | Effektive Unterst\u00fctzung des Blutdrucks - Transtoyou\" \/>\n<meta property=\"og:description\" content=\"Amlodipin bei Transtoyou erh\u00e4ltlich, die zuverl\u00e4ssige Wahl zur Blutdruckregulierung. Sichere dir noch heute deine Versorgung mit professionellem Service.\" \/>\n<meta property=\"og:url\" content=\"https:\/\/www.transtoyou.com\/de\/product\/amlodipine\/\" \/>\n<meta property=\"og:site_name\" content=\"Transtoyou - DE\" \/>\n<meta property=\"article:modified_time\" content=\"2026-02-09T08:13:16+00:00\" \/>\n<meta name=\"twitter:card\" content=\"summary_large_image\" \/>\n<meta name=\"twitter:label1\" content=\"Gesch\u00e4tzte Lesezeit\" \/>\n\t<meta name=\"twitter:data1\" content=\"1\u00a0Minute\" \/>\n<script type=\"application\/ld+json\" class=\"yoast-schema-graph\">{\"@context\":\"https:\/\/schema.org\",\"@graph\":[{\"@type\":\"WebPage\",\"@id\":\"https:\/\/www.transtoyou.com\/de\/product\/amlodipine\/\",\"url\":\"https:\/\/www.transtoyou.com\/de\/product\/amlodipine\/\",\"name\":\"Amlodipin | Effektive Unterst\u00fctzung des Blutdrucks - Transtoyou\",\"isPartOf\":{\"@id\":\"https:\/\/www.transtoyou.com\/de\/#website\"},\"primaryImageOfPage\":{\"@id\":\"https:\/\/www.transtoyou.com\/de\/product\/amlodipine\/#primaryimage\"},\"image\":{\"@id\":\"https:\/\/www.transtoyou.com\/de\/product\/amlodipine\/#primaryimage\"},\"thumbnailUrl\":\"https:\/\/www.transtoyou.com\/de\/wp-content\/uploads\/sites\/4\/2026\/01\/tty-no-product-image-49.webp\",\"datePublished\":\"2026-01-23T20:19:28+00:00\",\"dateModified\":\"2026-02-09T08:13:16+00:00\",\"description\":\"Amlodipin bei Transtoyou erh\u00e4ltlich, die zuverl\u00e4ssige Wahl zur Blutdruckregulierung. Sichere dir noch heute deine Versorgung mit professionellem Service.\",\"breadcrumb\":{\"@id\":\"https:\/\/www.transtoyou.com\/de\/product\/amlodipine\/#breadcrumb\"},\"inLanguage\":\"de\",\"potentialAction\":[{\"@type\":\"ReadAction\",\"target\":[\"https:\/\/www.transtoyou.com\/de\/product\/amlodipine\/\"]}]},{\"@type\":\"ImageObject\",\"inLanguage\":\"de\",\"@id\":\"https:\/\/www.transtoyou.com\/de\/product\/amlodipine\/#primaryimage\",\"url\":\"https:\/\/www.transtoyou.com\/de\/wp-content\/uploads\/sites\/4\/2026\/01\/tty-no-product-image-49.webp\",\"contentUrl\":\"https:\/\/www.transtoyou.com\/de\/wp-content\/uploads\/sites\/4\/2026\/01\/tty-no-product-image-49.webp\",\"width\":1000,\"height\":1000,\"caption\":\"Standardproduktbild\"},{\"@type\":\"WebSite\",\"@id\":\"https:\/\/www.transtoyou.com\/de\/#website\",\"url\":\"https:\/\/www.transtoyou.com\/de\/\",\"name\":\"Transtoyou - DE\",\"description\":\"DE\",\"publisher\":{\"@id\":\"https:\/\/www.transtoyou.com\/de\/#organization\"},\"potentialAction\":[{\"@type\":\"SearchAction\",\"target\":{\"@type\":\"EntryPoint\",\"urlTemplate\":\"https:\/\/www.transtoyou.com\/de\/?s={search_term_string}\"},\"query-input\":{\"@type\":\"PropertyValueSpecification\",\"valueRequired\":true,\"valueName\":\"search_term_string\"}}],\"inLanguage\":\"de\"},{\"@type\":\"Organization\",\"@id\":\"https:\/\/www.transtoyou.com\/de\/#organization\",\"name\":\"Transtoyou - DE\",\"url\":\"https:\/\/www.transtoyou.com\/de\/\",\"logo\":{\"@type\":\"ImageObject\",\"inLanguage\":\"de\",\"@id\":\"https:\/\/www.transtoyou.com\/de\/#\/schema\/logo\/image\/\",\"url\":\"https:\/\/www.transtoyou.com\/de\/wp-content\/uploads\/sites\/4\/2026\/01\/logo-tty-menu-bar-300x87-1.webp\",\"contentUrl\":\"https:\/\/www.transtoyou.com\/de\/wp-content\/uploads\/sites\/4\/2026\/01\/logo-tty-menu-bar-300x87-1.webp\",\"width\":300,\"height\":87,\"caption\":\"Transtoyou - DE\"},\"image\":{\"@id\":\"https:\/\/www.transtoyou.com\/de\/#\/schema\/logo\/image\/\"}}]}<\/script>\n<!-- \/ Yoast SEO plugin. -->","yoast_head_json":{"title":"Amlodipin | Effektive Unterst\u00fctzung des Blutdrucks - Transtoyou","description":"Amlodipin bei Transtoyou erh\u00e4ltlich, die zuverl\u00e4ssige Wahl zur Blutdruckregulierung. Sichere dir noch heute deine Versorgung mit professionellem Service.","robots":{"index":"noindex","follow":"follow","max-snippet":"max-snippet:-1","max-image-preview":"max-image-preview:large","max-video-preview":"max-video-preview:-1"},"og_locale":"de_DE","og_type":"article","og_title":"Amlodipin | Effektive Unterst\u00fctzung des Blutdrucks - Transtoyou","og_description":"Amlodipin bei Transtoyou erh\u00e4ltlich, die zuverl\u00e4ssige Wahl zur Blutdruckregulierung. Sichere dir noch heute deine Versorgung mit professionellem Service.","og_url":"https:\/\/www.transtoyou.com\/de\/product\/amlodipine\/","og_site_name":"Transtoyou - DE","article_modified_time":"2026-02-09T08:13:16+00:00","twitter_card":"summary_large_image","twitter_misc":{"Gesch\u00e4tzte Lesezeit":"1\u00a0Minute"},"schema":{"@context":"https:\/\/schema.org","@graph":[{"@type":"WebPage","@id":"https:\/\/www.transtoyou.com\/de\/product\/amlodipine\/","url":"https:\/\/www.transtoyou.com\/de\/product\/amlodipine\/","name":"Amlodipin | Effektive Unterst\u00fctzung des Blutdrucks - Transtoyou","isPartOf":{"@id":"https:\/\/www.transtoyou.com\/de\/#website"},"primaryImageOfPage":{"@id":"https:\/\/www.transtoyou.com\/de\/product\/amlodipine\/#primaryimage"},"image":{"@id":"https:\/\/www.transtoyou.com\/de\/product\/amlodipine\/#primaryimage"},"thumbnailUrl":"https:\/\/www.transtoyou.com\/de\/wp-content\/uploads\/sites\/4\/2026\/01\/tty-no-product-image-49.webp","datePublished":"2026-01-23T20:19:28+00:00","dateModified":"2026-02-09T08:13:16+00:00","description":"Amlodipin bei Transtoyou erh\u00e4ltlich, die zuverl\u00e4ssige Wahl zur Blutdruckregulierung. Sichere dir noch heute deine Versorgung mit professionellem Service.","breadcrumb":{"@id":"https:\/\/www.transtoyou.com\/de\/product\/amlodipine\/#breadcrumb"},"inLanguage":"de","potentialAction":[{"@type":"ReadAction","target":["https:\/\/www.transtoyou.com\/de\/product\/amlodipine\/"]}]},{"@type":"ImageObject","inLanguage":"de","@id":"https:\/\/www.transtoyou.com\/de\/product\/amlodipine\/#primaryimage","url":"https:\/\/www.transtoyou.com\/de\/wp-content\/uploads\/sites\/4\/2026\/01\/tty-no-product-image-49.webp","contentUrl":"https:\/\/www.transtoyou.com\/de\/wp-content\/uploads\/sites\/4\/2026\/01\/tty-no-product-image-49.webp","width":1000,"height":1000,"caption":"Standardproduktbild"},{"@type":"WebSite","@id":"https:\/\/www.transtoyou.com\/de\/#website","url":"https:\/\/www.transtoyou.com\/de\/","name":"Transtoyou - DE","description":"DE","publisher":{"@id":"https:\/\/www.transtoyou.com\/de\/#organization"},"potentialAction":[{"@type":"SearchAction","target":{"@type":"EntryPoint","urlTemplate":"https:\/\/www.transtoyou.com\/de\/?s={search_term_string}"},"query-input":{"@type":"PropertyValueSpecification","valueRequired":true,"valueName":"search_term_string"}}],"inLanguage":"de"},{"@type":"Organization","@id":"https:\/\/www.transtoyou.com\/de\/#organization","name":"Transtoyou - DE","url":"https:\/\/www.transtoyou.com\/de\/","logo":{"@type":"ImageObject","inLanguage":"de","@id":"https:\/\/www.transtoyou.com\/de\/#\/schema\/logo\/image\/","url":"https:\/\/www.transtoyou.com\/de\/wp-content\/uploads\/sites\/4\/2026\/01\/logo-tty-menu-bar-300x87-1.webp","contentUrl":"https:\/\/www.transtoyou.com\/de\/wp-content\/uploads\/sites\/4\/2026\/01\/logo-tty-menu-bar-300x87-1.webp","width":300,"height":87,"caption":"Transtoyou - DE"},"image":{"@id":"https:\/\/www.transtoyou.com\/de\/#\/schema\/logo\/image\/"}}]}},"_links":{"self":[{"href":"https:\/\/www.transtoyou.com\/de\/wp-json\/wp\/v2\/product\/885","targetHints":{"allow":["GET"]}}],"collection":[{"href":"https:\/\/www.transtoyou.com\/de\/wp-json\/wp\/v2\/product"}],"about":[{"href":"https:\/\/www.transtoyou.com\/de\/wp-json\/wp\/v2\/types\/product"}],"replies":[{"embeddable":true,"href":"https:\/\/www.transtoyou.com\/de\/wp-json\/wp\/v2\/comments?post=885"}],"wp:featuredmedia":[{"embeddable":true,"href":"https:\/\/www.transtoyou.com\/de\/wp-json\/wp\/v2\/media\/887"}],"wp:attachment":[{"href":"https:\/\/www.transtoyou.com\/de\/wp-json\/wp\/v2\/media?parent=885"}],"wp:term":[{"taxonomy":"product_brand","embeddable":true,"href":"https:\/\/www.transtoyou.com\/de\/wp-json\/wp\/v2\/product_brand?post=885"},{"taxonomy":"product_cat","embeddable":true,"href":"https:\/\/www.transtoyou.com\/de\/wp-json\/wp\/v2\/product_cat?post=885"},{"taxonomy":"product_tag","embeddable":true,"href":"https:\/\/www.transtoyou.com\/de\/wp-json\/wp\/v2\/product_tag?post=885"},{"taxonomy":"expert","embeddable":true,"href":"https:\/\/www.transtoyou.com\/de\/wp-json\/wp\/v2\/expert?post=885"}],"curies":[{"name":"wp","href":"https:\/\/api.w.org\/{rel}","templated":true}]}}