{"id":891,"date":"2026-01-23T22:56:00","date_gmt":"2026-01-23T20:56:00","guid":{"rendered":"https:\/\/www.transtoyou.com\/de\/product\/candesartan\/"},"modified":"2026-02-09T18:04:16","modified_gmt":"2026-02-09T16:04:16","slug":"candesartan","status":"publish","type":"product","link":"https:\/\/www.transtoyou.com\/de\/product\/candesartan\/","title":{"rendered":"Candesartan"},"content":{"rendered":"<p>Candesartan ist ein Angiotensin-II-Rezeptorblocker (ARB), der eines der Hauptbluthormone des K\u00f6rpers ins Visier nimmt. Angiotensin II bindet normalerweise an die AT1-Rezeptoren in den glatten Muskeln der Arterien, was sie zur Verengung anregt und die Nebennieren dazu stimuliert, Aldosteron freizusetzen, das wiederum die Nieren dazu bringt, Salz und Wasser zu speichern. Indem Candesartan stillschweigend an denselben Rezeptoren sitzt, blockiert es die Botschaft: Die Gef\u00e4\u00dfe bleiben entspannt, die Fl\u00fcssigkeitsretention sinkt und der Blutdruck wird gesenkt, ohne den Husten, der ACE-Hemmer plagen kann.<\/p>\n<p>Nach der Einnahme wird der Prodrug Candesartan-Cilexetil schnell in der Darmwand in aktives Candesartan umgewandelt. Die h\u00f6chsten Werte treten nach 34 Stunden auf, und die enge Rezeptorbindung des Molek\u00fcls verleiht ihm eine terminale Halbwertszeit von 9 Stunden, w\u00e4hrend die antihypertensive Wirkung den ganzen Tag anh\u00e4lt, was eine einmal t\u00e4gliche Dosierung bequem macht.<\/p>\n<p>In den gro\u00dfen LIFE- und CHARM-Studien reduzierte Candesartan im Vergleich zu Betablockern oder Placebo Schlaganf\u00e4lle, Herzinfarkte und Krankenhausaufenthalte aufgrund von Herzinsuffizienz. Bei systolischer Herzinsuffizienz wird es oft zusammen mit Betablockern und Mineralokortikoid-Antagonisten eingesetzt, um den Wandstress des Ventrikels zu verringern und die \u00dcberlebensrate zu verbessern.<\/p>\n<p>Candesartan wird gut vertragen: Schwindel oder leichte Ver\u00e4nderungen der Nierenfunktion sind die Hauptprobleme zu Beginn, und der Serumkaliumspiegel steigt typischerweise nur moderat an. Da es hochselektiv ist, st\u00f6rt es nicht die Bradykininwirkung; daher ist Angio\u00f6deme selten und die Lungen bleiben klar.<\/p>\n<p>Die Tabletten sind filmbeschichtet, geriffelt und stabil bis 30 \u00b0C, was sie reisefreundlich macht. F\u00fcr Menschen, die eine sanfte, zuverl\u00e4ssige Blutdruckkontrolle oder eine Alternative zu ACE-Hemmern suchen, bietet Candesartan nachweislichen kardiovaskul\u00e4ren Schutz mit minimalen Beeintr\u00e4chtigungen des Lebensstils.<\/p>\n","protected":false},"excerpt":{"rendered":"<ul>\n<li>24-Stunden Blutdruckschutz<\/li>\n<li>Kein Husten, ACE-freier Komfort<\/li>\n<li>Klinisch bewiesene Schlaganfallreduktion<\/li>\n<\/ul>\n","protected":false},"featured_media":893,"comment_status":"open","ping_status":"closed","template":"","meta":[],"product_brand":[],"product_cat":[139],"product_tag":[],"expert":[21],"class_list":{"0":"post-891","1":"product","2":"type-product","3":"status-publish","4":"has-post-thumbnail","6":"product_cat-bluthochdruck","7":"expert-dr-m-sharoyko","9":"first","10":"instock","11":"shipping-taxable","12":"product-type-variable"},"yoast_head":"<!-- This site is optimized with the Yoast SEO plugin v27.0 - https:\/\/yoast.com\/product\/yoast-seo-wordpress\/ -->\n<title>Candesartan | Blutdrucksenkung - Transtoyou<\/title>\n<meta name=\"description\" content=\"Candesartan: Blockiere Blutdruckhormone mit diesem ARB. Verbessere die Herzgesundheit und senke Bluthochdruck. Entdecke mehr bei Transtoyou heute.\" \/>\n<meta name=\"robots\" content=\"noindex, follow, max-snippet:-1, max-image-preview:large, max-video-preview:-1\" \/>\n<meta property=\"og:locale\" content=\"de_DE\" \/>\n<meta property=\"og:type\" content=\"article\" \/>\n<meta property=\"og:title\" content=\"Candesartan | Blutdrucksenkung - Transtoyou\" \/>\n<meta property=\"og:description\" content=\"Candesartan: Blockiere Blutdruckhormone mit diesem ARB. Verbessere die Herzgesundheit und senke Bluthochdruck. Entdecke mehr bei Transtoyou heute.\" \/>\n<meta property=\"og:url\" content=\"https:\/\/www.transtoyou.com\/de\/product\/candesartan\/\" \/>\n<meta property=\"og:site_name\" content=\"Transtoyou - DE\" \/>\n<meta property=\"article:modified_time\" content=\"2026-02-09T16:04:16+00:00\" \/>\n<meta name=\"twitter:card\" content=\"summary_large_image\" \/>\n<meta name=\"twitter:label1\" content=\"Gesch\u00e4tzte Lesezeit\" \/>\n\t<meta name=\"twitter:data1\" content=\"1\u00a0Minute\" \/>\n<script type=\"application\/ld+json\" class=\"yoast-schema-graph\">{\"@context\":\"https:\/\/schema.org\",\"@graph\":[{\"@type\":\"WebPage\",\"@id\":\"https:\/\/www.transtoyou.com\/de\/product\/candesartan\/\",\"url\":\"https:\/\/www.transtoyou.com\/de\/product\/candesartan\/\",\"name\":\"Candesartan | Blutdrucksenkung - Transtoyou\",\"isPartOf\":{\"@id\":\"https:\/\/www.transtoyou.com\/de\/#website\"},\"primaryImageOfPage\":{\"@id\":\"https:\/\/www.transtoyou.com\/de\/product\/candesartan\/#primaryimage\"},\"image\":{\"@id\":\"https:\/\/www.transtoyou.com\/de\/product\/candesartan\/#primaryimage\"},\"thumbnailUrl\":\"https:\/\/www.transtoyou.com\/de\/wp-content\/uploads\/sites\/4\/2026\/01\/tty-no-product-image-51.webp\",\"datePublished\":\"2026-01-23T20:56:00+00:00\",\"dateModified\":\"2026-02-09T16:04:16+00:00\",\"description\":\"Candesartan: Blockiere Blutdruckhormone mit diesem ARB. Verbessere die Herzgesundheit und senke Bluthochdruck. Entdecke mehr bei Transtoyou heute.\",\"breadcrumb\":{\"@id\":\"https:\/\/www.transtoyou.com\/de\/product\/candesartan\/#breadcrumb\"},\"inLanguage\":\"de\",\"potentialAction\":[{\"@type\":\"ReadAction\",\"target\":[\"https:\/\/www.transtoyou.com\/de\/product\/candesartan\/\"]}]},{\"@type\":\"ImageObject\",\"inLanguage\":\"de\",\"@id\":\"https:\/\/www.transtoyou.com\/de\/product\/candesartan\/#primaryimage\",\"url\":\"https:\/\/www.transtoyou.com\/de\/wp-content\/uploads\/sites\/4\/2026\/01\/tty-no-product-image-51.webp\",\"contentUrl\":\"https:\/\/www.transtoyou.com\/de\/wp-content\/uploads\/sites\/4\/2026\/01\/tty-no-product-image-51.webp\",\"width\":1000,\"height\":1000,\"caption\":\"Standardproduktbild\"},{\"@type\":\"WebSite\",\"@id\":\"https:\/\/www.transtoyou.com\/de\/#website\",\"url\":\"https:\/\/www.transtoyou.com\/de\/\",\"name\":\"Transtoyou - DE\",\"description\":\"DE\",\"publisher\":{\"@id\":\"https:\/\/www.transtoyou.com\/de\/#organization\"},\"potentialAction\":[{\"@type\":\"SearchAction\",\"target\":{\"@type\":\"EntryPoint\",\"urlTemplate\":\"https:\/\/www.transtoyou.com\/de\/?s={search_term_string}\"},\"query-input\":{\"@type\":\"PropertyValueSpecification\",\"valueRequired\":true,\"valueName\":\"search_term_string\"}}],\"inLanguage\":\"de\"},{\"@type\":\"Organization\",\"@id\":\"https:\/\/www.transtoyou.com\/de\/#organization\",\"name\":\"Transtoyou - DE\",\"url\":\"https:\/\/www.transtoyou.com\/de\/\",\"logo\":{\"@type\":\"ImageObject\",\"inLanguage\":\"de\",\"@id\":\"https:\/\/www.transtoyou.com\/de\/#\/schema\/logo\/image\/\",\"url\":\"https:\/\/www.transtoyou.com\/de\/wp-content\/uploads\/sites\/4\/2026\/01\/logo-tty-menu-bar-300x87-1.webp\",\"contentUrl\":\"https:\/\/www.transtoyou.com\/de\/wp-content\/uploads\/sites\/4\/2026\/01\/logo-tty-menu-bar-300x87-1.webp\",\"width\":300,\"height\":87,\"caption\":\"Transtoyou - DE\"},\"image\":{\"@id\":\"https:\/\/www.transtoyou.com\/de\/#\/schema\/logo\/image\/\"}}]}<\/script>\n<!-- \/ Yoast SEO plugin. -->","yoast_head_json":{"title":"Candesartan | Blutdrucksenkung - Transtoyou","description":"Candesartan: Blockiere Blutdruckhormone mit diesem ARB. Verbessere die Herzgesundheit und senke Bluthochdruck. Entdecke mehr bei Transtoyou heute.","robots":{"index":"noindex","follow":"follow","max-snippet":"max-snippet:-1","max-image-preview":"max-image-preview:large","max-video-preview":"max-video-preview:-1"},"og_locale":"de_DE","og_type":"article","og_title":"Candesartan | Blutdrucksenkung - Transtoyou","og_description":"Candesartan: Blockiere Blutdruckhormone mit diesem ARB. Verbessere die Herzgesundheit und senke Bluthochdruck. Entdecke mehr bei Transtoyou heute.","og_url":"https:\/\/www.transtoyou.com\/de\/product\/candesartan\/","og_site_name":"Transtoyou - DE","article_modified_time":"2026-02-09T16:04:16+00:00","twitter_card":"summary_large_image","twitter_misc":{"Gesch\u00e4tzte Lesezeit":"1\u00a0Minute"},"schema":{"@context":"https:\/\/schema.org","@graph":[{"@type":"WebPage","@id":"https:\/\/www.transtoyou.com\/de\/product\/candesartan\/","url":"https:\/\/www.transtoyou.com\/de\/product\/candesartan\/","name":"Candesartan | Blutdrucksenkung - Transtoyou","isPartOf":{"@id":"https:\/\/www.transtoyou.com\/de\/#website"},"primaryImageOfPage":{"@id":"https:\/\/www.transtoyou.com\/de\/product\/candesartan\/#primaryimage"},"image":{"@id":"https:\/\/www.transtoyou.com\/de\/product\/candesartan\/#primaryimage"},"thumbnailUrl":"https:\/\/www.transtoyou.com\/de\/wp-content\/uploads\/sites\/4\/2026\/01\/tty-no-product-image-51.webp","datePublished":"2026-01-23T20:56:00+00:00","dateModified":"2026-02-09T16:04:16+00:00","description":"Candesartan: Blockiere Blutdruckhormone mit diesem ARB. Verbessere die Herzgesundheit und senke Bluthochdruck. Entdecke mehr bei Transtoyou heute.","breadcrumb":{"@id":"https:\/\/www.transtoyou.com\/de\/product\/candesartan\/#breadcrumb"},"inLanguage":"de","potentialAction":[{"@type":"ReadAction","target":["https:\/\/www.transtoyou.com\/de\/product\/candesartan\/"]}]},{"@type":"ImageObject","inLanguage":"de","@id":"https:\/\/www.transtoyou.com\/de\/product\/candesartan\/#primaryimage","url":"https:\/\/www.transtoyou.com\/de\/wp-content\/uploads\/sites\/4\/2026\/01\/tty-no-product-image-51.webp","contentUrl":"https:\/\/www.transtoyou.com\/de\/wp-content\/uploads\/sites\/4\/2026\/01\/tty-no-product-image-51.webp","width":1000,"height":1000,"caption":"Standardproduktbild"},{"@type":"WebSite","@id":"https:\/\/www.transtoyou.com\/de\/#website","url":"https:\/\/www.transtoyou.com\/de\/","name":"Transtoyou - DE","description":"DE","publisher":{"@id":"https:\/\/www.transtoyou.com\/de\/#organization"},"potentialAction":[{"@type":"SearchAction","target":{"@type":"EntryPoint","urlTemplate":"https:\/\/www.transtoyou.com\/de\/?s={search_term_string}"},"query-input":{"@type":"PropertyValueSpecification","valueRequired":true,"valueName":"search_term_string"}}],"inLanguage":"de"},{"@type":"Organization","@id":"https:\/\/www.transtoyou.com\/de\/#organization","name":"Transtoyou - DE","url":"https:\/\/www.transtoyou.com\/de\/","logo":{"@type":"ImageObject","inLanguage":"de","@id":"https:\/\/www.transtoyou.com\/de\/#\/schema\/logo\/image\/","url":"https:\/\/www.transtoyou.com\/de\/wp-content\/uploads\/sites\/4\/2026\/01\/logo-tty-menu-bar-300x87-1.webp","contentUrl":"https:\/\/www.transtoyou.com\/de\/wp-content\/uploads\/sites\/4\/2026\/01\/logo-tty-menu-bar-300x87-1.webp","width":300,"height":87,"caption":"Transtoyou - DE"},"image":{"@id":"https:\/\/www.transtoyou.com\/de\/#\/schema\/logo\/image\/"}}]}},"_links":{"self":[{"href":"https:\/\/www.transtoyou.com\/de\/wp-json\/wp\/v2\/product\/891","targetHints":{"allow":["GET"]}}],"collection":[{"href":"https:\/\/www.transtoyou.com\/de\/wp-json\/wp\/v2\/product"}],"about":[{"href":"https:\/\/www.transtoyou.com\/de\/wp-json\/wp\/v2\/types\/product"}],"replies":[{"embeddable":true,"href":"https:\/\/www.transtoyou.com\/de\/wp-json\/wp\/v2\/comments?post=891"}],"wp:featuredmedia":[{"embeddable":true,"href":"https:\/\/www.transtoyou.com\/de\/wp-json\/wp\/v2\/media\/893"}],"wp:attachment":[{"href":"https:\/\/www.transtoyou.com\/de\/wp-json\/wp\/v2\/media?parent=891"}],"wp:term":[{"taxonomy":"product_brand","embeddable":true,"href":"https:\/\/www.transtoyou.com\/de\/wp-json\/wp\/v2\/product_brand?post=891"},{"taxonomy":"product_cat","embeddable":true,"href":"https:\/\/www.transtoyou.com\/de\/wp-json\/wp\/v2\/product_cat?post=891"},{"taxonomy":"product_tag","embeddable":true,"href":"https:\/\/www.transtoyou.com\/de\/wp-json\/wp\/v2\/product_tag?post=891"},{"taxonomy":"expert","embeddable":true,"href":"https:\/\/www.transtoyou.com\/de\/wp-json\/wp\/v2\/expert?post=891"}],"curies":[{"name":"wp","href":"https:\/\/api.w.org\/{rel}","templated":true}]}}