{"id":894,"date":"2026-01-23T23:14:38","date_gmt":"2026-01-23T21:14:38","guid":{"rendered":"https:\/\/www.transtoyou.com\/de\/product\/femoston\/"},"modified":"2026-02-16T11:08:40","modified_gmt":"2026-02-16T09:08:40","slug":"femoston","status":"publish","type":"product","link":"https:\/\/www.transtoyou.com\/de\/product\/femoston\/","title":{"rendered":"Femoston"},"content":{"rendered":"<p>Femoston ist eine Tablette, die im Rahmen der Hormonersatztherapie verwendet wird, um Symptome zu lindern, die mit niedrigen \u00d6strogenspiegeln verbunden sind. Es enth\u00e4lt zwei Hormone: Estradiol, eine Form von \u00d6strogen, und Dydrogesteron, ein Gestagen, das hilft, die Geb\u00e4rmutterschleimhaut zu sch\u00fctzen. Diese Kombination wird typischerweise von Personen verwendet, die die Menopause erreicht haben und noch eine Geb\u00e4rmutter haben.<\/p>\n<p>Menopausale Symptome wie Hitzewallungen, Nachtschwei\u00df, Stimmungsschwankungen und vaginale Trockenheit treten aufgrund reduzierter \u00d6strogenspiegel auf. Femoston erg\u00e4nzt dieses Hormon, um das Gleichgewicht wiederherzustellen und Unannehmlichkeiten zu reduzieren. Der Gestagenanteil hilft, zu verhindern, dass die Geb\u00e4rmutterschleimhaut zu dick wird, was passieren kann, wenn \u00d6strogen allein verwendet wird.<\/p>\n<p>Femoston wird einmal t\u00e4glich eingenommen, wobei je nach Bedarf unterschiedliche Formulierungen verf\u00fcgbar sind, ob ein kontinuierliches oder zyklisches Hormonmuster erforderlich ist. Eine konsequente Anwendung hilft, sowohl die kurzfristigen Symptome eines \u00d6strogenmangels zu bew\u00e4ltigen als auch zu langfristigen Zielen in Bezug auf Hormonstabilit\u00e4t und Lebensqualit\u00e4t beizutragen.<\/p>\n","protected":false},"excerpt":{"rendered":"<ul>\n<li>T\u00e4gliche orale Hormontablette<\/li>\n<li>Erleichtert die Menopause<\/li>\n<li>Kombiniert \u00d6strogen und Gestagen<\/li>\n<\/ul>\n","protected":false},"featured_media":896,"comment_status":"open","ping_status":"closed","template":"","meta":[],"product_brand":[],"product_cat":[142,148],"product_tag":[],"expert":[16],"class_list":{"0":"post-894","1":"product","2":"type-product","3":"status-publish","4":"has-post-thumbnail","6":"product_cat-hormonersatztherapie-hrt","7":"product_cat-menopause-und-pms-linderung","8":"expert-dr-c-alexandru","10":"first","11":"instock","12":"shipping-taxable","13":"product-type-variable"},"yoast_head":"<!-- This site is optimized with the Yoast SEO plugin v27.0 - https:\/\/yoast.com\/product\/yoast-seo-wordpress\/ -->\n<title>Femoston | Unterst\u00fctzung des hormonellen Gleichgewichts - Transtoyou<\/title>\n<meta name=\"description\" content=\"Femoston, erh\u00e4ltlich bei Transtoyou. Entdecke die Vorteile f\u00fcr hormonelles Gleichgewicht und Wohlbefinden. Jetzt vertrauensw\u00fcrdig einkaufen.\" \/>\n<meta name=\"robots\" content=\"noindex, follow, max-snippet:-1, max-image-preview:large, max-video-preview:-1\" \/>\n<meta property=\"og:locale\" content=\"de_DE\" \/>\n<meta property=\"og:type\" content=\"article\" \/>\n<meta property=\"og:title\" content=\"Femoston | Unterst\u00fctzung des hormonellen Gleichgewichts - Transtoyou\" \/>\n<meta property=\"og:description\" content=\"Femoston, erh\u00e4ltlich bei Transtoyou. Entdecke die Vorteile f\u00fcr hormonelles Gleichgewicht und Wohlbefinden. Jetzt vertrauensw\u00fcrdig einkaufen.\" \/>\n<meta property=\"og:url\" content=\"https:\/\/www.transtoyou.com\/de\/product\/femoston\/\" \/>\n<meta property=\"og:site_name\" content=\"Transtoyou - DE\" \/>\n<meta property=\"article:modified_time\" content=\"2026-02-16T09:08:40+00:00\" \/>\n<meta name=\"twitter:card\" content=\"summary_large_image\" \/>\n<meta name=\"twitter:label1\" content=\"Gesch\u00e4tzte Lesezeit\" \/>\n\t<meta name=\"twitter:data1\" content=\"1\u00a0Minute\" \/>\n<script type=\"application\/ld+json\" class=\"yoast-schema-graph\">{\"@context\":\"https:\/\/schema.org\",\"@graph\":[{\"@type\":\"WebPage\",\"@id\":\"https:\/\/www.transtoyou.com\/de\/product\/femoston\/\",\"url\":\"https:\/\/www.transtoyou.com\/de\/product\/femoston\/\",\"name\":\"Femoston | Unterst\u00fctzung des hormonellen Gleichgewichts - Transtoyou\",\"isPartOf\":{\"@id\":\"https:\/\/www.transtoyou.com\/de\/#website\"},\"primaryImageOfPage\":{\"@id\":\"https:\/\/www.transtoyou.com\/de\/product\/femoston\/#primaryimage\"},\"image\":{\"@id\":\"https:\/\/www.transtoyou.com\/de\/product\/femoston\/#primaryimage\"},\"thumbnailUrl\":\"https:\/\/www.transtoyou.com\/de\/wp-content\/uploads\/sites\/4\/2026\/01\/tty-no-product-image-52.webp\",\"datePublished\":\"2026-01-23T21:14:38+00:00\",\"dateModified\":\"2026-02-16T09:08:40+00:00\",\"description\":\"Femoston, erh\u00e4ltlich bei Transtoyou. Entdecke die Vorteile f\u00fcr hormonelles Gleichgewicht und Wohlbefinden. Jetzt vertrauensw\u00fcrdig einkaufen.\",\"breadcrumb\":{\"@id\":\"https:\/\/www.transtoyou.com\/de\/product\/femoston\/#breadcrumb\"},\"inLanguage\":\"de\",\"potentialAction\":[{\"@type\":\"ReadAction\",\"target\":[\"https:\/\/www.transtoyou.com\/de\/product\/femoston\/\"]}]},{\"@type\":\"ImageObject\",\"inLanguage\":\"de\",\"@id\":\"https:\/\/www.transtoyou.com\/de\/product\/femoston\/#primaryimage\",\"url\":\"https:\/\/www.transtoyou.com\/de\/wp-content\/uploads\/sites\/4\/2026\/01\/tty-no-product-image-52.webp\",\"contentUrl\":\"https:\/\/www.transtoyou.com\/de\/wp-content\/uploads\/sites\/4\/2026\/01\/tty-no-product-image-52.webp\",\"width\":1000,\"height\":1000,\"caption\":\"Standardproduktbild\"},{\"@type\":\"WebSite\",\"@id\":\"https:\/\/www.transtoyou.com\/de\/#website\",\"url\":\"https:\/\/www.transtoyou.com\/de\/\",\"name\":\"Transtoyou - DE\",\"description\":\"DE\",\"publisher\":{\"@id\":\"https:\/\/www.transtoyou.com\/de\/#organization\"},\"potentialAction\":[{\"@type\":\"SearchAction\",\"target\":{\"@type\":\"EntryPoint\",\"urlTemplate\":\"https:\/\/www.transtoyou.com\/de\/?s={search_term_string}\"},\"query-input\":{\"@type\":\"PropertyValueSpecification\",\"valueRequired\":true,\"valueName\":\"search_term_string\"}}],\"inLanguage\":\"de\"},{\"@type\":\"Organization\",\"@id\":\"https:\/\/www.transtoyou.com\/de\/#organization\",\"name\":\"Transtoyou - DE\",\"url\":\"https:\/\/www.transtoyou.com\/de\/\",\"logo\":{\"@type\":\"ImageObject\",\"inLanguage\":\"de\",\"@id\":\"https:\/\/www.transtoyou.com\/de\/#\/schema\/logo\/image\/\",\"url\":\"https:\/\/www.transtoyou.com\/de\/wp-content\/uploads\/sites\/4\/2026\/01\/logo-tty-menu-bar-300x87-1.webp\",\"contentUrl\":\"https:\/\/www.transtoyou.com\/de\/wp-content\/uploads\/sites\/4\/2026\/01\/logo-tty-menu-bar-300x87-1.webp\",\"width\":300,\"height\":87,\"caption\":\"Transtoyou - DE\"},\"image\":{\"@id\":\"https:\/\/www.transtoyou.com\/de\/#\/schema\/logo\/image\/\"}}]}<\/script>\n<!-- \/ Yoast SEO plugin. -->","yoast_head_json":{"title":"Femoston | Unterst\u00fctzung des hormonellen Gleichgewichts - Transtoyou","description":"Femoston, erh\u00e4ltlich bei Transtoyou. Entdecke die Vorteile f\u00fcr hormonelles Gleichgewicht und Wohlbefinden. Jetzt vertrauensw\u00fcrdig einkaufen.","robots":{"index":"noindex","follow":"follow","max-snippet":"max-snippet:-1","max-image-preview":"max-image-preview:large","max-video-preview":"max-video-preview:-1"},"og_locale":"de_DE","og_type":"article","og_title":"Femoston | Unterst\u00fctzung des hormonellen Gleichgewichts - Transtoyou","og_description":"Femoston, erh\u00e4ltlich bei Transtoyou. Entdecke die Vorteile f\u00fcr hormonelles Gleichgewicht und Wohlbefinden. Jetzt vertrauensw\u00fcrdig einkaufen.","og_url":"https:\/\/www.transtoyou.com\/de\/product\/femoston\/","og_site_name":"Transtoyou - DE","article_modified_time":"2026-02-16T09:08:40+00:00","twitter_card":"summary_large_image","twitter_misc":{"Gesch\u00e4tzte Lesezeit":"1\u00a0Minute"},"schema":{"@context":"https:\/\/schema.org","@graph":[{"@type":"WebPage","@id":"https:\/\/www.transtoyou.com\/de\/product\/femoston\/","url":"https:\/\/www.transtoyou.com\/de\/product\/femoston\/","name":"Femoston | Unterst\u00fctzung des hormonellen Gleichgewichts - Transtoyou","isPartOf":{"@id":"https:\/\/www.transtoyou.com\/de\/#website"},"primaryImageOfPage":{"@id":"https:\/\/www.transtoyou.com\/de\/product\/femoston\/#primaryimage"},"image":{"@id":"https:\/\/www.transtoyou.com\/de\/product\/femoston\/#primaryimage"},"thumbnailUrl":"https:\/\/www.transtoyou.com\/de\/wp-content\/uploads\/sites\/4\/2026\/01\/tty-no-product-image-52.webp","datePublished":"2026-01-23T21:14:38+00:00","dateModified":"2026-02-16T09:08:40+00:00","description":"Femoston, erh\u00e4ltlich bei Transtoyou. Entdecke die Vorteile f\u00fcr hormonelles Gleichgewicht und Wohlbefinden. Jetzt vertrauensw\u00fcrdig einkaufen.","breadcrumb":{"@id":"https:\/\/www.transtoyou.com\/de\/product\/femoston\/#breadcrumb"},"inLanguage":"de","potentialAction":[{"@type":"ReadAction","target":["https:\/\/www.transtoyou.com\/de\/product\/femoston\/"]}]},{"@type":"ImageObject","inLanguage":"de","@id":"https:\/\/www.transtoyou.com\/de\/product\/femoston\/#primaryimage","url":"https:\/\/www.transtoyou.com\/de\/wp-content\/uploads\/sites\/4\/2026\/01\/tty-no-product-image-52.webp","contentUrl":"https:\/\/www.transtoyou.com\/de\/wp-content\/uploads\/sites\/4\/2026\/01\/tty-no-product-image-52.webp","width":1000,"height":1000,"caption":"Standardproduktbild"},{"@type":"WebSite","@id":"https:\/\/www.transtoyou.com\/de\/#website","url":"https:\/\/www.transtoyou.com\/de\/","name":"Transtoyou - DE","description":"DE","publisher":{"@id":"https:\/\/www.transtoyou.com\/de\/#organization"},"potentialAction":[{"@type":"SearchAction","target":{"@type":"EntryPoint","urlTemplate":"https:\/\/www.transtoyou.com\/de\/?s={search_term_string}"},"query-input":{"@type":"PropertyValueSpecification","valueRequired":true,"valueName":"search_term_string"}}],"inLanguage":"de"},{"@type":"Organization","@id":"https:\/\/www.transtoyou.com\/de\/#organization","name":"Transtoyou - DE","url":"https:\/\/www.transtoyou.com\/de\/","logo":{"@type":"ImageObject","inLanguage":"de","@id":"https:\/\/www.transtoyou.com\/de\/#\/schema\/logo\/image\/","url":"https:\/\/www.transtoyou.com\/de\/wp-content\/uploads\/sites\/4\/2026\/01\/logo-tty-menu-bar-300x87-1.webp","contentUrl":"https:\/\/www.transtoyou.com\/de\/wp-content\/uploads\/sites\/4\/2026\/01\/logo-tty-menu-bar-300x87-1.webp","width":300,"height":87,"caption":"Transtoyou - DE"},"image":{"@id":"https:\/\/www.transtoyou.com\/de\/#\/schema\/logo\/image\/"}}]}},"_links":{"self":[{"href":"https:\/\/www.transtoyou.com\/de\/wp-json\/wp\/v2\/product\/894","targetHints":{"allow":["GET"]}}],"collection":[{"href":"https:\/\/www.transtoyou.com\/de\/wp-json\/wp\/v2\/product"}],"about":[{"href":"https:\/\/www.transtoyou.com\/de\/wp-json\/wp\/v2\/types\/product"}],"replies":[{"embeddable":true,"href":"https:\/\/www.transtoyou.com\/de\/wp-json\/wp\/v2\/comments?post=894"}],"wp:featuredmedia":[{"embeddable":true,"href":"https:\/\/www.transtoyou.com\/de\/wp-json\/wp\/v2\/media\/896"}],"wp:attachment":[{"href":"https:\/\/www.transtoyou.com\/de\/wp-json\/wp\/v2\/media?parent=894"}],"wp:term":[{"taxonomy":"product_brand","embeddable":true,"href":"https:\/\/www.transtoyou.com\/de\/wp-json\/wp\/v2\/product_brand?post=894"},{"taxonomy":"product_cat","embeddable":true,"href":"https:\/\/www.transtoyou.com\/de\/wp-json\/wp\/v2\/product_cat?post=894"},{"taxonomy":"product_tag","embeddable":true,"href":"https:\/\/www.transtoyou.com\/de\/wp-json\/wp\/v2\/product_tag?post=894"},{"taxonomy":"expert","embeddable":true,"href":"https:\/\/www.transtoyou.com\/de\/wp-json\/wp\/v2\/expert?post=894"}],"curies":[{"name":"wp","href":"https:\/\/api.w.org\/{rel}","templated":true}]}}