{"id":897,"date":"2026-01-23T23:27:37","date_gmt":"2026-01-23T21:27:37","guid":{"rendered":"https:\/\/www.transtoyou.com\/de\/product\/lenzetto\/"},"modified":"2026-01-23T23:28:30","modified_gmt":"2026-01-23T21:28:30","slug":"lenzetto","status":"publish","type":"product","link":"https:\/\/www.transtoyou.com\/de\/product\/lenzetto\/","title":{"rendered":"Lenzetto"},"content":{"rendered":"<p>Lenzetto ist ein Spray, das verwendet wird, um \u00d6strogen durch die Haut in den Blutkreislauf abzugeben. Es enth\u00e4lt Estradiol, eine Form von \u00d6strogen, die identisch mit dem im K\u00f6rper nat\u00fcrlich produzierten Hormon ist. Dieses Medikament wird in der Hormonersatztherapie eingesetzt, um Symptome zu behandeln, die durch niedrige \u00d6strogenspiegel verursacht werden, und ist auch f\u00fcr die Anwendung in der feminisierenden Hormontherapie geeignet.<\/p>\n<p>W\u00e4hrend der Menopause oder in Situationen, in denen \u00d6strogen aus anderen Gr\u00fcnden ben\u00f6tigt wird, k\u00f6nnen Menschen Symptome wie Hitzewallungen, Nachtschwei\u00df, Stimmungsschwankungen und vaginale Trockenheit erleben. Lenzetto stellt die \u00d6strogenspiegel wieder her, um die Schwere dieser Symptome zu verringern. Da das Spray auf die Haut aufgetragen wird, umgeht es das Verdauungssystem und bietet eine flexible, nicht orale Alternative zu Tabletten oder Pflastern.<\/p>\n<p>Das Spray wird einmal t\u00e4glich auf die saubere, trockene Haut aufgetragen, typischerweise am inneren Unterarm. Es trocknet schnell und hinterl\u00e4sst keine R\u00fcckst\u00e4nde. Lenzetto erm\u00f6glicht eine personalisierte Dosierung und eine diskrete, pflegeleichte Methode zur \u00d6strogenabgabe sowohl zur Linderung der Menopause als auch zur feminisierenden Pflege.<\/p>\n","protected":false},"excerpt":{"rendered":"<ul>\n<li>\u00d6strogenspray zur Hautaufnahme<\/li>\n<li>Verwendet bei der Menopause<\/li>\n<li>Verstellbare t\u00e4gliche Dosierung<\/li>\n<\/ul>\n","protected":false},"featured_media":899,"comment_status":"open","ping_status":"closed","template":"","meta":[],"product_brand":[],"product_cat":[142],"product_tag":[],"expert":[16],"class_list":{"0":"post-897","1":"product","2":"type-product","3":"status-publish","4":"has-post-thumbnail","6":"product_cat-hormonersatztherapie-hrt","7":"expert-dr-c-alexandru","9":"first","10":"instock","11":"shipping-taxable","12":"product-type-variable"},"yoast_head":"<!-- This site is optimized with the Yoast SEO plugin v27.0 - https:\/\/yoast.com\/product\/yoast-seo-wordpress\/ -->\n<title>Lenzetto | Einfach anzuwendendes Hormonspray - Transtoyou<\/title>\n<meta name=\"description\" content=\"Lenzetto, erh\u00e4ltlich bei Transtoyou, bietet effektive Linderung bei Menopause-Symptomen. Entdecke die Vorteile und kaufe jetzt eine praktische L\u00f6sung.\" \/>\n<meta name=\"robots\" content=\"noindex, follow, max-snippet:-1, max-image-preview:large, max-video-preview:-1\" \/>\n<meta property=\"og:locale\" content=\"de_DE\" \/>\n<meta property=\"og:type\" content=\"article\" \/>\n<meta property=\"og:title\" content=\"Lenzetto | Einfach anzuwendendes Hormonspray - Transtoyou\" \/>\n<meta property=\"og:description\" content=\"Lenzetto, erh\u00e4ltlich bei Transtoyou, bietet effektive Linderung bei Menopause-Symptomen. Entdecke die Vorteile und kaufe jetzt eine praktische L\u00f6sung.\" \/>\n<meta property=\"og:url\" content=\"https:\/\/www.transtoyou.com\/de\/product\/lenzetto\/\" \/>\n<meta property=\"og:site_name\" content=\"Transtoyou - DE\" \/>\n<meta property=\"article:modified_time\" content=\"2026-01-23T21:28:30+00:00\" \/>\n<meta name=\"twitter:card\" content=\"summary_large_image\" \/>\n<meta name=\"twitter:label1\" content=\"Gesch\u00e4tzte Lesezeit\" \/>\n\t<meta name=\"twitter:data1\" content=\"1\u00a0Minute\" \/>\n<script type=\"application\/ld+json\" class=\"yoast-schema-graph\">{\"@context\":\"https:\/\/schema.org\",\"@graph\":[{\"@type\":\"WebPage\",\"@id\":\"https:\/\/www.transtoyou.com\/de\/product\/lenzetto\/\",\"url\":\"https:\/\/www.transtoyou.com\/de\/product\/lenzetto\/\",\"name\":\"Lenzetto | Einfach anzuwendendes Hormonspray - Transtoyou\",\"isPartOf\":{\"@id\":\"https:\/\/www.transtoyou.com\/de\/#website\"},\"primaryImageOfPage\":{\"@id\":\"https:\/\/www.transtoyou.com\/de\/product\/lenzetto\/#primaryimage\"},\"image\":{\"@id\":\"https:\/\/www.transtoyou.com\/de\/product\/lenzetto\/#primaryimage\"},\"thumbnailUrl\":\"https:\/\/www.transtoyou.com\/de\/wp-content\/uploads\/sites\/4\/2026\/01\/tty-no-product-image-53.webp\",\"datePublished\":\"2026-01-23T21:27:37+00:00\",\"dateModified\":\"2026-01-23T21:28:30+00:00\",\"description\":\"Lenzetto, erh\u00e4ltlich bei Transtoyou, bietet effektive Linderung bei Menopause-Symptomen. Entdecke die Vorteile und kaufe jetzt eine praktische L\u00f6sung.\",\"breadcrumb\":{\"@id\":\"https:\/\/www.transtoyou.com\/de\/product\/lenzetto\/#breadcrumb\"},\"inLanguage\":\"de\",\"potentialAction\":[{\"@type\":\"ReadAction\",\"target\":[\"https:\/\/www.transtoyou.com\/de\/product\/lenzetto\/\"]}]},{\"@type\":\"ImageObject\",\"inLanguage\":\"de\",\"@id\":\"https:\/\/www.transtoyou.com\/de\/product\/lenzetto\/#primaryimage\",\"url\":\"https:\/\/www.transtoyou.com\/de\/wp-content\/uploads\/sites\/4\/2026\/01\/tty-no-product-image-53.webp\",\"contentUrl\":\"https:\/\/www.transtoyou.com\/de\/wp-content\/uploads\/sites\/4\/2026\/01\/tty-no-product-image-53.webp\",\"width\":1000,\"height\":1000,\"caption\":\"Standardproduktbild\"},{\"@type\":\"WebSite\",\"@id\":\"https:\/\/www.transtoyou.com\/de\/#website\",\"url\":\"https:\/\/www.transtoyou.com\/de\/\",\"name\":\"Transtoyou - DE\",\"description\":\"DE\",\"publisher\":{\"@id\":\"https:\/\/www.transtoyou.com\/de\/#organization\"},\"potentialAction\":[{\"@type\":\"SearchAction\",\"target\":{\"@type\":\"EntryPoint\",\"urlTemplate\":\"https:\/\/www.transtoyou.com\/de\/?s={search_term_string}\"},\"query-input\":{\"@type\":\"PropertyValueSpecification\",\"valueRequired\":true,\"valueName\":\"search_term_string\"}}],\"inLanguage\":\"de\"},{\"@type\":\"Organization\",\"@id\":\"https:\/\/www.transtoyou.com\/de\/#organization\",\"name\":\"Transtoyou - DE\",\"url\":\"https:\/\/www.transtoyou.com\/de\/\",\"logo\":{\"@type\":\"ImageObject\",\"inLanguage\":\"de\",\"@id\":\"https:\/\/www.transtoyou.com\/de\/#\/schema\/logo\/image\/\",\"url\":\"https:\/\/www.transtoyou.com\/de\/wp-content\/uploads\/sites\/4\/2026\/01\/logo-tty-menu-bar-300x87-1.webp\",\"contentUrl\":\"https:\/\/www.transtoyou.com\/de\/wp-content\/uploads\/sites\/4\/2026\/01\/logo-tty-menu-bar-300x87-1.webp\",\"width\":300,\"height\":87,\"caption\":\"Transtoyou - DE\"},\"image\":{\"@id\":\"https:\/\/www.transtoyou.com\/de\/#\/schema\/logo\/image\/\"}}]}<\/script>\n<!-- \/ Yoast SEO plugin. -->","yoast_head_json":{"title":"Lenzetto | Einfach anzuwendendes Hormonspray - Transtoyou","description":"Lenzetto, erh\u00e4ltlich bei Transtoyou, bietet effektive Linderung bei Menopause-Symptomen. Entdecke die Vorteile und kaufe jetzt eine praktische L\u00f6sung.","robots":{"index":"noindex","follow":"follow","max-snippet":"max-snippet:-1","max-image-preview":"max-image-preview:large","max-video-preview":"max-video-preview:-1"},"og_locale":"de_DE","og_type":"article","og_title":"Lenzetto | Einfach anzuwendendes Hormonspray - Transtoyou","og_description":"Lenzetto, erh\u00e4ltlich bei Transtoyou, bietet effektive Linderung bei Menopause-Symptomen. Entdecke die Vorteile und kaufe jetzt eine praktische L\u00f6sung.","og_url":"https:\/\/www.transtoyou.com\/de\/product\/lenzetto\/","og_site_name":"Transtoyou - DE","article_modified_time":"2026-01-23T21:28:30+00:00","twitter_card":"summary_large_image","twitter_misc":{"Gesch\u00e4tzte Lesezeit":"1\u00a0Minute"},"schema":{"@context":"https:\/\/schema.org","@graph":[{"@type":"WebPage","@id":"https:\/\/www.transtoyou.com\/de\/product\/lenzetto\/","url":"https:\/\/www.transtoyou.com\/de\/product\/lenzetto\/","name":"Lenzetto | Einfach anzuwendendes Hormonspray - Transtoyou","isPartOf":{"@id":"https:\/\/www.transtoyou.com\/de\/#website"},"primaryImageOfPage":{"@id":"https:\/\/www.transtoyou.com\/de\/product\/lenzetto\/#primaryimage"},"image":{"@id":"https:\/\/www.transtoyou.com\/de\/product\/lenzetto\/#primaryimage"},"thumbnailUrl":"https:\/\/www.transtoyou.com\/de\/wp-content\/uploads\/sites\/4\/2026\/01\/tty-no-product-image-53.webp","datePublished":"2026-01-23T21:27:37+00:00","dateModified":"2026-01-23T21:28:30+00:00","description":"Lenzetto, erh\u00e4ltlich bei Transtoyou, bietet effektive Linderung bei Menopause-Symptomen. Entdecke die Vorteile und kaufe jetzt eine praktische L\u00f6sung.","breadcrumb":{"@id":"https:\/\/www.transtoyou.com\/de\/product\/lenzetto\/#breadcrumb"},"inLanguage":"de","potentialAction":[{"@type":"ReadAction","target":["https:\/\/www.transtoyou.com\/de\/product\/lenzetto\/"]}]},{"@type":"ImageObject","inLanguage":"de","@id":"https:\/\/www.transtoyou.com\/de\/product\/lenzetto\/#primaryimage","url":"https:\/\/www.transtoyou.com\/de\/wp-content\/uploads\/sites\/4\/2026\/01\/tty-no-product-image-53.webp","contentUrl":"https:\/\/www.transtoyou.com\/de\/wp-content\/uploads\/sites\/4\/2026\/01\/tty-no-product-image-53.webp","width":1000,"height":1000,"caption":"Standardproduktbild"},{"@type":"WebSite","@id":"https:\/\/www.transtoyou.com\/de\/#website","url":"https:\/\/www.transtoyou.com\/de\/","name":"Transtoyou - DE","description":"DE","publisher":{"@id":"https:\/\/www.transtoyou.com\/de\/#organization"},"potentialAction":[{"@type":"SearchAction","target":{"@type":"EntryPoint","urlTemplate":"https:\/\/www.transtoyou.com\/de\/?s={search_term_string}"},"query-input":{"@type":"PropertyValueSpecification","valueRequired":true,"valueName":"search_term_string"}}],"inLanguage":"de"},{"@type":"Organization","@id":"https:\/\/www.transtoyou.com\/de\/#organization","name":"Transtoyou - DE","url":"https:\/\/www.transtoyou.com\/de\/","logo":{"@type":"ImageObject","inLanguage":"de","@id":"https:\/\/www.transtoyou.com\/de\/#\/schema\/logo\/image\/","url":"https:\/\/www.transtoyou.com\/de\/wp-content\/uploads\/sites\/4\/2026\/01\/logo-tty-menu-bar-300x87-1.webp","contentUrl":"https:\/\/www.transtoyou.com\/de\/wp-content\/uploads\/sites\/4\/2026\/01\/logo-tty-menu-bar-300x87-1.webp","width":300,"height":87,"caption":"Transtoyou - DE"},"image":{"@id":"https:\/\/www.transtoyou.com\/de\/#\/schema\/logo\/image\/"}}]}},"_links":{"self":[{"href":"https:\/\/www.transtoyou.com\/de\/wp-json\/wp\/v2\/product\/897","targetHints":{"allow":["GET"]}}],"collection":[{"href":"https:\/\/www.transtoyou.com\/de\/wp-json\/wp\/v2\/product"}],"about":[{"href":"https:\/\/www.transtoyou.com\/de\/wp-json\/wp\/v2\/types\/product"}],"replies":[{"embeddable":true,"href":"https:\/\/www.transtoyou.com\/de\/wp-json\/wp\/v2\/comments?post=897"}],"wp:featuredmedia":[{"embeddable":true,"href":"https:\/\/www.transtoyou.com\/de\/wp-json\/wp\/v2\/media\/899"}],"wp:attachment":[{"href":"https:\/\/www.transtoyou.com\/de\/wp-json\/wp\/v2\/media?parent=897"}],"wp:term":[{"taxonomy":"product_brand","embeddable":true,"href":"https:\/\/www.transtoyou.com\/de\/wp-json\/wp\/v2\/product_brand?post=897"},{"taxonomy":"product_cat","embeddable":true,"href":"https:\/\/www.transtoyou.com\/de\/wp-json\/wp\/v2\/product_cat?post=897"},{"taxonomy":"product_tag","embeddable":true,"href":"https:\/\/www.transtoyou.com\/de\/wp-json\/wp\/v2\/product_tag?post=897"},{"taxonomy":"expert","embeddable":true,"href":"https:\/\/www.transtoyou.com\/de\/wp-json\/wp\/v2\/expert?post=897"}],"curies":[{"name":"wp","href":"https:\/\/api.w.org\/{rel}","templated":true}]}}