{"id":900,"date":"2026-01-23T23:41:53","date_gmt":"2026-01-23T21:41:53","guid":{"rendered":"https:\/\/www.transtoyou.com\/de\/product\/evorel-conti\/"},"modified":"2026-01-23T23:42:49","modified_gmt":"2026-01-23T21:42:49","slug":"evorel-conti","status":"publish","type":"product","link":"https:\/\/www.transtoyou.com\/de\/product\/evorel-conti\/","title":{"rendered":"Evorel Conti"},"content":{"rendered":"<p>Evorel Conti ist eine kontinuierliche kombinierte Hormonersatztherapie (HRT), die dazu entwickelt wurde, um Symptome im Zusammenhang mit der Menopause zu lindern. Es enth\u00e4lt zwei Wirkstoffe: Estradiol (eine Form von \u00d6strogen) und Norethisteron (ein synthetisches Gestagen). Diese Kombination ist f\u00fcr postmenopausale Frauen gedacht, die noch eine Geb\u00e4rmutter haben und Symptome wie Hitzewallungen, Nachtschwei\u00df, Stimmungsschwankungen und vaginale Trockenheit lindern m\u00f6chten.<\/p>\n<p>Evorel Conti wird \u00fcber transdermale Pflaster verabreicht, die Hormone kontinuierlich durch die Haut in den Blutkreislauf freisetzen. Diese Verabreichungsmethode kann stabilere Hormonspiegel unterst\u00fctzen und im Vergleich zur oralen HRT gastrointestinalen Nebenwirkungen reduzieren.<\/p>\n<p>Jedes Pflaster wird auf saubere, trockene, haarlose Haut aufgetragen, typischerweise im unteren Bauchbereich oder auf den Ges\u00e4\u00dfbacken, und zweimal w\u00f6chentlich gewechselt, wobei bei jeder Anwendung ein anderer Bereich verwendet wird.<\/p>\n<p>Evorel Conti verursacht normalerweise keine monatliche Abbruchblutung, was es zu einer praktischen Option f\u00fcr viele Frauen macht, die eine langfristige Behandlung suchen. Die Therapie ist f\u00fcr Frauen geeignet, die mehr als 12 Monate postmenopausal sind.<\/p>\n<p>Neben der Linderung von Symptomen kann Evorel Conti auch die Knochengesundheit unterst\u00fctzen und das Risiko einer postmenopausalen Osteoporose, die mit sinkenden \u00d6strogenspiegeln verbunden ist, verringern. Viele Anwenderinnen vertragen die Behandlung gut, obwohl Nebenwirkungen wie Hautreizungen, Brustempfindlichkeit oder leichte \u00dcbelkeit auftreten k\u00f6nnen.<\/p>\n","protected":false},"excerpt":{"rendered":"<ul>\n<li>Kontinuierliches kombiniertes HRT-Pflaster<\/li>\n<li>Hilft bei der Bew\u00e4ltigung von Menopause-Symptomen<\/li>\n<li>Zweimal w\u00f6chentliche transdermale Anwendung<\/li>\n<\/ul>\n","protected":false},"featured_media":902,"comment_status":"open","ping_status":"closed","template":"","meta":[],"product_brand":[],"product_cat":[142,148],"product_tag":[],"expert":[19],"class_list":{"0":"post-900","1":"product","2":"type-product","3":"status-publish","4":"has-post-thumbnail","6":"product_cat-hormonersatztherapie-hrt","7":"product_cat-menopause-und-pms-linderung","8":"expert-dr-j-vazquez","10":"first","11":"instock","12":"shipping-taxable","13":"product-type-variable"},"yoast_head":"<!-- This site is optimized with the Yoast SEO plugin v27.0 - https:\/\/yoast.com\/product\/yoast-seo-wordpress\/ -->\n<title>Evorel Conti | Hormonbalance &amp; Linderung der Menopause - Transtoyou<\/title>\n<meta name=\"description\" content=\"Evorel Conti Hautpflaster, jetzt erh\u00e4ltlich, bietet kontinuierliche Freisetzung von \u00d6strogen und Gestagen zur Linderung von Menopause-Symptomen, erh\u00e4ltlich bei Transtoyou.\" \/>\n<meta name=\"robots\" content=\"noindex, follow, max-snippet:-1, max-image-preview:large, max-video-preview:-1\" \/>\n<meta property=\"og:locale\" content=\"de_DE\" \/>\n<meta property=\"og:type\" content=\"article\" \/>\n<meta property=\"og:title\" content=\"Evorel Conti | Hormonbalance &amp; Linderung der Menopause - Transtoyou\" \/>\n<meta property=\"og:description\" content=\"Evorel Conti Hautpflaster, jetzt erh\u00e4ltlich, bietet kontinuierliche Freisetzung von \u00d6strogen und Gestagen zur Linderung von Menopause-Symptomen, erh\u00e4ltlich bei Transtoyou.\" \/>\n<meta property=\"og:url\" content=\"https:\/\/www.transtoyou.com\/de\/product\/evorel-conti\/\" \/>\n<meta property=\"og:site_name\" content=\"Transtoyou - DE\" \/>\n<meta property=\"article:modified_time\" content=\"2026-01-23T21:42:49+00:00\" \/>\n<meta name=\"twitter:card\" content=\"summary_large_image\" \/>\n<meta name=\"twitter:label1\" content=\"Gesch\u00e4tzte Lesezeit\" \/>\n\t<meta name=\"twitter:data1\" content=\"1\u00a0Minute\" \/>\n<script type=\"application\/ld+json\" class=\"yoast-schema-graph\">{\"@context\":\"https:\/\/schema.org\",\"@graph\":[{\"@type\":\"WebPage\",\"@id\":\"https:\/\/www.transtoyou.com\/de\/product\/evorel-conti\/\",\"url\":\"https:\/\/www.transtoyou.com\/de\/product\/evorel-conti\/\",\"name\":\"Evorel Conti | Hormonbalance & Linderung der Menopause - Transtoyou\",\"isPartOf\":{\"@id\":\"https:\/\/www.transtoyou.com\/de\/#website\"},\"primaryImageOfPage\":{\"@id\":\"https:\/\/www.transtoyou.com\/de\/product\/evorel-conti\/#primaryimage\"},\"image\":{\"@id\":\"https:\/\/www.transtoyou.com\/de\/product\/evorel-conti\/#primaryimage\"},\"thumbnailUrl\":\"https:\/\/www.transtoyou.com\/de\/wp-content\/uploads\/sites\/4\/2026\/01\/tty-no-product-image-54.webp\",\"datePublished\":\"2026-01-23T21:41:53+00:00\",\"dateModified\":\"2026-01-23T21:42:49+00:00\",\"description\":\"Evorel Conti Hautpflaster, jetzt erh\u00e4ltlich, bietet kontinuierliche Freisetzung von \u00d6strogen und Gestagen zur Linderung von Menopause-Symptomen, erh\u00e4ltlich bei Transtoyou.\",\"breadcrumb\":{\"@id\":\"https:\/\/www.transtoyou.com\/de\/product\/evorel-conti\/#breadcrumb\"},\"inLanguage\":\"de\",\"potentialAction\":[{\"@type\":\"ReadAction\",\"target\":[\"https:\/\/www.transtoyou.com\/de\/product\/evorel-conti\/\"]}]},{\"@type\":\"ImageObject\",\"inLanguage\":\"de\",\"@id\":\"https:\/\/www.transtoyou.com\/de\/product\/evorel-conti\/#primaryimage\",\"url\":\"https:\/\/www.transtoyou.com\/de\/wp-content\/uploads\/sites\/4\/2026\/01\/tty-no-product-image-54.webp\",\"contentUrl\":\"https:\/\/www.transtoyou.com\/de\/wp-content\/uploads\/sites\/4\/2026\/01\/tty-no-product-image-54.webp\",\"width\":1000,\"height\":1000,\"caption\":\"Standardproduktbild\"},{\"@type\":\"WebSite\",\"@id\":\"https:\/\/www.transtoyou.com\/de\/#website\",\"url\":\"https:\/\/www.transtoyou.com\/de\/\",\"name\":\"Transtoyou - DE\",\"description\":\"DE\",\"publisher\":{\"@id\":\"https:\/\/www.transtoyou.com\/de\/#organization\"},\"potentialAction\":[{\"@type\":\"SearchAction\",\"target\":{\"@type\":\"EntryPoint\",\"urlTemplate\":\"https:\/\/www.transtoyou.com\/de\/?s={search_term_string}\"},\"query-input\":{\"@type\":\"PropertyValueSpecification\",\"valueRequired\":true,\"valueName\":\"search_term_string\"}}],\"inLanguage\":\"de\"},{\"@type\":\"Organization\",\"@id\":\"https:\/\/www.transtoyou.com\/de\/#organization\",\"name\":\"Transtoyou - DE\",\"url\":\"https:\/\/www.transtoyou.com\/de\/\",\"logo\":{\"@type\":\"ImageObject\",\"inLanguage\":\"de\",\"@id\":\"https:\/\/www.transtoyou.com\/de\/#\/schema\/logo\/image\/\",\"url\":\"https:\/\/www.transtoyou.com\/de\/wp-content\/uploads\/sites\/4\/2026\/01\/logo-tty-menu-bar-300x87-1.webp\",\"contentUrl\":\"https:\/\/www.transtoyou.com\/de\/wp-content\/uploads\/sites\/4\/2026\/01\/logo-tty-menu-bar-300x87-1.webp\",\"width\":300,\"height\":87,\"caption\":\"Transtoyou - DE\"},\"image\":{\"@id\":\"https:\/\/www.transtoyou.com\/de\/#\/schema\/logo\/image\/\"}}]}<\/script>\n<!-- \/ Yoast SEO plugin. -->","yoast_head_json":{"title":"Evorel Conti | Hormonbalance & Linderung der Menopause - Transtoyou","description":"Evorel Conti Hautpflaster, jetzt erh\u00e4ltlich, bietet kontinuierliche Freisetzung von \u00d6strogen und Gestagen zur Linderung von Menopause-Symptomen, erh\u00e4ltlich bei Transtoyou.","robots":{"index":"noindex","follow":"follow","max-snippet":"max-snippet:-1","max-image-preview":"max-image-preview:large","max-video-preview":"max-video-preview:-1"},"og_locale":"de_DE","og_type":"article","og_title":"Evorel Conti | Hormonbalance & Linderung der Menopause - Transtoyou","og_description":"Evorel Conti Hautpflaster, jetzt erh\u00e4ltlich, bietet kontinuierliche Freisetzung von \u00d6strogen und Gestagen zur Linderung von Menopause-Symptomen, erh\u00e4ltlich bei Transtoyou.","og_url":"https:\/\/www.transtoyou.com\/de\/product\/evorel-conti\/","og_site_name":"Transtoyou - DE","article_modified_time":"2026-01-23T21:42:49+00:00","twitter_card":"summary_large_image","twitter_misc":{"Gesch\u00e4tzte Lesezeit":"1\u00a0Minute"},"schema":{"@context":"https:\/\/schema.org","@graph":[{"@type":"WebPage","@id":"https:\/\/www.transtoyou.com\/de\/product\/evorel-conti\/","url":"https:\/\/www.transtoyou.com\/de\/product\/evorel-conti\/","name":"Evorel Conti | Hormonbalance & Linderung der Menopause - Transtoyou","isPartOf":{"@id":"https:\/\/www.transtoyou.com\/de\/#website"},"primaryImageOfPage":{"@id":"https:\/\/www.transtoyou.com\/de\/product\/evorel-conti\/#primaryimage"},"image":{"@id":"https:\/\/www.transtoyou.com\/de\/product\/evorel-conti\/#primaryimage"},"thumbnailUrl":"https:\/\/www.transtoyou.com\/de\/wp-content\/uploads\/sites\/4\/2026\/01\/tty-no-product-image-54.webp","datePublished":"2026-01-23T21:41:53+00:00","dateModified":"2026-01-23T21:42:49+00:00","description":"Evorel Conti Hautpflaster, jetzt erh\u00e4ltlich, bietet kontinuierliche Freisetzung von \u00d6strogen und Gestagen zur Linderung von Menopause-Symptomen, erh\u00e4ltlich bei Transtoyou.","breadcrumb":{"@id":"https:\/\/www.transtoyou.com\/de\/product\/evorel-conti\/#breadcrumb"},"inLanguage":"de","potentialAction":[{"@type":"ReadAction","target":["https:\/\/www.transtoyou.com\/de\/product\/evorel-conti\/"]}]},{"@type":"ImageObject","inLanguage":"de","@id":"https:\/\/www.transtoyou.com\/de\/product\/evorel-conti\/#primaryimage","url":"https:\/\/www.transtoyou.com\/de\/wp-content\/uploads\/sites\/4\/2026\/01\/tty-no-product-image-54.webp","contentUrl":"https:\/\/www.transtoyou.com\/de\/wp-content\/uploads\/sites\/4\/2026\/01\/tty-no-product-image-54.webp","width":1000,"height":1000,"caption":"Standardproduktbild"},{"@type":"WebSite","@id":"https:\/\/www.transtoyou.com\/de\/#website","url":"https:\/\/www.transtoyou.com\/de\/","name":"Transtoyou - DE","description":"DE","publisher":{"@id":"https:\/\/www.transtoyou.com\/de\/#organization"},"potentialAction":[{"@type":"SearchAction","target":{"@type":"EntryPoint","urlTemplate":"https:\/\/www.transtoyou.com\/de\/?s={search_term_string}"},"query-input":{"@type":"PropertyValueSpecification","valueRequired":true,"valueName":"search_term_string"}}],"inLanguage":"de"},{"@type":"Organization","@id":"https:\/\/www.transtoyou.com\/de\/#organization","name":"Transtoyou - DE","url":"https:\/\/www.transtoyou.com\/de\/","logo":{"@type":"ImageObject","inLanguage":"de","@id":"https:\/\/www.transtoyou.com\/de\/#\/schema\/logo\/image\/","url":"https:\/\/www.transtoyou.com\/de\/wp-content\/uploads\/sites\/4\/2026\/01\/logo-tty-menu-bar-300x87-1.webp","contentUrl":"https:\/\/www.transtoyou.com\/de\/wp-content\/uploads\/sites\/4\/2026\/01\/logo-tty-menu-bar-300x87-1.webp","width":300,"height":87,"caption":"Transtoyou - DE"},"image":{"@id":"https:\/\/www.transtoyou.com\/de\/#\/schema\/logo\/image\/"}}]}},"_links":{"self":[{"href":"https:\/\/www.transtoyou.com\/de\/wp-json\/wp\/v2\/product\/900","targetHints":{"allow":["GET"]}}],"collection":[{"href":"https:\/\/www.transtoyou.com\/de\/wp-json\/wp\/v2\/product"}],"about":[{"href":"https:\/\/www.transtoyou.com\/de\/wp-json\/wp\/v2\/types\/product"}],"replies":[{"embeddable":true,"href":"https:\/\/www.transtoyou.com\/de\/wp-json\/wp\/v2\/comments?post=900"}],"wp:featuredmedia":[{"embeddable":true,"href":"https:\/\/www.transtoyou.com\/de\/wp-json\/wp\/v2\/media\/902"}],"wp:attachment":[{"href":"https:\/\/www.transtoyou.com\/de\/wp-json\/wp\/v2\/media?parent=900"}],"wp:term":[{"taxonomy":"product_brand","embeddable":true,"href":"https:\/\/www.transtoyou.com\/de\/wp-json\/wp\/v2\/product_brand?post=900"},{"taxonomy":"product_cat","embeddable":true,"href":"https:\/\/www.transtoyou.com\/de\/wp-json\/wp\/v2\/product_cat?post=900"},{"taxonomy":"product_tag","embeddable":true,"href":"https:\/\/www.transtoyou.com\/de\/wp-json\/wp\/v2\/product_tag?post=900"},{"taxonomy":"expert","embeddable":true,"href":"https:\/\/www.transtoyou.com\/de\/wp-json\/wp\/v2\/expert?post=900"}],"curies":[{"name":"wp","href":"https:\/\/api.w.org\/{rel}","templated":true}]}}