{"id":919,"date":"2026-01-24T01:19:37","date_gmt":"2026-01-23T23:19:37","guid":{"rendered":"https:\/\/www.transtoyou.com\/de\/product\/tamiflu\/"},"modified":"2026-03-06T12:40:31","modified_gmt":"2026-03-06T10:40:31","slug":"tamiflu","status":"publish","type":"product","link":"https:\/\/www.transtoyou.com\/de\/product\/tamiflu\/","title":{"rendered":"Tamiflu"},"content":{"rendered":"<p>Tamiflu, bekannt durch seinen Wirkstoff Oseltamivir, ist ein antivirales Medikament, das zur Behandlung und Vorbeugung von Influenza, allgemein als Grippe bezeichnet, eingesetzt wird. Es ist kein allgemeines Erk\u00e4ltungsmittel, sondern eine gezielte Behandlung, die gegen die Influenza-Virus-Typen A und B wirkt, die f\u00fcr saisonale Grippeausbr\u00fcche verantwortlich sind.<\/p>\n<p>Tamiflu wirkt, indem es das Enzym Neuraminidase hemmt, eine Substanz, die das Grippevirus ben\u00f6tigt, um sich von infizierten Zellen auf gesunde Zellen im K\u00f6rper auszubreiten. Durch die Blockierung dieses Enzyms hilft Tamiflu, die Ausbreitung des Virus zu begrenzen, was sowohl die Schwere als auch die Dauer von Symptomen wie Fieber, Sch\u00fcttelfrost, Halsschmerzen, Muskelschmerzen und M\u00fcdigkeit reduzieren kann.<\/p>\n<p>Das Medikament ist am effektivsten, wenn es innerhalb von 48 Stunden nach Beginn der Symptome eingenommen wird, obwohl es auch sp\u00e4ter noch einige Vorteile bieten kann. Es wird h\u00e4ufig f\u00fcr Personen verschrieben, die ein h\u00f6heres Risiko f\u00fcr Grippekomplikationen haben, wie \u00e4ltere Erwachsene, Menschen mit bestehenden Gesundheitsproblemen oder Personen mit geschw\u00e4chtem Immunsystem. In einigen F\u00e4llen wird Tamiflu auch als Post-Expositions-Prophylaxe f\u00fcr Personen eingesetzt, die dem Virus ausgesetzt waren, aber noch keine Symptome zeigen.<\/p>\n<p>Tamiflu wird typischerweise als f\u00fcnf-t\u00e4giger Kurs eingenommen, wobei eine Kapsel zweimal t\u00e4glich eingenommen wird. Zur Vorbeugung ist eine einmal t\u00e4gliche Dosis \u00fcber zehn Tage \u00fcblich, nachdem man engen Kontakt mit jemandem hatte, der die Grippe hat.<\/p>\n<p>Die meisten Menschen vertragen Tamiflu gut. Einige k\u00f6nnen Nebenwirkungen wie \u00dcbelkeit, Erbrechen, Kopfschmerzen oder Bauchschmerzen erleben, insbesondere zu Beginn der Behandlung. Die Einnahme des Medikaments mit Nahrung kann helfen, magenbedingte Nebenwirkungen zu reduzieren.<\/p>\n","protected":false},"excerpt":{"rendered":"<ul>\n<li>Beginnt innerhalb von Stunden zu wirken, um die Grippezeit zu verk\u00fcrzen<\/li>\n<li>75 mg Kapsel oder p\u00e4diatrische Suspension verf\u00fcgbar<\/li>\n<li>Bew\u00e4hrt zur Reduzierung von Komplikationen bei Hochrisikogruppen<\/li>\n<\/ul>\n","protected":false},"featured_media":921,"comment_status":"open","ping_status":"closed","template":"","meta":[],"product_brand":[],"product_cat":[126],"product_tag":[],"expert":[21],"class_list":{"0":"post-919","1":"product","2":"type-product","3":"status-publish","4":"has-post-thumbnail","6":"product_cat-grippe-husten-erkaltungsmittel","7":"expert-dr-m-sharoyko","9":"first","10":"instock","11":"shipping-taxable","12":"product-type-variable"},"yoast_head":"<!-- This site is optimized with the Yoast SEO plugin v27.0 - https:\/\/yoast.com\/product\/yoast-seo-wordpress\/ -->\n<title>Tamiflu | Gezielte Linderung &amp; Pr\u00e4vention von Grippe - Transtoyou<\/title>\n<meta name=\"description\" content=\"Tamiflu, ein antivirales Mittel gegen Grippe A &amp; B, lindert Symptome und Schwere. Jetzt bei Transtoyou f\u00fcr effektiven Grippeschutz bestellen.\" \/>\n<meta name=\"robots\" content=\"noindex, follow, max-snippet:-1, max-image-preview:large, max-video-preview:-1\" \/>\n<meta property=\"og:locale\" content=\"de_DE\" \/>\n<meta property=\"og:type\" content=\"article\" \/>\n<meta property=\"og:title\" content=\"Tamiflu | Gezielte Linderung &amp; Pr\u00e4vention von Grippe - Transtoyou\" \/>\n<meta property=\"og:description\" content=\"Tamiflu, ein antivirales Mittel gegen Grippe A &amp; B, lindert Symptome und Schwere. Jetzt bei Transtoyou f\u00fcr effektiven Grippeschutz bestellen.\" \/>\n<meta property=\"og:url\" content=\"https:\/\/www.transtoyou.com\/de\/product\/tamiflu\/\" \/>\n<meta property=\"og:site_name\" content=\"Transtoyou - DE\" \/>\n<meta property=\"article:modified_time\" content=\"2026-03-06T10:40:31+00:00\" \/>\n<meta name=\"twitter:card\" content=\"summary_large_image\" \/>\n<meta name=\"twitter:label1\" content=\"Gesch\u00e4tzte Lesezeit\" \/>\n\t<meta name=\"twitter:data1\" content=\"1\u00a0Minute\" \/>\n<script type=\"application\/ld+json\" class=\"yoast-schema-graph\">{\"@context\":\"https:\/\/schema.org\",\"@graph\":[{\"@type\":\"WebPage\",\"@id\":\"https:\/\/www.transtoyou.com\/de\/product\/tamiflu\/\",\"url\":\"https:\/\/www.transtoyou.com\/de\/product\/tamiflu\/\",\"name\":\"Tamiflu | Gezielte Linderung & Pr\u00e4vention von Grippe - Transtoyou\",\"isPartOf\":{\"@id\":\"https:\/\/www.transtoyou.com\/de\/#website\"},\"primaryImageOfPage\":{\"@id\":\"https:\/\/www.transtoyou.com\/de\/product\/tamiflu\/#primaryimage\"},\"image\":{\"@id\":\"https:\/\/www.transtoyou.com\/de\/product\/tamiflu\/#primaryimage\"},\"thumbnailUrl\":\"https:\/\/www.transtoyou.com\/de\/wp-content\/uploads\/sites\/4\/2026\/01\/tty-no-product-image-60.webp\",\"datePublished\":\"2026-01-23T23:19:37+00:00\",\"dateModified\":\"2026-03-06T10:40:31+00:00\",\"description\":\"Tamiflu, ein antivirales Mittel gegen Grippe A & B, lindert Symptome und Schwere. Jetzt bei Transtoyou f\u00fcr effektiven Grippeschutz bestellen.\",\"breadcrumb\":{\"@id\":\"https:\/\/www.transtoyou.com\/de\/product\/tamiflu\/#breadcrumb\"},\"inLanguage\":\"de\",\"potentialAction\":[{\"@type\":\"ReadAction\",\"target\":[\"https:\/\/www.transtoyou.com\/de\/product\/tamiflu\/\"]}]},{\"@type\":\"ImageObject\",\"inLanguage\":\"de\",\"@id\":\"https:\/\/www.transtoyou.com\/de\/product\/tamiflu\/#primaryimage\",\"url\":\"https:\/\/www.transtoyou.com\/de\/wp-content\/uploads\/sites\/4\/2026\/01\/tty-no-product-image-60.webp\",\"contentUrl\":\"https:\/\/www.transtoyou.com\/de\/wp-content\/uploads\/sites\/4\/2026\/01\/tty-no-product-image-60.webp\",\"width\":1000,\"height\":1000,\"caption\":\"Standardproduktbild\"},{\"@type\":\"WebSite\",\"@id\":\"https:\/\/www.transtoyou.com\/de\/#website\",\"url\":\"https:\/\/www.transtoyou.com\/de\/\",\"name\":\"Transtoyou - DE\",\"description\":\"DE\",\"publisher\":{\"@id\":\"https:\/\/www.transtoyou.com\/de\/#organization\"},\"potentialAction\":[{\"@type\":\"SearchAction\",\"target\":{\"@type\":\"EntryPoint\",\"urlTemplate\":\"https:\/\/www.transtoyou.com\/de\/?s={search_term_string}\"},\"query-input\":{\"@type\":\"PropertyValueSpecification\",\"valueRequired\":true,\"valueName\":\"search_term_string\"}}],\"inLanguage\":\"de\"},{\"@type\":\"Organization\",\"@id\":\"https:\/\/www.transtoyou.com\/de\/#organization\",\"name\":\"Transtoyou - DE\",\"url\":\"https:\/\/www.transtoyou.com\/de\/\",\"logo\":{\"@type\":\"ImageObject\",\"inLanguage\":\"de\",\"@id\":\"https:\/\/www.transtoyou.com\/de\/#\/schema\/logo\/image\/\",\"url\":\"https:\/\/www.transtoyou.com\/de\/wp-content\/uploads\/sites\/4\/2026\/01\/logo-tty-menu-bar-300x87-1.webp\",\"contentUrl\":\"https:\/\/www.transtoyou.com\/de\/wp-content\/uploads\/sites\/4\/2026\/01\/logo-tty-menu-bar-300x87-1.webp\",\"width\":300,\"height\":87,\"caption\":\"Transtoyou - DE\"},\"image\":{\"@id\":\"https:\/\/www.transtoyou.com\/de\/#\/schema\/logo\/image\/\"}}]}<\/script>\n<!-- \/ Yoast SEO plugin. -->","yoast_head_json":{"title":"Tamiflu | Gezielte Linderung & Pr\u00e4vention von Grippe - Transtoyou","description":"Tamiflu, ein antivirales Mittel gegen Grippe A & B, lindert Symptome und Schwere. Jetzt bei Transtoyou f\u00fcr effektiven Grippeschutz bestellen.","robots":{"index":"noindex","follow":"follow","max-snippet":"max-snippet:-1","max-image-preview":"max-image-preview:large","max-video-preview":"max-video-preview:-1"},"og_locale":"de_DE","og_type":"article","og_title":"Tamiflu | Gezielte Linderung & Pr\u00e4vention von Grippe - Transtoyou","og_description":"Tamiflu, ein antivirales Mittel gegen Grippe A & B, lindert Symptome und Schwere. Jetzt bei Transtoyou f\u00fcr effektiven Grippeschutz bestellen.","og_url":"https:\/\/www.transtoyou.com\/de\/product\/tamiflu\/","og_site_name":"Transtoyou - DE","article_modified_time":"2026-03-06T10:40:31+00:00","twitter_card":"summary_large_image","twitter_misc":{"Gesch\u00e4tzte Lesezeit":"1\u00a0Minute"},"schema":{"@context":"https:\/\/schema.org","@graph":[{"@type":"WebPage","@id":"https:\/\/www.transtoyou.com\/de\/product\/tamiflu\/","url":"https:\/\/www.transtoyou.com\/de\/product\/tamiflu\/","name":"Tamiflu | Gezielte Linderung & Pr\u00e4vention von Grippe - Transtoyou","isPartOf":{"@id":"https:\/\/www.transtoyou.com\/de\/#website"},"primaryImageOfPage":{"@id":"https:\/\/www.transtoyou.com\/de\/product\/tamiflu\/#primaryimage"},"image":{"@id":"https:\/\/www.transtoyou.com\/de\/product\/tamiflu\/#primaryimage"},"thumbnailUrl":"https:\/\/www.transtoyou.com\/de\/wp-content\/uploads\/sites\/4\/2026\/01\/tty-no-product-image-60.webp","datePublished":"2026-01-23T23:19:37+00:00","dateModified":"2026-03-06T10:40:31+00:00","description":"Tamiflu, ein antivirales Mittel gegen Grippe A & B, lindert Symptome und Schwere. Jetzt bei Transtoyou f\u00fcr effektiven Grippeschutz bestellen.","breadcrumb":{"@id":"https:\/\/www.transtoyou.com\/de\/product\/tamiflu\/#breadcrumb"},"inLanguage":"de","potentialAction":[{"@type":"ReadAction","target":["https:\/\/www.transtoyou.com\/de\/product\/tamiflu\/"]}]},{"@type":"ImageObject","inLanguage":"de","@id":"https:\/\/www.transtoyou.com\/de\/product\/tamiflu\/#primaryimage","url":"https:\/\/www.transtoyou.com\/de\/wp-content\/uploads\/sites\/4\/2026\/01\/tty-no-product-image-60.webp","contentUrl":"https:\/\/www.transtoyou.com\/de\/wp-content\/uploads\/sites\/4\/2026\/01\/tty-no-product-image-60.webp","width":1000,"height":1000,"caption":"Standardproduktbild"},{"@type":"WebSite","@id":"https:\/\/www.transtoyou.com\/de\/#website","url":"https:\/\/www.transtoyou.com\/de\/","name":"Transtoyou - DE","description":"DE","publisher":{"@id":"https:\/\/www.transtoyou.com\/de\/#organization"},"potentialAction":[{"@type":"SearchAction","target":{"@type":"EntryPoint","urlTemplate":"https:\/\/www.transtoyou.com\/de\/?s={search_term_string}"},"query-input":{"@type":"PropertyValueSpecification","valueRequired":true,"valueName":"search_term_string"}}],"inLanguage":"de"},{"@type":"Organization","@id":"https:\/\/www.transtoyou.com\/de\/#organization","name":"Transtoyou - DE","url":"https:\/\/www.transtoyou.com\/de\/","logo":{"@type":"ImageObject","inLanguage":"de","@id":"https:\/\/www.transtoyou.com\/de\/#\/schema\/logo\/image\/","url":"https:\/\/www.transtoyou.com\/de\/wp-content\/uploads\/sites\/4\/2026\/01\/logo-tty-menu-bar-300x87-1.webp","contentUrl":"https:\/\/www.transtoyou.com\/de\/wp-content\/uploads\/sites\/4\/2026\/01\/logo-tty-menu-bar-300x87-1.webp","width":300,"height":87,"caption":"Transtoyou - DE"},"image":{"@id":"https:\/\/www.transtoyou.com\/de\/#\/schema\/logo\/image\/"}}]}},"_links":{"self":[{"href":"https:\/\/www.transtoyou.com\/de\/wp-json\/wp\/v2\/product\/919","targetHints":{"allow":["GET"]}}],"collection":[{"href":"https:\/\/www.transtoyou.com\/de\/wp-json\/wp\/v2\/product"}],"about":[{"href":"https:\/\/www.transtoyou.com\/de\/wp-json\/wp\/v2\/types\/product"}],"replies":[{"embeddable":true,"href":"https:\/\/www.transtoyou.com\/de\/wp-json\/wp\/v2\/comments?post=919"}],"wp:featuredmedia":[{"embeddable":true,"href":"https:\/\/www.transtoyou.com\/de\/wp-json\/wp\/v2\/media\/921"}],"wp:attachment":[{"href":"https:\/\/www.transtoyou.com\/de\/wp-json\/wp\/v2\/media?parent=919"}],"wp:term":[{"taxonomy":"product_brand","embeddable":true,"href":"https:\/\/www.transtoyou.com\/de\/wp-json\/wp\/v2\/product_brand?post=919"},{"taxonomy":"product_cat","embeddable":true,"href":"https:\/\/www.transtoyou.com\/de\/wp-json\/wp\/v2\/product_cat?post=919"},{"taxonomy":"product_tag","embeddable":true,"href":"https:\/\/www.transtoyou.com\/de\/wp-json\/wp\/v2\/product_tag?post=919"},{"taxonomy":"expert","embeddable":true,"href":"https:\/\/www.transtoyou.com\/de\/wp-json\/wp\/v2\/expert?post=919"}],"curies":[{"name":"wp","href":"https:\/\/api.w.org\/{rel}","templated":true}]}}