{"id":929,"date":"2026-01-24T02:24:13","date_gmt":"2026-01-24T00:24:13","guid":{"rendered":"https:\/\/www.transtoyou.com\/de\/product\/noriday\/"},"modified":"2026-01-24T02:25:06","modified_gmt":"2026-01-24T00:25:06","slug":"noriday","status":"publish","type":"product","link":"https:\/\/www.transtoyou.com\/de\/product\/noriday\/","title":{"rendered":"Noriday"},"content":{"rendered":"<p>Noriday ist eine Gestagen-only Antibabypille, die h\u00e4ufig als Mini-Pille bezeichnet wird. Sie enth\u00e4lt Norethisteron, eine synthetische Version des Hormons Progesteron, und wird zur Schwangerschaftsverh\u00fctung eingesetzt. Noriday ist eine \u00f6strogenfreie Option, die f\u00fcr Personen geeignet ist, die kein \u00d6strogen einnehmen k\u00f6nnen oder m\u00f6chten.<\/p>\n<p>Diese Pille wirkt haupts\u00e4chlich, indem sie den Zervixschleim verdickt, was die Wahrscheinlichkeit verringert, dass Spermien die Eizelle erreichen. Sie beeinflusst auch die Geb\u00e4rmutterschleimhaut, um die Wahrscheinlichkeit einer Einnistung zu reduzieren. Bei einigen Personen kann sie auch den Eisprung unterdr\u00fccken, aber dies ist nicht ihre Hauptwirkungsweise. Noriday muss jeden Tag zur gleichen Zeit eingenommen werden, ohne Pausen zwischen den Packungen.<\/p>\n<p>Noriday kann f\u00fcr Frauen, die stillen, \u00fcber 35 Jahre alt sind oder gesundheitliche Risiken haben, die kombinierte Pillen ungeeignet machen, als angemessen angesehen werden. Sie kann auch von Personen gew\u00e4hlt werden, die eine niedrig dosierte, hormonelle Verh\u00fctungsmethode suchen. Wie bei vielen Mini-Pillen erleben einige Anwender Ver\u00e4nderungen in ihrem Menstruationsblutungsbild, wie z.B. Schmierblutungen, unregelm\u00e4\u00dfige Zyklen oder das v\u00f6llige Ausbleiben der Periode.<\/p>\n<p>Um die Wirksamkeit aufrechtzuerhalten, sollte Noriday innerhalb eines Zeitfensters von drei Stunden jeden Tag eingenommen werden. Wenn sie sp\u00e4ter als dies eingenommen wird, kann der Verh\u00fctungsschutz verringert sein, und zus\u00e4tzliche Verh\u00fctungsmethoden werden f\u00fcr die n\u00e4chsten zwei Tage empfohlen. Noriday bietet eine diskrete und zuverl\u00e4ssige Option f\u00fcr diejenigen, die eine hormonelle Verh\u00fctung ohne \u00d6strogen suchen, wenn sie korrekt angewendet wird.<\/p>\n","protected":false},"excerpt":{"rendered":"<ul>\n<li>\u00d6strogenfreie Tagespille<\/li>\n<li>Dickt den Zervixschleim und ver\u00e4ndert die Geb\u00e4rmutterschleimhaut<\/li>\n<li>Bevorzugt von Personen mit \u00d6strogenunvertr\u00e4glichkeit<\/li>\n<\/ul>\n","protected":false},"featured_media":931,"comment_status":"open","ping_status":"closed","template":"","meta":[],"product_brand":[],"product_cat":[155],"product_tag":[],"expert":[19],"class_list":{"0":"post-929","1":"product","2":"type-product","3":"status-publish","4":"has-post-thumbnail","6":"product_cat-mini-pille","7":"expert-dr-j-vazquez","9":"first","10":"instock","11":"shipping-taxable","12":"product-type-variable"},"yoast_head":"<!-- This site is optimized with the Yoast SEO plugin v27.0 - https:\/\/yoast.com\/product\/yoast-seo-wordpress\/ -->\n<title>Noriday | \u00d6strogenfreie Antibabypille - Transtoyou<\/title>\n<meta name=\"description\" content=\"Noriday Mini-Pille, \u00f6strogenfreies Verh\u00fctungsmittel, verdickt den Zervixschleim zur Schwangerschaftsverh\u00fctung. Kaufe Noriday noch heute f\u00fcr eine hormonbalance Wahl.\" \/>\n<meta name=\"robots\" content=\"noindex, follow, max-snippet:-1, max-image-preview:large, max-video-preview:-1\" \/>\n<meta property=\"og:locale\" content=\"de_DE\" \/>\n<meta property=\"og:type\" content=\"article\" \/>\n<meta property=\"og:title\" content=\"Noriday | \u00d6strogenfreie Antibabypille - Transtoyou\" \/>\n<meta property=\"og:description\" content=\"Noriday Mini-Pille, \u00f6strogenfreies Verh\u00fctungsmittel, verdickt den Zervixschleim zur Schwangerschaftsverh\u00fctung. Kaufe Noriday noch heute f\u00fcr eine hormonbalance Wahl.\" \/>\n<meta property=\"og:url\" content=\"https:\/\/www.transtoyou.com\/de\/product\/noriday\/\" \/>\n<meta property=\"og:site_name\" content=\"Transtoyou - DE\" \/>\n<meta property=\"article:modified_time\" content=\"2026-01-24T00:25:06+00:00\" \/>\n<meta name=\"twitter:card\" content=\"summary_large_image\" \/>\n<meta name=\"twitter:label1\" content=\"Gesch\u00e4tzte Lesezeit\" \/>\n\t<meta name=\"twitter:data1\" content=\"1\u00a0Minute\" \/>\n<script type=\"application\/ld+json\" class=\"yoast-schema-graph\">{\"@context\":\"https:\/\/schema.org\",\"@graph\":[{\"@type\":\"WebPage\",\"@id\":\"https:\/\/www.transtoyou.com\/de\/product\/noriday\/\",\"url\":\"https:\/\/www.transtoyou.com\/de\/product\/noriday\/\",\"name\":\"Noriday | \u00d6strogenfreie Antibabypille - Transtoyou\",\"isPartOf\":{\"@id\":\"https:\/\/www.transtoyou.com\/de\/#website\"},\"primaryImageOfPage\":{\"@id\":\"https:\/\/www.transtoyou.com\/de\/product\/noriday\/#primaryimage\"},\"image\":{\"@id\":\"https:\/\/www.transtoyou.com\/de\/product\/noriday\/#primaryimage\"},\"thumbnailUrl\":\"https:\/\/www.transtoyou.com\/de\/wp-content\/uploads\/sites\/4\/2026\/01\/tty-no-product-image-64.webp\",\"datePublished\":\"2026-01-24T00:24:13+00:00\",\"dateModified\":\"2026-01-24T00:25:06+00:00\",\"description\":\"Noriday Mini-Pille, \u00f6strogenfreies Verh\u00fctungsmittel, verdickt den Zervixschleim zur Schwangerschaftsverh\u00fctung. Kaufe Noriday noch heute f\u00fcr eine hormonbalance Wahl.\",\"breadcrumb\":{\"@id\":\"https:\/\/www.transtoyou.com\/de\/product\/noriday\/#breadcrumb\"},\"inLanguage\":\"de\",\"potentialAction\":[{\"@type\":\"ReadAction\",\"target\":[\"https:\/\/www.transtoyou.com\/de\/product\/noriday\/\"]}]},{\"@type\":\"ImageObject\",\"inLanguage\":\"de\",\"@id\":\"https:\/\/www.transtoyou.com\/de\/product\/noriday\/#primaryimage\",\"url\":\"https:\/\/www.transtoyou.com\/de\/wp-content\/uploads\/sites\/4\/2026\/01\/tty-no-product-image-64.webp\",\"contentUrl\":\"https:\/\/www.transtoyou.com\/de\/wp-content\/uploads\/sites\/4\/2026\/01\/tty-no-product-image-64.webp\",\"width\":1000,\"height\":1000,\"caption\":\"Standardproduktbild\"},{\"@type\":\"WebSite\",\"@id\":\"https:\/\/www.transtoyou.com\/de\/#website\",\"url\":\"https:\/\/www.transtoyou.com\/de\/\",\"name\":\"Transtoyou - DE\",\"description\":\"DE\",\"publisher\":{\"@id\":\"https:\/\/www.transtoyou.com\/de\/#organization\"},\"potentialAction\":[{\"@type\":\"SearchAction\",\"target\":{\"@type\":\"EntryPoint\",\"urlTemplate\":\"https:\/\/www.transtoyou.com\/de\/?s={search_term_string}\"},\"query-input\":{\"@type\":\"PropertyValueSpecification\",\"valueRequired\":true,\"valueName\":\"search_term_string\"}}],\"inLanguage\":\"de\"},{\"@type\":\"Organization\",\"@id\":\"https:\/\/www.transtoyou.com\/de\/#organization\",\"name\":\"Transtoyou - DE\",\"url\":\"https:\/\/www.transtoyou.com\/de\/\",\"logo\":{\"@type\":\"ImageObject\",\"inLanguage\":\"de\",\"@id\":\"https:\/\/www.transtoyou.com\/de\/#\/schema\/logo\/image\/\",\"url\":\"https:\/\/www.transtoyou.com\/de\/wp-content\/uploads\/sites\/4\/2026\/01\/logo-tty-menu-bar-300x87-1.webp\",\"contentUrl\":\"https:\/\/www.transtoyou.com\/de\/wp-content\/uploads\/sites\/4\/2026\/01\/logo-tty-menu-bar-300x87-1.webp\",\"width\":300,\"height\":87,\"caption\":\"Transtoyou - DE\"},\"image\":{\"@id\":\"https:\/\/www.transtoyou.com\/de\/#\/schema\/logo\/image\/\"}}]}<\/script>\n<!-- \/ Yoast SEO plugin. -->","yoast_head_json":{"title":"Noriday | \u00d6strogenfreie Antibabypille - Transtoyou","description":"Noriday Mini-Pille, \u00f6strogenfreies Verh\u00fctungsmittel, verdickt den Zervixschleim zur Schwangerschaftsverh\u00fctung. Kaufe Noriday noch heute f\u00fcr eine hormonbalance Wahl.","robots":{"index":"noindex","follow":"follow","max-snippet":"max-snippet:-1","max-image-preview":"max-image-preview:large","max-video-preview":"max-video-preview:-1"},"og_locale":"de_DE","og_type":"article","og_title":"Noriday | \u00d6strogenfreie Antibabypille - Transtoyou","og_description":"Noriday Mini-Pille, \u00f6strogenfreies Verh\u00fctungsmittel, verdickt den Zervixschleim zur Schwangerschaftsverh\u00fctung. Kaufe Noriday noch heute f\u00fcr eine hormonbalance Wahl.","og_url":"https:\/\/www.transtoyou.com\/de\/product\/noriday\/","og_site_name":"Transtoyou - DE","article_modified_time":"2026-01-24T00:25:06+00:00","twitter_card":"summary_large_image","twitter_misc":{"Gesch\u00e4tzte Lesezeit":"1\u00a0Minute"},"schema":{"@context":"https:\/\/schema.org","@graph":[{"@type":"WebPage","@id":"https:\/\/www.transtoyou.com\/de\/product\/noriday\/","url":"https:\/\/www.transtoyou.com\/de\/product\/noriday\/","name":"Noriday | \u00d6strogenfreie Antibabypille - Transtoyou","isPartOf":{"@id":"https:\/\/www.transtoyou.com\/de\/#website"},"primaryImageOfPage":{"@id":"https:\/\/www.transtoyou.com\/de\/product\/noriday\/#primaryimage"},"image":{"@id":"https:\/\/www.transtoyou.com\/de\/product\/noriday\/#primaryimage"},"thumbnailUrl":"https:\/\/www.transtoyou.com\/de\/wp-content\/uploads\/sites\/4\/2026\/01\/tty-no-product-image-64.webp","datePublished":"2026-01-24T00:24:13+00:00","dateModified":"2026-01-24T00:25:06+00:00","description":"Noriday Mini-Pille, \u00f6strogenfreies Verh\u00fctungsmittel, verdickt den Zervixschleim zur Schwangerschaftsverh\u00fctung. Kaufe Noriday noch heute f\u00fcr eine hormonbalance Wahl.","breadcrumb":{"@id":"https:\/\/www.transtoyou.com\/de\/product\/noriday\/#breadcrumb"},"inLanguage":"de","potentialAction":[{"@type":"ReadAction","target":["https:\/\/www.transtoyou.com\/de\/product\/noriday\/"]}]},{"@type":"ImageObject","inLanguage":"de","@id":"https:\/\/www.transtoyou.com\/de\/product\/noriday\/#primaryimage","url":"https:\/\/www.transtoyou.com\/de\/wp-content\/uploads\/sites\/4\/2026\/01\/tty-no-product-image-64.webp","contentUrl":"https:\/\/www.transtoyou.com\/de\/wp-content\/uploads\/sites\/4\/2026\/01\/tty-no-product-image-64.webp","width":1000,"height":1000,"caption":"Standardproduktbild"},{"@type":"WebSite","@id":"https:\/\/www.transtoyou.com\/de\/#website","url":"https:\/\/www.transtoyou.com\/de\/","name":"Transtoyou - DE","description":"DE","publisher":{"@id":"https:\/\/www.transtoyou.com\/de\/#organization"},"potentialAction":[{"@type":"SearchAction","target":{"@type":"EntryPoint","urlTemplate":"https:\/\/www.transtoyou.com\/de\/?s={search_term_string}"},"query-input":{"@type":"PropertyValueSpecification","valueRequired":true,"valueName":"search_term_string"}}],"inLanguage":"de"},{"@type":"Organization","@id":"https:\/\/www.transtoyou.com\/de\/#organization","name":"Transtoyou - DE","url":"https:\/\/www.transtoyou.com\/de\/","logo":{"@type":"ImageObject","inLanguage":"de","@id":"https:\/\/www.transtoyou.com\/de\/#\/schema\/logo\/image\/","url":"https:\/\/www.transtoyou.com\/de\/wp-content\/uploads\/sites\/4\/2026\/01\/logo-tty-menu-bar-300x87-1.webp","contentUrl":"https:\/\/www.transtoyou.com\/de\/wp-content\/uploads\/sites\/4\/2026\/01\/logo-tty-menu-bar-300x87-1.webp","width":300,"height":87,"caption":"Transtoyou - DE"},"image":{"@id":"https:\/\/www.transtoyou.com\/de\/#\/schema\/logo\/image\/"}}]}},"_links":{"self":[{"href":"https:\/\/www.transtoyou.com\/de\/wp-json\/wp\/v2\/product\/929","targetHints":{"allow":["GET"]}}],"collection":[{"href":"https:\/\/www.transtoyou.com\/de\/wp-json\/wp\/v2\/product"}],"about":[{"href":"https:\/\/www.transtoyou.com\/de\/wp-json\/wp\/v2\/types\/product"}],"replies":[{"embeddable":true,"href":"https:\/\/www.transtoyou.com\/de\/wp-json\/wp\/v2\/comments?post=929"}],"wp:featuredmedia":[{"embeddable":true,"href":"https:\/\/www.transtoyou.com\/de\/wp-json\/wp\/v2\/media\/931"}],"wp:attachment":[{"href":"https:\/\/www.transtoyou.com\/de\/wp-json\/wp\/v2\/media?parent=929"}],"wp:term":[{"taxonomy":"product_brand","embeddable":true,"href":"https:\/\/www.transtoyou.com\/de\/wp-json\/wp\/v2\/product_brand?post=929"},{"taxonomy":"product_cat","embeddable":true,"href":"https:\/\/www.transtoyou.com\/de\/wp-json\/wp\/v2\/product_cat?post=929"},{"taxonomy":"product_tag","embeddable":true,"href":"https:\/\/www.transtoyou.com\/de\/wp-json\/wp\/v2\/product_tag?post=929"},{"taxonomy":"expert","embeddable":true,"href":"https:\/\/www.transtoyou.com\/de\/wp-json\/wp\/v2\/expert?post=929"}],"curies":[{"name":"wp","href":"https:\/\/api.w.org\/{rel}","templated":true}]}}