{"id":938,"date":"2026-01-24T03:05:21","date_gmt":"2026-01-24T01:05:21","guid":{"rendered":"https:\/\/www.transtoyou.com\/de\/product\/alendronic-acid\/"},"modified":"2026-02-05T13:42:51","modified_gmt":"2026-02-05T11:42:51","slug":"alendronsaeure","status":"publish","type":"product","link":"https:\/\/www.transtoyou.com\/de\/product\/alendronsaeure\/","title":{"rendered":"Alendrons\u00e4ure"},"content":{"rendered":"<p>Alendrons\u00e4ure ist ein Medikament, das zur Vorbeugung und Behandlung von Osteoporose eingesetzt wird, einer Erkrankung, bei der die Knochen schwach und br\u00fcchig werden. Es geh\u00f6rt zu einer Klasse von Arzneimitteln, die Bisphosphonate genannt werden, die wirken, indem sie die Geschwindigkeit verlangsamen, mit der Knochen im K\u00f6rper abgebaut werden. Dies hilft, die Knochendichte aufrechtzuerhalten und das Risiko von Frakturen, insbesondere in der Wirbels\u00e4ule, den H\u00fcften und den Handgelenken, zu reduzieren.<\/p>\n<p>Alendrons\u00e4ure wird am h\u00e4ufigsten f\u00fcr postmenopausale Frauen und Menschen verschrieben, die ein erh\u00f6htes Risiko f\u00fcr Knochenverlust aufgrund von Alter, langfristiger Steroidanwendung oder zugrunde liegenden Gesundheitszust\u00e4nden haben. Durch die Reduzierung des Knochenumsatzes st\u00e4rkt es die Knochen und unterst\u00fctzt die langfristige Gesundheit des Skeletts.<\/p>\n<p>Es wird normalerweise einmal w\u00f6chentlich in Tablettenform eingenommen. Um die Aufnahme zu maximieren und Reizungen der Speiser\u00f6hre zu vermeiden, sollte die Tablette ganz mit einem vollen Glas Wasser auf n\u00fcchternen Magen geschluckt werden. Die Anwender m\u00fcssen mindestens 30 Minuten nach der Einnahme der Dosis aufrecht bleiben und sollten w\u00e4hrend dieser Zeit das Essen und Trinken (au\u00dfer Wasser) oder die Einnahme anderer Medikamente vermeiden.<\/p>\n","protected":false},"excerpt":{"rendered":"<ul>\n<li>W\u00f6chentliche Tablette zur St\u00e4rkung der Knochen<\/li>\n<li>Reduziert das Risiko von Frakturen<\/li>\n<li>Verlangsamt den Knochenverlust bei Osteoporose<\/li>\n<\/ul>\n","protected":false},"featured_media":940,"comment_status":"open","ping_status":"closed","template":"","meta":[],"product_brand":[],"product_cat":[157],"product_tag":[],"expert":[21],"class_list":{"0":"post-938","1":"product","2":"type-product","3":"status-publish","4":"has-post-thumbnail","6":"product_cat-osteoporose","7":"expert-dr-m-sharoyko","9":"first","10":"instock","11":"shipping-taxable","12":"product-type-variable"},"yoast_head":"<!-- This site is optimized with the Yoast SEO plugin v27.0 - https:\/\/yoast.com\/product\/yoast-seo-wordpress\/ -->\n<title>Alendrons\u00e4ure | St\u00e4rkt die Knochen, Reduziert Frakturen - Transtoyou<\/title>\n<meta name=\"description\" content=\"Alendrons\u00e4ure, jetzt bei Transtoyou erh\u00e4ltlich, f\u00f6rdert die Knochengesundheit und senkt das Osteoporose-Risiko. Jetzt f\u00fcr starke Knochen einkaufen!\" \/>\n<meta name=\"robots\" content=\"noindex, follow, max-snippet:-1, max-image-preview:large, max-video-preview:-1\" \/>\n<meta property=\"og:locale\" content=\"de_DE\" \/>\n<meta property=\"og:type\" content=\"article\" \/>\n<meta property=\"og:title\" content=\"Alendrons\u00e4ure | St\u00e4rkt die Knochen, Reduziert Frakturen - Transtoyou\" \/>\n<meta property=\"og:description\" content=\"Alendrons\u00e4ure, jetzt bei Transtoyou erh\u00e4ltlich, f\u00f6rdert die Knochengesundheit und senkt das Osteoporose-Risiko. Jetzt f\u00fcr starke Knochen einkaufen!\" \/>\n<meta property=\"og:url\" content=\"https:\/\/www.transtoyou.com\/de\/product\/alendronic-acid\/\" \/>\n<meta property=\"og:site_name\" content=\"Transtoyou - DE\" \/>\n<meta property=\"article:modified_time\" content=\"2026-02-05T11:42:51+00:00\" \/>\n<meta name=\"twitter:card\" content=\"summary_large_image\" \/>\n<meta name=\"twitter:label1\" content=\"Gesch\u00e4tzte Lesezeit\" \/>\n\t<meta name=\"twitter:data1\" content=\"1\u00a0Minute\" \/>\n<script type=\"application\/ld+json\" class=\"yoast-schema-graph\">{\"@context\":\"https:\/\/schema.org\",\"@graph\":[{\"@type\":\"WebPage\",\"@id\":\"https:\/\/www.transtoyou.com\/de\/product\/alendronic-acid\/\",\"url\":\"https:\/\/www.transtoyou.com\/de\/product\/alendronic-acid\/\",\"name\":\"Alendrons\u00e4ure | St\u00e4rkt die Knochen, Reduziert Frakturen - Transtoyou\",\"isPartOf\":{\"@id\":\"https:\/\/www.transtoyou.com\/de\/#website\"},\"primaryImageOfPage\":{\"@id\":\"https:\/\/www.transtoyou.com\/de\/product\/alendronic-acid\/#primaryimage\"},\"image\":{\"@id\":\"https:\/\/www.transtoyou.com\/de\/product\/alendronic-acid\/#primaryimage\"},\"thumbnailUrl\":\"https:\/\/www.transtoyou.com\/de\/wp-content\/uploads\/sites\/4\/2026\/01\/tty-no-product-image-67.webp\",\"datePublished\":\"2026-01-24T01:05:21+00:00\",\"dateModified\":\"2026-02-05T11:42:51+00:00\",\"description\":\"Alendrons\u00e4ure, jetzt bei Transtoyou erh\u00e4ltlich, f\u00f6rdert die Knochengesundheit und senkt das Osteoporose-Risiko. Jetzt f\u00fcr starke Knochen einkaufen!\",\"breadcrumb\":{\"@id\":\"https:\/\/www.transtoyou.com\/de\/product\/alendronic-acid\/#breadcrumb\"},\"inLanguage\":\"de\",\"potentialAction\":[{\"@type\":\"ReadAction\",\"target\":[\"https:\/\/www.transtoyou.com\/de\/product\/alendronic-acid\/\"]}]},{\"@type\":\"ImageObject\",\"inLanguage\":\"de\",\"@id\":\"https:\/\/www.transtoyou.com\/de\/product\/alendronic-acid\/#primaryimage\",\"url\":\"https:\/\/www.transtoyou.com\/de\/wp-content\/uploads\/sites\/4\/2026\/01\/tty-no-product-image-67.webp\",\"contentUrl\":\"https:\/\/www.transtoyou.com\/de\/wp-content\/uploads\/sites\/4\/2026\/01\/tty-no-product-image-67.webp\",\"width\":1000,\"height\":1000,\"caption\":\"Standardproduktbild\"},{\"@type\":\"WebSite\",\"@id\":\"https:\/\/www.transtoyou.com\/de\/#website\",\"url\":\"https:\/\/www.transtoyou.com\/de\/\",\"name\":\"Transtoyou - DE\",\"description\":\"DE\",\"publisher\":{\"@id\":\"https:\/\/www.transtoyou.com\/de\/#organization\"},\"potentialAction\":[{\"@type\":\"SearchAction\",\"target\":{\"@type\":\"EntryPoint\",\"urlTemplate\":\"https:\/\/www.transtoyou.com\/de\/?s={search_term_string}\"},\"query-input\":{\"@type\":\"PropertyValueSpecification\",\"valueRequired\":true,\"valueName\":\"search_term_string\"}}],\"inLanguage\":\"de\"},{\"@type\":\"Organization\",\"@id\":\"https:\/\/www.transtoyou.com\/de\/#organization\",\"name\":\"Transtoyou - DE\",\"url\":\"https:\/\/www.transtoyou.com\/de\/\",\"logo\":{\"@type\":\"ImageObject\",\"inLanguage\":\"de\",\"@id\":\"https:\/\/www.transtoyou.com\/de\/#\/schema\/logo\/image\/\",\"url\":\"https:\/\/www.transtoyou.com\/de\/wp-content\/uploads\/sites\/4\/2026\/01\/logo-tty-menu-bar-300x87-1.webp\",\"contentUrl\":\"https:\/\/www.transtoyou.com\/de\/wp-content\/uploads\/sites\/4\/2026\/01\/logo-tty-menu-bar-300x87-1.webp\",\"width\":300,\"height\":87,\"caption\":\"Transtoyou - DE\"},\"image\":{\"@id\":\"https:\/\/www.transtoyou.com\/de\/#\/schema\/logo\/image\/\"}}]}<\/script>\n<!-- \/ Yoast SEO plugin. -->","yoast_head_json":{"title":"Alendrons\u00e4ure | St\u00e4rkt die Knochen, Reduziert Frakturen - Transtoyou","description":"Alendrons\u00e4ure, jetzt bei Transtoyou erh\u00e4ltlich, f\u00f6rdert die Knochengesundheit und senkt das Osteoporose-Risiko. Jetzt f\u00fcr starke Knochen einkaufen!","robots":{"index":"noindex","follow":"follow","max-snippet":"max-snippet:-1","max-image-preview":"max-image-preview:large","max-video-preview":"max-video-preview:-1"},"og_locale":"de_DE","og_type":"article","og_title":"Alendrons\u00e4ure | St\u00e4rkt die Knochen, Reduziert Frakturen - Transtoyou","og_description":"Alendrons\u00e4ure, jetzt bei Transtoyou erh\u00e4ltlich, f\u00f6rdert die Knochengesundheit und senkt das Osteoporose-Risiko. Jetzt f\u00fcr starke Knochen einkaufen!","og_url":"https:\/\/www.transtoyou.com\/de\/product\/alendronic-acid\/","og_site_name":"Transtoyou - DE","article_modified_time":"2026-02-05T11:42:51+00:00","twitter_card":"summary_large_image","twitter_misc":{"Gesch\u00e4tzte Lesezeit":"1\u00a0Minute"},"schema":{"@context":"https:\/\/schema.org","@graph":[{"@type":"WebPage","@id":"https:\/\/www.transtoyou.com\/de\/product\/alendronic-acid\/","url":"https:\/\/www.transtoyou.com\/de\/product\/alendronic-acid\/","name":"Alendrons\u00e4ure | St\u00e4rkt die Knochen, Reduziert Frakturen - Transtoyou","isPartOf":{"@id":"https:\/\/www.transtoyou.com\/de\/#website"},"primaryImageOfPage":{"@id":"https:\/\/www.transtoyou.com\/de\/product\/alendronic-acid\/#primaryimage"},"image":{"@id":"https:\/\/www.transtoyou.com\/de\/product\/alendronic-acid\/#primaryimage"},"thumbnailUrl":"https:\/\/www.transtoyou.com\/de\/wp-content\/uploads\/sites\/4\/2026\/01\/tty-no-product-image-67.webp","datePublished":"2026-01-24T01:05:21+00:00","dateModified":"2026-02-05T11:42:51+00:00","description":"Alendrons\u00e4ure, jetzt bei Transtoyou erh\u00e4ltlich, f\u00f6rdert die Knochengesundheit und senkt das Osteoporose-Risiko. Jetzt f\u00fcr starke Knochen einkaufen!","breadcrumb":{"@id":"https:\/\/www.transtoyou.com\/de\/product\/alendronic-acid\/#breadcrumb"},"inLanguage":"de","potentialAction":[{"@type":"ReadAction","target":["https:\/\/www.transtoyou.com\/de\/product\/alendronic-acid\/"]}]},{"@type":"ImageObject","inLanguage":"de","@id":"https:\/\/www.transtoyou.com\/de\/product\/alendronic-acid\/#primaryimage","url":"https:\/\/www.transtoyou.com\/de\/wp-content\/uploads\/sites\/4\/2026\/01\/tty-no-product-image-67.webp","contentUrl":"https:\/\/www.transtoyou.com\/de\/wp-content\/uploads\/sites\/4\/2026\/01\/tty-no-product-image-67.webp","width":1000,"height":1000,"caption":"Standardproduktbild"},{"@type":"WebSite","@id":"https:\/\/www.transtoyou.com\/de\/#website","url":"https:\/\/www.transtoyou.com\/de\/","name":"Transtoyou - DE","description":"DE","publisher":{"@id":"https:\/\/www.transtoyou.com\/de\/#organization"},"potentialAction":[{"@type":"SearchAction","target":{"@type":"EntryPoint","urlTemplate":"https:\/\/www.transtoyou.com\/de\/?s={search_term_string}"},"query-input":{"@type":"PropertyValueSpecification","valueRequired":true,"valueName":"search_term_string"}}],"inLanguage":"de"},{"@type":"Organization","@id":"https:\/\/www.transtoyou.com\/de\/#organization","name":"Transtoyou - DE","url":"https:\/\/www.transtoyou.com\/de\/","logo":{"@type":"ImageObject","inLanguage":"de","@id":"https:\/\/www.transtoyou.com\/de\/#\/schema\/logo\/image\/","url":"https:\/\/www.transtoyou.com\/de\/wp-content\/uploads\/sites\/4\/2026\/01\/logo-tty-menu-bar-300x87-1.webp","contentUrl":"https:\/\/www.transtoyou.com\/de\/wp-content\/uploads\/sites\/4\/2026\/01\/logo-tty-menu-bar-300x87-1.webp","width":300,"height":87,"caption":"Transtoyou - DE"},"image":{"@id":"https:\/\/www.transtoyou.com\/de\/#\/schema\/logo\/image\/"}}]}},"_links":{"self":[{"href":"https:\/\/www.transtoyou.com\/de\/wp-json\/wp\/v2\/product\/938","targetHints":{"allow":["GET"]}}],"collection":[{"href":"https:\/\/www.transtoyou.com\/de\/wp-json\/wp\/v2\/product"}],"about":[{"href":"https:\/\/www.transtoyou.com\/de\/wp-json\/wp\/v2\/types\/product"}],"replies":[{"embeddable":true,"href":"https:\/\/www.transtoyou.com\/de\/wp-json\/wp\/v2\/comments?post=938"}],"wp:featuredmedia":[{"embeddable":true,"href":"https:\/\/www.transtoyou.com\/de\/wp-json\/wp\/v2\/media\/940"}],"wp:attachment":[{"href":"https:\/\/www.transtoyou.com\/de\/wp-json\/wp\/v2\/media?parent=938"}],"wp:term":[{"taxonomy":"product_brand","embeddable":true,"href":"https:\/\/www.transtoyou.com\/de\/wp-json\/wp\/v2\/product_brand?post=938"},{"taxonomy":"product_cat","embeddable":true,"href":"https:\/\/www.transtoyou.com\/de\/wp-json\/wp\/v2\/product_cat?post=938"},{"taxonomy":"product_tag","embeddable":true,"href":"https:\/\/www.transtoyou.com\/de\/wp-json\/wp\/v2\/product_tag?post=938"},{"taxonomy":"expert","embeddable":true,"href":"https:\/\/www.transtoyou.com\/de\/wp-json\/wp\/v2\/expert?post=938"}],"curies":[{"name":"wp","href":"https:\/\/api.w.org\/{rel}","templated":true}]}}