{"id":944,"date":"2026-01-24T03:32:23","date_gmt":"2026-01-24T01:32:23","guid":{"rendered":"https:\/\/www.transtoyou.com\/de\/product\/atovaquone-proguanil\/"},"modified":"2026-02-07T15:03:29","modified_gmt":"2026-02-07T13:03:29","slug":"atovaquon-proguanil","status":"publish","type":"product","link":"https:\/\/www.transtoyou.com\/de\/product\/atovaquon-proguanil\/","title":{"rendered":"Atovaquon-Proguanil"},"content":{"rendered":"<p>Atovaquon-Proguanil ist ein Kombinationsmedikament, das zur Vorbeugung und Behandlung von Malaria eingesetzt wird, einer parasit\u00e4ren Erkrankung, die durch den Stich infizierter M\u00fccken \u00fcbertragen wird. Das Medikament kombiniert zwei Wirkstoffe: Atovaquon, das die Energieproduktion der Malariaparasiten beeintr\u00e4chtigt, und Proguanil, das ihre F\u00e4higkeit zur Fortpflanzung hemmt. Zusammen bieten sie einen wirksamen dualen Mechanismus, der den Parasiten in mehreren Phasen seines Lebenszyklus angreift.<\/p>\n<p>Dieses Medikament ist wirksam gegen Plasmodium falciparum, die gef\u00e4hrlichste und medikamentenresistente Form von Malaria. Es wird h\u00e4ufig Reisenden verschrieben, die Regionen besuchen, in denen Malaria endemisch ist, sowie f\u00fcr die kurzfristige Behandlung von Personen, die sich infizieren.<\/p>\n<p>Atovaquon-Proguanil wird in der Regel einmal t\u00e4glich mit Nahrung oder einem milchhaltigen Getr\u00e4nk eingenommen, um die Absorption zu verbessern. Zur Vorbeugung wird es ein oder zwei Tage vor dem Betreten eines Malariarisikogebiets begonnen und eine Woche nach dem Verlassen fortgesetzt. Zur Behandlung wird es drei aufeinanderfolgende Tage eingenommen.<\/p>\n<p>Im Vergleich zu \u00e4lteren Malariamedikamenten wird diese Kombination im Allgemeinen gut vertragen und erfordert keine langen Dosierungspl\u00e4ne vor der Reise. Nebenwirkungen sind in der Regel mild und k\u00f6nnen Bauchschmerzen, \u00dcbelkeit, Erbrechen, Kopfschmerzen oder Schlafst\u00f6rungen umfassen. Es ist nicht f\u00fcr eine langfristige Vorbeugung \u00fcber mehrere Monate geeignet, sondern ideal f\u00fcr k\u00fcrzere Reisen und unkomplizierte Behandlungen.<\/p>\n","protected":false},"excerpt":{"rendered":"<ul>\n<li>Duale Malariapr\u00e4vention und -behandlung<\/li>\n<li>Wirksam gegen medikamentenresistente Malariast\u00e4mme<\/li>\n<li>Praktische einmal t\u00e4gliche Dosierung<\/li>\n<\/ul>\n","protected":false},"featured_media":946,"comment_status":"open","ping_status":"closed","template":"","meta":[],"product_brand":[],"product_cat":[158],"product_tag":[],"expert":[16],"class_list":{"0":"post-944","1":"product","2":"type-product","3":"status-publish","4":"has-post-thumbnail","6":"product_cat-parasiten","7":"expert-dr-c-alexandru","9":"first","10":"instock","11":"shipping-taxable","12":"product-type-variable"},"yoast_head":"<!-- This site is optimized with the Yoast SEO plugin v27.0 - https:\/\/yoast.com\/product\/yoast-seo-wordpress\/ -->\n<title>Atovaquone-Proguanil | Effektiver Malarienschutz - Transtoyou<\/title>\n<meta name=\"description\" content=\"Atovaquone-Proguanil, jetzt erh\u00e4ltlich, bietet doppelten Schutz gegen Malaria. Es zielt auf Plasmodium falciparum ab und ist ideal f\u00fcr Reisende.\" \/>\n<meta name=\"robots\" content=\"noindex, follow, max-snippet:-1, max-image-preview:large, max-video-preview:-1\" \/>\n<meta property=\"og:locale\" content=\"de_DE\" \/>\n<meta property=\"og:type\" content=\"article\" \/>\n<meta property=\"og:title\" content=\"Atovaquone-Proguanil | Effektiver Malarienschutz - Transtoyou\" \/>\n<meta property=\"og:description\" content=\"Atovaquone-Proguanil, jetzt erh\u00e4ltlich, bietet doppelten Schutz gegen Malaria. Es zielt auf Plasmodium falciparum ab und ist ideal f\u00fcr Reisende.\" \/>\n<meta property=\"og:url\" content=\"https:\/\/www.transtoyou.com\/de\/product\/atovaquone-proguanil\/\" \/>\n<meta property=\"og:site_name\" content=\"Transtoyou - DE\" \/>\n<meta property=\"article:modified_time\" content=\"2026-02-07T13:03:29+00:00\" \/>\n<meta name=\"twitter:card\" content=\"summary_large_image\" \/>\n<meta name=\"twitter:label1\" content=\"Gesch\u00e4tzte Lesezeit\" \/>\n\t<meta name=\"twitter:data1\" content=\"1\u00a0Minute\" \/>\n<script type=\"application\/ld+json\" class=\"yoast-schema-graph\">{\"@context\":\"https:\/\/schema.org\",\"@graph\":[{\"@type\":\"WebPage\",\"@id\":\"https:\/\/www.transtoyou.com\/de\/product\/atovaquone-proguanil\/\",\"url\":\"https:\/\/www.transtoyou.com\/de\/product\/atovaquone-proguanil\/\",\"name\":\"Atovaquone-Proguanil | Effektiver Malarienschutz - Transtoyou\",\"isPartOf\":{\"@id\":\"https:\/\/www.transtoyou.com\/de\/#website\"},\"primaryImageOfPage\":{\"@id\":\"https:\/\/www.transtoyou.com\/de\/product\/atovaquone-proguanil\/#primaryimage\"},\"image\":{\"@id\":\"https:\/\/www.transtoyou.com\/de\/product\/atovaquone-proguanil\/#primaryimage\"},\"thumbnailUrl\":\"https:\/\/www.transtoyou.com\/de\/wp-content\/uploads\/sites\/4\/2026\/01\/tty-no-product-image-69.webp\",\"datePublished\":\"2026-01-24T01:32:23+00:00\",\"dateModified\":\"2026-02-07T13:03:29+00:00\",\"description\":\"Atovaquone-Proguanil, jetzt erh\u00e4ltlich, bietet doppelten Schutz gegen Malaria. Es zielt auf Plasmodium falciparum ab und ist ideal f\u00fcr Reisende.\",\"breadcrumb\":{\"@id\":\"https:\/\/www.transtoyou.com\/de\/product\/atovaquone-proguanil\/#breadcrumb\"},\"inLanguage\":\"de\",\"potentialAction\":[{\"@type\":\"ReadAction\",\"target\":[\"https:\/\/www.transtoyou.com\/de\/product\/atovaquone-proguanil\/\"]}]},{\"@type\":\"ImageObject\",\"inLanguage\":\"de\",\"@id\":\"https:\/\/www.transtoyou.com\/de\/product\/atovaquone-proguanil\/#primaryimage\",\"url\":\"https:\/\/www.transtoyou.com\/de\/wp-content\/uploads\/sites\/4\/2026\/01\/tty-no-product-image-69.webp\",\"contentUrl\":\"https:\/\/www.transtoyou.com\/de\/wp-content\/uploads\/sites\/4\/2026\/01\/tty-no-product-image-69.webp\",\"width\":1000,\"height\":1000,\"caption\":\"Standardproduktbild\"},{\"@type\":\"WebSite\",\"@id\":\"https:\/\/www.transtoyou.com\/de\/#website\",\"url\":\"https:\/\/www.transtoyou.com\/de\/\",\"name\":\"Transtoyou - DE\",\"description\":\"DE\",\"publisher\":{\"@id\":\"https:\/\/www.transtoyou.com\/de\/#organization\"},\"potentialAction\":[{\"@type\":\"SearchAction\",\"target\":{\"@type\":\"EntryPoint\",\"urlTemplate\":\"https:\/\/www.transtoyou.com\/de\/?s={search_term_string}\"},\"query-input\":{\"@type\":\"PropertyValueSpecification\",\"valueRequired\":true,\"valueName\":\"search_term_string\"}}],\"inLanguage\":\"de\"},{\"@type\":\"Organization\",\"@id\":\"https:\/\/www.transtoyou.com\/de\/#organization\",\"name\":\"Transtoyou - DE\",\"url\":\"https:\/\/www.transtoyou.com\/de\/\",\"logo\":{\"@type\":\"ImageObject\",\"inLanguage\":\"de\",\"@id\":\"https:\/\/www.transtoyou.com\/de\/#\/schema\/logo\/image\/\",\"url\":\"https:\/\/www.transtoyou.com\/de\/wp-content\/uploads\/sites\/4\/2026\/01\/logo-tty-menu-bar-300x87-1.webp\",\"contentUrl\":\"https:\/\/www.transtoyou.com\/de\/wp-content\/uploads\/sites\/4\/2026\/01\/logo-tty-menu-bar-300x87-1.webp\",\"width\":300,\"height\":87,\"caption\":\"Transtoyou - DE\"},\"image\":{\"@id\":\"https:\/\/www.transtoyou.com\/de\/#\/schema\/logo\/image\/\"}}]}<\/script>\n<!-- \/ Yoast SEO plugin. -->","yoast_head_json":{"title":"Atovaquone-Proguanil | Effektiver Malarienschutz - Transtoyou","description":"Atovaquone-Proguanil, jetzt erh\u00e4ltlich, bietet doppelten Schutz gegen Malaria. Es zielt auf Plasmodium falciparum ab und ist ideal f\u00fcr Reisende.","robots":{"index":"noindex","follow":"follow","max-snippet":"max-snippet:-1","max-image-preview":"max-image-preview:large","max-video-preview":"max-video-preview:-1"},"og_locale":"de_DE","og_type":"article","og_title":"Atovaquone-Proguanil | Effektiver Malarienschutz - Transtoyou","og_description":"Atovaquone-Proguanil, jetzt erh\u00e4ltlich, bietet doppelten Schutz gegen Malaria. Es zielt auf Plasmodium falciparum ab und ist ideal f\u00fcr Reisende.","og_url":"https:\/\/www.transtoyou.com\/de\/product\/atovaquone-proguanil\/","og_site_name":"Transtoyou - DE","article_modified_time":"2026-02-07T13:03:29+00:00","twitter_card":"summary_large_image","twitter_misc":{"Gesch\u00e4tzte Lesezeit":"1\u00a0Minute"},"schema":{"@context":"https:\/\/schema.org","@graph":[{"@type":"WebPage","@id":"https:\/\/www.transtoyou.com\/de\/product\/atovaquone-proguanil\/","url":"https:\/\/www.transtoyou.com\/de\/product\/atovaquone-proguanil\/","name":"Atovaquone-Proguanil | Effektiver Malarienschutz - Transtoyou","isPartOf":{"@id":"https:\/\/www.transtoyou.com\/de\/#website"},"primaryImageOfPage":{"@id":"https:\/\/www.transtoyou.com\/de\/product\/atovaquone-proguanil\/#primaryimage"},"image":{"@id":"https:\/\/www.transtoyou.com\/de\/product\/atovaquone-proguanil\/#primaryimage"},"thumbnailUrl":"https:\/\/www.transtoyou.com\/de\/wp-content\/uploads\/sites\/4\/2026\/01\/tty-no-product-image-69.webp","datePublished":"2026-01-24T01:32:23+00:00","dateModified":"2026-02-07T13:03:29+00:00","description":"Atovaquone-Proguanil, jetzt erh\u00e4ltlich, bietet doppelten Schutz gegen Malaria. Es zielt auf Plasmodium falciparum ab und ist ideal f\u00fcr Reisende.","breadcrumb":{"@id":"https:\/\/www.transtoyou.com\/de\/product\/atovaquone-proguanil\/#breadcrumb"},"inLanguage":"de","potentialAction":[{"@type":"ReadAction","target":["https:\/\/www.transtoyou.com\/de\/product\/atovaquone-proguanil\/"]}]},{"@type":"ImageObject","inLanguage":"de","@id":"https:\/\/www.transtoyou.com\/de\/product\/atovaquone-proguanil\/#primaryimage","url":"https:\/\/www.transtoyou.com\/de\/wp-content\/uploads\/sites\/4\/2026\/01\/tty-no-product-image-69.webp","contentUrl":"https:\/\/www.transtoyou.com\/de\/wp-content\/uploads\/sites\/4\/2026\/01\/tty-no-product-image-69.webp","width":1000,"height":1000,"caption":"Standardproduktbild"},{"@type":"WebSite","@id":"https:\/\/www.transtoyou.com\/de\/#website","url":"https:\/\/www.transtoyou.com\/de\/","name":"Transtoyou - DE","description":"DE","publisher":{"@id":"https:\/\/www.transtoyou.com\/de\/#organization"},"potentialAction":[{"@type":"SearchAction","target":{"@type":"EntryPoint","urlTemplate":"https:\/\/www.transtoyou.com\/de\/?s={search_term_string}"},"query-input":{"@type":"PropertyValueSpecification","valueRequired":true,"valueName":"search_term_string"}}],"inLanguage":"de"},{"@type":"Organization","@id":"https:\/\/www.transtoyou.com\/de\/#organization","name":"Transtoyou - DE","url":"https:\/\/www.transtoyou.com\/de\/","logo":{"@type":"ImageObject","inLanguage":"de","@id":"https:\/\/www.transtoyou.com\/de\/#\/schema\/logo\/image\/","url":"https:\/\/www.transtoyou.com\/de\/wp-content\/uploads\/sites\/4\/2026\/01\/logo-tty-menu-bar-300x87-1.webp","contentUrl":"https:\/\/www.transtoyou.com\/de\/wp-content\/uploads\/sites\/4\/2026\/01\/logo-tty-menu-bar-300x87-1.webp","width":300,"height":87,"caption":"Transtoyou - DE"},"image":{"@id":"https:\/\/www.transtoyou.com\/de\/#\/schema\/logo\/image\/"}}]}},"_links":{"self":[{"href":"https:\/\/www.transtoyou.com\/de\/wp-json\/wp\/v2\/product\/944","targetHints":{"allow":["GET"]}}],"collection":[{"href":"https:\/\/www.transtoyou.com\/de\/wp-json\/wp\/v2\/product"}],"about":[{"href":"https:\/\/www.transtoyou.com\/de\/wp-json\/wp\/v2\/types\/product"}],"replies":[{"embeddable":true,"href":"https:\/\/www.transtoyou.com\/de\/wp-json\/wp\/v2\/comments?post=944"}],"wp:featuredmedia":[{"embeddable":true,"href":"https:\/\/www.transtoyou.com\/de\/wp-json\/wp\/v2\/media\/946"}],"wp:attachment":[{"href":"https:\/\/www.transtoyou.com\/de\/wp-json\/wp\/v2\/media?parent=944"}],"wp:term":[{"taxonomy":"product_brand","embeddable":true,"href":"https:\/\/www.transtoyou.com\/de\/wp-json\/wp\/v2\/product_brand?post=944"},{"taxonomy":"product_cat","embeddable":true,"href":"https:\/\/www.transtoyou.com\/de\/wp-json\/wp\/v2\/product_cat?post=944"},{"taxonomy":"product_tag","embeddable":true,"href":"https:\/\/www.transtoyou.com\/de\/wp-json\/wp\/v2\/product_tag?post=944"},{"taxonomy":"expert","embeddable":true,"href":"https:\/\/www.transtoyou.com\/de\/wp-json\/wp\/v2\/expert?post=944"}],"curies":[{"name":"wp","href":"https:\/\/api.w.org\/{rel}","templated":true}]}}