{"id":947,"date":"2026-01-24T03:46:56","date_gmt":"2026-01-24T01:46:56","guid":{"rendered":"https:\/\/www.transtoyou.com\/de\/product\/avodart\/"},"modified":"2026-02-09T14:49:40","modified_gmt":"2026-02-09T12:49:40","slug":"avodart","status":"publish","type":"product","link":"https:\/\/www.transtoyou.com\/de\/product\/avodart\/","title":{"rendered":"Avodart"},"content":{"rendered":"<p>Avodart enth\u00e4lt Dutasterid, ein Medikament zur Behandlung der benignen Prostatahyperplasie, einem Zustand, der allgemein als vergr\u00f6\u00dferte Prostata bekannt ist. Dieser Zustand betrifft viele M\u00e4nner im Alter und kann zu Harnsymptomen wie h\u00e4ufigem Wasserlassen, Schwierigkeiten beim Starten oder Stoppen des Harnflusses und schwachem Strahl f\u00fchren. Avodart wirkt, indem es die Prostata im Laufe der Zeit verkleinert, was hilft, diese Symptome zu lindern und den Harnfluss zu verbessern.<\/p>\n<p>Dutasterid geh\u00f6rt zu einer Klasse von Medikamenten, die als 5-Alpha-Reduktase-Hemmer bezeichnet werden. Es reduziert die Spiegel von Dihydrotestosteron, einem Hormon, das das Wachstum der Prostata verursacht. Niedrigere Hormonspiegel f\u00fchren zu einer kleineren Prostata, was wiederum den Druck auf die Harnr\u00f6hre verringert und das Wasserlassen erleichtert. Die Wirkung baut sich allm\u00e4hlich auf und kann mehrere Monate dauern, um eine Verbesserung zu zeigen.<\/p>\n<p>Avodart wird als t\u00e4gliche Kapsel (als einmal t\u00e4gliche Kapsel) eingenommen und sollte ganz mit Wasser geschluckt werden. Konsistenz ist wichtig, da das Auslassen von Dosen die Wirksamkeit verringern kann. Es wird oft langfristig verwendet, um die Vorteile aufrechtzuerhalten und das Risiko von Komplikationen wie akuter Harnretention oder der Notwendigkeit einer Prostataoperation zu verringern.<\/p>\n<p>Avodart wird in der Regel gut vertragen. Nebenwirkungen k\u00f6nnen eine reduzierte Libido, Brustempfindlichkeit oder sexuelle Dysfunktion umfassen. Diese Wirkungen neigen dazu, sich mit der Zeit oder nach Absetzen zu verbessern.<\/p>\n","protected":false},"excerpt":{"rendered":"<ul>\n<li>T\u00e4gliche Kapsel f\u00fcr eine vergr\u00f6\u00dferte Prostata<\/li>\n<li>Reduziert die Prostatagr\u00f6\u00dfe und Harnsymptome<\/li>\n<li>Hilft, langfristige Prostatakomplikationen zu verhindern<\/li>\n<\/ul>\n","protected":false},"featured_media":949,"comment_status":"open","ping_status":"closed","template":"","meta":[],"product_brand":[],"product_cat":[161],"product_tag":[],"expert":[21],"class_list":{"0":"post-947","1":"product","2":"type-product","3":"status-publish","4":"has-post-thumbnail","6":"product_cat-prostatagesundheit","7":"expert-dr-m-sharoyko","9":"first","10":"instock","11":"shipping-taxable","12":"product-type-variable"},"yoast_head":"<!-- This site is optimized with the Yoast SEO plugin v27.0 - https:\/\/yoast.com\/product\/yoast-seo-wordpress\/ -->\n<title>Avodart | Prostatabeschwerden schnell lindern - Transtoyou<\/title>\n<meta name=\"description\" content=\"Entdecke Avodart bei Transtoyou, das Symptome einer vergr\u00f6\u00dferten Prostata lindert. Erlebe mit Dutasterid einen besseren Harnfluss. Jetzt kaufen.\" \/>\n<meta name=\"robots\" content=\"noindex, follow, max-snippet:-1, max-image-preview:large, max-video-preview:-1\" \/>\n<meta property=\"og:locale\" content=\"de_DE\" \/>\n<meta property=\"og:type\" content=\"article\" \/>\n<meta property=\"og:title\" content=\"Avodart | Prostatabeschwerden schnell lindern - Transtoyou\" \/>\n<meta property=\"og:description\" content=\"Entdecke Avodart bei Transtoyou, das Symptome einer vergr\u00f6\u00dferten Prostata lindert. Erlebe mit Dutasterid einen besseren Harnfluss. Jetzt kaufen.\" \/>\n<meta property=\"og:url\" content=\"https:\/\/www.transtoyou.com\/de\/product\/avodart\/\" \/>\n<meta property=\"og:site_name\" content=\"Transtoyou - DE\" \/>\n<meta property=\"article:modified_time\" content=\"2026-02-09T12:49:40+00:00\" \/>\n<meta name=\"twitter:card\" content=\"summary_large_image\" \/>\n<meta name=\"twitter:label1\" content=\"Gesch\u00e4tzte Lesezeit\" \/>\n\t<meta name=\"twitter:data1\" content=\"1\u00a0Minute\" \/>\n<script type=\"application\/ld+json\" class=\"yoast-schema-graph\">{\"@context\":\"https:\/\/schema.org\",\"@graph\":[{\"@type\":\"WebPage\",\"@id\":\"https:\/\/www.transtoyou.com\/de\/product\/avodart\/\",\"url\":\"https:\/\/www.transtoyou.com\/de\/product\/avodart\/\",\"name\":\"Avodart | Prostatabeschwerden schnell lindern - Transtoyou\",\"isPartOf\":{\"@id\":\"https:\/\/www.transtoyou.com\/de\/#website\"},\"primaryImageOfPage\":{\"@id\":\"https:\/\/www.transtoyou.com\/de\/product\/avodart\/#primaryimage\"},\"image\":{\"@id\":\"https:\/\/www.transtoyou.com\/de\/product\/avodart\/#primaryimage\"},\"thumbnailUrl\":\"https:\/\/www.transtoyou.com\/de\/wp-content\/uploads\/sites\/4\/2026\/01\/tty-no-product-image-70.webp\",\"datePublished\":\"2026-01-24T01:46:56+00:00\",\"dateModified\":\"2026-02-09T12:49:40+00:00\",\"description\":\"Entdecke Avodart bei Transtoyou, das Symptome einer vergr\u00f6\u00dferten Prostata lindert. Erlebe mit Dutasterid einen besseren Harnfluss. Jetzt kaufen.\",\"breadcrumb\":{\"@id\":\"https:\/\/www.transtoyou.com\/de\/product\/avodart\/#breadcrumb\"},\"inLanguage\":\"de\",\"potentialAction\":[{\"@type\":\"ReadAction\",\"target\":[\"https:\/\/www.transtoyou.com\/de\/product\/avodart\/\"]}]},{\"@type\":\"ImageObject\",\"inLanguage\":\"de\",\"@id\":\"https:\/\/www.transtoyou.com\/de\/product\/avodart\/#primaryimage\",\"url\":\"https:\/\/www.transtoyou.com\/de\/wp-content\/uploads\/sites\/4\/2026\/01\/tty-no-product-image-70.webp\",\"contentUrl\":\"https:\/\/www.transtoyou.com\/de\/wp-content\/uploads\/sites\/4\/2026\/01\/tty-no-product-image-70.webp\",\"width\":1000,\"height\":1000,\"caption\":\"Standardproduktbild\"},{\"@type\":\"WebSite\",\"@id\":\"https:\/\/www.transtoyou.com\/de\/#website\",\"url\":\"https:\/\/www.transtoyou.com\/de\/\",\"name\":\"Transtoyou - DE\",\"description\":\"DE\",\"publisher\":{\"@id\":\"https:\/\/www.transtoyou.com\/de\/#organization\"},\"potentialAction\":[{\"@type\":\"SearchAction\",\"target\":{\"@type\":\"EntryPoint\",\"urlTemplate\":\"https:\/\/www.transtoyou.com\/de\/?s={search_term_string}\"},\"query-input\":{\"@type\":\"PropertyValueSpecification\",\"valueRequired\":true,\"valueName\":\"search_term_string\"}}],\"inLanguage\":\"de\"},{\"@type\":\"Organization\",\"@id\":\"https:\/\/www.transtoyou.com\/de\/#organization\",\"name\":\"Transtoyou - DE\",\"url\":\"https:\/\/www.transtoyou.com\/de\/\",\"logo\":{\"@type\":\"ImageObject\",\"inLanguage\":\"de\",\"@id\":\"https:\/\/www.transtoyou.com\/de\/#\/schema\/logo\/image\/\",\"url\":\"https:\/\/www.transtoyou.com\/de\/wp-content\/uploads\/sites\/4\/2026\/01\/logo-tty-menu-bar-300x87-1.webp\",\"contentUrl\":\"https:\/\/www.transtoyou.com\/de\/wp-content\/uploads\/sites\/4\/2026\/01\/logo-tty-menu-bar-300x87-1.webp\",\"width\":300,\"height\":87,\"caption\":\"Transtoyou - DE\"},\"image\":{\"@id\":\"https:\/\/www.transtoyou.com\/de\/#\/schema\/logo\/image\/\"}}]}<\/script>\n<!-- \/ Yoast SEO plugin. -->","yoast_head_json":{"title":"Avodart | Prostatabeschwerden schnell lindern - Transtoyou","description":"Entdecke Avodart bei Transtoyou, das Symptome einer vergr\u00f6\u00dferten Prostata lindert. Erlebe mit Dutasterid einen besseren Harnfluss. Jetzt kaufen.","robots":{"index":"noindex","follow":"follow","max-snippet":"max-snippet:-1","max-image-preview":"max-image-preview:large","max-video-preview":"max-video-preview:-1"},"og_locale":"de_DE","og_type":"article","og_title":"Avodart | Prostatabeschwerden schnell lindern - Transtoyou","og_description":"Entdecke Avodart bei Transtoyou, das Symptome einer vergr\u00f6\u00dferten Prostata lindert. Erlebe mit Dutasterid einen besseren Harnfluss. Jetzt kaufen.","og_url":"https:\/\/www.transtoyou.com\/de\/product\/avodart\/","og_site_name":"Transtoyou - DE","article_modified_time":"2026-02-09T12:49:40+00:00","twitter_card":"summary_large_image","twitter_misc":{"Gesch\u00e4tzte Lesezeit":"1\u00a0Minute"},"schema":{"@context":"https:\/\/schema.org","@graph":[{"@type":"WebPage","@id":"https:\/\/www.transtoyou.com\/de\/product\/avodart\/","url":"https:\/\/www.transtoyou.com\/de\/product\/avodart\/","name":"Avodart | Prostatabeschwerden schnell lindern - Transtoyou","isPartOf":{"@id":"https:\/\/www.transtoyou.com\/de\/#website"},"primaryImageOfPage":{"@id":"https:\/\/www.transtoyou.com\/de\/product\/avodart\/#primaryimage"},"image":{"@id":"https:\/\/www.transtoyou.com\/de\/product\/avodart\/#primaryimage"},"thumbnailUrl":"https:\/\/www.transtoyou.com\/de\/wp-content\/uploads\/sites\/4\/2026\/01\/tty-no-product-image-70.webp","datePublished":"2026-01-24T01:46:56+00:00","dateModified":"2026-02-09T12:49:40+00:00","description":"Entdecke Avodart bei Transtoyou, das Symptome einer vergr\u00f6\u00dferten Prostata lindert. Erlebe mit Dutasterid einen besseren Harnfluss. Jetzt kaufen.","breadcrumb":{"@id":"https:\/\/www.transtoyou.com\/de\/product\/avodart\/#breadcrumb"},"inLanguage":"de","potentialAction":[{"@type":"ReadAction","target":["https:\/\/www.transtoyou.com\/de\/product\/avodart\/"]}]},{"@type":"ImageObject","inLanguage":"de","@id":"https:\/\/www.transtoyou.com\/de\/product\/avodart\/#primaryimage","url":"https:\/\/www.transtoyou.com\/de\/wp-content\/uploads\/sites\/4\/2026\/01\/tty-no-product-image-70.webp","contentUrl":"https:\/\/www.transtoyou.com\/de\/wp-content\/uploads\/sites\/4\/2026\/01\/tty-no-product-image-70.webp","width":1000,"height":1000,"caption":"Standardproduktbild"},{"@type":"WebSite","@id":"https:\/\/www.transtoyou.com\/de\/#website","url":"https:\/\/www.transtoyou.com\/de\/","name":"Transtoyou - DE","description":"DE","publisher":{"@id":"https:\/\/www.transtoyou.com\/de\/#organization"},"potentialAction":[{"@type":"SearchAction","target":{"@type":"EntryPoint","urlTemplate":"https:\/\/www.transtoyou.com\/de\/?s={search_term_string}"},"query-input":{"@type":"PropertyValueSpecification","valueRequired":true,"valueName":"search_term_string"}}],"inLanguage":"de"},{"@type":"Organization","@id":"https:\/\/www.transtoyou.com\/de\/#organization","name":"Transtoyou - DE","url":"https:\/\/www.transtoyou.com\/de\/","logo":{"@type":"ImageObject","inLanguage":"de","@id":"https:\/\/www.transtoyou.com\/de\/#\/schema\/logo\/image\/","url":"https:\/\/www.transtoyou.com\/de\/wp-content\/uploads\/sites\/4\/2026\/01\/logo-tty-menu-bar-300x87-1.webp","contentUrl":"https:\/\/www.transtoyou.com\/de\/wp-content\/uploads\/sites\/4\/2026\/01\/logo-tty-menu-bar-300x87-1.webp","width":300,"height":87,"caption":"Transtoyou - DE"},"image":{"@id":"https:\/\/www.transtoyou.com\/de\/#\/schema\/logo\/image\/"}}]}},"_links":{"self":[{"href":"https:\/\/www.transtoyou.com\/de\/wp-json\/wp\/v2\/product\/947","targetHints":{"allow":["GET"]}}],"collection":[{"href":"https:\/\/www.transtoyou.com\/de\/wp-json\/wp\/v2\/product"}],"about":[{"href":"https:\/\/www.transtoyou.com\/de\/wp-json\/wp\/v2\/types\/product"}],"replies":[{"embeddable":true,"href":"https:\/\/www.transtoyou.com\/de\/wp-json\/wp\/v2\/comments?post=947"}],"wp:featuredmedia":[{"embeddable":true,"href":"https:\/\/www.transtoyou.com\/de\/wp-json\/wp\/v2\/media\/949"}],"wp:attachment":[{"href":"https:\/\/www.transtoyou.com\/de\/wp-json\/wp\/v2\/media?parent=947"}],"wp:term":[{"taxonomy":"product_brand","embeddable":true,"href":"https:\/\/www.transtoyou.com\/de\/wp-json\/wp\/v2\/product_brand?post=947"},{"taxonomy":"product_cat","embeddable":true,"href":"https:\/\/www.transtoyou.com\/de\/wp-json\/wp\/v2\/product_cat?post=947"},{"taxonomy":"product_tag","embeddable":true,"href":"https:\/\/www.transtoyou.com\/de\/wp-json\/wp\/v2\/product_tag?post=947"},{"taxonomy":"expert","embeddable":true,"href":"https:\/\/www.transtoyou.com\/de\/wp-json\/wp\/v2\/expert?post=947"}],"curies":[{"name":"wp","href":"https:\/\/api.w.org\/{rel}","templated":true}]}}