{"id":950,"date":"2026-01-24T04:00:17","date_gmt":"2026-01-24T02:00:17","guid":{"rendered":"https:\/\/www.transtoyou.com\/de\/product\/dutasteride\/"},"modified":"2026-02-14T13:04:42","modified_gmt":"2026-02-14T11:04:42","slug":"dutasterid","status":"publish","type":"product","link":"https:\/\/www.transtoyou.com\/de\/product\/dutasterid\/","title":{"rendered":"Dutasterid"},"content":{"rendered":"<p>Dutasterid ist ein rezeptpflichtiges Medikament zur Behandlung der benignen Prostatahyperplasie, einer nicht-krebsartigen Vergr\u00f6\u00dferung der Prostata. Es geh\u00f6rt zu einer Klasse von Medikamenten, die als 5-Alpha-Reduktase-Hemmer bekannt sind. Diese Medikamente wirken, indem sie die Umwandlung von Testosteron in Dihydrotestosteron blockieren, ein Hormon, das das Prostatwachstum stimuliert.<\/p>\n<p>Durch die Reduzierung der Hormonspiegel hilft Dutasterid, die Prostata im Laufe der Zeit zu verkleinern, den Druck auf die Harnr\u00f6hre zu verringern und Symptome wie h\u00e4ufiges Wasserlassen, Schwierigkeiten beim Starten oder Stoppen des Wasserlassens und einen schwachen Harnstrahl zu verbessern. Es kann auch die Wahrscheinlichkeit verringern, eine Prostataoperation zu ben\u00f6tigen oder pl\u00f6tzlich akuten Harnverhalt zu erleben.<\/p>\n<p>Dutasterid wird oral in Form einer t\u00e4glichen Kapsel eingenommen. Es kann drei bis sechs Monate dauern, bis sp\u00fcrbare Verbesserungen auftreten, daher ist eine konsequente Anwendung entscheidend. Das Medikament wird oft f\u00fcr eine langfristige Anwendung verschrieben und kann mit anderen Behandlungen wie Alpha-1-Blockern kombiniert werden, um zus\u00e4tzliche Linderung der Symptome in fortgeschritteneren F\u00e4llen zu erreichen.<\/p>\n<p>Nebenwirkungen sind in der Regel mild und k\u00f6nnen einen verringerten Sexualtrieb, Ver\u00e4nderungen bei der Ejakulation oder Brustempfindlichkeit umfassen. Dutasterid senkt die Werte des prostataspezifischen Antigens (PSA), daher sollten bei Blutuntersuchungen zur Prostatakontrolle diese Werte ber\u00fccksichtigt werden. Dieses Medikament ist nicht f\u00fcr die Anwendung bei Frauen gedacht, und schwangere Personen sollten den Kontakt mit undichten, besch\u00e4digten Kapseln vermeiden, um das Risiko einer hormonellen Exposition zu minimieren.<\/p>\n","protected":false},"excerpt":{"rendered":"<ul>\n<li>T\u00e4gliche orale Behandlung f\u00fcr eine vergr\u00f6\u00dferte Prostata<\/li>\n<li>Reduziert Harnsymptome und Prostatavolumen<\/li>\n<li>Kann mit Alpha-Blockern kombiniert werden<\/li>\n<\/ul>\n","protected":false},"featured_media":952,"comment_status":"open","ping_status":"closed","template":"","meta":[],"product_brand":[],"product_cat":[161],"product_tag":[],"expert":[21],"class_list":{"0":"post-950","1":"product","2":"type-product","3":"status-publish","4":"has-post-thumbnail","6":"product_cat-prostatagesundheit","7":"expert-dr-m-sharoyko","9":"first","10":"instock","11":"shipping-taxable","12":"product-type-variable"},"yoast_head":"<!-- This site is optimized with the Yoast SEO plugin v27.0 - https:\/\/yoast.com\/product\/yoast-seo-wordpress\/ -->\n<title>Dutasterid | Prostatagesundheit &amp; Linderung - Transtoyou<\/title>\n<meta name=\"description\" content=\"Entdecke Dutasterid bei Transtoyou, ein Rezeptmedikament gegen benigne Prostatahyperplasie. Es hilft, die Prostata zu verkleinern und lindert Harnsymptome.\" \/>\n<meta name=\"robots\" content=\"noindex, follow, max-snippet:-1, max-image-preview:large, max-video-preview:-1\" \/>\n<meta property=\"og:locale\" content=\"de_DE\" \/>\n<meta property=\"og:type\" content=\"article\" \/>\n<meta property=\"og:title\" content=\"Dutasterid | Prostatagesundheit &amp; Linderung - Transtoyou\" \/>\n<meta property=\"og:description\" content=\"Entdecke Dutasterid bei Transtoyou, ein Rezeptmedikament gegen benigne Prostatahyperplasie. Es hilft, die Prostata zu verkleinern und lindert Harnsymptome.\" \/>\n<meta property=\"og:url\" content=\"https:\/\/www.transtoyou.com\/de\/product\/dutasteride\/\" \/>\n<meta property=\"og:site_name\" content=\"Transtoyou - DE\" \/>\n<meta property=\"article:modified_time\" content=\"2026-02-14T11:04:42+00:00\" \/>\n<meta name=\"twitter:card\" content=\"summary_large_image\" \/>\n<meta name=\"twitter:label1\" content=\"Gesch\u00e4tzte Lesezeit\" \/>\n\t<meta name=\"twitter:data1\" content=\"1\u00a0Minute\" \/>\n<script type=\"application\/ld+json\" class=\"yoast-schema-graph\">{\"@context\":\"https:\/\/schema.org\",\"@graph\":[{\"@type\":\"WebPage\",\"@id\":\"https:\/\/www.transtoyou.com\/de\/product\/dutasteride\/\",\"url\":\"https:\/\/www.transtoyou.com\/de\/product\/dutasteride\/\",\"name\":\"Dutasterid | Prostatagesundheit & Linderung - Transtoyou\",\"isPartOf\":{\"@id\":\"https:\/\/www.transtoyou.com\/de\/#website\"},\"primaryImageOfPage\":{\"@id\":\"https:\/\/www.transtoyou.com\/de\/product\/dutasteride\/#primaryimage\"},\"image\":{\"@id\":\"https:\/\/www.transtoyou.com\/de\/product\/dutasteride\/#primaryimage\"},\"thumbnailUrl\":\"https:\/\/www.transtoyou.com\/de\/wp-content\/uploads\/sites\/4\/2026\/01\/tty-no-product-image-71.webp\",\"datePublished\":\"2026-01-24T02:00:17+00:00\",\"dateModified\":\"2026-02-14T11:04:42+00:00\",\"description\":\"Entdecke Dutasterid bei Transtoyou, ein Rezeptmedikament gegen benigne Prostatahyperplasie. Es hilft, die Prostata zu verkleinern und lindert Harnsymptome.\",\"breadcrumb\":{\"@id\":\"https:\/\/www.transtoyou.com\/de\/product\/dutasteride\/#breadcrumb\"},\"inLanguage\":\"de\",\"potentialAction\":[{\"@type\":\"ReadAction\",\"target\":[\"https:\/\/www.transtoyou.com\/de\/product\/dutasteride\/\"]}]},{\"@type\":\"ImageObject\",\"inLanguage\":\"de\",\"@id\":\"https:\/\/www.transtoyou.com\/de\/product\/dutasteride\/#primaryimage\",\"url\":\"https:\/\/www.transtoyou.com\/de\/wp-content\/uploads\/sites\/4\/2026\/01\/tty-no-product-image-71.webp\",\"contentUrl\":\"https:\/\/www.transtoyou.com\/de\/wp-content\/uploads\/sites\/4\/2026\/01\/tty-no-product-image-71.webp\",\"width\":1000,\"height\":1000,\"caption\":\"Standardproduktbild\"},{\"@type\":\"WebSite\",\"@id\":\"https:\/\/www.transtoyou.com\/de\/#website\",\"url\":\"https:\/\/www.transtoyou.com\/de\/\",\"name\":\"Transtoyou - DE\",\"description\":\"DE\",\"publisher\":{\"@id\":\"https:\/\/www.transtoyou.com\/de\/#organization\"},\"potentialAction\":[{\"@type\":\"SearchAction\",\"target\":{\"@type\":\"EntryPoint\",\"urlTemplate\":\"https:\/\/www.transtoyou.com\/de\/?s={search_term_string}\"},\"query-input\":{\"@type\":\"PropertyValueSpecification\",\"valueRequired\":true,\"valueName\":\"search_term_string\"}}],\"inLanguage\":\"de\"},{\"@type\":\"Organization\",\"@id\":\"https:\/\/www.transtoyou.com\/de\/#organization\",\"name\":\"Transtoyou - DE\",\"url\":\"https:\/\/www.transtoyou.com\/de\/\",\"logo\":{\"@type\":\"ImageObject\",\"inLanguage\":\"de\",\"@id\":\"https:\/\/www.transtoyou.com\/de\/#\/schema\/logo\/image\/\",\"url\":\"https:\/\/www.transtoyou.com\/de\/wp-content\/uploads\/sites\/4\/2026\/01\/logo-tty-menu-bar-300x87-1.webp\",\"contentUrl\":\"https:\/\/www.transtoyou.com\/de\/wp-content\/uploads\/sites\/4\/2026\/01\/logo-tty-menu-bar-300x87-1.webp\",\"width\":300,\"height\":87,\"caption\":\"Transtoyou - DE\"},\"image\":{\"@id\":\"https:\/\/www.transtoyou.com\/de\/#\/schema\/logo\/image\/\"}}]}<\/script>\n<!-- \/ Yoast SEO plugin. -->","yoast_head_json":{"title":"Dutasterid | Prostatagesundheit & Linderung - Transtoyou","description":"Entdecke Dutasterid bei Transtoyou, ein Rezeptmedikament gegen benigne Prostatahyperplasie. Es hilft, die Prostata zu verkleinern und lindert Harnsymptome.","robots":{"index":"noindex","follow":"follow","max-snippet":"max-snippet:-1","max-image-preview":"max-image-preview:large","max-video-preview":"max-video-preview:-1"},"og_locale":"de_DE","og_type":"article","og_title":"Dutasterid | Prostatagesundheit & Linderung - Transtoyou","og_description":"Entdecke Dutasterid bei Transtoyou, ein Rezeptmedikament gegen benigne Prostatahyperplasie. Es hilft, die Prostata zu verkleinern und lindert Harnsymptome.","og_url":"https:\/\/www.transtoyou.com\/de\/product\/dutasteride\/","og_site_name":"Transtoyou - DE","article_modified_time":"2026-02-14T11:04:42+00:00","twitter_card":"summary_large_image","twitter_misc":{"Gesch\u00e4tzte Lesezeit":"1\u00a0Minute"},"schema":{"@context":"https:\/\/schema.org","@graph":[{"@type":"WebPage","@id":"https:\/\/www.transtoyou.com\/de\/product\/dutasteride\/","url":"https:\/\/www.transtoyou.com\/de\/product\/dutasteride\/","name":"Dutasterid | Prostatagesundheit & Linderung - Transtoyou","isPartOf":{"@id":"https:\/\/www.transtoyou.com\/de\/#website"},"primaryImageOfPage":{"@id":"https:\/\/www.transtoyou.com\/de\/product\/dutasteride\/#primaryimage"},"image":{"@id":"https:\/\/www.transtoyou.com\/de\/product\/dutasteride\/#primaryimage"},"thumbnailUrl":"https:\/\/www.transtoyou.com\/de\/wp-content\/uploads\/sites\/4\/2026\/01\/tty-no-product-image-71.webp","datePublished":"2026-01-24T02:00:17+00:00","dateModified":"2026-02-14T11:04:42+00:00","description":"Entdecke Dutasterid bei Transtoyou, ein Rezeptmedikament gegen benigne Prostatahyperplasie. Es hilft, die Prostata zu verkleinern und lindert Harnsymptome.","breadcrumb":{"@id":"https:\/\/www.transtoyou.com\/de\/product\/dutasteride\/#breadcrumb"},"inLanguage":"de","potentialAction":[{"@type":"ReadAction","target":["https:\/\/www.transtoyou.com\/de\/product\/dutasteride\/"]}]},{"@type":"ImageObject","inLanguage":"de","@id":"https:\/\/www.transtoyou.com\/de\/product\/dutasteride\/#primaryimage","url":"https:\/\/www.transtoyou.com\/de\/wp-content\/uploads\/sites\/4\/2026\/01\/tty-no-product-image-71.webp","contentUrl":"https:\/\/www.transtoyou.com\/de\/wp-content\/uploads\/sites\/4\/2026\/01\/tty-no-product-image-71.webp","width":1000,"height":1000,"caption":"Standardproduktbild"},{"@type":"WebSite","@id":"https:\/\/www.transtoyou.com\/de\/#website","url":"https:\/\/www.transtoyou.com\/de\/","name":"Transtoyou - DE","description":"DE","publisher":{"@id":"https:\/\/www.transtoyou.com\/de\/#organization"},"potentialAction":[{"@type":"SearchAction","target":{"@type":"EntryPoint","urlTemplate":"https:\/\/www.transtoyou.com\/de\/?s={search_term_string}"},"query-input":{"@type":"PropertyValueSpecification","valueRequired":true,"valueName":"search_term_string"}}],"inLanguage":"de"},{"@type":"Organization","@id":"https:\/\/www.transtoyou.com\/de\/#organization","name":"Transtoyou - DE","url":"https:\/\/www.transtoyou.com\/de\/","logo":{"@type":"ImageObject","inLanguage":"de","@id":"https:\/\/www.transtoyou.com\/de\/#\/schema\/logo\/image\/","url":"https:\/\/www.transtoyou.com\/de\/wp-content\/uploads\/sites\/4\/2026\/01\/logo-tty-menu-bar-300x87-1.webp","contentUrl":"https:\/\/www.transtoyou.com\/de\/wp-content\/uploads\/sites\/4\/2026\/01\/logo-tty-menu-bar-300x87-1.webp","width":300,"height":87,"caption":"Transtoyou - DE"},"image":{"@id":"https:\/\/www.transtoyou.com\/de\/#\/schema\/logo\/image\/"}}]}},"_links":{"self":[{"href":"https:\/\/www.transtoyou.com\/de\/wp-json\/wp\/v2\/product\/950","targetHints":{"allow":["GET"]}}],"collection":[{"href":"https:\/\/www.transtoyou.com\/de\/wp-json\/wp\/v2\/product"}],"about":[{"href":"https:\/\/www.transtoyou.com\/de\/wp-json\/wp\/v2\/types\/product"}],"replies":[{"embeddable":true,"href":"https:\/\/www.transtoyou.com\/de\/wp-json\/wp\/v2\/comments?post=950"}],"wp:featuredmedia":[{"embeddable":true,"href":"https:\/\/www.transtoyou.com\/de\/wp-json\/wp\/v2\/media\/952"}],"wp:attachment":[{"href":"https:\/\/www.transtoyou.com\/de\/wp-json\/wp\/v2\/media?parent=950"}],"wp:term":[{"taxonomy":"product_brand","embeddable":true,"href":"https:\/\/www.transtoyou.com\/de\/wp-json\/wp\/v2\/product_brand?post=950"},{"taxonomy":"product_cat","embeddable":true,"href":"https:\/\/www.transtoyou.com\/de\/wp-json\/wp\/v2\/product_cat?post=950"},{"taxonomy":"product_tag","embeddable":true,"href":"https:\/\/www.transtoyou.com\/de\/wp-json\/wp\/v2\/product_tag?post=950"},{"taxonomy":"expert","embeddable":true,"href":"https:\/\/www.transtoyou.com\/de\/wp-json\/wp\/v2\/expert?post=950"}],"curies":[{"name":"wp","href":"https:\/\/api.w.org\/{rel}","templated":true}]}}