{"id":953,"date":"2026-01-24T04:14:45","date_gmt":"2026-01-24T02:14:45","guid":{"rendered":"https:\/\/www.transtoyou.com\/de\/product\/terbinafine-lamisil\/"},"modified":"2026-03-06T14:04:55","modified_gmt":"2026-03-06T12:04:55","slug":"terbinafin-lamisil","status":"publish","type":"product","link":"https:\/\/www.transtoyou.com\/de\/product\/terbinafin-lamisil\/","title":{"rendered":"Terbinafin (Lamisil)"},"content":{"rendered":"<p>Terbinafin, oft unter dem Markennamen Lamisil vermarktet, ist ein Antimykotikum, das zur Behandlung von Pilzinfektionen der Haut und N\u00e4gel eingesetzt wird. Es ist besonders wirksam bei Erkrankungen wie Fu\u00dfpilz (Tinea pedis), Ringelflechte und Nagelpilzinfektionen (Onychomykose). Terbinafin wirkt, indem es die Zellmembran von Pilzen angreift und deren F\u00e4higkeit zur Vermehrung und Ausbreitung st\u00f6rt.<\/p>\n<p>Bei Fu\u00dfpilz hilft Terbinafin, Symptome wie Juckreiz, Brennen, rissige Haut und R\u00f6tungen zu reduzieren. Bei Nagelinfektionen, bei denen Pilze das Nagelbett angreifen und verdickte, verf\u00e4rbte oder br\u00fcchige N\u00e4gel verursachen, ist Terbinafin eine der effektivsten systemischen Behandlungen. Es erreicht die Infektionsstelle \u00fcber den Blutkreislauf und beseitigt allm\u00e4hlich den Pilz aus dem Nagel, w\u00e4hrend dieser herausw\u00e4chst.<\/p>\n<p>Terbinafin kann als topische Creme f\u00fcr leichte Hautinfektionen oder als orale Tabletten f\u00fcr hartn\u00e4ckigere oder weit verbreitete Infektionen, insbesondere bei den Zehenn\u00e4geln, verschrieben werden. Nagelinfektionen erfordern in der Regel l\u00e4ngere Behandlungszeitr\u00e4ume, die oft 6 Wochen f\u00fcr Fingern\u00e4gel und bis zu 12 Wochen f\u00fcr Zehenn\u00e4gel dauern.<\/p>\n<p>Sichtbare Verbesserungen bei Hautinfektionen sind normalerweise innerhalb weniger Tage bis zu einer Woche zu sehen, w\u00e4hrend Nagelinfektionen Geduld erfordern, da das neue gesunde Nagelwachstum im Laufe der Zeit den besch\u00e4digten Bereich ersetzt.<\/p>\n<p>H\u00e4ufige Nebenwirkungen k\u00f6nnen gastrointestinales Unbehagen, Kopfschmerzen oder ein leichter Ausschlag sein. In seltenen F\u00e4llen kann Terbinafin die Leberfunktion beeintr\u00e4chtigen, weshalb w\u00e4hrend l\u00e4ngerer Behandlungszeitr\u00e4ume manchmal Blutuntersuchungen empfohlen werden. Es ist nicht geeignet f\u00fcr Personen mit bestimmten Lebererkrankungen oder Allergien gegen Antimykotika.<\/p>\n","protected":false},"excerpt":{"rendered":"<ul>\n<li>Behandelt Haut- und Nagelpilz<\/li>\n<li>Wirksam gegen Fu\u00dfpilz<\/li>\n<li>Unterst\u00fctzt das gesunde Nachwachsen von N\u00e4geln<\/li>\n<\/ul>\n","protected":false},"featured_media":955,"comment_status":"open","ping_status":"closed","template":"","meta":[],"product_brand":[],"product_cat":[174],"product_tag":[],"expert":[18],"class_list":{"0":"post-953","1":"product","2":"type-product","3":"status-publish","4":"has-post-thumbnail","6":"product_cat-nagel-und-fuspilz","7":"expert-dr-g-varbanov","9":"first","10":"instock","11":"shipping-taxable","12":"product-type-variable"},"yoast_head":"<!-- This site is optimized with the Yoast SEO plugin v27.0 - https:\/\/yoast.com\/product\/yoast-seo-wordpress\/ -->\n<title>Terbinafin (Lamisil) | Effektive antimykotische Behandlung - Transtoyou<\/title>\n<meta name=\"description\" content=\"Entdecke Terbinafin (Lamisil) zur effektiven Behandlung von Pilzinfektionen, erh\u00e4ltlich bei Transtoyou. Jetzt shoppen f\u00fcr eine zuverl\u00e4ssige L\u00f6sung.\" \/>\n<meta name=\"robots\" content=\"noindex, follow, max-snippet:-1, max-image-preview:large, max-video-preview:-1\" \/>\n<meta property=\"og:locale\" content=\"de_DE\" \/>\n<meta property=\"og:type\" content=\"article\" \/>\n<meta property=\"og:title\" content=\"Terbinafin (Lamisil) | Effektive antimykotische Behandlung - Transtoyou\" \/>\n<meta property=\"og:description\" content=\"Entdecke Terbinafin (Lamisil) zur effektiven Behandlung von Pilzinfektionen, erh\u00e4ltlich bei Transtoyou. Jetzt shoppen f\u00fcr eine zuverl\u00e4ssige L\u00f6sung.\" \/>\n<meta property=\"og:url\" content=\"https:\/\/www.transtoyou.com\/de\/product\/terbinafine-lamisil\/\" \/>\n<meta property=\"og:site_name\" content=\"Transtoyou - DE\" \/>\n<meta property=\"article:modified_time\" content=\"2026-03-06T12:04:55+00:00\" \/>\n<meta name=\"twitter:card\" content=\"summary_large_image\" \/>\n<meta name=\"twitter:label1\" content=\"Gesch\u00e4tzte Lesezeit\" \/>\n\t<meta name=\"twitter:data1\" content=\"1\u00a0Minute\" \/>\n<script type=\"application\/ld+json\" class=\"yoast-schema-graph\">{\"@context\":\"https:\/\/schema.org\",\"@graph\":[{\"@type\":\"WebPage\",\"@id\":\"https:\/\/www.transtoyou.com\/de\/product\/terbinafine-lamisil\/\",\"url\":\"https:\/\/www.transtoyou.com\/de\/product\/terbinafine-lamisil\/\",\"name\":\"Terbinafin (Lamisil) | Effektive antimykotische Behandlung - Transtoyou\",\"isPartOf\":{\"@id\":\"https:\/\/www.transtoyou.com\/de\/#website\"},\"primaryImageOfPage\":{\"@id\":\"https:\/\/www.transtoyou.com\/de\/product\/terbinafine-lamisil\/#primaryimage\"},\"image\":{\"@id\":\"https:\/\/www.transtoyou.com\/de\/product\/terbinafine-lamisil\/#primaryimage\"},\"thumbnailUrl\":\"https:\/\/www.transtoyou.com\/de\/wp-content\/uploads\/sites\/4\/2026\/01\/tty-no-product-image-72.webp\",\"datePublished\":\"2026-01-24T02:14:45+00:00\",\"dateModified\":\"2026-03-06T12:04:55+00:00\",\"description\":\"Entdecke Terbinafin (Lamisil) zur effektiven Behandlung von Pilzinfektionen, erh\u00e4ltlich bei Transtoyou. Jetzt shoppen f\u00fcr eine zuverl\u00e4ssige L\u00f6sung.\",\"breadcrumb\":{\"@id\":\"https:\/\/www.transtoyou.com\/de\/product\/terbinafine-lamisil\/#breadcrumb\"},\"inLanguage\":\"de\",\"potentialAction\":[{\"@type\":\"ReadAction\",\"target\":[\"https:\/\/www.transtoyou.com\/de\/product\/terbinafine-lamisil\/\"]}]},{\"@type\":\"ImageObject\",\"inLanguage\":\"de\",\"@id\":\"https:\/\/www.transtoyou.com\/de\/product\/terbinafine-lamisil\/#primaryimage\",\"url\":\"https:\/\/www.transtoyou.com\/de\/wp-content\/uploads\/sites\/4\/2026\/01\/tty-no-product-image-72.webp\",\"contentUrl\":\"https:\/\/www.transtoyou.com\/de\/wp-content\/uploads\/sites\/4\/2026\/01\/tty-no-product-image-72.webp\",\"width\":1000,\"height\":1000,\"caption\":\"Standardproduktbild\"},{\"@type\":\"WebSite\",\"@id\":\"https:\/\/www.transtoyou.com\/de\/#website\",\"url\":\"https:\/\/www.transtoyou.com\/de\/\",\"name\":\"Transtoyou - DE\",\"description\":\"DE\",\"publisher\":{\"@id\":\"https:\/\/www.transtoyou.com\/de\/#organization\"},\"potentialAction\":[{\"@type\":\"SearchAction\",\"target\":{\"@type\":\"EntryPoint\",\"urlTemplate\":\"https:\/\/www.transtoyou.com\/de\/?s={search_term_string}\"},\"query-input\":{\"@type\":\"PropertyValueSpecification\",\"valueRequired\":true,\"valueName\":\"search_term_string\"}}],\"inLanguage\":\"de\"},{\"@type\":\"Organization\",\"@id\":\"https:\/\/www.transtoyou.com\/de\/#organization\",\"name\":\"Transtoyou - DE\",\"url\":\"https:\/\/www.transtoyou.com\/de\/\",\"logo\":{\"@type\":\"ImageObject\",\"inLanguage\":\"de\",\"@id\":\"https:\/\/www.transtoyou.com\/de\/#\/schema\/logo\/image\/\",\"url\":\"https:\/\/www.transtoyou.com\/de\/wp-content\/uploads\/sites\/4\/2026\/01\/logo-tty-menu-bar-300x87-1.webp\",\"contentUrl\":\"https:\/\/www.transtoyou.com\/de\/wp-content\/uploads\/sites\/4\/2026\/01\/logo-tty-menu-bar-300x87-1.webp\",\"width\":300,\"height\":87,\"caption\":\"Transtoyou - DE\"},\"image\":{\"@id\":\"https:\/\/www.transtoyou.com\/de\/#\/schema\/logo\/image\/\"}}]}<\/script>\n<!-- \/ Yoast SEO plugin. -->","yoast_head_json":{"title":"Terbinafin (Lamisil) | Effektive antimykotische Behandlung - Transtoyou","description":"Entdecke Terbinafin (Lamisil) zur effektiven Behandlung von Pilzinfektionen, erh\u00e4ltlich bei Transtoyou. Jetzt shoppen f\u00fcr eine zuverl\u00e4ssige L\u00f6sung.","robots":{"index":"noindex","follow":"follow","max-snippet":"max-snippet:-1","max-image-preview":"max-image-preview:large","max-video-preview":"max-video-preview:-1"},"og_locale":"de_DE","og_type":"article","og_title":"Terbinafin (Lamisil) | Effektive antimykotische Behandlung - Transtoyou","og_description":"Entdecke Terbinafin (Lamisil) zur effektiven Behandlung von Pilzinfektionen, erh\u00e4ltlich bei Transtoyou. Jetzt shoppen f\u00fcr eine zuverl\u00e4ssige L\u00f6sung.","og_url":"https:\/\/www.transtoyou.com\/de\/product\/terbinafine-lamisil\/","og_site_name":"Transtoyou - DE","article_modified_time":"2026-03-06T12:04:55+00:00","twitter_card":"summary_large_image","twitter_misc":{"Gesch\u00e4tzte Lesezeit":"1\u00a0Minute"},"schema":{"@context":"https:\/\/schema.org","@graph":[{"@type":"WebPage","@id":"https:\/\/www.transtoyou.com\/de\/product\/terbinafine-lamisil\/","url":"https:\/\/www.transtoyou.com\/de\/product\/terbinafine-lamisil\/","name":"Terbinafin (Lamisil) | Effektive antimykotische Behandlung - Transtoyou","isPartOf":{"@id":"https:\/\/www.transtoyou.com\/de\/#website"},"primaryImageOfPage":{"@id":"https:\/\/www.transtoyou.com\/de\/product\/terbinafine-lamisil\/#primaryimage"},"image":{"@id":"https:\/\/www.transtoyou.com\/de\/product\/terbinafine-lamisil\/#primaryimage"},"thumbnailUrl":"https:\/\/www.transtoyou.com\/de\/wp-content\/uploads\/sites\/4\/2026\/01\/tty-no-product-image-72.webp","datePublished":"2026-01-24T02:14:45+00:00","dateModified":"2026-03-06T12:04:55+00:00","description":"Entdecke Terbinafin (Lamisil) zur effektiven Behandlung von Pilzinfektionen, erh\u00e4ltlich bei Transtoyou. Jetzt shoppen f\u00fcr eine zuverl\u00e4ssige L\u00f6sung.","breadcrumb":{"@id":"https:\/\/www.transtoyou.com\/de\/product\/terbinafine-lamisil\/#breadcrumb"},"inLanguage":"de","potentialAction":[{"@type":"ReadAction","target":["https:\/\/www.transtoyou.com\/de\/product\/terbinafine-lamisil\/"]}]},{"@type":"ImageObject","inLanguage":"de","@id":"https:\/\/www.transtoyou.com\/de\/product\/terbinafine-lamisil\/#primaryimage","url":"https:\/\/www.transtoyou.com\/de\/wp-content\/uploads\/sites\/4\/2026\/01\/tty-no-product-image-72.webp","contentUrl":"https:\/\/www.transtoyou.com\/de\/wp-content\/uploads\/sites\/4\/2026\/01\/tty-no-product-image-72.webp","width":1000,"height":1000,"caption":"Standardproduktbild"},{"@type":"WebSite","@id":"https:\/\/www.transtoyou.com\/de\/#website","url":"https:\/\/www.transtoyou.com\/de\/","name":"Transtoyou - DE","description":"DE","publisher":{"@id":"https:\/\/www.transtoyou.com\/de\/#organization"},"potentialAction":[{"@type":"SearchAction","target":{"@type":"EntryPoint","urlTemplate":"https:\/\/www.transtoyou.com\/de\/?s={search_term_string}"},"query-input":{"@type":"PropertyValueSpecification","valueRequired":true,"valueName":"search_term_string"}}],"inLanguage":"de"},{"@type":"Organization","@id":"https:\/\/www.transtoyou.com\/de\/#organization","name":"Transtoyou - DE","url":"https:\/\/www.transtoyou.com\/de\/","logo":{"@type":"ImageObject","inLanguage":"de","@id":"https:\/\/www.transtoyou.com\/de\/#\/schema\/logo\/image\/","url":"https:\/\/www.transtoyou.com\/de\/wp-content\/uploads\/sites\/4\/2026\/01\/logo-tty-menu-bar-300x87-1.webp","contentUrl":"https:\/\/www.transtoyou.com\/de\/wp-content\/uploads\/sites\/4\/2026\/01\/logo-tty-menu-bar-300x87-1.webp","width":300,"height":87,"caption":"Transtoyou - DE"},"image":{"@id":"https:\/\/www.transtoyou.com\/de\/#\/schema\/logo\/image\/"}}]}},"_links":{"self":[{"href":"https:\/\/www.transtoyou.com\/de\/wp-json\/wp\/v2\/product\/953","targetHints":{"allow":["GET"]}}],"collection":[{"href":"https:\/\/www.transtoyou.com\/de\/wp-json\/wp\/v2\/product"}],"about":[{"href":"https:\/\/www.transtoyou.com\/de\/wp-json\/wp\/v2\/types\/product"}],"replies":[{"embeddable":true,"href":"https:\/\/www.transtoyou.com\/de\/wp-json\/wp\/v2\/comments?post=953"}],"wp:featuredmedia":[{"embeddable":true,"href":"https:\/\/www.transtoyou.com\/de\/wp-json\/wp\/v2\/media\/955"}],"wp:attachment":[{"href":"https:\/\/www.transtoyou.com\/de\/wp-json\/wp\/v2\/media?parent=953"}],"wp:term":[{"taxonomy":"product_brand","embeddable":true,"href":"https:\/\/www.transtoyou.com\/de\/wp-json\/wp\/v2\/product_brand?post=953"},{"taxonomy":"product_cat","embeddable":true,"href":"https:\/\/www.transtoyou.com\/de\/wp-json\/wp\/v2\/product_cat?post=953"},{"taxonomy":"product_tag","embeddable":true,"href":"https:\/\/www.transtoyou.com\/de\/wp-json\/wp\/v2\/product_tag?post=953"},{"taxonomy":"expert","embeddable":true,"href":"https:\/\/www.transtoyou.com\/de\/wp-json\/wp\/v2\/expert?post=953"}],"curies":[{"name":"wp","href":"https:\/\/api.w.org\/{rel}","templated":true}]}}