{"id":956,"date":"2026-01-24T04:29:56","date_gmt":"2026-01-24T02:29:56","guid":{"rendered":"https:\/\/www.transtoyou.com\/de\/product\/loceryl\/"},"modified":"2026-01-24T04:30:58","modified_gmt":"2026-01-24T02:30:58","slug":"loceryl","status":"publish","type":"product","link":"https:\/\/www.transtoyou.com\/de\/product\/loceryl\/","title":{"rendered":"Loceryl"},"content":{"rendered":"<p>Loceryl ist eine topische antimykotische Behandlung, die speziell zur Bek\u00e4mpfung von Pilzinfektionen der Fu\u00df- und Fingern\u00e4gel entwickelt wurde. Es enth\u00e4lt den Wirkstoff Amorolfin, der die Struktur der Pilzzellmembranen st\u00f6rt. Dies verhindert das Wachstum der Pilze und f\u00fchrt schlie\u00dflich zu ihrem Tod.<\/p>\n<p>Loceryl wird am h\u00e4ufigsten zur Behandlung von Onychomykose eingesetzt, einer hartn\u00e4ckigen Pilzinfektion der N\u00e4gel, die zu verdickten, verf\u00e4rbten oder br\u00fcchigen N\u00e4geln f\u00fchrt. Es wird auch manchmal bei Pilzinfektionen der Haut wie Fu\u00dfpilz eingesetzt, wenn diese den Bereich um den Nagel betreffen. Im Gegensatz zu oralen antimykotischen Medikamenten wird Loceryl direkt auf den betroffenen Nagel und die umliegende Haut aufgetragen, was eine lokale Behandlung ohne systemische Nebenwirkungen erm\u00f6glicht.<\/p>\n<p>Der Lack wird typischerweise einmal oder zweimal pro Woche aufgetragen, abh\u00e4ngig von der Schwere der Infektion und dem Behandlungsplan. Nach der Anwendung trocknet er und bildet einen sch\u00fctzenden Film, der es dem Wirkstoff erm\u00f6glicht, im Laufe der Zeit in den Nagel einzudringen. Dieser verz\u00f6gerte Freisetzungseffekt erm\u00f6glicht es, dass das Medikament bei jeder Anwendung mehrere Tage aktiv bleibt.<\/p>\n<p>Sichtbare Verbesserungen k\u00f6nnen mehrere Wochen in Anspruch nehmen, und die vollst\u00e4ndige Behandlung kann 6 bis 12 Monate dauern, da es Zeit braucht, bis der infizierte Nagel herausw\u00e4chst und durch gesundes Gewebe ersetzt wird.<\/p>\n<p>Nebenwirkungen sind selten, k\u00f6nnen jedoch leichte Reizungen, Brennen oder R\u00f6tungen um den Nagel umfassen. Loceryl wird im Allgemeinen gut vertragen und als sicher f\u00fcr die Langzeitanwendung angesehen.<\/p>\n","protected":false},"excerpt":{"rendered":"<ul>\n<li>Topisches Antimykotikum zur Behandlung von Nagelinfektionen<\/li>\n<li>Zielt auf Pilzinfektionen der N\u00e4gel ab<\/li>\n<li>Langanhaltende Lackformel<\/li>\n<\/ul>\n","protected":false},"featured_media":957,"comment_status":"open","ping_status":"closed","template":"","meta":[],"product_brand":[],"product_cat":[174],"product_tag":[],"expert":[18],"class_list":{"0":"post-956","1":"product","2":"type-product","3":"status-publish","4":"has-post-thumbnail","6":"product_cat-nagel-und-fuspilz","7":"expert-dr-g-varbanov","9":"first","10":"instock","11":"shipping-taxable","12":"product-type-simple"},"yoast_head":"<!-- This site is optimized with the Yoast SEO plugin v27.0 - https:\/\/yoast.com\/product\/yoast-seo-wordpress\/ -->\n<title>Loceryl | Effektive Antipilzl\u00f6sung - Transtoyou<\/title>\n<meta name=\"description\" content=\"Loceryl Antischimmel-Lack bek\u00e4mpft Nagelinfektionen mit Amorolfin. Hier erh\u00e4ltlich, bietet er eine lokale Behandlung ohne systemische Wirkungen.\" \/>\n<meta name=\"robots\" content=\"noindex, follow, max-snippet:-1, max-image-preview:large, max-video-preview:-1\" \/>\n<meta property=\"og:locale\" content=\"de_DE\" \/>\n<meta property=\"og:type\" content=\"article\" \/>\n<meta property=\"og:title\" content=\"Loceryl | Effektive Antipilzl\u00f6sung - Transtoyou\" \/>\n<meta property=\"og:description\" content=\"Loceryl Antischimmel-Lack bek\u00e4mpft Nagelinfektionen mit Amorolfin. Hier erh\u00e4ltlich, bietet er eine lokale Behandlung ohne systemische Wirkungen.\" \/>\n<meta property=\"og:url\" content=\"https:\/\/www.transtoyou.com\/de\/product\/loceryl\/\" \/>\n<meta property=\"og:site_name\" content=\"Transtoyou - DE\" \/>\n<meta property=\"article:modified_time\" content=\"2026-01-24T02:30:58+00:00\" \/>\n<meta name=\"twitter:card\" content=\"summary_large_image\" \/>\n<meta name=\"twitter:label1\" content=\"Gesch\u00e4tzte Lesezeit\" \/>\n\t<meta name=\"twitter:data1\" content=\"1\u00a0Minute\" \/>\n<script type=\"application\/ld+json\" class=\"yoast-schema-graph\">{\"@context\":\"https:\/\/schema.org\",\"@graph\":[{\"@type\":\"WebPage\",\"@id\":\"https:\/\/www.transtoyou.com\/de\/product\/loceryl\/\",\"url\":\"https:\/\/www.transtoyou.com\/de\/product\/loceryl\/\",\"name\":\"Loceryl | Effektive Antipilzl\u00f6sung - Transtoyou\",\"isPartOf\":{\"@id\":\"https:\/\/www.transtoyou.com\/de\/#website\"},\"primaryImageOfPage\":{\"@id\":\"https:\/\/www.transtoyou.com\/de\/product\/loceryl\/#primaryimage\"},\"image\":{\"@id\":\"https:\/\/www.transtoyou.com\/de\/product\/loceryl\/#primaryimage\"},\"thumbnailUrl\":\"https:\/\/www.transtoyou.com\/de\/wp-content\/uploads\/sites\/4\/2026\/01\/tty-no-product-image-73.webp\",\"datePublished\":\"2026-01-24T02:29:56+00:00\",\"dateModified\":\"2026-01-24T02:30:58+00:00\",\"description\":\"Loceryl Antischimmel-Lack bek\u00e4mpft Nagelinfektionen mit Amorolfin. Hier erh\u00e4ltlich, bietet er eine lokale Behandlung ohne systemische Wirkungen.\",\"breadcrumb\":{\"@id\":\"https:\/\/www.transtoyou.com\/de\/product\/loceryl\/#breadcrumb\"},\"inLanguage\":\"de\",\"potentialAction\":[{\"@type\":\"ReadAction\",\"target\":[\"https:\/\/www.transtoyou.com\/de\/product\/loceryl\/\"]}]},{\"@type\":\"ImageObject\",\"inLanguage\":\"de\",\"@id\":\"https:\/\/www.transtoyou.com\/de\/product\/loceryl\/#primaryimage\",\"url\":\"https:\/\/www.transtoyou.com\/de\/wp-content\/uploads\/sites\/4\/2026\/01\/tty-no-product-image-73.webp\",\"contentUrl\":\"https:\/\/www.transtoyou.com\/de\/wp-content\/uploads\/sites\/4\/2026\/01\/tty-no-product-image-73.webp\",\"width\":1000,\"height\":1000,\"caption\":\"Standardproduktbild\"},{\"@type\":\"WebSite\",\"@id\":\"https:\/\/www.transtoyou.com\/de\/#website\",\"url\":\"https:\/\/www.transtoyou.com\/de\/\",\"name\":\"Transtoyou - DE\",\"description\":\"DE\",\"publisher\":{\"@id\":\"https:\/\/www.transtoyou.com\/de\/#organization\"},\"potentialAction\":[{\"@type\":\"SearchAction\",\"target\":{\"@type\":\"EntryPoint\",\"urlTemplate\":\"https:\/\/www.transtoyou.com\/de\/?s={search_term_string}\"},\"query-input\":{\"@type\":\"PropertyValueSpecification\",\"valueRequired\":true,\"valueName\":\"search_term_string\"}}],\"inLanguage\":\"de\"},{\"@type\":\"Organization\",\"@id\":\"https:\/\/www.transtoyou.com\/de\/#organization\",\"name\":\"Transtoyou - DE\",\"url\":\"https:\/\/www.transtoyou.com\/de\/\",\"logo\":{\"@type\":\"ImageObject\",\"inLanguage\":\"de\",\"@id\":\"https:\/\/www.transtoyou.com\/de\/#\/schema\/logo\/image\/\",\"url\":\"https:\/\/www.transtoyou.com\/de\/wp-content\/uploads\/sites\/4\/2026\/01\/logo-tty-menu-bar-300x87-1.webp\",\"contentUrl\":\"https:\/\/www.transtoyou.com\/de\/wp-content\/uploads\/sites\/4\/2026\/01\/logo-tty-menu-bar-300x87-1.webp\",\"width\":300,\"height\":87,\"caption\":\"Transtoyou - DE\"},\"image\":{\"@id\":\"https:\/\/www.transtoyou.com\/de\/#\/schema\/logo\/image\/\"}}]}<\/script>\n<!-- \/ Yoast SEO plugin. -->","yoast_head_json":{"title":"Loceryl | Effektive Antipilzl\u00f6sung - Transtoyou","description":"Loceryl Antischimmel-Lack bek\u00e4mpft Nagelinfektionen mit Amorolfin. Hier erh\u00e4ltlich, bietet er eine lokale Behandlung ohne systemische Wirkungen.","robots":{"index":"noindex","follow":"follow","max-snippet":"max-snippet:-1","max-image-preview":"max-image-preview:large","max-video-preview":"max-video-preview:-1"},"og_locale":"de_DE","og_type":"article","og_title":"Loceryl | Effektive Antipilzl\u00f6sung - Transtoyou","og_description":"Loceryl Antischimmel-Lack bek\u00e4mpft Nagelinfektionen mit Amorolfin. Hier erh\u00e4ltlich, bietet er eine lokale Behandlung ohne systemische Wirkungen.","og_url":"https:\/\/www.transtoyou.com\/de\/product\/loceryl\/","og_site_name":"Transtoyou - DE","article_modified_time":"2026-01-24T02:30:58+00:00","twitter_card":"summary_large_image","twitter_misc":{"Gesch\u00e4tzte Lesezeit":"1\u00a0Minute"},"schema":{"@context":"https:\/\/schema.org","@graph":[{"@type":"WebPage","@id":"https:\/\/www.transtoyou.com\/de\/product\/loceryl\/","url":"https:\/\/www.transtoyou.com\/de\/product\/loceryl\/","name":"Loceryl | Effektive Antipilzl\u00f6sung - Transtoyou","isPartOf":{"@id":"https:\/\/www.transtoyou.com\/de\/#website"},"primaryImageOfPage":{"@id":"https:\/\/www.transtoyou.com\/de\/product\/loceryl\/#primaryimage"},"image":{"@id":"https:\/\/www.transtoyou.com\/de\/product\/loceryl\/#primaryimage"},"thumbnailUrl":"https:\/\/www.transtoyou.com\/de\/wp-content\/uploads\/sites\/4\/2026\/01\/tty-no-product-image-73.webp","datePublished":"2026-01-24T02:29:56+00:00","dateModified":"2026-01-24T02:30:58+00:00","description":"Loceryl Antischimmel-Lack bek\u00e4mpft Nagelinfektionen mit Amorolfin. Hier erh\u00e4ltlich, bietet er eine lokale Behandlung ohne systemische Wirkungen.","breadcrumb":{"@id":"https:\/\/www.transtoyou.com\/de\/product\/loceryl\/#breadcrumb"},"inLanguage":"de","potentialAction":[{"@type":"ReadAction","target":["https:\/\/www.transtoyou.com\/de\/product\/loceryl\/"]}]},{"@type":"ImageObject","inLanguage":"de","@id":"https:\/\/www.transtoyou.com\/de\/product\/loceryl\/#primaryimage","url":"https:\/\/www.transtoyou.com\/de\/wp-content\/uploads\/sites\/4\/2026\/01\/tty-no-product-image-73.webp","contentUrl":"https:\/\/www.transtoyou.com\/de\/wp-content\/uploads\/sites\/4\/2026\/01\/tty-no-product-image-73.webp","width":1000,"height":1000,"caption":"Standardproduktbild"},{"@type":"WebSite","@id":"https:\/\/www.transtoyou.com\/de\/#website","url":"https:\/\/www.transtoyou.com\/de\/","name":"Transtoyou - DE","description":"DE","publisher":{"@id":"https:\/\/www.transtoyou.com\/de\/#organization"},"potentialAction":[{"@type":"SearchAction","target":{"@type":"EntryPoint","urlTemplate":"https:\/\/www.transtoyou.com\/de\/?s={search_term_string}"},"query-input":{"@type":"PropertyValueSpecification","valueRequired":true,"valueName":"search_term_string"}}],"inLanguage":"de"},{"@type":"Organization","@id":"https:\/\/www.transtoyou.com\/de\/#organization","name":"Transtoyou - DE","url":"https:\/\/www.transtoyou.com\/de\/","logo":{"@type":"ImageObject","inLanguage":"de","@id":"https:\/\/www.transtoyou.com\/de\/#\/schema\/logo\/image\/","url":"https:\/\/www.transtoyou.com\/de\/wp-content\/uploads\/sites\/4\/2026\/01\/logo-tty-menu-bar-300x87-1.webp","contentUrl":"https:\/\/www.transtoyou.com\/de\/wp-content\/uploads\/sites\/4\/2026\/01\/logo-tty-menu-bar-300x87-1.webp","width":300,"height":87,"caption":"Transtoyou - DE"},"image":{"@id":"https:\/\/www.transtoyou.com\/de\/#\/schema\/logo\/image\/"}}]}},"_links":{"self":[{"href":"https:\/\/www.transtoyou.com\/de\/wp-json\/wp\/v2\/product\/956","targetHints":{"allow":["GET"]}}],"collection":[{"href":"https:\/\/www.transtoyou.com\/de\/wp-json\/wp\/v2\/product"}],"about":[{"href":"https:\/\/www.transtoyou.com\/de\/wp-json\/wp\/v2\/types\/product"}],"replies":[{"embeddable":true,"href":"https:\/\/www.transtoyou.com\/de\/wp-json\/wp\/v2\/comments?post=956"}],"wp:featuredmedia":[{"embeddable":true,"href":"https:\/\/www.transtoyou.com\/de\/wp-json\/wp\/v2\/media\/957"}],"wp:attachment":[{"href":"https:\/\/www.transtoyou.com\/de\/wp-json\/wp\/v2\/media?parent=956"}],"wp:term":[{"taxonomy":"product_brand","embeddable":true,"href":"https:\/\/www.transtoyou.com\/de\/wp-json\/wp\/v2\/product_brand?post=956"},{"taxonomy":"product_cat","embeddable":true,"href":"https:\/\/www.transtoyou.com\/de\/wp-json\/wp\/v2\/product_cat?post=956"},{"taxonomy":"product_tag","embeddable":true,"href":"https:\/\/www.transtoyou.com\/de\/wp-json\/wp\/v2\/product_tag?post=956"},{"taxonomy":"expert","embeddable":true,"href":"https:\/\/www.transtoyou.com\/de\/wp-json\/wp\/v2\/expert?post=956"}],"curies":[{"name":"wp","href":"https:\/\/api.w.org\/{rel}","templated":true}]}}