{"id":960,"date":"2026-01-24T04:59:09","date_gmt":"2026-01-24T02:59:09","guid":{"rendered":"https:\/\/www.transtoyou.com\/de\/product\/betmiga\/"},"modified":"2026-02-13T13:40:57","modified_gmt":"2026-02-13T11:40:57","slug":"betmiga","status":"publish","type":"product","link":"https:\/\/www.transtoyou.com\/de\/product\/betmiga\/","title":{"rendered":"Betmiga"},"content":{"rendered":"<p>Betmiga ist ein rezeptpflichtiges Medikament zur Behandlung von Symptomen einer \u00fcberaktiven Blase (OAB), einschlie\u00dflich Harndrang, H\u00e4ufigkeit und Dranginkontinenz. Es enth\u00e4lt den Wirkstoff Mirabegron, der zu einer Klasse von Medikamenten geh\u00f6rt, die als Beta-3-Adrenozeptor-Agonisten bezeichnet werden. Im Gegensatz zu traditionellen antimuskarinischen Behandlungen wirkt Betmiga, indem es den Blasenmuskel w\u00e4hrend der Speicherphase entspannt, wodurch die Blase mehr Urin halten kann und der Bedarf an h\u00e4ufigem Wasserlassen verringert wird.<\/p>\n<p>Eine \u00fcberaktive Blase kann das t\u00e4gliche Leben erheblich beeintr\u00e4chtigen und oft zu St\u00f6rungen bei der Arbeit, im Schlaf und in sozialen Aktivit\u00e4ten f\u00fchren. Betmiga hilft, die Blasenkontrolle wiederherzustellen und lindert das Unbehagen und die Unannehmlichkeiten von unfreiwilligen Leckagen oder st\u00e4ndigem Harndrang.<\/p>\n<p>Betmiga wird einmal t\u00e4glich, mit oder ohne Nahrung, eingenommen. Die Wirkung baut sich allm\u00e4hlich auf, und es kann mehrere Wochen dauern, bis eine vollst\u00e4ndige Verbesserung sp\u00fcrbar ist. Bei vielen Patienten beginnen die Symptome innerhalb der ersten zwei bis vier Wochen einer konsequenten Anwendung nachzulassen.<\/p>\n<p>Ein Vorteil von Betmiga ist sein anderer Wirkmechanismus im Vergleich zu \u00e4lteren OAB-Medikamenten, was es zu einer geeigneten Alternative f\u00fcr Patienten macht, die Nebenwirkungen wie Mundtrockenheit oder Verstopfung bei Antimuskarinika erleben.<\/p>\n<p>Zu den h\u00e4ufigsten Nebenwirkungen geh\u00f6ren erh\u00f6hter Blutdruck, Harnwegsinfektionen oder Kopfschmerzen. Betmiga ist nicht geeignet f\u00fcr Personen mit schwerem, unkontrolliertem Bluthochdruck oder bestimmten Herzkrankheiten. Eine regelm\u00e4\u00dfige \u00dcberwachung kann ratsam sein, insbesondere bei Personen mit bestehenden kardiovaskul\u00e4ren Risiken.<\/p>\n","protected":false},"excerpt":{"rendered":"<ul>\n<li>T\u00e4gliche Blasenkontrolle<\/li>\n<li>Verringert Dringlichkeit und H\u00e4ufigkeit<\/li>\n<li>Unterst\u00fctzt die Linderung einer \u00fcberaktiven Blase<\/li>\n<\/ul>\n","protected":false},"featured_media":962,"comment_status":"open","ping_status":"closed","template":"","meta":[],"product_brand":[],"product_cat":[176],"product_tag":[],"expert":[18],"class_list":{"0":"post-960","1":"product","2":"type-product","3":"status-publish","4":"has-post-thumbnail","6":"product_cat-harninkontinenz","7":"expert-dr-g-varbanov","9":"first","10":"instock","11":"shipping-taxable","12":"product-type-variable"},"yoast_head":"<!-- This site is optimized with the Yoast SEO plugin v27.0 - https:\/\/yoast.com\/product\/yoast-seo-wordpress\/ -->\n<title>Betmiga | OAB-Symptome effektiv kontrollieren - Transtoyou<\/title>\n<meta name=\"description\" content=\"Betmiga ist bei Transtoyou erh\u00e4ltlich und behandelt Symptome einer \u00fcberaktiven Blase mit Mirabegron. Verbessere deine Blasenkontrolle mit gepr\u00fcften Rezepten.\" \/>\n<meta name=\"robots\" content=\"noindex, follow, max-snippet:-1, max-image-preview:large, max-video-preview:-1\" \/>\n<meta property=\"og:locale\" content=\"de_DE\" \/>\n<meta property=\"og:type\" content=\"article\" \/>\n<meta property=\"og:title\" content=\"Betmiga | OAB-Symptome effektiv kontrollieren - Transtoyou\" \/>\n<meta property=\"og:description\" content=\"Betmiga ist bei Transtoyou erh\u00e4ltlich und behandelt Symptome einer \u00fcberaktiven Blase mit Mirabegron. Verbessere deine Blasenkontrolle mit gepr\u00fcften Rezepten.\" \/>\n<meta property=\"og:url\" content=\"https:\/\/www.transtoyou.com\/de\/product\/betmiga\/\" \/>\n<meta property=\"og:site_name\" content=\"Transtoyou - DE\" \/>\n<meta property=\"article:modified_time\" content=\"2026-02-13T11:40:57+00:00\" \/>\n<meta name=\"twitter:card\" content=\"summary_large_image\" \/>\n<meta name=\"twitter:label1\" content=\"Gesch\u00e4tzte Lesezeit\" \/>\n\t<meta name=\"twitter:data1\" content=\"1\u00a0Minute\" \/>\n<script type=\"application\/ld+json\" class=\"yoast-schema-graph\">{\"@context\":\"https:\/\/schema.org\",\"@graph\":[{\"@type\":\"WebPage\",\"@id\":\"https:\/\/www.transtoyou.com\/de\/product\/betmiga\/\",\"url\":\"https:\/\/www.transtoyou.com\/de\/product\/betmiga\/\",\"name\":\"Betmiga | OAB-Symptome effektiv kontrollieren - Transtoyou\",\"isPartOf\":{\"@id\":\"https:\/\/www.transtoyou.com\/de\/#website\"},\"primaryImageOfPage\":{\"@id\":\"https:\/\/www.transtoyou.com\/de\/product\/betmiga\/#primaryimage\"},\"image\":{\"@id\":\"https:\/\/www.transtoyou.com\/de\/product\/betmiga\/#primaryimage\"},\"thumbnailUrl\":\"https:\/\/www.transtoyou.com\/de\/wp-content\/uploads\/sites\/4\/2026\/01\/tty-no-product-image-75.webp\",\"datePublished\":\"2026-01-24T02:59:09+00:00\",\"dateModified\":\"2026-02-13T11:40:57+00:00\",\"description\":\"Betmiga ist bei Transtoyou erh\u00e4ltlich und behandelt Symptome einer \u00fcberaktiven Blase mit Mirabegron. Verbessere deine Blasenkontrolle mit gepr\u00fcften Rezepten.\",\"breadcrumb\":{\"@id\":\"https:\/\/www.transtoyou.com\/de\/product\/betmiga\/#breadcrumb\"},\"inLanguage\":\"de\",\"potentialAction\":[{\"@type\":\"ReadAction\",\"target\":[\"https:\/\/www.transtoyou.com\/de\/product\/betmiga\/\"]}]},{\"@type\":\"ImageObject\",\"inLanguage\":\"de\",\"@id\":\"https:\/\/www.transtoyou.com\/de\/product\/betmiga\/#primaryimage\",\"url\":\"https:\/\/www.transtoyou.com\/de\/wp-content\/uploads\/sites\/4\/2026\/01\/tty-no-product-image-75.webp\",\"contentUrl\":\"https:\/\/www.transtoyou.com\/de\/wp-content\/uploads\/sites\/4\/2026\/01\/tty-no-product-image-75.webp\",\"width\":1000,\"height\":1000,\"caption\":\"Standardproduktbild\"},{\"@type\":\"WebSite\",\"@id\":\"https:\/\/www.transtoyou.com\/de\/#website\",\"url\":\"https:\/\/www.transtoyou.com\/de\/\",\"name\":\"Transtoyou - DE\",\"description\":\"DE\",\"publisher\":{\"@id\":\"https:\/\/www.transtoyou.com\/de\/#organization\"},\"potentialAction\":[{\"@type\":\"SearchAction\",\"target\":{\"@type\":\"EntryPoint\",\"urlTemplate\":\"https:\/\/www.transtoyou.com\/de\/?s={search_term_string}\"},\"query-input\":{\"@type\":\"PropertyValueSpecification\",\"valueRequired\":true,\"valueName\":\"search_term_string\"}}],\"inLanguage\":\"de\"},{\"@type\":\"Organization\",\"@id\":\"https:\/\/www.transtoyou.com\/de\/#organization\",\"name\":\"Transtoyou - DE\",\"url\":\"https:\/\/www.transtoyou.com\/de\/\",\"logo\":{\"@type\":\"ImageObject\",\"inLanguage\":\"de\",\"@id\":\"https:\/\/www.transtoyou.com\/de\/#\/schema\/logo\/image\/\",\"url\":\"https:\/\/www.transtoyou.com\/de\/wp-content\/uploads\/sites\/4\/2026\/01\/logo-tty-menu-bar-300x87-1.webp\",\"contentUrl\":\"https:\/\/www.transtoyou.com\/de\/wp-content\/uploads\/sites\/4\/2026\/01\/logo-tty-menu-bar-300x87-1.webp\",\"width\":300,\"height\":87,\"caption\":\"Transtoyou - DE\"},\"image\":{\"@id\":\"https:\/\/www.transtoyou.com\/de\/#\/schema\/logo\/image\/\"}}]}<\/script>\n<!-- \/ Yoast SEO plugin. -->","yoast_head_json":{"title":"Betmiga | OAB-Symptome effektiv kontrollieren - Transtoyou","description":"Betmiga ist bei Transtoyou erh\u00e4ltlich und behandelt Symptome einer \u00fcberaktiven Blase mit Mirabegron. Verbessere deine Blasenkontrolle mit gepr\u00fcften Rezepten.","robots":{"index":"noindex","follow":"follow","max-snippet":"max-snippet:-1","max-image-preview":"max-image-preview:large","max-video-preview":"max-video-preview:-1"},"og_locale":"de_DE","og_type":"article","og_title":"Betmiga | OAB-Symptome effektiv kontrollieren - Transtoyou","og_description":"Betmiga ist bei Transtoyou erh\u00e4ltlich und behandelt Symptome einer \u00fcberaktiven Blase mit Mirabegron. Verbessere deine Blasenkontrolle mit gepr\u00fcften Rezepten.","og_url":"https:\/\/www.transtoyou.com\/de\/product\/betmiga\/","og_site_name":"Transtoyou - DE","article_modified_time":"2026-02-13T11:40:57+00:00","twitter_card":"summary_large_image","twitter_misc":{"Gesch\u00e4tzte Lesezeit":"1\u00a0Minute"},"schema":{"@context":"https:\/\/schema.org","@graph":[{"@type":"WebPage","@id":"https:\/\/www.transtoyou.com\/de\/product\/betmiga\/","url":"https:\/\/www.transtoyou.com\/de\/product\/betmiga\/","name":"Betmiga | OAB-Symptome effektiv kontrollieren - Transtoyou","isPartOf":{"@id":"https:\/\/www.transtoyou.com\/de\/#website"},"primaryImageOfPage":{"@id":"https:\/\/www.transtoyou.com\/de\/product\/betmiga\/#primaryimage"},"image":{"@id":"https:\/\/www.transtoyou.com\/de\/product\/betmiga\/#primaryimage"},"thumbnailUrl":"https:\/\/www.transtoyou.com\/de\/wp-content\/uploads\/sites\/4\/2026\/01\/tty-no-product-image-75.webp","datePublished":"2026-01-24T02:59:09+00:00","dateModified":"2026-02-13T11:40:57+00:00","description":"Betmiga ist bei Transtoyou erh\u00e4ltlich und behandelt Symptome einer \u00fcberaktiven Blase mit Mirabegron. Verbessere deine Blasenkontrolle mit gepr\u00fcften Rezepten.","breadcrumb":{"@id":"https:\/\/www.transtoyou.com\/de\/product\/betmiga\/#breadcrumb"},"inLanguage":"de","potentialAction":[{"@type":"ReadAction","target":["https:\/\/www.transtoyou.com\/de\/product\/betmiga\/"]}]},{"@type":"ImageObject","inLanguage":"de","@id":"https:\/\/www.transtoyou.com\/de\/product\/betmiga\/#primaryimage","url":"https:\/\/www.transtoyou.com\/de\/wp-content\/uploads\/sites\/4\/2026\/01\/tty-no-product-image-75.webp","contentUrl":"https:\/\/www.transtoyou.com\/de\/wp-content\/uploads\/sites\/4\/2026\/01\/tty-no-product-image-75.webp","width":1000,"height":1000,"caption":"Standardproduktbild"},{"@type":"WebSite","@id":"https:\/\/www.transtoyou.com\/de\/#website","url":"https:\/\/www.transtoyou.com\/de\/","name":"Transtoyou - DE","description":"DE","publisher":{"@id":"https:\/\/www.transtoyou.com\/de\/#organization"},"potentialAction":[{"@type":"SearchAction","target":{"@type":"EntryPoint","urlTemplate":"https:\/\/www.transtoyou.com\/de\/?s={search_term_string}"},"query-input":{"@type":"PropertyValueSpecification","valueRequired":true,"valueName":"search_term_string"}}],"inLanguage":"de"},{"@type":"Organization","@id":"https:\/\/www.transtoyou.com\/de\/#organization","name":"Transtoyou - DE","url":"https:\/\/www.transtoyou.com\/de\/","logo":{"@type":"ImageObject","inLanguage":"de","@id":"https:\/\/www.transtoyou.com\/de\/#\/schema\/logo\/image\/","url":"https:\/\/www.transtoyou.com\/de\/wp-content\/uploads\/sites\/4\/2026\/01\/logo-tty-menu-bar-300x87-1.webp","contentUrl":"https:\/\/www.transtoyou.com\/de\/wp-content\/uploads\/sites\/4\/2026\/01\/logo-tty-menu-bar-300x87-1.webp","width":300,"height":87,"caption":"Transtoyou - DE"},"image":{"@id":"https:\/\/www.transtoyou.com\/de\/#\/schema\/logo\/image\/"}}]}},"_links":{"self":[{"href":"https:\/\/www.transtoyou.com\/de\/wp-json\/wp\/v2\/product\/960","targetHints":{"allow":["GET"]}}],"collection":[{"href":"https:\/\/www.transtoyou.com\/de\/wp-json\/wp\/v2\/product"}],"about":[{"href":"https:\/\/www.transtoyou.com\/de\/wp-json\/wp\/v2\/types\/product"}],"replies":[{"embeddable":true,"href":"https:\/\/www.transtoyou.com\/de\/wp-json\/wp\/v2\/comments?post=960"}],"wp:featuredmedia":[{"embeddable":true,"href":"https:\/\/www.transtoyou.com\/de\/wp-json\/wp\/v2\/media\/962"}],"wp:attachment":[{"href":"https:\/\/www.transtoyou.com\/de\/wp-json\/wp\/v2\/media?parent=960"}],"wp:term":[{"taxonomy":"product_brand","embeddable":true,"href":"https:\/\/www.transtoyou.com\/de\/wp-json\/wp\/v2\/product_brand?post=960"},{"taxonomy":"product_cat","embeddable":true,"href":"https:\/\/www.transtoyou.com\/de\/wp-json\/wp\/v2\/product_cat?post=960"},{"taxonomy":"product_tag","embeddable":true,"href":"https:\/\/www.transtoyou.com\/de\/wp-json\/wp\/v2\/product_tag?post=960"},{"taxonomy":"expert","embeddable":true,"href":"https:\/\/www.transtoyou.com\/de\/wp-json\/wp\/v2\/expert?post=960"}],"curies":[{"name":"wp","href":"https:\/\/api.w.org\/{rel}","templated":true}]}}