{"id":966,"date":"2026-01-24T05:30:10","date_gmt":"2026-01-24T03:30:10","guid":{"rendered":"https:\/\/www.transtoyou.com\/de\/product\/sumatriptan\/"},"modified":"2026-03-05T16:26:05","modified_gmt":"2026-03-05T14:26:05","slug":"sumatriptan","status":"publish","type":"product","link":"https:\/\/www.transtoyou.com\/de\/product\/sumatriptan\/","title":{"rendered":"Sumatriptan"},"content":{"rendered":"<p>Sumatriptan ist ein Medikament, das zur Behandlung akuter Migr\u00e4neanf\u00e4lle und Clusterkopfschmerzen eingesetzt wird. Es geh\u00f6rt zu einer Gruppe von Arzneimitteln, die als Triptane bekannt sind und speziell entwickelt wurden, um die Symptome einer Migr\u00e4ne zu lindern, sobald sie beginnen. Sumatriptan wird nicht zur Vorbeugung von Migr\u00e4ne eingesetzt, sondern um einen Anfall zu unterbrechen, nachdem er begonnen hat.<\/p>\n<p>Migr\u00e4nesymptome k\u00f6nnen pochende Kopfschmerzen, \u00dcbelkeit, Licht- oder Ger\u00e4uschempfindlichkeit und Sehst\u00f6rungen umfassen. Sumatriptan hilft, indem es erweiterte Blutgef\u00e4\u00dfe im Gehirn verengt und die Freisetzung bestimmter Chemikalien blockiert, von denen angenommen wird, dass sie Migr\u00e4nesymptome ausl\u00f6sen. Diese Wirkung hilft, Schmerzen und verwandte Symptome innerhalb einer relativ kurzen Zeit zu reduzieren.<\/p>\n<p>F\u00fcr orale Tabletten betr\u00e4gt die \u00fcbliche Dosis 50 mg oder 100 mg, die zu Beginn einer Migr\u00e4ne eingenommen wird. Wenn die Symptome zur\u00fcckkehren, kann nach mindestens zwei Stunden eine zweite Dosis eingenommen werden, jedoch sollten nicht mehr als zwei Dosen innerhalb von 24 Stunden eingenommen werden.<\/p>\n<p>Sumatriptan wirkt am besten, wenn es fr\u00fchzeitig zu Beginn eines Migr\u00e4neanfalls eingenommen wird, bevor die Kopfschmerzen schwerer werden. Viele Personen erfahren innerhalb von 30 bis 60 Minuten nach der Einnahme des Medikaments eine signifikante Linderung.<\/p>\n<p>H\u00e4ufige Nebenwirkungen k\u00f6nnen Kribbeln, Hitzewallungen, M\u00fcdigkeit oder ein Druckgef\u00fchl in der Brust oder im Hals umfassen. Diese Effekte sind in der Regel von kurzer Dauer. Sumatriptan ist m\u00f6glicherweise nicht f\u00fcr Personen mit bestimmten kardiovaskul\u00e4ren Erkrankungen geeignet, da es die Blutgef\u00e4\u00dfe beeinflusst.<\/p>\n","protected":false},"excerpt":{"rendered":"<ul>\n<li>Schnelle Linderung von Migr\u00e4nesymptomen<\/li>\n<li>Zielt auf die vaskul\u00e4re Ursache von Kopfschmerzen ab<\/li>\n<li>Behandelt auch Clusterkopfschmerzen effektiv<\/li>\n<\/ul>\n","protected":false},"featured_media":968,"comment_status":"open","ping_status":"closed","template":"","meta":[],"product_brand":[],"product_cat":[132],"product_tag":[],"expert":[16],"class_list":{"0":"post-966","1":"product","2":"type-product","3":"status-publish","4":"has-post-thumbnail","6":"product_cat-kopfschmerzen-migrane","7":"expert-dr-c-alexandru","9":"first","10":"instock","11":"shipping-taxable","12":"product-type-variable"},"yoast_head":"<!-- This site is optimized with the Yoast SEO plugin v27.0 - https:\/\/yoast.com\/product\/yoast-seo-wordpress\/ -->\n<title>Sumatriptan | Migr\u00e4ne schnell lindern - Transtoyou<\/title>\n<meta name=\"description\" content=\"Sumatriptan ist bei Transtoyou erh\u00e4ltlich und hilft schnell bei akuten Migr\u00e4neanf\u00e4llen. \u00dcberpr\u00fcfe deine Symptome effektiv mit dieser vertrauensw\u00fcrdigen Behandlung.\" \/>\n<meta name=\"robots\" content=\"noindex, follow, max-snippet:-1, max-image-preview:large, max-video-preview:-1\" \/>\n<meta property=\"og:locale\" content=\"de_DE\" \/>\n<meta property=\"og:type\" content=\"article\" \/>\n<meta property=\"og:title\" content=\"Sumatriptan | Migr\u00e4ne schnell lindern - Transtoyou\" \/>\n<meta property=\"og:description\" content=\"Sumatriptan ist bei Transtoyou erh\u00e4ltlich und hilft schnell bei akuten Migr\u00e4neanf\u00e4llen. \u00dcberpr\u00fcfe deine Symptome effektiv mit dieser vertrauensw\u00fcrdigen Behandlung.\" \/>\n<meta property=\"og:url\" content=\"https:\/\/www.transtoyou.com\/de\/product\/sumatriptan\/\" \/>\n<meta property=\"og:site_name\" content=\"Transtoyou - DE\" \/>\n<meta property=\"article:modified_time\" content=\"2026-03-05T14:26:05+00:00\" \/>\n<meta name=\"twitter:card\" content=\"summary_large_image\" \/>\n<meta name=\"twitter:label1\" content=\"Gesch\u00e4tzte Lesezeit\" \/>\n\t<meta name=\"twitter:data1\" content=\"1\u00a0Minute\" \/>\n<script type=\"application\/ld+json\" class=\"yoast-schema-graph\">{\"@context\":\"https:\/\/schema.org\",\"@graph\":[{\"@type\":\"WebPage\",\"@id\":\"https:\/\/www.transtoyou.com\/de\/product\/sumatriptan\/\",\"url\":\"https:\/\/www.transtoyou.com\/de\/product\/sumatriptan\/\",\"name\":\"Sumatriptan | Migr\u00e4ne schnell lindern - Transtoyou\",\"isPartOf\":{\"@id\":\"https:\/\/www.transtoyou.com\/de\/#website\"},\"primaryImageOfPage\":{\"@id\":\"https:\/\/www.transtoyou.com\/de\/product\/sumatriptan\/#primaryimage\"},\"image\":{\"@id\":\"https:\/\/www.transtoyou.com\/de\/product\/sumatriptan\/#primaryimage\"},\"thumbnailUrl\":\"https:\/\/www.transtoyou.com\/de\/wp-content\/uploads\/sites\/4\/2026\/01\/tty-no-product-image-77.webp\",\"datePublished\":\"2026-01-24T03:30:10+00:00\",\"dateModified\":\"2026-03-05T14:26:05+00:00\",\"description\":\"Sumatriptan ist bei Transtoyou erh\u00e4ltlich und hilft schnell bei akuten Migr\u00e4neanf\u00e4llen. \u00dcberpr\u00fcfe deine Symptome effektiv mit dieser vertrauensw\u00fcrdigen Behandlung.\",\"breadcrumb\":{\"@id\":\"https:\/\/www.transtoyou.com\/de\/product\/sumatriptan\/#breadcrumb\"},\"inLanguage\":\"de\",\"potentialAction\":[{\"@type\":\"ReadAction\",\"target\":[\"https:\/\/www.transtoyou.com\/de\/product\/sumatriptan\/\"]}]},{\"@type\":\"ImageObject\",\"inLanguage\":\"de\",\"@id\":\"https:\/\/www.transtoyou.com\/de\/product\/sumatriptan\/#primaryimage\",\"url\":\"https:\/\/www.transtoyou.com\/de\/wp-content\/uploads\/sites\/4\/2026\/01\/tty-no-product-image-77.webp\",\"contentUrl\":\"https:\/\/www.transtoyou.com\/de\/wp-content\/uploads\/sites\/4\/2026\/01\/tty-no-product-image-77.webp\",\"width\":1000,\"height\":1000,\"caption\":\"Standardproduktbild\"},{\"@type\":\"WebSite\",\"@id\":\"https:\/\/www.transtoyou.com\/de\/#website\",\"url\":\"https:\/\/www.transtoyou.com\/de\/\",\"name\":\"Transtoyou - DE\",\"description\":\"DE\",\"publisher\":{\"@id\":\"https:\/\/www.transtoyou.com\/de\/#organization\"},\"potentialAction\":[{\"@type\":\"SearchAction\",\"target\":{\"@type\":\"EntryPoint\",\"urlTemplate\":\"https:\/\/www.transtoyou.com\/de\/?s={search_term_string}\"},\"query-input\":{\"@type\":\"PropertyValueSpecification\",\"valueRequired\":true,\"valueName\":\"search_term_string\"}}],\"inLanguage\":\"de\"},{\"@type\":\"Organization\",\"@id\":\"https:\/\/www.transtoyou.com\/de\/#organization\",\"name\":\"Transtoyou - DE\",\"url\":\"https:\/\/www.transtoyou.com\/de\/\",\"logo\":{\"@type\":\"ImageObject\",\"inLanguage\":\"de\",\"@id\":\"https:\/\/www.transtoyou.com\/de\/#\/schema\/logo\/image\/\",\"url\":\"https:\/\/www.transtoyou.com\/de\/wp-content\/uploads\/sites\/4\/2026\/01\/logo-tty-menu-bar-300x87-1.webp\",\"contentUrl\":\"https:\/\/www.transtoyou.com\/de\/wp-content\/uploads\/sites\/4\/2026\/01\/logo-tty-menu-bar-300x87-1.webp\",\"width\":300,\"height\":87,\"caption\":\"Transtoyou - DE\"},\"image\":{\"@id\":\"https:\/\/www.transtoyou.com\/de\/#\/schema\/logo\/image\/\"}}]}<\/script>\n<!-- \/ Yoast SEO plugin. -->","yoast_head_json":{"title":"Sumatriptan | Migr\u00e4ne schnell lindern - Transtoyou","description":"Sumatriptan ist bei Transtoyou erh\u00e4ltlich und hilft schnell bei akuten Migr\u00e4neanf\u00e4llen. \u00dcberpr\u00fcfe deine Symptome effektiv mit dieser vertrauensw\u00fcrdigen Behandlung.","robots":{"index":"noindex","follow":"follow","max-snippet":"max-snippet:-1","max-image-preview":"max-image-preview:large","max-video-preview":"max-video-preview:-1"},"og_locale":"de_DE","og_type":"article","og_title":"Sumatriptan | Migr\u00e4ne schnell lindern - Transtoyou","og_description":"Sumatriptan ist bei Transtoyou erh\u00e4ltlich und hilft schnell bei akuten Migr\u00e4neanf\u00e4llen. \u00dcberpr\u00fcfe deine Symptome effektiv mit dieser vertrauensw\u00fcrdigen Behandlung.","og_url":"https:\/\/www.transtoyou.com\/de\/product\/sumatriptan\/","og_site_name":"Transtoyou - DE","article_modified_time":"2026-03-05T14:26:05+00:00","twitter_card":"summary_large_image","twitter_misc":{"Gesch\u00e4tzte Lesezeit":"1\u00a0Minute"},"schema":{"@context":"https:\/\/schema.org","@graph":[{"@type":"WebPage","@id":"https:\/\/www.transtoyou.com\/de\/product\/sumatriptan\/","url":"https:\/\/www.transtoyou.com\/de\/product\/sumatriptan\/","name":"Sumatriptan | Migr\u00e4ne schnell lindern - Transtoyou","isPartOf":{"@id":"https:\/\/www.transtoyou.com\/de\/#website"},"primaryImageOfPage":{"@id":"https:\/\/www.transtoyou.com\/de\/product\/sumatriptan\/#primaryimage"},"image":{"@id":"https:\/\/www.transtoyou.com\/de\/product\/sumatriptan\/#primaryimage"},"thumbnailUrl":"https:\/\/www.transtoyou.com\/de\/wp-content\/uploads\/sites\/4\/2026\/01\/tty-no-product-image-77.webp","datePublished":"2026-01-24T03:30:10+00:00","dateModified":"2026-03-05T14:26:05+00:00","description":"Sumatriptan ist bei Transtoyou erh\u00e4ltlich und hilft schnell bei akuten Migr\u00e4neanf\u00e4llen. \u00dcberpr\u00fcfe deine Symptome effektiv mit dieser vertrauensw\u00fcrdigen Behandlung.","breadcrumb":{"@id":"https:\/\/www.transtoyou.com\/de\/product\/sumatriptan\/#breadcrumb"},"inLanguage":"de","potentialAction":[{"@type":"ReadAction","target":["https:\/\/www.transtoyou.com\/de\/product\/sumatriptan\/"]}]},{"@type":"ImageObject","inLanguage":"de","@id":"https:\/\/www.transtoyou.com\/de\/product\/sumatriptan\/#primaryimage","url":"https:\/\/www.transtoyou.com\/de\/wp-content\/uploads\/sites\/4\/2026\/01\/tty-no-product-image-77.webp","contentUrl":"https:\/\/www.transtoyou.com\/de\/wp-content\/uploads\/sites\/4\/2026\/01\/tty-no-product-image-77.webp","width":1000,"height":1000,"caption":"Standardproduktbild"},{"@type":"WebSite","@id":"https:\/\/www.transtoyou.com\/de\/#website","url":"https:\/\/www.transtoyou.com\/de\/","name":"Transtoyou - DE","description":"DE","publisher":{"@id":"https:\/\/www.transtoyou.com\/de\/#organization"},"potentialAction":[{"@type":"SearchAction","target":{"@type":"EntryPoint","urlTemplate":"https:\/\/www.transtoyou.com\/de\/?s={search_term_string}"},"query-input":{"@type":"PropertyValueSpecification","valueRequired":true,"valueName":"search_term_string"}}],"inLanguage":"de"},{"@type":"Organization","@id":"https:\/\/www.transtoyou.com\/de\/#organization","name":"Transtoyou - DE","url":"https:\/\/www.transtoyou.com\/de\/","logo":{"@type":"ImageObject","inLanguage":"de","@id":"https:\/\/www.transtoyou.com\/de\/#\/schema\/logo\/image\/","url":"https:\/\/www.transtoyou.com\/de\/wp-content\/uploads\/sites\/4\/2026\/01\/logo-tty-menu-bar-300x87-1.webp","contentUrl":"https:\/\/www.transtoyou.com\/de\/wp-content\/uploads\/sites\/4\/2026\/01\/logo-tty-menu-bar-300x87-1.webp","width":300,"height":87,"caption":"Transtoyou - DE"},"image":{"@id":"https:\/\/www.transtoyou.com\/de\/#\/schema\/logo\/image\/"}}]}},"_links":{"self":[{"href":"https:\/\/www.transtoyou.com\/de\/wp-json\/wp\/v2\/product\/966","targetHints":{"allow":["GET"]}}],"collection":[{"href":"https:\/\/www.transtoyou.com\/de\/wp-json\/wp\/v2\/product"}],"about":[{"href":"https:\/\/www.transtoyou.com\/de\/wp-json\/wp\/v2\/types\/product"}],"replies":[{"embeddable":true,"href":"https:\/\/www.transtoyou.com\/de\/wp-json\/wp\/v2\/comments?post=966"}],"wp:featuredmedia":[{"embeddable":true,"href":"https:\/\/www.transtoyou.com\/de\/wp-json\/wp\/v2\/media\/968"}],"wp:attachment":[{"href":"https:\/\/www.transtoyou.com\/de\/wp-json\/wp\/v2\/media?parent=966"}],"wp:term":[{"taxonomy":"product_brand","embeddable":true,"href":"https:\/\/www.transtoyou.com\/de\/wp-json\/wp\/v2\/product_brand?post=966"},{"taxonomy":"product_cat","embeddable":true,"href":"https:\/\/www.transtoyou.com\/de\/wp-json\/wp\/v2\/product_cat?post=966"},{"taxonomy":"product_tag","embeddable":true,"href":"https:\/\/www.transtoyou.com\/de\/wp-json\/wp\/v2\/product_tag?post=966"},{"taxonomy":"expert","embeddable":true,"href":"https:\/\/www.transtoyou.com\/de\/wp-json\/wp\/v2\/expert?post=966"}],"curies":[{"name":"wp","href":"https:\/\/api.w.org\/{rel}","templated":true}]}}