{"id":969,"date":"2026-01-24T05:48:38","date_gmt":"2026-01-24T03:48:38","guid":{"rendered":"https:\/\/www.transtoyou.com\/de\/product\/rizatriptan\/"},"modified":"2026-03-02T17:46:13","modified_gmt":"2026-03-02T15:46:13","slug":"rizatriptan","status":"publish","type":"product","link":"https:\/\/www.transtoyou.com\/de\/product\/rizatriptan\/","title":{"rendered":"Rizatriptan"},"content":{"rendered":"<p>Rizatriptan ist ein rezeptpflichtiges Medikament, das als selektiver Serotoninrezeptor-Agonist klassifiziert wird, auch bekannt als Triptan. Es wird haupts\u00e4chlich zur akuten Behandlung von Migr\u00e4nekopfschmerzen mit oder ohne Aura eingesetzt. Rizatriptan wirkt, indem es die Serotonin(5-HT1B und 5-HT1D)-Rezeptoren im Gehirn stimuliert, was zur Verengung von erweiterten Blutgef\u00e4\u00dfen f\u00fchrt. Diese Vasokonstriktion hilft, die Schmerzen, \u00dcbelkeit und Licht- sowie Ger\u00e4uschempfindlichkeit, die h\u00e4ufig mit Migr\u00e4ne verbunden sind, zu lindern.<\/p>\n<p>Dieses Medikament verhindert keine Migr\u00e4ne, behandelt jedoch Migr\u00e4neanf\u00e4lle effektiv, sobald sie beginnen. Rizatriptan ist am effektivsten, wenn es bei den ersten Anzeichen von Migr\u00e4nesymptomen eingenommen wird. Es behandelt keine anderen Arten von Kopfschmerzen, wie Spannungskopfschmerzen oder Clusterkopfschmerzen.<\/p>\n<p>Die Wirkung von Rizatriptan hilft, Entz\u00fcndungen um die Blutgef\u00e4\u00dfe im Gehirn zu reduzieren und bietet gezielte Linderung, ohne andere K\u00f6rpersysteme zu beeintr\u00e4chtigen. Es beginnt typischerweise innerhalb von 30 bis 60 Minuten nach der Einnahme zu wirken und kann mehrere Stunden Linderung verschaffen. Einer der Vorteile von Rizatriptan ist der schnelle Wirkungseintritt und die Wirksamkeit, selbst wenn die Migr\u00e4nesymptome \u00dcbelkeit oder Erbrechen umfassen.<\/p>\n<p>Patienten erleben oft weniger Nebenwirkungen im Vergleich zu anderen Migr\u00e4nebehandlungen, und die Option der oral aufl\u00f6senden Tablette bietet Komfort und schnelle Absorption, insbesondere wenn sie ohne Wasser eingenommen wird.<\/p>\n","protected":false},"excerpt":{"rendered":"<ul>\n<li>Schnelle Linderung bei Migr\u00e4ne<\/li>\n<li>Wirkt innerhalb von 30 Minuten<\/li>\n<li>Praktische Tablette zum Einnehmen<\/li>\n<\/ul>\n","protected":false},"featured_media":971,"comment_status":"open","ping_status":"closed","template":"","meta":[],"product_brand":[],"product_cat":[132],"product_tag":[],"expert":[16],"class_list":{"0":"post-969","1":"product","2":"type-product","3":"status-publish","4":"has-post-thumbnail","6":"product_cat-kopfschmerzen-migrane","7":"expert-dr-c-alexandru","9":"first","10":"instock","11":"shipping-taxable","12":"product-type-variable"},"yoast_head":"<!-- This site is optimized with the Yoast SEO plugin v27.0 - https:\/\/yoast.com\/product\/yoast-seo-wordpress\/ -->\n<title>Rizatriptan | Schnelle Linderung bei Migr\u00e4ne - Transtoyou<\/title>\n<meta name=\"description\" content=\"Rizatriptan: Effektive Linderung von Migr\u00e4ne bei Transtoyou. Hol dir professionelle Hilfe, sichere Rezepte und gezielte Schmerzlinderung.\" \/>\n<meta name=\"robots\" content=\"noindex, follow, max-snippet:-1, max-image-preview:large, max-video-preview:-1\" \/>\n<meta property=\"og:locale\" content=\"de_DE\" \/>\n<meta property=\"og:type\" content=\"article\" \/>\n<meta property=\"og:title\" content=\"Rizatriptan | Schnelle Linderung bei Migr\u00e4ne - Transtoyou\" \/>\n<meta property=\"og:description\" content=\"Rizatriptan: Effektive Linderung von Migr\u00e4ne bei Transtoyou. Hol dir professionelle Hilfe, sichere Rezepte und gezielte Schmerzlinderung.\" \/>\n<meta property=\"og:url\" content=\"https:\/\/www.transtoyou.com\/de\/product\/rizatriptan\/\" \/>\n<meta property=\"og:site_name\" content=\"Transtoyou - DE\" \/>\n<meta property=\"article:modified_time\" content=\"2026-03-02T15:46:13+00:00\" \/>\n<meta name=\"twitter:card\" content=\"summary_large_image\" \/>\n<meta name=\"twitter:label1\" content=\"Gesch\u00e4tzte Lesezeit\" \/>\n\t<meta name=\"twitter:data1\" content=\"1\u00a0Minute\" \/>\n<script type=\"application\/ld+json\" class=\"yoast-schema-graph\">{\"@context\":\"https:\/\/schema.org\",\"@graph\":[{\"@type\":\"WebPage\",\"@id\":\"https:\/\/www.transtoyou.com\/de\/product\/rizatriptan\/\",\"url\":\"https:\/\/www.transtoyou.com\/de\/product\/rizatriptan\/\",\"name\":\"Rizatriptan | Schnelle Linderung bei Migr\u00e4ne - Transtoyou\",\"isPartOf\":{\"@id\":\"https:\/\/www.transtoyou.com\/de\/#website\"},\"primaryImageOfPage\":{\"@id\":\"https:\/\/www.transtoyou.com\/de\/product\/rizatriptan\/#primaryimage\"},\"image\":{\"@id\":\"https:\/\/www.transtoyou.com\/de\/product\/rizatriptan\/#primaryimage\"},\"thumbnailUrl\":\"https:\/\/www.transtoyou.com\/de\/wp-content\/uploads\/sites\/4\/2026\/01\/tty-no-product-image-78.webp\",\"datePublished\":\"2026-01-24T03:48:38+00:00\",\"dateModified\":\"2026-03-02T15:46:13+00:00\",\"description\":\"Rizatriptan: Effektive Linderung von Migr\u00e4ne bei Transtoyou. Hol dir professionelle Hilfe, sichere Rezepte und gezielte Schmerzlinderung.\",\"breadcrumb\":{\"@id\":\"https:\/\/www.transtoyou.com\/de\/product\/rizatriptan\/#breadcrumb\"},\"inLanguage\":\"de\",\"potentialAction\":[{\"@type\":\"ReadAction\",\"target\":[\"https:\/\/www.transtoyou.com\/de\/product\/rizatriptan\/\"]}]},{\"@type\":\"ImageObject\",\"inLanguage\":\"de\",\"@id\":\"https:\/\/www.transtoyou.com\/de\/product\/rizatriptan\/#primaryimage\",\"url\":\"https:\/\/www.transtoyou.com\/de\/wp-content\/uploads\/sites\/4\/2026\/01\/tty-no-product-image-78.webp\",\"contentUrl\":\"https:\/\/www.transtoyou.com\/de\/wp-content\/uploads\/sites\/4\/2026\/01\/tty-no-product-image-78.webp\",\"width\":1000,\"height\":1000,\"caption\":\"Standardproduktbild\"},{\"@type\":\"WebSite\",\"@id\":\"https:\/\/www.transtoyou.com\/de\/#website\",\"url\":\"https:\/\/www.transtoyou.com\/de\/\",\"name\":\"Transtoyou - DE\",\"description\":\"DE\",\"publisher\":{\"@id\":\"https:\/\/www.transtoyou.com\/de\/#organization\"},\"potentialAction\":[{\"@type\":\"SearchAction\",\"target\":{\"@type\":\"EntryPoint\",\"urlTemplate\":\"https:\/\/www.transtoyou.com\/de\/?s={search_term_string}\"},\"query-input\":{\"@type\":\"PropertyValueSpecification\",\"valueRequired\":true,\"valueName\":\"search_term_string\"}}],\"inLanguage\":\"de\"},{\"@type\":\"Organization\",\"@id\":\"https:\/\/www.transtoyou.com\/de\/#organization\",\"name\":\"Transtoyou - DE\",\"url\":\"https:\/\/www.transtoyou.com\/de\/\",\"logo\":{\"@type\":\"ImageObject\",\"inLanguage\":\"de\",\"@id\":\"https:\/\/www.transtoyou.com\/de\/#\/schema\/logo\/image\/\",\"url\":\"https:\/\/www.transtoyou.com\/de\/wp-content\/uploads\/sites\/4\/2026\/01\/logo-tty-menu-bar-300x87-1.webp\",\"contentUrl\":\"https:\/\/www.transtoyou.com\/de\/wp-content\/uploads\/sites\/4\/2026\/01\/logo-tty-menu-bar-300x87-1.webp\",\"width\":300,\"height\":87,\"caption\":\"Transtoyou - DE\"},\"image\":{\"@id\":\"https:\/\/www.transtoyou.com\/de\/#\/schema\/logo\/image\/\"}}]}<\/script>\n<!-- \/ Yoast SEO plugin. -->","yoast_head_json":{"title":"Rizatriptan | Schnelle Linderung bei Migr\u00e4ne - Transtoyou","description":"Rizatriptan: Effektive Linderung von Migr\u00e4ne bei Transtoyou. Hol dir professionelle Hilfe, sichere Rezepte und gezielte Schmerzlinderung.","robots":{"index":"noindex","follow":"follow","max-snippet":"max-snippet:-1","max-image-preview":"max-image-preview:large","max-video-preview":"max-video-preview:-1"},"og_locale":"de_DE","og_type":"article","og_title":"Rizatriptan | Schnelle Linderung bei Migr\u00e4ne - Transtoyou","og_description":"Rizatriptan: Effektive Linderung von Migr\u00e4ne bei Transtoyou. Hol dir professionelle Hilfe, sichere Rezepte und gezielte Schmerzlinderung.","og_url":"https:\/\/www.transtoyou.com\/de\/product\/rizatriptan\/","og_site_name":"Transtoyou - DE","article_modified_time":"2026-03-02T15:46:13+00:00","twitter_card":"summary_large_image","twitter_misc":{"Gesch\u00e4tzte Lesezeit":"1\u00a0Minute"},"schema":{"@context":"https:\/\/schema.org","@graph":[{"@type":"WebPage","@id":"https:\/\/www.transtoyou.com\/de\/product\/rizatriptan\/","url":"https:\/\/www.transtoyou.com\/de\/product\/rizatriptan\/","name":"Rizatriptan | Schnelle Linderung bei Migr\u00e4ne - Transtoyou","isPartOf":{"@id":"https:\/\/www.transtoyou.com\/de\/#website"},"primaryImageOfPage":{"@id":"https:\/\/www.transtoyou.com\/de\/product\/rizatriptan\/#primaryimage"},"image":{"@id":"https:\/\/www.transtoyou.com\/de\/product\/rizatriptan\/#primaryimage"},"thumbnailUrl":"https:\/\/www.transtoyou.com\/de\/wp-content\/uploads\/sites\/4\/2026\/01\/tty-no-product-image-78.webp","datePublished":"2026-01-24T03:48:38+00:00","dateModified":"2026-03-02T15:46:13+00:00","description":"Rizatriptan: Effektive Linderung von Migr\u00e4ne bei Transtoyou. Hol dir professionelle Hilfe, sichere Rezepte und gezielte Schmerzlinderung.","breadcrumb":{"@id":"https:\/\/www.transtoyou.com\/de\/product\/rizatriptan\/#breadcrumb"},"inLanguage":"de","potentialAction":[{"@type":"ReadAction","target":["https:\/\/www.transtoyou.com\/de\/product\/rizatriptan\/"]}]},{"@type":"ImageObject","inLanguage":"de","@id":"https:\/\/www.transtoyou.com\/de\/product\/rizatriptan\/#primaryimage","url":"https:\/\/www.transtoyou.com\/de\/wp-content\/uploads\/sites\/4\/2026\/01\/tty-no-product-image-78.webp","contentUrl":"https:\/\/www.transtoyou.com\/de\/wp-content\/uploads\/sites\/4\/2026\/01\/tty-no-product-image-78.webp","width":1000,"height":1000,"caption":"Standardproduktbild"},{"@type":"WebSite","@id":"https:\/\/www.transtoyou.com\/de\/#website","url":"https:\/\/www.transtoyou.com\/de\/","name":"Transtoyou - DE","description":"DE","publisher":{"@id":"https:\/\/www.transtoyou.com\/de\/#organization"},"potentialAction":[{"@type":"SearchAction","target":{"@type":"EntryPoint","urlTemplate":"https:\/\/www.transtoyou.com\/de\/?s={search_term_string}"},"query-input":{"@type":"PropertyValueSpecification","valueRequired":true,"valueName":"search_term_string"}}],"inLanguage":"de"},{"@type":"Organization","@id":"https:\/\/www.transtoyou.com\/de\/#organization","name":"Transtoyou - DE","url":"https:\/\/www.transtoyou.com\/de\/","logo":{"@type":"ImageObject","inLanguage":"de","@id":"https:\/\/www.transtoyou.com\/de\/#\/schema\/logo\/image\/","url":"https:\/\/www.transtoyou.com\/de\/wp-content\/uploads\/sites\/4\/2026\/01\/logo-tty-menu-bar-300x87-1.webp","contentUrl":"https:\/\/www.transtoyou.com\/de\/wp-content\/uploads\/sites\/4\/2026\/01\/logo-tty-menu-bar-300x87-1.webp","width":300,"height":87,"caption":"Transtoyou - DE"},"image":{"@id":"https:\/\/www.transtoyou.com\/de\/#\/schema\/logo\/image\/"}}]}},"_links":{"self":[{"href":"https:\/\/www.transtoyou.com\/de\/wp-json\/wp\/v2\/product\/969","targetHints":{"allow":["GET"]}}],"collection":[{"href":"https:\/\/www.transtoyou.com\/de\/wp-json\/wp\/v2\/product"}],"about":[{"href":"https:\/\/www.transtoyou.com\/de\/wp-json\/wp\/v2\/types\/product"}],"replies":[{"embeddable":true,"href":"https:\/\/www.transtoyou.com\/de\/wp-json\/wp\/v2\/comments?post=969"}],"wp:featuredmedia":[{"embeddable":true,"href":"https:\/\/www.transtoyou.com\/de\/wp-json\/wp\/v2\/media\/971"}],"wp:attachment":[{"href":"https:\/\/www.transtoyou.com\/de\/wp-json\/wp\/v2\/media?parent=969"}],"wp:term":[{"taxonomy":"product_brand","embeddable":true,"href":"https:\/\/www.transtoyou.com\/de\/wp-json\/wp\/v2\/product_brand?post=969"},{"taxonomy":"product_cat","embeddable":true,"href":"https:\/\/www.transtoyou.com\/de\/wp-json\/wp\/v2\/product_cat?post=969"},{"taxonomy":"product_tag","embeddable":true,"href":"https:\/\/www.transtoyou.com\/de\/wp-json\/wp\/v2\/product_tag?post=969"},{"taxonomy":"expert","embeddable":true,"href":"https:\/\/www.transtoyou.com\/de\/wp-json\/wp\/v2\/expert?post=969"}],"curies":[{"name":"wp","href":"https:\/\/api.w.org\/{rel}","templated":true}]}}