{"id":972,"date":"2026-01-24T06:06:14","date_gmt":"2026-01-24T04:06:14","guid":{"rendered":"https:\/\/www.transtoyou.com\/de\/product\/minoxidil\/"},"modified":"2026-02-25T18:48:20","modified_gmt":"2026-02-25T16:48:20","slug":"minoxidil","status":"publish","type":"product","link":"https:\/\/www.transtoyou.com\/de\/product\/minoxidil\/","title":{"rendered":"Minoxidil"},"content":{"rendered":"<p>Minoxidil ist eine topische L\u00f6sung oder Schaum, der zur Behandlung von Haarausfall eingesetzt wird, insbesondere bei androgenetischer Alopezie, auch bekannt als m\u00e4nnlicher oder weiblicher Haarausfall. Es wird direkt auf die Kopfhaut aufgetragen und ist daf\u00fcr bekannt, das Fortschreiten des Haarausfalls zu verlangsamen und bei einigen Personen das Wachstum neuer Haare anzuregen. Minoxidil ist in verschiedenen St\u00e4rken erh\u00e4ltlich und wird sowohl von M\u00e4nnern als auch von Frauen verwendet, obwohl die empfohlenen Konzentrationen je nach Geschlecht variieren k\u00f6nnen.<\/p>\n<p>Die genaue Funktionsweise von Minoxidil ist nicht vollst\u00e4ndig verstanden, aber man glaubt, dass es die Durchblutung der Kopfhaut verbessert und die Wachstumsphase der Haarfollikel verl\u00e4ngert. Dies kann im Laufe der Zeit zu dickeren und langlebigeren Haarstr\u00e4hnen f\u00fchren. Es ist am effektivsten, wenn es auf Bereiche mit k\u00fcrzlich aufgetretenem Haarausfall und aktiven Haarfollikeln angewendet wird.<\/p>\n<p>Minoxidil wird typischerweise zweimal t\u00e4glich auf die Kopfhaut in den Bereichen des Haarausfalls aufgetragen. Konsistenz ist entscheidend, da die Ergebnisse drei bis sechs Monate dauern k\u00f6nnen, um sichtbar zu werden. Wenn die Behandlung eingestellt wird, ist es wahrscheinlich, dass nachgewachsene Haare innerhalb weniger Monate wieder verloren gehen und der Haarausfall erneut einsetzt.<\/p>\n<p>Die L\u00f6sung oder der Schaum sollte nur auf trockene Kopfhaut aufgetragen werden, und die Benutzer sollten sich nach der Anwendung gr\u00fcndlich die H\u00e4nde waschen. Es sollte darauf geachtet werden, den Kontakt mit den Augen oder anderen empfindlichen Bereichen zu vermeiden.<\/p>\n<p>H\u00e4ufige Nebenwirkungen k\u00f6nnen leichte Reizungen der Kopfhaut, Trockenheit oder Juckreiz umfassen. In seltenen F\u00e4llen k\u00f6nnen einige Benutzer zu Beginn der Behandlung unerw\u00fcnschtes Haarwachstum im Gesicht oder Haarausfall erleben, was oft mit fortgesetzter Anwendung verschwindet.<\/p>\n","protected":false},"excerpt":{"rendered":"<ul>\n<li>F\u00f6rdert das Haarwachstum<\/li>\n<li>Einfache topische Anwendung<\/li>\n<li>Klinisch nachgewiesene Ergebnisse<\/li>\n<\/ul>\n","protected":false},"featured_media":974,"comment_status":"open","ping_status":"closed","template":"","meta":[],"product_brand":[],"product_cat":[131],"product_tag":[],"expert":[18],"class_list":{"0":"post-972","1":"product","2":"type-product","3":"status-publish","4":"has-post-thumbnail","6":"product_cat-haarverlustlosungen","7":"expert-dr-g-varbanov","9":"first","10":"instock","11":"shipping-taxable","12":"product-type-variable"},"yoast_head":"<!-- This site is optimized with the Yoast SEO plugin v27.0 - https:\/\/yoast.com\/product\/yoast-seo-wordpress\/ -->\n<title>Minoxidil | F\u00f6rdere effektiv das Haarwachstum - Transtoyou<\/title>\n<meta name=\"description\" content=\"Minoxidil gegen Haarausfall, erh\u00e4ltlich bei Transtoyou. F\u00f6rdert die Durchblutung der Kopfhaut f\u00fcr dichteres Haarwachstum. Jetzt kaufen!\" \/>\n<meta name=\"robots\" content=\"noindex, follow, max-snippet:-1, max-image-preview:large, max-video-preview:-1\" \/>\n<meta property=\"og:locale\" content=\"de_DE\" \/>\n<meta property=\"og:type\" content=\"article\" \/>\n<meta property=\"og:title\" content=\"Minoxidil | F\u00f6rdere effektiv das Haarwachstum - Transtoyou\" \/>\n<meta property=\"og:description\" content=\"Minoxidil gegen Haarausfall, erh\u00e4ltlich bei Transtoyou. F\u00f6rdert die Durchblutung der Kopfhaut f\u00fcr dichteres Haarwachstum. Jetzt kaufen!\" \/>\n<meta property=\"og:url\" content=\"https:\/\/www.transtoyou.com\/de\/product\/minoxidil\/\" \/>\n<meta property=\"og:site_name\" content=\"Transtoyou - DE\" \/>\n<meta property=\"article:modified_time\" content=\"2026-02-25T16:48:20+00:00\" \/>\n<meta name=\"twitter:card\" content=\"summary_large_image\" \/>\n<meta name=\"twitter:label1\" content=\"Gesch\u00e4tzte Lesezeit\" \/>\n\t<meta name=\"twitter:data1\" content=\"1\u00a0Minute\" \/>\n<script type=\"application\/ld+json\" class=\"yoast-schema-graph\">{\"@context\":\"https:\/\/schema.org\",\"@graph\":[{\"@type\":\"WebPage\",\"@id\":\"https:\/\/www.transtoyou.com\/de\/product\/minoxidil\/\",\"url\":\"https:\/\/www.transtoyou.com\/de\/product\/minoxidil\/\",\"name\":\"Minoxidil | F\u00f6rdere effektiv das Haarwachstum - Transtoyou\",\"isPartOf\":{\"@id\":\"https:\/\/www.transtoyou.com\/de\/#website\"},\"primaryImageOfPage\":{\"@id\":\"https:\/\/www.transtoyou.com\/de\/product\/minoxidil\/#primaryimage\"},\"image\":{\"@id\":\"https:\/\/www.transtoyou.com\/de\/product\/minoxidil\/#primaryimage\"},\"thumbnailUrl\":\"https:\/\/www.transtoyou.com\/de\/wp-content\/uploads\/sites\/4\/2026\/01\/tty-no-product-image-79.webp\",\"datePublished\":\"2026-01-24T04:06:14+00:00\",\"dateModified\":\"2026-02-25T16:48:20+00:00\",\"description\":\"Minoxidil gegen Haarausfall, erh\u00e4ltlich bei Transtoyou. F\u00f6rdert die Durchblutung der Kopfhaut f\u00fcr dichteres Haarwachstum. Jetzt kaufen!\",\"breadcrumb\":{\"@id\":\"https:\/\/www.transtoyou.com\/de\/product\/minoxidil\/#breadcrumb\"},\"inLanguage\":\"de\",\"potentialAction\":[{\"@type\":\"ReadAction\",\"target\":[\"https:\/\/www.transtoyou.com\/de\/product\/minoxidil\/\"]}]},{\"@type\":\"ImageObject\",\"inLanguage\":\"de\",\"@id\":\"https:\/\/www.transtoyou.com\/de\/product\/minoxidil\/#primaryimage\",\"url\":\"https:\/\/www.transtoyou.com\/de\/wp-content\/uploads\/sites\/4\/2026\/01\/tty-no-product-image-79.webp\",\"contentUrl\":\"https:\/\/www.transtoyou.com\/de\/wp-content\/uploads\/sites\/4\/2026\/01\/tty-no-product-image-79.webp\",\"width\":1000,\"height\":1000,\"caption\":\"Standardproduktbild\"},{\"@type\":\"WebSite\",\"@id\":\"https:\/\/www.transtoyou.com\/de\/#website\",\"url\":\"https:\/\/www.transtoyou.com\/de\/\",\"name\":\"Transtoyou - DE\",\"description\":\"DE\",\"publisher\":{\"@id\":\"https:\/\/www.transtoyou.com\/de\/#organization\"},\"potentialAction\":[{\"@type\":\"SearchAction\",\"target\":{\"@type\":\"EntryPoint\",\"urlTemplate\":\"https:\/\/www.transtoyou.com\/de\/?s={search_term_string}\"},\"query-input\":{\"@type\":\"PropertyValueSpecification\",\"valueRequired\":true,\"valueName\":\"search_term_string\"}}],\"inLanguage\":\"de\"},{\"@type\":\"Organization\",\"@id\":\"https:\/\/www.transtoyou.com\/de\/#organization\",\"name\":\"Transtoyou - DE\",\"url\":\"https:\/\/www.transtoyou.com\/de\/\",\"logo\":{\"@type\":\"ImageObject\",\"inLanguage\":\"de\",\"@id\":\"https:\/\/www.transtoyou.com\/de\/#\/schema\/logo\/image\/\",\"url\":\"https:\/\/www.transtoyou.com\/de\/wp-content\/uploads\/sites\/4\/2026\/01\/logo-tty-menu-bar-300x87-1.webp\",\"contentUrl\":\"https:\/\/www.transtoyou.com\/de\/wp-content\/uploads\/sites\/4\/2026\/01\/logo-tty-menu-bar-300x87-1.webp\",\"width\":300,\"height\":87,\"caption\":\"Transtoyou - DE\"},\"image\":{\"@id\":\"https:\/\/www.transtoyou.com\/de\/#\/schema\/logo\/image\/\"}}]}<\/script>\n<!-- \/ Yoast SEO plugin. -->","yoast_head_json":{"title":"Minoxidil | F\u00f6rdere effektiv das Haarwachstum - Transtoyou","description":"Minoxidil gegen Haarausfall, erh\u00e4ltlich bei Transtoyou. F\u00f6rdert die Durchblutung der Kopfhaut f\u00fcr dichteres Haarwachstum. Jetzt kaufen!","robots":{"index":"noindex","follow":"follow","max-snippet":"max-snippet:-1","max-image-preview":"max-image-preview:large","max-video-preview":"max-video-preview:-1"},"og_locale":"de_DE","og_type":"article","og_title":"Minoxidil | F\u00f6rdere effektiv das Haarwachstum - Transtoyou","og_description":"Minoxidil gegen Haarausfall, erh\u00e4ltlich bei Transtoyou. F\u00f6rdert die Durchblutung der Kopfhaut f\u00fcr dichteres Haarwachstum. Jetzt kaufen!","og_url":"https:\/\/www.transtoyou.com\/de\/product\/minoxidil\/","og_site_name":"Transtoyou - DE","article_modified_time":"2026-02-25T16:48:20+00:00","twitter_card":"summary_large_image","twitter_misc":{"Gesch\u00e4tzte Lesezeit":"1\u00a0Minute"},"schema":{"@context":"https:\/\/schema.org","@graph":[{"@type":"WebPage","@id":"https:\/\/www.transtoyou.com\/de\/product\/minoxidil\/","url":"https:\/\/www.transtoyou.com\/de\/product\/minoxidil\/","name":"Minoxidil | F\u00f6rdere effektiv das Haarwachstum - Transtoyou","isPartOf":{"@id":"https:\/\/www.transtoyou.com\/de\/#website"},"primaryImageOfPage":{"@id":"https:\/\/www.transtoyou.com\/de\/product\/minoxidil\/#primaryimage"},"image":{"@id":"https:\/\/www.transtoyou.com\/de\/product\/minoxidil\/#primaryimage"},"thumbnailUrl":"https:\/\/www.transtoyou.com\/de\/wp-content\/uploads\/sites\/4\/2026\/01\/tty-no-product-image-79.webp","datePublished":"2026-01-24T04:06:14+00:00","dateModified":"2026-02-25T16:48:20+00:00","description":"Minoxidil gegen Haarausfall, erh\u00e4ltlich bei Transtoyou. F\u00f6rdert die Durchblutung der Kopfhaut f\u00fcr dichteres Haarwachstum. Jetzt kaufen!","breadcrumb":{"@id":"https:\/\/www.transtoyou.com\/de\/product\/minoxidil\/#breadcrumb"},"inLanguage":"de","potentialAction":[{"@type":"ReadAction","target":["https:\/\/www.transtoyou.com\/de\/product\/minoxidil\/"]}]},{"@type":"ImageObject","inLanguage":"de","@id":"https:\/\/www.transtoyou.com\/de\/product\/minoxidil\/#primaryimage","url":"https:\/\/www.transtoyou.com\/de\/wp-content\/uploads\/sites\/4\/2026\/01\/tty-no-product-image-79.webp","contentUrl":"https:\/\/www.transtoyou.com\/de\/wp-content\/uploads\/sites\/4\/2026\/01\/tty-no-product-image-79.webp","width":1000,"height":1000,"caption":"Standardproduktbild"},{"@type":"WebSite","@id":"https:\/\/www.transtoyou.com\/de\/#website","url":"https:\/\/www.transtoyou.com\/de\/","name":"Transtoyou - DE","description":"DE","publisher":{"@id":"https:\/\/www.transtoyou.com\/de\/#organization"},"potentialAction":[{"@type":"SearchAction","target":{"@type":"EntryPoint","urlTemplate":"https:\/\/www.transtoyou.com\/de\/?s={search_term_string}"},"query-input":{"@type":"PropertyValueSpecification","valueRequired":true,"valueName":"search_term_string"}}],"inLanguage":"de"},{"@type":"Organization","@id":"https:\/\/www.transtoyou.com\/de\/#organization","name":"Transtoyou - DE","url":"https:\/\/www.transtoyou.com\/de\/","logo":{"@type":"ImageObject","inLanguage":"de","@id":"https:\/\/www.transtoyou.com\/de\/#\/schema\/logo\/image\/","url":"https:\/\/www.transtoyou.com\/de\/wp-content\/uploads\/sites\/4\/2026\/01\/logo-tty-menu-bar-300x87-1.webp","contentUrl":"https:\/\/www.transtoyou.com\/de\/wp-content\/uploads\/sites\/4\/2026\/01\/logo-tty-menu-bar-300x87-1.webp","width":300,"height":87,"caption":"Transtoyou - DE"},"image":{"@id":"https:\/\/www.transtoyou.com\/de\/#\/schema\/logo\/image\/"}}]}},"_links":{"self":[{"href":"https:\/\/www.transtoyou.com\/de\/wp-json\/wp\/v2\/product\/972","targetHints":{"allow":["GET"]}}],"collection":[{"href":"https:\/\/www.transtoyou.com\/de\/wp-json\/wp\/v2\/product"}],"about":[{"href":"https:\/\/www.transtoyou.com\/de\/wp-json\/wp\/v2\/types\/product"}],"replies":[{"embeddable":true,"href":"https:\/\/www.transtoyou.com\/de\/wp-json\/wp\/v2\/comments?post=972"}],"wp:featuredmedia":[{"embeddable":true,"href":"https:\/\/www.transtoyou.com\/de\/wp-json\/wp\/v2\/media\/974"}],"wp:attachment":[{"href":"https:\/\/www.transtoyou.com\/de\/wp-json\/wp\/v2\/media?parent=972"}],"wp:term":[{"taxonomy":"product_brand","embeddable":true,"href":"https:\/\/www.transtoyou.com\/de\/wp-json\/wp\/v2\/product_brand?post=972"},{"taxonomy":"product_cat","embeddable":true,"href":"https:\/\/www.transtoyou.com\/de\/wp-json\/wp\/v2\/product_cat?post=972"},{"taxonomy":"product_tag","embeddable":true,"href":"https:\/\/www.transtoyou.com\/de\/wp-json\/wp\/v2\/product_tag?post=972"},{"taxonomy":"expert","embeddable":true,"href":"https:\/\/www.transtoyou.com\/de\/wp-json\/wp\/v2\/expert?post=972"}],"curies":[{"name":"wp","href":"https:\/\/api.w.org\/{rel}","templated":true}]}}