{"id":983,"date":"2026-01-24T07:04:17","date_gmt":"2026-01-24T05:04:17","guid":{"rendered":"https:\/\/www.transtoyou.com\/de\/product\/vaniqa\/"},"modified":"2026-03-06T16:58:50","modified_gmt":"2026-03-06T14:58:50","slug":"vaniqa","status":"publish","type":"product","link":"https:\/\/www.transtoyou.com\/de\/product\/vaniqa\/","title":{"rendered":"Vaniqa"},"content":{"rendered":"<p>Vaniqa ist eine topische Creme, die verwendet wird, um das Wachstum von unerw\u00fcnschtem Gesichtshaar, insbesondere bei Frauen mit Gesichtshirsutismus, zu reduzieren. Sie enth\u00e4lt Eflornithinhydrochlorid, eine Substanz, die wirkt, indem sie die Wachstumsrate der Haare auf Follikelebene verlangsamt. Im Gegensatz zu Methoden, die Haare entfernen, wie Rasieren oder Wachsen, wirkt Vaniqa auf der Ebene des Haarfollikels, um das Wachstum zu verlangsamen, und wird als langfristige Option verwendet.<\/p>\n<p>Die Creme wird direkt auf die betroffenen Bereiche des Gesichts, wie die Oberlippe, das Kinn oder den Kieferbereich, zweimal t\u00e4glich aufgetragen, wobei zwischen den Anwendungen mindestens acht Stunden liegen sollten. Es handelt sich nicht um ein Haarentfernungsprodukt, sondern soll die Geschwindigkeit und Dicke des Nachwachsens im Laufe der Zeit reduzieren. Sichtbare Verbesserungen k\u00f6nnen vier bis acht Wochen in Anspruch nehmen, und eine fortgesetzte Anwendung ist notwendig, um die Ergebnisse aufrechtzuerhalten. Wenn die Creme abgesetzt wird, kehrt das Haarwachstum typischerweise zu seinem vorherigen Muster zur\u00fcck.<\/p>\n<p>Vaniqa wird oft zusammen mit kosmetischen Haarentfernungsmethoden verwendet. Im Laufe der Zeit k\u00f6nnen einige Personen eine Verringerung der H\u00e4ufigkeit von Haarentfernungseingriffen erfahren, und das Erscheinungsbild des Nachwachsens kann feiner und heller werden. Sie kann langfristig unter medizinischer Aufsicht verwendet werden, obwohl die Wirkungen von Person zu Person variieren.<\/p>\n<p>H\u00e4ufige Nebenwirkungen sind in der Regel mild und k\u00f6nnen R\u00f6tungen, Kribbeln, Brennen oder leichte Hautirritationen an der Anwendungsstelle umfassen. Diese Symptome lassen oft nach, w\u00e4hrend sich die Haut an die Creme gew\u00f6hnt. Vaniqa sollte nur auf sauberer, trockener Haut aufgetragen werden, und es wird empfohlen, vor dem Auftragen von Make-up oder Sonnencreme eine kurze Wartezeit einzuhalten.<\/p>\n","protected":false},"excerpt":{"rendered":"<ul>\n<li>Verlangsamt das Nachwachsen von Gesichtsbehaarung<\/li>\n<li>Nicht-hormonelle topische Behandlung<\/li>\n<li>Gl\u00e4ttet das Hautbild<\/li>\n<\/ul>\n","protected":false},"featured_media":985,"comment_status":"open","ping_status":"closed","template":"","meta":[],"product_brand":[],"product_cat":[122,140],"product_tag":[],"expert":[19],"class_list":{"0":"post-983","1":"product","2":"type-product","3":"status-publish","4":"has-post-thumbnail","6":"product_cat-gesichtshaare-reduzierung","7":"product_cat-hirsutismus-gesichtsbehaarung","8":"expert-dr-j-vazquez","10":"first","11":"instock","12":"shipping-taxable","13":"product-type-variable"},"yoast_head":"<!-- This site is optimized with the Yoast SEO plugin v27.0 - https:\/\/yoast.com\/product\/yoast-seo-wordpress\/ -->\n<title>Vaniqa | Effektive Reduzierung von Gesichtshaarwachstum - Transtoyou<\/title>\n<meta name=\"description\" content=\"Vaniqa-Creme reduziert unerw\u00fcnschten Haarwuchs im Gesicht und sorgt f\u00fcr glattere Haut. Starte noch heute deinen Weg zu mehr Selbstbewusstsein!\" \/>\n<meta name=\"robots\" content=\"noindex, follow, max-snippet:-1, max-image-preview:large, max-video-preview:-1\" \/>\n<meta property=\"og:locale\" content=\"de_DE\" \/>\n<meta property=\"og:type\" content=\"article\" \/>\n<meta property=\"og:title\" content=\"Vaniqa | Effektive Reduzierung von Gesichtshaarwachstum - Transtoyou\" \/>\n<meta property=\"og:description\" content=\"Vaniqa-Creme reduziert unerw\u00fcnschten Haarwuchs im Gesicht und sorgt f\u00fcr glattere Haut. Starte noch heute deinen Weg zu mehr Selbstbewusstsein!\" \/>\n<meta property=\"og:url\" content=\"https:\/\/www.transtoyou.com\/de\/product\/vaniqa\/\" \/>\n<meta property=\"og:site_name\" content=\"Transtoyou - DE\" \/>\n<meta property=\"article:modified_time\" content=\"2026-03-06T14:58:50+00:00\" \/>\n<meta name=\"twitter:card\" content=\"summary_large_image\" \/>\n<meta name=\"twitter:label1\" content=\"Gesch\u00e4tzte Lesezeit\" \/>\n\t<meta name=\"twitter:data1\" content=\"1\u00a0Minute\" \/>\n<script type=\"application\/ld+json\" class=\"yoast-schema-graph\">{\"@context\":\"https:\/\/schema.org\",\"@graph\":[{\"@type\":\"WebPage\",\"@id\":\"https:\/\/www.transtoyou.com\/de\/product\/vaniqa\/\",\"url\":\"https:\/\/www.transtoyou.com\/de\/product\/vaniqa\/\",\"name\":\"Vaniqa | Effektive Reduzierung von Gesichtshaarwachstum - Transtoyou\",\"isPartOf\":{\"@id\":\"https:\/\/www.transtoyou.com\/de\/#website\"},\"primaryImageOfPage\":{\"@id\":\"https:\/\/www.transtoyou.com\/de\/product\/vaniqa\/#primaryimage\"},\"image\":{\"@id\":\"https:\/\/www.transtoyou.com\/de\/product\/vaniqa\/#primaryimage\"},\"thumbnailUrl\":\"https:\/\/www.transtoyou.com\/de\/wp-content\/uploads\/sites\/4\/2026\/01\/tty-no-product-image-83.webp\",\"datePublished\":\"2026-01-24T05:04:17+00:00\",\"dateModified\":\"2026-03-06T14:58:50+00:00\",\"description\":\"Vaniqa-Creme reduziert unerw\u00fcnschten Haarwuchs im Gesicht und sorgt f\u00fcr glattere Haut. Starte noch heute deinen Weg zu mehr Selbstbewusstsein!\",\"breadcrumb\":{\"@id\":\"https:\/\/www.transtoyou.com\/de\/product\/vaniqa\/#breadcrumb\"},\"inLanguage\":\"de\",\"potentialAction\":[{\"@type\":\"ReadAction\",\"target\":[\"https:\/\/www.transtoyou.com\/de\/product\/vaniqa\/\"]}]},{\"@type\":\"ImageObject\",\"inLanguage\":\"de\",\"@id\":\"https:\/\/www.transtoyou.com\/de\/product\/vaniqa\/#primaryimage\",\"url\":\"https:\/\/www.transtoyou.com\/de\/wp-content\/uploads\/sites\/4\/2026\/01\/tty-no-product-image-83.webp\",\"contentUrl\":\"https:\/\/www.transtoyou.com\/de\/wp-content\/uploads\/sites\/4\/2026\/01\/tty-no-product-image-83.webp\",\"width\":1000,\"height\":1000,\"caption\":\"Standardproduktbild\"},{\"@type\":\"WebSite\",\"@id\":\"https:\/\/www.transtoyou.com\/de\/#website\",\"url\":\"https:\/\/www.transtoyou.com\/de\/\",\"name\":\"Transtoyou - DE\",\"description\":\"DE\",\"publisher\":{\"@id\":\"https:\/\/www.transtoyou.com\/de\/#organization\"},\"potentialAction\":[{\"@type\":\"SearchAction\",\"target\":{\"@type\":\"EntryPoint\",\"urlTemplate\":\"https:\/\/www.transtoyou.com\/de\/?s={search_term_string}\"},\"query-input\":{\"@type\":\"PropertyValueSpecification\",\"valueRequired\":true,\"valueName\":\"search_term_string\"}}],\"inLanguage\":\"de\"},{\"@type\":\"Organization\",\"@id\":\"https:\/\/www.transtoyou.com\/de\/#organization\",\"name\":\"Transtoyou - DE\",\"url\":\"https:\/\/www.transtoyou.com\/de\/\",\"logo\":{\"@type\":\"ImageObject\",\"inLanguage\":\"de\",\"@id\":\"https:\/\/www.transtoyou.com\/de\/#\/schema\/logo\/image\/\",\"url\":\"https:\/\/www.transtoyou.com\/de\/wp-content\/uploads\/sites\/4\/2026\/01\/logo-tty-menu-bar-300x87-1.webp\",\"contentUrl\":\"https:\/\/www.transtoyou.com\/de\/wp-content\/uploads\/sites\/4\/2026\/01\/logo-tty-menu-bar-300x87-1.webp\",\"width\":300,\"height\":87,\"caption\":\"Transtoyou - DE\"},\"image\":{\"@id\":\"https:\/\/www.transtoyou.com\/de\/#\/schema\/logo\/image\/\"}}]}<\/script>\n<!-- \/ Yoast SEO plugin. -->","yoast_head_json":{"title":"Vaniqa | Effektive Reduzierung von Gesichtshaarwachstum - Transtoyou","description":"Vaniqa-Creme reduziert unerw\u00fcnschten Haarwuchs im Gesicht und sorgt f\u00fcr glattere Haut. Starte noch heute deinen Weg zu mehr Selbstbewusstsein!","robots":{"index":"noindex","follow":"follow","max-snippet":"max-snippet:-1","max-image-preview":"max-image-preview:large","max-video-preview":"max-video-preview:-1"},"og_locale":"de_DE","og_type":"article","og_title":"Vaniqa | Effektive Reduzierung von Gesichtshaarwachstum - Transtoyou","og_description":"Vaniqa-Creme reduziert unerw\u00fcnschten Haarwuchs im Gesicht und sorgt f\u00fcr glattere Haut. Starte noch heute deinen Weg zu mehr Selbstbewusstsein!","og_url":"https:\/\/www.transtoyou.com\/de\/product\/vaniqa\/","og_site_name":"Transtoyou - DE","article_modified_time":"2026-03-06T14:58:50+00:00","twitter_card":"summary_large_image","twitter_misc":{"Gesch\u00e4tzte Lesezeit":"1\u00a0Minute"},"schema":{"@context":"https:\/\/schema.org","@graph":[{"@type":"WebPage","@id":"https:\/\/www.transtoyou.com\/de\/product\/vaniqa\/","url":"https:\/\/www.transtoyou.com\/de\/product\/vaniqa\/","name":"Vaniqa | Effektive Reduzierung von Gesichtshaarwachstum - Transtoyou","isPartOf":{"@id":"https:\/\/www.transtoyou.com\/de\/#website"},"primaryImageOfPage":{"@id":"https:\/\/www.transtoyou.com\/de\/product\/vaniqa\/#primaryimage"},"image":{"@id":"https:\/\/www.transtoyou.com\/de\/product\/vaniqa\/#primaryimage"},"thumbnailUrl":"https:\/\/www.transtoyou.com\/de\/wp-content\/uploads\/sites\/4\/2026\/01\/tty-no-product-image-83.webp","datePublished":"2026-01-24T05:04:17+00:00","dateModified":"2026-03-06T14:58:50+00:00","description":"Vaniqa-Creme reduziert unerw\u00fcnschten Haarwuchs im Gesicht und sorgt f\u00fcr glattere Haut. Starte noch heute deinen Weg zu mehr Selbstbewusstsein!","breadcrumb":{"@id":"https:\/\/www.transtoyou.com\/de\/product\/vaniqa\/#breadcrumb"},"inLanguage":"de","potentialAction":[{"@type":"ReadAction","target":["https:\/\/www.transtoyou.com\/de\/product\/vaniqa\/"]}]},{"@type":"ImageObject","inLanguage":"de","@id":"https:\/\/www.transtoyou.com\/de\/product\/vaniqa\/#primaryimage","url":"https:\/\/www.transtoyou.com\/de\/wp-content\/uploads\/sites\/4\/2026\/01\/tty-no-product-image-83.webp","contentUrl":"https:\/\/www.transtoyou.com\/de\/wp-content\/uploads\/sites\/4\/2026\/01\/tty-no-product-image-83.webp","width":1000,"height":1000,"caption":"Standardproduktbild"},{"@type":"WebSite","@id":"https:\/\/www.transtoyou.com\/de\/#website","url":"https:\/\/www.transtoyou.com\/de\/","name":"Transtoyou - DE","description":"DE","publisher":{"@id":"https:\/\/www.transtoyou.com\/de\/#organization"},"potentialAction":[{"@type":"SearchAction","target":{"@type":"EntryPoint","urlTemplate":"https:\/\/www.transtoyou.com\/de\/?s={search_term_string}"},"query-input":{"@type":"PropertyValueSpecification","valueRequired":true,"valueName":"search_term_string"}}],"inLanguage":"de"},{"@type":"Organization","@id":"https:\/\/www.transtoyou.com\/de\/#organization","name":"Transtoyou - DE","url":"https:\/\/www.transtoyou.com\/de\/","logo":{"@type":"ImageObject","inLanguage":"de","@id":"https:\/\/www.transtoyou.com\/de\/#\/schema\/logo\/image\/","url":"https:\/\/www.transtoyou.com\/de\/wp-content\/uploads\/sites\/4\/2026\/01\/logo-tty-menu-bar-300x87-1.webp","contentUrl":"https:\/\/www.transtoyou.com\/de\/wp-content\/uploads\/sites\/4\/2026\/01\/logo-tty-menu-bar-300x87-1.webp","width":300,"height":87,"caption":"Transtoyou - DE"},"image":{"@id":"https:\/\/www.transtoyou.com\/de\/#\/schema\/logo\/image\/"}}]}},"_links":{"self":[{"href":"https:\/\/www.transtoyou.com\/de\/wp-json\/wp\/v2\/product\/983","targetHints":{"allow":["GET"]}}],"collection":[{"href":"https:\/\/www.transtoyou.com\/de\/wp-json\/wp\/v2\/product"}],"about":[{"href":"https:\/\/www.transtoyou.com\/de\/wp-json\/wp\/v2\/types\/product"}],"replies":[{"embeddable":true,"href":"https:\/\/www.transtoyou.com\/de\/wp-json\/wp\/v2\/comments?post=983"}],"wp:featuredmedia":[{"embeddable":true,"href":"https:\/\/www.transtoyou.com\/de\/wp-json\/wp\/v2\/media\/985"}],"wp:attachment":[{"href":"https:\/\/www.transtoyou.com\/de\/wp-json\/wp\/v2\/media?parent=983"}],"wp:term":[{"taxonomy":"product_brand","embeddable":true,"href":"https:\/\/www.transtoyou.com\/de\/wp-json\/wp\/v2\/product_brand?post=983"},{"taxonomy":"product_cat","embeddable":true,"href":"https:\/\/www.transtoyou.com\/de\/wp-json\/wp\/v2\/product_cat?post=983"},{"taxonomy":"product_tag","embeddable":true,"href":"https:\/\/www.transtoyou.com\/de\/wp-json\/wp\/v2\/product_tag?post=983"},{"taxonomy":"expert","embeddable":true,"href":"https:\/\/www.transtoyou.com\/de\/wp-json\/wp\/v2\/expert?post=983"}],"curies":[{"name":"wp","href":"https:\/\/api.w.org\/{rel}","templated":true}]}}