{"id":996,"date":"2026-01-24T08:30:26","date_gmt":"2026-01-24T06:30:26","guid":{"rendered":"https:\/\/www.transtoyou.com\/de\/product\/viridal\/"},"modified":"2026-03-07T16:49:52","modified_gmt":"2026-03-07T14:49:52","slug":"viridal","status":"publish","type":"product","link":"https:\/\/www.transtoyou.com\/de\/product\/viridal\/","title":{"rendered":"Viridal"},"content":{"rendered":"<p>Viridal ist eine Behandlung f\u00fcr erektile Dysfunktion, insbesondere in F\u00e4llen, in denen orale Medikamente m\u00f6glicherweise nicht wirksam oder geeignet sind. Es enth\u00e4lt Alprostadil, eine synthetische Version einer nat\u00fcrlich vorkommenden Substanz, die hilft, den Blutfluss zum Penis zu erh\u00f6hen. Durch die Erweiterung der lokalen Blutgef\u00e4\u00dfe unterst\u00fctzt es den k\u00f6rperlichen Prozess, der zu einer Erektion f\u00fchrt.<\/p>\n<p>Viridal wird durch Injektion in das Corpus cavernosum verabreicht. Diese Methode erm\u00f6glicht es, dass das Medikament direkt an der Stelle wirkt, wo es ben\u00f6tigt wird. In den meisten F\u00e4llen beginnt die Wirkung innerhalb von 5 bis 15 Minuten, und die resultierende Erektion h\u00e4lt typischerweise etwa 30 bis 60 Minuten an, obwohl dies von Person zu Person variieren kann.<\/p>\n<p>Das Medikament kommt als Pulver, das vor der Anwendung mit einer sterilen L\u00f6sung gemischt wird. Eine feine Nadel wird f\u00fcr die Injektion verwendet, und es ist wichtig, die Injektionsstelle bei jeder Anwendung zu wechseln, um das Risiko von Gewebesch\u00e4den zu verringern. Die Dosierung wird normalerweise entsprechend der Reaktion und Vertr\u00e4glichkeit des Einzelnen angepasst.<\/p>\n<p>Viridal kann von Personen mit verschiedenen zugrunde liegenden Ursachen f\u00fcr erektile Dysfunktion verwendet werden, einschlie\u00dflich vaskul\u00e4rer, neurologischer oder postoperativer Zust\u00e4nde. H\u00e4ufige Nebenwirkungen k\u00f6nnen ein leichtes Unbehagen an der Injektionsstelle oder ein Druckgef\u00fchl im Penis umfassen. In einigen F\u00e4llen k\u00f6nnen Benutzer anhaltende Erektionen oder lokale Fibrosen oder penilen Kn\u00f6tchen erleben, die bewertet werden sollten, wenn sie anhalten.<\/p>\n","protected":false},"excerpt":{"rendered":"<ul>\n<li>Schnelle, zuverl\u00e4ssige Erektion innerhalb von 5-15 Minuten<\/li>\n<li>Umgeht das Verdauungssystem &#8211; wirkt sogar, wenn Tabletten versagen<\/li>\n<li>Verstellbare Dosierung mit automatischer Misch-Dualkammer-Spritze<\/li>\n<\/ul>\n","protected":false},"featured_media":998,"comment_status":"open","ping_status":"closed","template":"","meta":[],"product_brand":[],"product_cat":[118],"product_tag":[],"expert":[21],"class_list":{"0":"post-996","1":"product","2":"type-product","3":"status-publish","4":"has-post-thumbnail","6":"product_cat-erektile-dysfunktion-behandlungen","7":"expert-dr-m-sharoyko","9":"first","10":"instock","11":"shipping-taxable","12":"product-type-variable"},"yoast_head":"<!-- This site is optimized with the Yoast SEO plugin v27.0 - https:\/\/yoast.com\/product\/yoast-seo-wordpress\/ -->\n<title>Viridal | Schnell wirkende ED-L\u00f6sung - Transtoyou<\/title>\n<meta name=\"description\" content=\"Entdecke Viridal, eine einzigartige L\u00f6sung gegen erektile Dysfunktion. Enth\u00e4lt Alprostadil f\u00fcr effektive Ergebnisse. Jetzt bei Transtoyou erh\u00e4ltlich.\" \/>\n<meta name=\"robots\" content=\"noindex, follow, max-snippet:-1, max-image-preview:large, max-video-preview:-1\" \/>\n<meta property=\"og:locale\" content=\"de_DE\" \/>\n<meta property=\"og:type\" content=\"article\" \/>\n<meta property=\"og:title\" content=\"Viridal | Schnell wirkende ED-L\u00f6sung - Transtoyou\" \/>\n<meta property=\"og:description\" content=\"Entdecke Viridal, eine einzigartige L\u00f6sung gegen erektile Dysfunktion. Enth\u00e4lt Alprostadil f\u00fcr effektive Ergebnisse. Jetzt bei Transtoyou erh\u00e4ltlich.\" \/>\n<meta property=\"og:url\" content=\"https:\/\/www.transtoyou.com\/de\/product\/viridal\/\" \/>\n<meta property=\"og:site_name\" content=\"Transtoyou - DE\" \/>\n<meta property=\"article:modified_time\" content=\"2026-03-07T14:49:52+00:00\" \/>\n<meta name=\"twitter:card\" content=\"summary_large_image\" \/>\n<meta name=\"twitter:label1\" content=\"Gesch\u00e4tzte Lesezeit\" \/>\n\t<meta name=\"twitter:data1\" content=\"1\u00a0Minute\" \/>\n<script type=\"application\/ld+json\" class=\"yoast-schema-graph\">{\"@context\":\"https:\/\/schema.org\",\"@graph\":[{\"@type\":\"WebPage\",\"@id\":\"https:\/\/www.transtoyou.com\/de\/product\/viridal\/\",\"url\":\"https:\/\/www.transtoyou.com\/de\/product\/viridal\/\",\"name\":\"Viridal | Schnell wirkende ED-L\u00f6sung - Transtoyou\",\"isPartOf\":{\"@id\":\"https:\/\/www.transtoyou.com\/de\/#website\"},\"primaryImageOfPage\":{\"@id\":\"https:\/\/www.transtoyou.com\/de\/product\/viridal\/#primaryimage\"},\"image\":{\"@id\":\"https:\/\/www.transtoyou.com\/de\/product\/viridal\/#primaryimage\"},\"thumbnailUrl\":\"https:\/\/www.transtoyou.com\/de\/wp-content\/uploads\/sites\/4\/2026\/01\/tty-no-product-image-88.webp\",\"datePublished\":\"2026-01-24T06:30:26+00:00\",\"dateModified\":\"2026-03-07T14:49:52+00:00\",\"description\":\"Entdecke Viridal, eine einzigartige L\u00f6sung gegen erektile Dysfunktion. Enth\u00e4lt Alprostadil f\u00fcr effektive Ergebnisse. Jetzt bei Transtoyou erh\u00e4ltlich.\",\"breadcrumb\":{\"@id\":\"https:\/\/www.transtoyou.com\/de\/product\/viridal\/#breadcrumb\"},\"inLanguage\":\"de\",\"potentialAction\":[{\"@type\":\"ReadAction\",\"target\":[\"https:\/\/www.transtoyou.com\/de\/product\/viridal\/\"]}]},{\"@type\":\"ImageObject\",\"inLanguage\":\"de\",\"@id\":\"https:\/\/www.transtoyou.com\/de\/product\/viridal\/#primaryimage\",\"url\":\"https:\/\/www.transtoyou.com\/de\/wp-content\/uploads\/sites\/4\/2026\/01\/tty-no-product-image-88.webp\",\"contentUrl\":\"https:\/\/www.transtoyou.com\/de\/wp-content\/uploads\/sites\/4\/2026\/01\/tty-no-product-image-88.webp\",\"width\":1000,\"height\":1000,\"caption\":\"Standardproduktbild\"},{\"@type\":\"WebSite\",\"@id\":\"https:\/\/www.transtoyou.com\/de\/#website\",\"url\":\"https:\/\/www.transtoyou.com\/de\/\",\"name\":\"Transtoyou - DE\",\"description\":\"DE\",\"publisher\":{\"@id\":\"https:\/\/www.transtoyou.com\/de\/#organization\"},\"potentialAction\":[{\"@type\":\"SearchAction\",\"target\":{\"@type\":\"EntryPoint\",\"urlTemplate\":\"https:\/\/www.transtoyou.com\/de\/?s={search_term_string}\"},\"query-input\":{\"@type\":\"PropertyValueSpecification\",\"valueRequired\":true,\"valueName\":\"search_term_string\"}}],\"inLanguage\":\"de\"},{\"@type\":\"Organization\",\"@id\":\"https:\/\/www.transtoyou.com\/de\/#organization\",\"name\":\"Transtoyou - DE\",\"url\":\"https:\/\/www.transtoyou.com\/de\/\",\"logo\":{\"@type\":\"ImageObject\",\"inLanguage\":\"de\",\"@id\":\"https:\/\/www.transtoyou.com\/de\/#\/schema\/logo\/image\/\",\"url\":\"https:\/\/www.transtoyou.com\/de\/wp-content\/uploads\/sites\/4\/2026\/01\/logo-tty-menu-bar-300x87-1.webp\",\"contentUrl\":\"https:\/\/www.transtoyou.com\/de\/wp-content\/uploads\/sites\/4\/2026\/01\/logo-tty-menu-bar-300x87-1.webp\",\"width\":300,\"height\":87,\"caption\":\"Transtoyou - DE\"},\"image\":{\"@id\":\"https:\/\/www.transtoyou.com\/de\/#\/schema\/logo\/image\/\"}}]}<\/script>\n<!-- \/ Yoast SEO plugin. -->","yoast_head_json":{"title":"Viridal | Schnell wirkende ED-L\u00f6sung - Transtoyou","description":"Entdecke Viridal, eine einzigartige L\u00f6sung gegen erektile Dysfunktion. Enth\u00e4lt Alprostadil f\u00fcr effektive Ergebnisse. Jetzt bei Transtoyou erh\u00e4ltlich.","robots":{"index":"noindex","follow":"follow","max-snippet":"max-snippet:-1","max-image-preview":"max-image-preview:large","max-video-preview":"max-video-preview:-1"},"og_locale":"de_DE","og_type":"article","og_title":"Viridal | Schnell wirkende ED-L\u00f6sung - Transtoyou","og_description":"Entdecke Viridal, eine einzigartige L\u00f6sung gegen erektile Dysfunktion. Enth\u00e4lt Alprostadil f\u00fcr effektive Ergebnisse. Jetzt bei Transtoyou erh\u00e4ltlich.","og_url":"https:\/\/www.transtoyou.com\/de\/product\/viridal\/","og_site_name":"Transtoyou - DE","article_modified_time":"2026-03-07T14:49:52+00:00","twitter_card":"summary_large_image","twitter_misc":{"Gesch\u00e4tzte Lesezeit":"1\u00a0Minute"},"schema":{"@context":"https:\/\/schema.org","@graph":[{"@type":"WebPage","@id":"https:\/\/www.transtoyou.com\/de\/product\/viridal\/","url":"https:\/\/www.transtoyou.com\/de\/product\/viridal\/","name":"Viridal | Schnell wirkende ED-L\u00f6sung - Transtoyou","isPartOf":{"@id":"https:\/\/www.transtoyou.com\/de\/#website"},"primaryImageOfPage":{"@id":"https:\/\/www.transtoyou.com\/de\/product\/viridal\/#primaryimage"},"image":{"@id":"https:\/\/www.transtoyou.com\/de\/product\/viridal\/#primaryimage"},"thumbnailUrl":"https:\/\/www.transtoyou.com\/de\/wp-content\/uploads\/sites\/4\/2026\/01\/tty-no-product-image-88.webp","datePublished":"2026-01-24T06:30:26+00:00","dateModified":"2026-03-07T14:49:52+00:00","description":"Entdecke Viridal, eine einzigartige L\u00f6sung gegen erektile Dysfunktion. Enth\u00e4lt Alprostadil f\u00fcr effektive Ergebnisse. Jetzt bei Transtoyou erh\u00e4ltlich.","breadcrumb":{"@id":"https:\/\/www.transtoyou.com\/de\/product\/viridal\/#breadcrumb"},"inLanguage":"de","potentialAction":[{"@type":"ReadAction","target":["https:\/\/www.transtoyou.com\/de\/product\/viridal\/"]}]},{"@type":"ImageObject","inLanguage":"de","@id":"https:\/\/www.transtoyou.com\/de\/product\/viridal\/#primaryimage","url":"https:\/\/www.transtoyou.com\/de\/wp-content\/uploads\/sites\/4\/2026\/01\/tty-no-product-image-88.webp","contentUrl":"https:\/\/www.transtoyou.com\/de\/wp-content\/uploads\/sites\/4\/2026\/01\/tty-no-product-image-88.webp","width":1000,"height":1000,"caption":"Standardproduktbild"},{"@type":"WebSite","@id":"https:\/\/www.transtoyou.com\/de\/#website","url":"https:\/\/www.transtoyou.com\/de\/","name":"Transtoyou - DE","description":"DE","publisher":{"@id":"https:\/\/www.transtoyou.com\/de\/#organization"},"potentialAction":[{"@type":"SearchAction","target":{"@type":"EntryPoint","urlTemplate":"https:\/\/www.transtoyou.com\/de\/?s={search_term_string}"},"query-input":{"@type":"PropertyValueSpecification","valueRequired":true,"valueName":"search_term_string"}}],"inLanguage":"de"},{"@type":"Organization","@id":"https:\/\/www.transtoyou.com\/de\/#organization","name":"Transtoyou - DE","url":"https:\/\/www.transtoyou.com\/de\/","logo":{"@type":"ImageObject","inLanguage":"de","@id":"https:\/\/www.transtoyou.com\/de\/#\/schema\/logo\/image\/","url":"https:\/\/www.transtoyou.com\/de\/wp-content\/uploads\/sites\/4\/2026\/01\/logo-tty-menu-bar-300x87-1.webp","contentUrl":"https:\/\/www.transtoyou.com\/de\/wp-content\/uploads\/sites\/4\/2026\/01\/logo-tty-menu-bar-300x87-1.webp","width":300,"height":87,"caption":"Transtoyou - DE"},"image":{"@id":"https:\/\/www.transtoyou.com\/de\/#\/schema\/logo\/image\/"}}]}},"_links":{"self":[{"href":"https:\/\/www.transtoyou.com\/de\/wp-json\/wp\/v2\/product\/996","targetHints":{"allow":["GET"]}}],"collection":[{"href":"https:\/\/www.transtoyou.com\/de\/wp-json\/wp\/v2\/product"}],"about":[{"href":"https:\/\/www.transtoyou.com\/de\/wp-json\/wp\/v2\/types\/product"}],"replies":[{"embeddable":true,"href":"https:\/\/www.transtoyou.com\/de\/wp-json\/wp\/v2\/comments?post=996"}],"wp:featuredmedia":[{"embeddable":true,"href":"https:\/\/www.transtoyou.com\/de\/wp-json\/wp\/v2\/media\/998"}],"wp:attachment":[{"href":"https:\/\/www.transtoyou.com\/de\/wp-json\/wp\/v2\/media?parent=996"}],"wp:term":[{"taxonomy":"product_brand","embeddable":true,"href":"https:\/\/www.transtoyou.com\/de\/wp-json\/wp\/v2\/product_brand?post=996"},{"taxonomy":"product_cat","embeddable":true,"href":"https:\/\/www.transtoyou.com\/de\/wp-json\/wp\/v2\/product_cat?post=996"},{"taxonomy":"product_tag","embeddable":true,"href":"https:\/\/www.transtoyou.com\/de\/wp-json\/wp\/v2\/product_tag?post=996"},{"taxonomy":"expert","embeddable":true,"href":"https:\/\/www.transtoyou.com\/de\/wp-json\/wp\/v2\/expert?post=996"}],"curies":[{"name":"wp","href":"https:\/\/api.w.org\/{rel}","templated":true}]}}