{"id":999,"date":"2026-01-24T08:46:36","date_gmt":"2026-01-24T06:46:36","guid":{"rendered":"https:\/\/www.transtoyou.com\/de\/product\/viagra\/"},"modified":"2026-03-18T16:17:07","modified_gmt":"2026-03-18T14:17:07","slug":"viagra","status":"publish","type":"product","link":"https:\/\/www.transtoyou.com\/de\/product\/viagra\/","title":{"rendered":"Viagra"},"content":{"rendered":"<p>Viagra ist eine Behandlung f\u00fcr erektile Dysfunktion und hilft M\u00e4nnern, eine Erektion zu erreichen und aufrechtzuerhalten, die f\u00fcr sexuelle Aktivit\u00e4ten geeignet ist. Der Wirkstoff Sildenafilcitrat erh\u00f6ht den Blutfluss zum Penis, wenn ein Mann sexuell erregt ist. Dies verbessert die nat\u00fcrliche F\u00e4higkeit des K\u00f6rpers, auf Intimit\u00e4t zu reagieren, und unterst\u00fctzt st\u00e4rkere, zuverl\u00e4ssigere Erektionen.<\/p>\n<p>Viagra geh\u00f6rt zu einer Klasse von Medikamenten, die PDE5-Hemmer genannt werden, die die Blutgef\u00e4\u00dfe im Penis entspannen und mehr Blut w\u00e4hrend der Stimulation hineinlassen. Es verursacht nicht von selbst eine Erektion; sexuelle Erregung ist weiterhin erforderlich, damit das Medikament wirksam ist. Sobald es im K\u00f6rper aktiv ist, beginnt Viagra normalerweise innerhalb von 30 bis 60 Minuten zu wirken, und die Wirkung kann etwa vier bis f\u00fcnf Stunden anhalten.<\/p>\n<p>Die Standardanfangs dosis betr\u00e4gt 50 mg, die etwa eine Stunde vor der sexuellen Aktivit\u00e4t eingenommen wird, kann jedoch je nach individueller Reaktion und Vertr\u00e4glichkeit angepasst werden. Einige M\u00e4nner k\u00f6nnen von einer niedrigeren Dosis (25 mg) profitieren, w\u00e4hrend andere bis zu 100 mg ben\u00f6tigen. Es wird oral eingenommen und kann mit oder ohne Nahrung verwendet werden, obwohl fettreiche Mahlzeiten den Wirkungseintritt leicht verz\u00f6gern k\u00f6nnen.<\/p>\n<p>Viagra wird im Allgemeinen gut vertragen. Einige Anwender k\u00f6nnen Nebenwirkungen wie Kopfschmerzen, Gesichtsr\u00f6tung, Nasenverstopfung, Magenbeschwerden oder vor\u00fcbergehende Ver\u00e4nderungen des Sehens (wie einen blauen Farbton) erleben. Diese Effekte sind in der Regel mild und vor\u00fcbergehend. Es sollte nicht zusammen mit Nitraten oder Medikamenten verwendet werden, die den Blutdruck erheblich senken.<\/p>\n","protected":false},"excerpt":{"rendered":"<ul>\n<li>Supports the natural sexual response<\/li>\n<li>Improves erectile function<\/li>\n<li>Trusted worldwide for the treatment of ED<\/li>\n<\/ul>\n","protected":false},"featured_media":1001,"comment_status":"open","ping_status":"closed","template":"","meta":[],"product_brand":[],"product_cat":[118],"product_tag":[],"expert":[16],"class_list":{"0":"post-999","1":"product","2":"type-product","3":"status-publish","4":"has-post-thumbnail","6":"product_cat-erektile-dysfunktion-behandlungen","7":"expert-dr-c-alexandru","9":"first","10":"instock","11":"shipping-taxable","12":"purchasable","13":"product-type-variable"},"yoast_head":"<!-- This site is optimized with the Yoast SEO plugin v27.0 - https:\/\/yoast.com\/product\/yoast-seo-wordpress\/ -->\n<title>Viagra | Leistungssteigerung und Selbstvertrauen - Transtoyou<\/title>\n<meta name=\"description\" content=\"Entdecke Viagra bei Transtoyou f\u00fcr eine sichere Verbesserung der erektilen Funktion. Klinisch bew\u00e4hrt mit Sildenafil. Jetzt bestellen!\" \/>\n<meta name=\"robots\" content=\"noindex, follow, max-snippet:-1, max-image-preview:large, max-video-preview:-1\" \/>\n<meta property=\"og:locale\" content=\"de_DE\" \/>\n<meta property=\"og:type\" content=\"article\" \/>\n<meta property=\"og:title\" content=\"Viagra | Leistungssteigerung und Selbstvertrauen - Transtoyou\" \/>\n<meta property=\"og:description\" content=\"Entdecke Viagra bei Transtoyou f\u00fcr eine sichere Verbesserung der erektilen Funktion. Klinisch bew\u00e4hrt mit Sildenafil. Jetzt bestellen!\" \/>\n<meta property=\"og:url\" content=\"https:\/\/www.transtoyou.com\/de\/product\/viagra\/\" \/>\n<meta property=\"og:site_name\" content=\"Transtoyou - DE\" \/>\n<meta property=\"article:modified_time\" content=\"2026-03-18T14:17:07+00:00\" \/>\n<meta name=\"twitter:card\" content=\"summary_large_image\" \/>\n<meta name=\"twitter:label1\" content=\"Gesch\u00e4tzte Lesezeit\" \/>\n\t<meta name=\"twitter:data1\" content=\"1\u00a0Minute\" \/>\n<script type=\"application\/ld+json\" class=\"yoast-schema-graph\">{\"@context\":\"https:\/\/schema.org\",\"@graph\":[{\"@type\":\"WebPage\",\"@id\":\"https:\/\/www.transtoyou.com\/de\/product\/viagra\/\",\"url\":\"https:\/\/www.transtoyou.com\/de\/product\/viagra\/\",\"name\":\"Viagra | Leistungssteigerung und Selbstvertrauen - Transtoyou\",\"isPartOf\":{\"@id\":\"https:\/\/www.transtoyou.com\/de\/#website\"},\"primaryImageOfPage\":{\"@id\":\"https:\/\/www.transtoyou.com\/de\/product\/viagra\/#primaryimage\"},\"image\":{\"@id\":\"https:\/\/www.transtoyou.com\/de\/product\/viagra\/#primaryimage\"},\"thumbnailUrl\":\"https:\/\/www.transtoyou.com\/de\/wp-content\/uploads\/sites\/4\/2026\/01\/tty-no-product-image-89.webp\",\"datePublished\":\"2026-01-24T06:46:36+00:00\",\"dateModified\":\"2026-03-18T14:17:07+00:00\",\"description\":\"Entdecke Viagra bei Transtoyou f\u00fcr eine sichere Verbesserung der erektilen Funktion. Klinisch bew\u00e4hrt mit Sildenafil. Jetzt bestellen!\",\"breadcrumb\":{\"@id\":\"https:\/\/www.transtoyou.com\/de\/product\/viagra\/#breadcrumb\"},\"inLanguage\":\"de\",\"potentialAction\":[{\"@type\":\"ReadAction\",\"target\":[\"https:\/\/www.transtoyou.com\/de\/product\/viagra\/\"]}]},{\"@type\":\"ImageObject\",\"inLanguage\":\"de\",\"@id\":\"https:\/\/www.transtoyou.com\/de\/product\/viagra\/#primaryimage\",\"url\":\"https:\/\/www.transtoyou.com\/de\/wp-content\/uploads\/sites\/4\/2026\/01\/tty-no-product-image-89.webp\",\"contentUrl\":\"https:\/\/www.transtoyou.com\/de\/wp-content\/uploads\/sites\/4\/2026\/01\/tty-no-product-image-89.webp\",\"width\":1000,\"height\":1000,\"caption\":\"Standardproduktbild\"},{\"@type\":\"WebSite\",\"@id\":\"https:\/\/www.transtoyou.com\/de\/#website\",\"url\":\"https:\/\/www.transtoyou.com\/de\/\",\"name\":\"Transtoyou - DE\",\"description\":\"DE\",\"publisher\":{\"@id\":\"https:\/\/www.transtoyou.com\/de\/#organization\"},\"potentialAction\":[{\"@type\":\"SearchAction\",\"target\":{\"@type\":\"EntryPoint\",\"urlTemplate\":\"https:\/\/www.transtoyou.com\/de\/?s={search_term_string}\"},\"query-input\":{\"@type\":\"PropertyValueSpecification\",\"valueRequired\":true,\"valueName\":\"search_term_string\"}}],\"inLanguage\":\"de\"},{\"@type\":\"Organization\",\"@id\":\"https:\/\/www.transtoyou.com\/de\/#organization\",\"name\":\"Transtoyou - DE\",\"url\":\"https:\/\/www.transtoyou.com\/de\/\",\"logo\":{\"@type\":\"ImageObject\",\"inLanguage\":\"de\",\"@id\":\"https:\/\/www.transtoyou.com\/de\/#\/schema\/logo\/image\/\",\"url\":\"https:\/\/www.transtoyou.com\/de\/wp-content\/uploads\/sites\/4\/2026\/01\/logo-tty-menu-bar-300x87-1.webp\",\"contentUrl\":\"https:\/\/www.transtoyou.com\/de\/wp-content\/uploads\/sites\/4\/2026\/01\/logo-tty-menu-bar-300x87-1.webp\",\"width\":300,\"height\":87,\"caption\":\"Transtoyou - DE\"},\"image\":{\"@id\":\"https:\/\/www.transtoyou.com\/de\/#\/schema\/logo\/image\/\"}}]}<\/script>\n<!-- \/ Yoast SEO plugin. -->","yoast_head_json":{"title":"Viagra | Leistungssteigerung und Selbstvertrauen - Transtoyou","description":"Entdecke Viagra bei Transtoyou f\u00fcr eine sichere Verbesserung der erektilen Funktion. Klinisch bew\u00e4hrt mit Sildenafil. Jetzt bestellen!","robots":{"index":"noindex","follow":"follow","max-snippet":"max-snippet:-1","max-image-preview":"max-image-preview:large","max-video-preview":"max-video-preview:-1"},"og_locale":"de_DE","og_type":"article","og_title":"Viagra | Leistungssteigerung und Selbstvertrauen - Transtoyou","og_description":"Entdecke Viagra bei Transtoyou f\u00fcr eine sichere Verbesserung der erektilen Funktion. Klinisch bew\u00e4hrt mit Sildenafil. Jetzt bestellen!","og_url":"https:\/\/www.transtoyou.com\/de\/product\/viagra\/","og_site_name":"Transtoyou - DE","article_modified_time":"2026-03-18T14:17:07+00:00","twitter_card":"summary_large_image","twitter_misc":{"Gesch\u00e4tzte Lesezeit":"1\u00a0Minute"},"schema":{"@context":"https:\/\/schema.org","@graph":[{"@type":"WebPage","@id":"https:\/\/www.transtoyou.com\/de\/product\/viagra\/","url":"https:\/\/www.transtoyou.com\/de\/product\/viagra\/","name":"Viagra | Leistungssteigerung und Selbstvertrauen - Transtoyou","isPartOf":{"@id":"https:\/\/www.transtoyou.com\/de\/#website"},"primaryImageOfPage":{"@id":"https:\/\/www.transtoyou.com\/de\/product\/viagra\/#primaryimage"},"image":{"@id":"https:\/\/www.transtoyou.com\/de\/product\/viagra\/#primaryimage"},"thumbnailUrl":"https:\/\/www.transtoyou.com\/de\/wp-content\/uploads\/sites\/4\/2026\/01\/tty-no-product-image-89.webp","datePublished":"2026-01-24T06:46:36+00:00","dateModified":"2026-03-18T14:17:07+00:00","description":"Entdecke Viagra bei Transtoyou f\u00fcr eine sichere Verbesserung der erektilen Funktion. Klinisch bew\u00e4hrt mit Sildenafil. Jetzt bestellen!","breadcrumb":{"@id":"https:\/\/www.transtoyou.com\/de\/product\/viagra\/#breadcrumb"},"inLanguage":"de","potentialAction":[{"@type":"ReadAction","target":["https:\/\/www.transtoyou.com\/de\/product\/viagra\/"]}]},{"@type":"ImageObject","inLanguage":"de","@id":"https:\/\/www.transtoyou.com\/de\/product\/viagra\/#primaryimage","url":"https:\/\/www.transtoyou.com\/de\/wp-content\/uploads\/sites\/4\/2026\/01\/tty-no-product-image-89.webp","contentUrl":"https:\/\/www.transtoyou.com\/de\/wp-content\/uploads\/sites\/4\/2026\/01\/tty-no-product-image-89.webp","width":1000,"height":1000,"caption":"Standardproduktbild"},{"@type":"WebSite","@id":"https:\/\/www.transtoyou.com\/de\/#website","url":"https:\/\/www.transtoyou.com\/de\/","name":"Transtoyou - DE","description":"DE","publisher":{"@id":"https:\/\/www.transtoyou.com\/de\/#organization"},"potentialAction":[{"@type":"SearchAction","target":{"@type":"EntryPoint","urlTemplate":"https:\/\/www.transtoyou.com\/de\/?s={search_term_string}"},"query-input":{"@type":"PropertyValueSpecification","valueRequired":true,"valueName":"search_term_string"}}],"inLanguage":"de"},{"@type":"Organization","@id":"https:\/\/www.transtoyou.com\/de\/#organization","name":"Transtoyou - DE","url":"https:\/\/www.transtoyou.com\/de\/","logo":{"@type":"ImageObject","inLanguage":"de","@id":"https:\/\/www.transtoyou.com\/de\/#\/schema\/logo\/image\/","url":"https:\/\/www.transtoyou.com\/de\/wp-content\/uploads\/sites\/4\/2026\/01\/logo-tty-menu-bar-300x87-1.webp","contentUrl":"https:\/\/www.transtoyou.com\/de\/wp-content\/uploads\/sites\/4\/2026\/01\/logo-tty-menu-bar-300x87-1.webp","width":300,"height":87,"caption":"Transtoyou - DE"},"image":{"@id":"https:\/\/www.transtoyou.com\/de\/#\/schema\/logo\/image\/"}}]}},"_links":{"self":[{"href":"https:\/\/www.transtoyou.com\/de\/wp-json\/wp\/v2\/product\/999","targetHints":{"allow":["GET"]}}],"collection":[{"href":"https:\/\/www.transtoyou.com\/de\/wp-json\/wp\/v2\/product"}],"about":[{"href":"https:\/\/www.transtoyou.com\/de\/wp-json\/wp\/v2\/types\/product"}],"replies":[{"embeddable":true,"href":"https:\/\/www.transtoyou.com\/de\/wp-json\/wp\/v2\/comments?post=999"}],"wp:featuredmedia":[{"embeddable":true,"href":"https:\/\/www.transtoyou.com\/de\/wp-json\/wp\/v2\/media\/1001"}],"wp:attachment":[{"href":"https:\/\/www.transtoyou.com\/de\/wp-json\/wp\/v2\/media?parent=999"}],"wp:term":[{"taxonomy":"product_brand","embeddable":true,"href":"https:\/\/www.transtoyou.com\/de\/wp-json\/wp\/v2\/product_brand?post=999"},{"taxonomy":"product_cat","embeddable":true,"href":"https:\/\/www.transtoyou.com\/de\/wp-json\/wp\/v2\/product_cat?post=999"},{"taxonomy":"product_tag","embeddable":true,"href":"https:\/\/www.transtoyou.com\/de\/wp-json\/wp\/v2\/product_tag?post=999"},{"taxonomy":"expert","embeddable":true,"href":"https:\/\/www.transtoyou.com\/de\/wp-json\/wp\/v2\/expert?post=999"}],"curies":[{"name":"wp","href":"https:\/\/api.w.org\/{rel}","templated":true}]}}