{"id":161,"date":"2026-01-19T13:28:19","date_gmt":"2026-01-19T13:28:19","guid":{"rendered":"https:\/\/www.transtoyou.com\/es\/?page_id=161"},"modified":"2026-01-26T08:20:54","modified_gmt":"2026-01-26T08:20:54","slug":"proceso-de-receta","status":"publish","type":"page","link":"https:\/\/www.transtoyou.com\/es\/proceso-de-receta\/","title":{"rendered":"Proceso de Receta"},"content":{"rendered":"","protected":false},"excerpt":{"rendered":"","protected":false},"author":13,"featured_media":0,"parent":0,"menu_order":0,"comment_status":"closed","ping_status":"closed","template":"","meta":{"footnotes":""},"class_list":["post-161","page","type-page","status-publish","hentry"],"yoast_head":"<!-- This site is optimized with the Yoast SEO plugin v27.0 - https:\/\/yoast.com\/product\/yoast-seo-wordpress\/ -->\n<title>Proceso de Receta Explicado - Transtoyou<\/title>\n<meta name=\"description\" content=\"Explora el Proceso de Recetas de Transtoyou, donde m\u00e9dicos licenciados eval\u00faan tus necesidades, garantizando recetas cl\u00ednicas adecuadas y apoyo experto en salud.\" \/>\n<meta name=\"robots\" content=\"noindex, follow, max-snippet:-1, max-image-preview:large, max-video-preview:-1\" \/>\n<meta property=\"og:locale\" content=\"es_ES\" \/>\n<meta property=\"og:type\" content=\"article\" \/>\n<meta property=\"og:title\" content=\"Proceso de Receta Explicado - Transtoyou\" \/>\n<meta property=\"og:description\" content=\"Explora el Proceso de Recetas de Transtoyou, donde m\u00e9dicos licenciados eval\u00faan tus necesidades, garantizando recetas cl\u00ednicas adecuadas y apoyo experto en salud.\" \/>\n<meta property=\"og:url\" content=\"https:\/\/www.transtoyou.com\/es\/proceso-de-receta\/\" \/>\n<meta property=\"og:site_name\" content=\"Transtoyou - ES\" \/>\n<meta property=\"article:modified_time\" content=\"2026-01-26T08:20:54+00:00\" \/>\n<meta name=\"twitter:card\" content=\"summary_large_image\" \/>\n<script type=\"application\/ld+json\" class=\"yoast-schema-graph\">{\"@context\":\"https:\/\/schema.org\",\"@graph\":[{\"@type\":\"WebPage\",\"@id\":\"https:\/\/www.transtoyou.com\/es\/proceso-de-receta\/\",\"url\":\"https:\/\/www.transtoyou.com\/es\/proceso-de-receta\/\",\"name\":\"Proceso de Receta Explicado - Transtoyou\",\"isPartOf\":{\"@id\":\"https:\/\/www.transtoyou.com\/es\/#website\"},\"datePublished\":\"2026-01-19T13:28:19+00:00\",\"dateModified\":\"2026-01-26T08:20:54+00:00\",\"description\":\"Explora el Proceso de Recetas de Transtoyou, donde m\u00e9dicos licenciados eval\u00faan tus necesidades, garantizando recetas cl\u00ednicas adecuadas y apoyo experto en salud.\",\"breadcrumb\":{\"@id\":\"https:\/\/www.transtoyou.com\/es\/proceso-de-receta\/#breadcrumb\"},\"inLanguage\":\"es\",\"potentialAction\":[{\"@type\":\"ReadAction\",\"target\":[\"https:\/\/www.transtoyou.com\/es\/proceso-de-receta\/\"]}]},{\"@type\":\"WebSite\",\"@id\":\"https:\/\/www.transtoyou.com\/es\/#website\",\"url\":\"https:\/\/www.transtoyou.com\/es\/\",\"name\":\"Transtoyou - ES\",\"description\":\"\",\"publisher\":{\"@id\":\"https:\/\/www.transtoyou.com\/es\/#organization\"},\"potentialAction\":[{\"@type\":\"SearchAction\",\"target\":{\"@type\":\"EntryPoint\",\"urlTemplate\":\"https:\/\/www.transtoyou.com\/es\/?s={search_term_string}\"},\"query-input\":{\"@type\":\"PropertyValueSpecification\",\"valueRequired\":true,\"valueName\":\"search_term_string\"}}],\"inLanguage\":\"es\"},{\"@type\":\"Organization\",\"@id\":\"https:\/\/www.transtoyou.com\/es\/#organization\",\"name\":\"Transtoyou - ES\",\"url\":\"https:\/\/www.transtoyou.com\/es\/\",\"logo\":{\"@type\":\"ImageObject\",\"inLanguage\":\"es\",\"@id\":\"https:\/\/www.transtoyou.com\/es\/#\/schema\/logo\/image\/\",\"url\":\"https:\/\/www.transtoyou.com\/es\/wp-content\/uploads\/sites\/14\/2026\/01\/logo-tty-menu-bar-300x87-1.webp\",\"contentUrl\":\"https:\/\/www.transtoyou.com\/es\/wp-content\/uploads\/sites\/14\/2026\/01\/logo-tty-menu-bar-300x87-1.webp\",\"width\":300,\"height\":87,\"caption\":\"Transtoyou - ES\"},\"image\":{\"@id\":\"https:\/\/www.transtoyou.com\/es\/#\/schema\/logo\/image\/\"}}]}<\/script>\n<!-- \/ Yoast SEO plugin. -->","yoast_head_json":{"title":"Proceso de Receta Explicado - Transtoyou","description":"Explora el Proceso de Recetas de Transtoyou, donde m\u00e9dicos licenciados eval\u00faan tus necesidades, garantizando recetas cl\u00ednicas adecuadas y apoyo experto en salud.","robots":{"index":"noindex","follow":"follow","max-snippet":"max-snippet:-1","max-image-preview":"max-image-preview:large","max-video-preview":"max-video-preview:-1"},"og_locale":"es_ES","og_type":"article","og_title":"Proceso de Receta Explicado - Transtoyou","og_description":"Explora el Proceso de Recetas de Transtoyou, donde m\u00e9dicos licenciados eval\u00faan tus necesidades, garantizando recetas cl\u00ednicas adecuadas y apoyo experto en salud.","og_url":"https:\/\/www.transtoyou.com\/es\/proceso-de-receta\/","og_site_name":"Transtoyou - ES","article_modified_time":"2026-01-26T08:20:54+00:00","twitter_card":"summary_large_image","schema":{"@context":"https:\/\/schema.org","@graph":[{"@type":"WebPage","@id":"https:\/\/www.transtoyou.com\/es\/proceso-de-receta\/","url":"https:\/\/www.transtoyou.com\/es\/proceso-de-receta\/","name":"Proceso de Receta Explicado - Transtoyou","isPartOf":{"@id":"https:\/\/www.transtoyou.com\/es\/#website"},"datePublished":"2026-01-19T13:28:19+00:00","dateModified":"2026-01-26T08:20:54+00:00","description":"Explora el Proceso de Recetas de Transtoyou, donde m\u00e9dicos licenciados eval\u00faan tus necesidades, garantizando recetas cl\u00ednicas adecuadas y apoyo experto en salud.","breadcrumb":{"@id":"https:\/\/www.transtoyou.com\/es\/proceso-de-receta\/#breadcrumb"},"inLanguage":"es","potentialAction":[{"@type":"ReadAction","target":["https:\/\/www.transtoyou.com\/es\/proceso-de-receta\/"]}]},{"@type":"WebSite","@id":"https:\/\/www.transtoyou.com\/es\/#website","url":"https:\/\/www.transtoyou.com\/es\/","name":"Transtoyou - ES","description":"","publisher":{"@id":"https:\/\/www.transtoyou.com\/es\/#organization"},"potentialAction":[{"@type":"SearchAction","target":{"@type":"EntryPoint","urlTemplate":"https:\/\/www.transtoyou.com\/es\/?s={search_term_string}"},"query-input":{"@type":"PropertyValueSpecification","valueRequired":true,"valueName":"search_term_string"}}],"inLanguage":"es"},{"@type":"Organization","@id":"https:\/\/www.transtoyou.com\/es\/#organization","name":"Transtoyou - ES","url":"https:\/\/www.transtoyou.com\/es\/","logo":{"@type":"ImageObject","inLanguage":"es","@id":"https:\/\/www.transtoyou.com\/es\/#\/schema\/logo\/image\/","url":"https:\/\/www.transtoyou.com\/es\/wp-content\/uploads\/sites\/14\/2026\/01\/logo-tty-menu-bar-300x87-1.webp","contentUrl":"https:\/\/www.transtoyou.com\/es\/wp-content\/uploads\/sites\/14\/2026\/01\/logo-tty-menu-bar-300x87-1.webp","width":300,"height":87,"caption":"Transtoyou - ES"},"image":{"@id":"https:\/\/www.transtoyou.com\/es\/#\/schema\/logo\/image\/"}}]}},"_links":{"self":[{"href":"https:\/\/www.transtoyou.com\/es\/wp-json\/wp\/v2\/pages\/161","targetHints":{"allow":["GET"]}}],"collection":[{"href":"https:\/\/www.transtoyou.com\/es\/wp-json\/wp\/v2\/pages"}],"about":[{"href":"https:\/\/www.transtoyou.com\/es\/wp-json\/wp\/v2\/types\/page"}],"author":[{"embeddable":true,"href":"https:\/\/www.transtoyou.com\/es\/wp-json\/wp\/v2\/users\/13"}],"replies":[{"embeddable":true,"href":"https:\/\/www.transtoyou.com\/es\/wp-json\/wp\/v2\/comments?post=161"}],"version-history":[{"count":1,"href":"https:\/\/www.transtoyou.com\/es\/wp-json\/wp\/v2\/pages\/161\/revisions"}],"predecessor-version":[{"id":162,"href":"https:\/\/www.transtoyou.com\/es\/wp-json\/wp\/v2\/pages\/161\/revisions\/162"}],"wp:attachment":[{"href":"https:\/\/www.transtoyou.com\/es\/wp-json\/wp\/v2\/media?parent=161"}],"curies":[{"name":"wp","href":"https:\/\/api.w.org\/{rel}","templated":true}]}}