{"id":199,"date":"2026-01-19T13:52:05","date_gmt":"2026-01-19T13:52:05","guid":{"rendered":"https:\/\/www.transtoyou.com\/es\/?page_id=199"},"modified":"2026-01-26T07:42:35","modified_gmt":"2026-01-26T07:42:35","slug":"solicitudes-gdpr","status":"publish","type":"page","link":"https:\/\/www.transtoyou.com\/es\/solicitudes-gdpr\/","title":{"rendered":"Derechos y Solicitudes del GDPR"},"content":{"rendered":"","protected":false},"excerpt":{"rendered":"","protected":false},"author":13,"featured_media":0,"parent":0,"menu_order":0,"comment_status":"closed","ping_status":"closed","template":"","meta":{"footnotes":""},"class_list":["post-199","page","type-page","status-publish","hentry"],"yoast_head":"<!-- This site is optimized with the Yoast SEO plugin v27.0 - https:\/\/yoast.com\/product\/yoast-seo-wordpress\/ -->\n<title>Comprende tus derechos y beneficios del GDPR - Transtoyou<\/title>\n<meta name=\"description\" content=\"Descubre tus derechos GDPR y c\u00f3mo gestionar solicitudes de datos en Transtoyou. Inf\u00f3rmate sobre la protecci\u00f3n de datos y el cumplimiento de la privacidad en el Reino Unido y la UE.\" \/>\n<meta name=\"robots\" content=\"noindex, follow, max-snippet:-1, max-image-preview:large, max-video-preview:-1\" \/>\n<meta property=\"og:locale\" content=\"es_ES\" \/>\n<meta property=\"og:type\" content=\"article\" \/>\n<meta property=\"og:title\" content=\"Comprende tus derechos y beneficios del GDPR - Transtoyou\" \/>\n<meta property=\"og:description\" content=\"Descubre tus derechos GDPR y c\u00f3mo gestionar solicitudes de datos en Transtoyou. Inf\u00f3rmate sobre la protecci\u00f3n de datos y el cumplimiento de la privacidad en el Reino Unido y la UE.\" \/>\n<meta property=\"og:url\" content=\"https:\/\/www.transtoyou.com\/es\/solicitudes-gdpr\/\" \/>\n<meta property=\"og:site_name\" content=\"Transtoyou - ES\" \/>\n<meta property=\"article:modified_time\" content=\"2026-01-26T07:42:35+00:00\" \/>\n<meta name=\"twitter:card\" content=\"summary_large_image\" \/>\n<script type=\"application\/ld+json\" class=\"yoast-schema-graph\">{\"@context\":\"https:\/\/schema.org\",\"@graph\":[{\"@type\":\"WebPage\",\"@id\":\"https:\/\/www.transtoyou.com\/es\/solicitudes-gdpr\/\",\"url\":\"https:\/\/www.transtoyou.com\/es\/solicitudes-gdpr\/\",\"name\":\"Comprende tus derechos y beneficios del GDPR - Transtoyou\",\"isPartOf\":{\"@id\":\"https:\/\/www.transtoyou.com\/es\/#website\"},\"datePublished\":\"2026-01-19T13:52:05+00:00\",\"dateModified\":\"2026-01-26T07:42:35+00:00\",\"description\":\"Descubre tus derechos GDPR y c\u00f3mo gestionar solicitudes de datos en Transtoyou. Inf\u00f3rmate sobre la protecci\u00f3n de datos y el cumplimiento de la privacidad en el Reino Unido y la UE.\",\"breadcrumb\":{\"@id\":\"https:\/\/www.transtoyou.com\/es\/solicitudes-gdpr\/#breadcrumb\"},\"inLanguage\":\"es\",\"potentialAction\":[{\"@type\":\"ReadAction\",\"target\":[\"https:\/\/www.transtoyou.com\/es\/solicitudes-gdpr\/\"]}]},{\"@type\":\"WebSite\",\"@id\":\"https:\/\/www.transtoyou.com\/es\/#website\",\"url\":\"https:\/\/www.transtoyou.com\/es\/\",\"name\":\"Transtoyou - ES\",\"description\":\"\",\"publisher\":{\"@id\":\"https:\/\/www.transtoyou.com\/es\/#organization\"},\"potentialAction\":[{\"@type\":\"SearchAction\",\"target\":{\"@type\":\"EntryPoint\",\"urlTemplate\":\"https:\/\/www.transtoyou.com\/es\/?s={search_term_string}\"},\"query-input\":{\"@type\":\"PropertyValueSpecification\",\"valueRequired\":true,\"valueName\":\"search_term_string\"}}],\"inLanguage\":\"es\"},{\"@type\":\"Organization\",\"@id\":\"https:\/\/www.transtoyou.com\/es\/#organization\",\"name\":\"Transtoyou - ES\",\"url\":\"https:\/\/www.transtoyou.com\/es\/\",\"logo\":{\"@type\":\"ImageObject\",\"inLanguage\":\"es\",\"@id\":\"https:\/\/www.transtoyou.com\/es\/#\/schema\/logo\/image\/\",\"url\":\"https:\/\/www.transtoyou.com\/es\/wp-content\/uploads\/sites\/14\/2026\/01\/logo-tty-menu-bar-300x87-1.webp\",\"contentUrl\":\"https:\/\/www.transtoyou.com\/es\/wp-content\/uploads\/sites\/14\/2026\/01\/logo-tty-menu-bar-300x87-1.webp\",\"width\":300,\"height\":87,\"caption\":\"Transtoyou - ES\"},\"image\":{\"@id\":\"https:\/\/www.transtoyou.com\/es\/#\/schema\/logo\/image\/\"}}]}<\/script>\n<!-- \/ Yoast SEO plugin. -->","yoast_head_json":{"title":"Comprende tus derechos y beneficios del GDPR - Transtoyou","description":"Descubre tus derechos GDPR y c\u00f3mo gestionar solicitudes de datos en Transtoyou. Inf\u00f3rmate sobre la protecci\u00f3n de datos y el cumplimiento de la privacidad en el Reino Unido y la UE.","robots":{"index":"noindex","follow":"follow","max-snippet":"max-snippet:-1","max-image-preview":"max-image-preview:large","max-video-preview":"max-video-preview:-1"},"og_locale":"es_ES","og_type":"article","og_title":"Comprende tus derechos y beneficios del GDPR - Transtoyou","og_description":"Descubre tus derechos GDPR y c\u00f3mo gestionar solicitudes de datos en Transtoyou. Inf\u00f3rmate sobre la protecci\u00f3n de datos y el cumplimiento de la privacidad en el Reino Unido y la UE.","og_url":"https:\/\/www.transtoyou.com\/es\/solicitudes-gdpr\/","og_site_name":"Transtoyou - ES","article_modified_time":"2026-01-26T07:42:35+00:00","twitter_card":"summary_large_image","schema":{"@context":"https:\/\/schema.org","@graph":[{"@type":"WebPage","@id":"https:\/\/www.transtoyou.com\/es\/solicitudes-gdpr\/","url":"https:\/\/www.transtoyou.com\/es\/solicitudes-gdpr\/","name":"Comprende tus derechos y beneficios del GDPR - Transtoyou","isPartOf":{"@id":"https:\/\/www.transtoyou.com\/es\/#website"},"datePublished":"2026-01-19T13:52:05+00:00","dateModified":"2026-01-26T07:42:35+00:00","description":"Descubre tus derechos GDPR y c\u00f3mo gestionar solicitudes de datos en Transtoyou. Inf\u00f3rmate sobre la protecci\u00f3n de datos y el cumplimiento de la privacidad en el Reino Unido y la UE.","breadcrumb":{"@id":"https:\/\/www.transtoyou.com\/es\/solicitudes-gdpr\/#breadcrumb"},"inLanguage":"es","potentialAction":[{"@type":"ReadAction","target":["https:\/\/www.transtoyou.com\/es\/solicitudes-gdpr\/"]}]},{"@type":"WebSite","@id":"https:\/\/www.transtoyou.com\/es\/#website","url":"https:\/\/www.transtoyou.com\/es\/","name":"Transtoyou - ES","description":"","publisher":{"@id":"https:\/\/www.transtoyou.com\/es\/#organization"},"potentialAction":[{"@type":"SearchAction","target":{"@type":"EntryPoint","urlTemplate":"https:\/\/www.transtoyou.com\/es\/?s={search_term_string}"},"query-input":{"@type":"PropertyValueSpecification","valueRequired":true,"valueName":"search_term_string"}}],"inLanguage":"es"},{"@type":"Organization","@id":"https:\/\/www.transtoyou.com\/es\/#organization","name":"Transtoyou - ES","url":"https:\/\/www.transtoyou.com\/es\/","logo":{"@type":"ImageObject","inLanguage":"es","@id":"https:\/\/www.transtoyou.com\/es\/#\/schema\/logo\/image\/","url":"https:\/\/www.transtoyou.com\/es\/wp-content\/uploads\/sites\/14\/2026\/01\/logo-tty-menu-bar-300x87-1.webp","contentUrl":"https:\/\/www.transtoyou.com\/es\/wp-content\/uploads\/sites\/14\/2026\/01\/logo-tty-menu-bar-300x87-1.webp","width":300,"height":87,"caption":"Transtoyou - ES"},"image":{"@id":"https:\/\/www.transtoyou.com\/es\/#\/schema\/logo\/image\/"}}]}},"_links":{"self":[{"href":"https:\/\/www.transtoyou.com\/es\/wp-json\/wp\/v2\/pages\/199","targetHints":{"allow":["GET"]}}],"collection":[{"href":"https:\/\/www.transtoyou.com\/es\/wp-json\/wp\/v2\/pages"}],"about":[{"href":"https:\/\/www.transtoyou.com\/es\/wp-json\/wp\/v2\/types\/page"}],"author":[{"embeddable":true,"href":"https:\/\/www.transtoyou.com\/es\/wp-json\/wp\/v2\/users\/13"}],"replies":[{"embeddable":true,"href":"https:\/\/www.transtoyou.com\/es\/wp-json\/wp\/v2\/comments?post=199"}],"version-history":[{"count":1,"href":"https:\/\/www.transtoyou.com\/es\/wp-json\/wp\/v2\/pages\/199\/revisions"}],"predecessor-version":[{"id":200,"href":"https:\/\/www.transtoyou.com\/es\/wp-json\/wp\/v2\/pages\/199\/revisions\/200"}],"wp:attachment":[{"href":"https:\/\/www.transtoyou.com\/es\/wp-json\/wp\/v2\/media?parent=199"}],"curies":[{"name":"wp","href":"https:\/\/api.w.org\/{rel}","templated":true}]}}