{"id":1002,"date":"2026-01-26T01:30:19","date_gmt":"2026-01-26T01:30:19","guid":{"rendered":"https:\/\/www.transtoyou.com\/es\/product\/arcoxia-etoricoxib\/"},"modified":"2026-01-26T01:31:17","modified_gmt":"2026-01-26T01:31:17","slug":"arcoxia-etoricoxib","status":"publish","type":"product","link":"https:\/\/www.transtoyou.com\/es\/product\/arcoxia-etoricoxib\/","title":{"rendered":"Arcoxia (etoricoxib)"},"content":{"rendered":"<p>Arcoxia, que contiene el ingrediente activo etoricoxib, es un medicamento de prescripci\u00f3n que pertenece a la clase de f\u00e1rmacos conocidos como inhibidores selectivos de COX-2, un tipo de medicamento antiinflamatorio no esteroideo (AINE). Funciona bloqueando selectivamente la enzima ciclooxigenasa-2 (COX-2), que juega un papel crucial en la producci\u00f3n de prostaglandinas. Estas sustancias qu\u00edmicas son responsables del dolor, la inflamaci\u00f3n y la hinchaz\u00f3n.<\/p>\n<p>Arcoxia se utiliza com\u00fanmente para manejar varios tipos de dolor e inflamaci\u00f3n asociados con condiciones como la osteoartritis, la artritis reumatoide, la espondilitis anquilosante, la artritis gotosa aguda y el dolor lumbar cr\u00f3nico. Tambi\u00e9n puede usarse para el manejo a corto plazo del dolor moderado, como el que se presenta despu\u00e9s de una cirug\u00eda dental.<\/p>\n<p>Al inhibir COX-2 sin afectar significativamente a COX-1, Arcoxia ayuda a aliviar el dolor y la inflamaci\u00f3n mientras minimiza los efectos secundarios gastrointestinales que a menudo se observan con los AINE tradicionales. Sin embargo, los riesgos cardiovasculares pueden aumentar con el uso a largo plazo, particularmente a dosis m\u00e1s altas.<\/p>\n<p>Arcoxia es conocida por su acci\u00f3n dirigida, que proporciona un alivio efectivo del dolor con un menor riesgo de malestar gastrointestinal. Su dosificaci\u00f3n una vez al d\u00eda ofrece comodidad para condiciones cr\u00f3nicas.<\/p>\n","protected":false},"excerpt":{"rendered":"<ul>\n<li>AINES selectivo COX-2 para un control efectivo de la inflamaci\u00f3n<\/li>\n<li>Dosis una vez al d\u00eda para mayor comodidad<\/li>\n<li>Menor riesgo de irritaci\u00f3n estomacal en comparaci\u00f3n con los AINES tradicionales<\/li>\n<\/ul>\n","protected":false},"featured_media":1003,"comment_status":"open","ping_status":"closed","template":"","meta":[],"product_brand":[],"product_cat":[61],"product_tag":[],"expert":[19],"class_list":{"0":"post-1002","1":"product","2":"type-product","3":"status-publish","4":"has-post-thumbnail","6":"product_cat-dolor-de-espalda-musculos-y-articulaciones","7":"expert-dr-j-vazquez","9":"first","10":"instock","11":"shipping-taxable","12":"product-type-variable"},"yoast_head":"<!-- This site is optimized with the Yoast SEO plugin v27.0 - https:\/\/yoast.com\/product\/yoast-seo-wordpress\/ -->\n<title>Arcoxia (etoricoxib) | Alivio Espec\u00edfico para el Dolor y la Inflamaci\u00f3n - Transtoyou - ES<\/title>\n<meta name=\"description\" content=\"Arcoxia ayuda con la artritis, el dolor de espalda y la inflamaci\u00f3n articular. Obt\u00e9n tu receta en l\u00ednea. Seguro, r\u00e1pido y entregado discretamente a tu puerta.\" \/>\n<meta name=\"robots\" content=\"noindex, follow, max-snippet:-1, max-image-preview:large, max-video-preview:-1\" \/>\n<meta property=\"og:locale\" content=\"es_ES\" \/>\n<meta property=\"og:type\" content=\"article\" \/>\n<meta property=\"og:title\" content=\"Arcoxia (etoricoxib) | Alivio Espec\u00edfico para el Dolor y la Inflamaci\u00f3n - Transtoyou - ES\" \/>\n<meta property=\"og:description\" content=\"Arcoxia ayuda con la artritis, el dolor de espalda y la inflamaci\u00f3n articular. Obt\u00e9n tu receta en l\u00ednea. Seguro, r\u00e1pido y entregado discretamente a tu puerta.\" \/>\n<meta property=\"og:url\" content=\"https:\/\/www.transtoyou.com\/es\/product\/arcoxia-etoricoxib\/\" \/>\n<meta property=\"og:site_name\" content=\"Transtoyou - ES\" \/>\n<meta property=\"article:modified_time\" content=\"2026-01-26T01:31:17+00:00\" \/>\n<meta name=\"twitter:card\" content=\"summary_large_image\" \/>\n<meta name=\"twitter:label1\" content=\"Tiempo de lectura\" \/>\n\t<meta name=\"twitter:data1\" content=\"1 minuto\" \/>\n<script type=\"application\/ld+json\" class=\"yoast-schema-graph\">{\"@context\":\"https:\/\/schema.org\",\"@graph\":[{\"@type\":\"WebPage\",\"@id\":\"https:\/\/www.transtoyou.com\/es\/product\/arcoxia-etoricoxib\/\",\"url\":\"https:\/\/www.transtoyou.com\/es\/product\/arcoxia-etoricoxib\/\",\"name\":\"Arcoxia (etoricoxib) | Alivio Espec\u00edfico para el Dolor y la Inflamaci\u00f3n - Transtoyou - ES\",\"isPartOf\":{\"@id\":\"https:\/\/www.transtoyou.com\/es\/#website\"},\"primaryImageOfPage\":{\"@id\":\"https:\/\/www.transtoyou.com\/es\/product\/arcoxia-etoricoxib\/#primaryimage\"},\"image\":{\"@id\":\"https:\/\/www.transtoyou.com\/es\/product\/arcoxia-etoricoxib\/#primaryimage\"},\"thumbnailUrl\":\"https:\/\/www.transtoyou.com\/es\/wp-content\/uploads\/sites\/14\/2026\/01\/tty-no-product-image-177.webp\",\"datePublished\":\"2026-01-26T01:30:19+00:00\",\"dateModified\":\"2026-01-26T01:31:17+00:00\",\"description\":\"Arcoxia ayuda con la artritis, el dolor de espalda y la inflamaci\u00f3n articular. Obt\u00e9n tu receta en l\u00ednea. Seguro, r\u00e1pido y entregado discretamente a tu puerta.\",\"breadcrumb\":{\"@id\":\"https:\/\/www.transtoyou.com\/es\/product\/arcoxia-etoricoxib\/#breadcrumb\"},\"inLanguage\":\"es\",\"potentialAction\":[{\"@type\":\"ReadAction\",\"target\":[\"https:\/\/www.transtoyou.com\/es\/product\/arcoxia-etoricoxib\/\"]}]},{\"@type\":\"ImageObject\",\"inLanguage\":\"es\",\"@id\":\"https:\/\/www.transtoyou.com\/es\/product\/arcoxia-etoricoxib\/#primaryimage\",\"url\":\"https:\/\/www.transtoyou.com\/es\/wp-content\/uploads\/sites\/14\/2026\/01\/tty-no-product-image-177.webp\",\"contentUrl\":\"https:\/\/www.transtoyou.com\/es\/wp-content\/uploads\/sites\/14\/2026\/01\/tty-no-product-image-177.webp\",\"width\":1000,\"height\":1000,\"caption\":\"Imagen de producto predeterminada\"},{\"@type\":\"WebSite\",\"@id\":\"https:\/\/www.transtoyou.com\/es\/#website\",\"url\":\"https:\/\/www.transtoyou.com\/es\/\",\"name\":\"Transtoyou - ES\",\"description\":\"\",\"publisher\":{\"@id\":\"https:\/\/www.transtoyou.com\/es\/#organization\"},\"potentialAction\":[{\"@type\":\"SearchAction\",\"target\":{\"@type\":\"EntryPoint\",\"urlTemplate\":\"https:\/\/www.transtoyou.com\/es\/?s={search_term_string}\"},\"query-input\":{\"@type\":\"PropertyValueSpecification\",\"valueRequired\":true,\"valueName\":\"search_term_string\"}}],\"inLanguage\":\"es\"},{\"@type\":\"Organization\",\"@id\":\"https:\/\/www.transtoyou.com\/es\/#organization\",\"name\":\"Transtoyou - ES\",\"url\":\"https:\/\/www.transtoyou.com\/es\/\",\"logo\":{\"@type\":\"ImageObject\",\"inLanguage\":\"es\",\"@id\":\"https:\/\/www.transtoyou.com\/es\/#\/schema\/logo\/image\/\",\"url\":\"https:\/\/www.transtoyou.com\/es\/wp-content\/uploads\/sites\/14\/2026\/01\/logo-tty-menu-bar-300x87-1.webp\",\"contentUrl\":\"https:\/\/www.transtoyou.com\/es\/wp-content\/uploads\/sites\/14\/2026\/01\/logo-tty-menu-bar-300x87-1.webp\",\"width\":300,\"height\":87,\"caption\":\"Transtoyou - ES\"},\"image\":{\"@id\":\"https:\/\/www.transtoyou.com\/es\/#\/schema\/logo\/image\/\"}}]}<\/script>\n<!-- \/ Yoast SEO plugin. -->","yoast_head_json":{"title":"Arcoxia (etoricoxib) | Alivio Espec\u00edfico para el Dolor y la Inflamaci\u00f3n - Transtoyou - ES","description":"Arcoxia ayuda con la artritis, el dolor de espalda y la inflamaci\u00f3n articular. Obt\u00e9n tu receta en l\u00ednea. Seguro, r\u00e1pido y entregado discretamente a tu puerta.","robots":{"index":"noindex","follow":"follow","max-snippet":"max-snippet:-1","max-image-preview":"max-image-preview:large","max-video-preview":"max-video-preview:-1"},"og_locale":"es_ES","og_type":"article","og_title":"Arcoxia (etoricoxib) | Alivio Espec\u00edfico para el Dolor y la Inflamaci\u00f3n - Transtoyou - ES","og_description":"Arcoxia ayuda con la artritis, el dolor de espalda y la inflamaci\u00f3n articular. Obt\u00e9n tu receta en l\u00ednea. Seguro, r\u00e1pido y entregado discretamente a tu puerta.","og_url":"https:\/\/www.transtoyou.com\/es\/product\/arcoxia-etoricoxib\/","og_site_name":"Transtoyou - ES","article_modified_time":"2026-01-26T01:31:17+00:00","twitter_card":"summary_large_image","twitter_misc":{"Tiempo de lectura":"1 minuto"},"schema":{"@context":"https:\/\/schema.org","@graph":[{"@type":"WebPage","@id":"https:\/\/www.transtoyou.com\/es\/product\/arcoxia-etoricoxib\/","url":"https:\/\/www.transtoyou.com\/es\/product\/arcoxia-etoricoxib\/","name":"Arcoxia (etoricoxib) | Alivio Espec\u00edfico para el Dolor y la Inflamaci\u00f3n - Transtoyou - ES","isPartOf":{"@id":"https:\/\/www.transtoyou.com\/es\/#website"},"primaryImageOfPage":{"@id":"https:\/\/www.transtoyou.com\/es\/product\/arcoxia-etoricoxib\/#primaryimage"},"image":{"@id":"https:\/\/www.transtoyou.com\/es\/product\/arcoxia-etoricoxib\/#primaryimage"},"thumbnailUrl":"https:\/\/www.transtoyou.com\/es\/wp-content\/uploads\/sites\/14\/2026\/01\/tty-no-product-image-177.webp","datePublished":"2026-01-26T01:30:19+00:00","dateModified":"2026-01-26T01:31:17+00:00","description":"Arcoxia ayuda con la artritis, el dolor de espalda y la inflamaci\u00f3n articular. Obt\u00e9n tu receta en l\u00ednea. Seguro, r\u00e1pido y entregado discretamente a tu puerta.","breadcrumb":{"@id":"https:\/\/www.transtoyou.com\/es\/product\/arcoxia-etoricoxib\/#breadcrumb"},"inLanguage":"es","potentialAction":[{"@type":"ReadAction","target":["https:\/\/www.transtoyou.com\/es\/product\/arcoxia-etoricoxib\/"]}]},{"@type":"ImageObject","inLanguage":"es","@id":"https:\/\/www.transtoyou.com\/es\/product\/arcoxia-etoricoxib\/#primaryimage","url":"https:\/\/www.transtoyou.com\/es\/wp-content\/uploads\/sites\/14\/2026\/01\/tty-no-product-image-177.webp","contentUrl":"https:\/\/www.transtoyou.com\/es\/wp-content\/uploads\/sites\/14\/2026\/01\/tty-no-product-image-177.webp","width":1000,"height":1000,"caption":"Imagen de producto predeterminada"},{"@type":"WebSite","@id":"https:\/\/www.transtoyou.com\/es\/#website","url":"https:\/\/www.transtoyou.com\/es\/","name":"Transtoyou - ES","description":"","publisher":{"@id":"https:\/\/www.transtoyou.com\/es\/#organization"},"potentialAction":[{"@type":"SearchAction","target":{"@type":"EntryPoint","urlTemplate":"https:\/\/www.transtoyou.com\/es\/?s={search_term_string}"},"query-input":{"@type":"PropertyValueSpecification","valueRequired":true,"valueName":"search_term_string"}}],"inLanguage":"es"},{"@type":"Organization","@id":"https:\/\/www.transtoyou.com\/es\/#organization","name":"Transtoyou - ES","url":"https:\/\/www.transtoyou.com\/es\/","logo":{"@type":"ImageObject","inLanguage":"es","@id":"https:\/\/www.transtoyou.com\/es\/#\/schema\/logo\/image\/","url":"https:\/\/www.transtoyou.com\/es\/wp-content\/uploads\/sites\/14\/2026\/01\/logo-tty-menu-bar-300x87-1.webp","contentUrl":"https:\/\/www.transtoyou.com\/es\/wp-content\/uploads\/sites\/14\/2026\/01\/logo-tty-menu-bar-300x87-1.webp","width":300,"height":87,"caption":"Transtoyou - ES"},"image":{"@id":"https:\/\/www.transtoyou.com\/es\/#\/schema\/logo\/image\/"}}]}},"_links":{"self":[{"href":"https:\/\/www.transtoyou.com\/es\/wp-json\/wp\/v2\/product\/1002","targetHints":{"allow":["GET"]}}],"collection":[{"href":"https:\/\/www.transtoyou.com\/es\/wp-json\/wp\/v2\/product"}],"about":[{"href":"https:\/\/www.transtoyou.com\/es\/wp-json\/wp\/v2\/types\/product"}],"replies":[{"embeddable":true,"href":"https:\/\/www.transtoyou.com\/es\/wp-json\/wp\/v2\/comments?post=1002"}],"wp:featuredmedia":[{"embeddable":true,"href":"https:\/\/www.transtoyou.com\/es\/wp-json\/wp\/v2\/media\/1003"}],"wp:attachment":[{"href":"https:\/\/www.transtoyou.com\/es\/wp-json\/wp\/v2\/media?parent=1002"}],"wp:term":[{"taxonomy":"product_brand","embeddable":true,"href":"https:\/\/www.transtoyou.com\/es\/wp-json\/wp\/v2\/product_brand?post=1002"},{"taxonomy":"product_cat","embeddable":true,"href":"https:\/\/www.transtoyou.com\/es\/wp-json\/wp\/v2\/product_cat?post=1002"},{"taxonomy":"product_tag","embeddable":true,"href":"https:\/\/www.transtoyou.com\/es\/wp-json\/wp\/v2\/product_tag?post=1002"},{"taxonomy":"expert","embeddable":true,"href":"https:\/\/www.transtoyou.com\/es\/wp-json\/wp\/v2\/expert?post=1002"}],"curies":[{"name":"wp","href":"https:\/\/api.w.org\/{rel}","templated":true}]}}