{"id":1022,"date":"2026-01-26T03:48:57","date_gmt":"2026-01-26T03:48:57","guid":{"rendered":"https:\/\/www.transtoyou.com\/es\/product\/paracetamol-codeine\/"},"modified":"2026-03-01T10:26:20","modified_gmt":"2026-03-01T10:26:20","slug":"paracetamol-codeina","status":"publish","type":"product","link":"https:\/\/www.transtoyou.com\/es\/product\/paracetamol-codeina\/","title":{"rendered":"Paracetamol\/Code\u00edna"},"content":{"rendered":"<p>El dolor es un compa\u00f1ero no deseado en la vida diaria, interrumpiendo todo, desde el trabajo hasta los placeres simples. Paracetamol\/Code\u00edna est\u00e1 dise\u00f1ado para proporcionar alivio cuando los analg\u00e9sicos est\u00e1ndar como el ibuprofeno o el paracetamol solo no son suficientes. Este medicamento de doble acci\u00f3n combina paracetamol, un analg\u00e9sico y antipir\u00e9tico de uso com\u00fan, con code\u00edna, un opioide leve que altera la percepci\u00f3n del dolor en el cerebro. Juntos, ofrecen una respuesta m\u00e1s potente al dolor moderado a severo.<\/p>\n<p>El paracetamol act\u00faa reduciendo la producci\u00f3n de prostaglandinas, sustancias qu\u00edmicas en el cuerpo responsables del dolor y la inflamaci\u00f3n. Mientras tanto, la code\u00edna se une a los receptores opioides en el cerebro, modificando c\u00f3mo se procesan las se\u00f1ales de dolor y mejorando el alivio del dolor. Esta combinaci\u00f3n es especialmente efectiva para dolores de cabeza, migra\u00f1as, dolor dental, dolor musculoesquel\u00e9tico, dolor postoperatorio y malestar menstrual.<\/p>\n<p>El alivio proporcionado por Paracetamol\/Code\u00edna generalmente comienza dentro de 30 a 60 minutos y dura varias horas, lo que lo convierte en una opci\u00f3n confiable para quienes necesitan un control efectivo del dolor. Sin embargo, es crucial usar este medicamento de manera responsable. El consumo excesivo de paracetamol puede llevar a da\u00f1os en el h\u00edgado, mientras que el uso prolongado de code\u00edna conlleva un riesgo de dependencia. Debe usarse solo seg\u00fan las indicaciones de un profesional de la salud, y se debe evitar el alcohol para prevenir un aumento de la somnolencia y la posible toxicidad hep\u00e1tica.<\/p>\n","protected":false},"excerpt":{"rendered":"<ul>\n<li>F\u00f3rmula de acci\u00f3n dual para un alivio m\u00e1s fuerte<\/li>\n<li>Combinaci\u00f3n de alivio del dolor de acci\u00f3n r\u00e1pida<\/li>\n<li>Ayuda cuando los analg\u00e9sicos regulares fallan<\/li>\n<\/ul>\n","protected":false},"featured_media":1024,"comment_status":"open","ping_status":"closed","template":"","meta":[],"product_brand":[],"product_cat":[50,61,133,109,127,103],"product_tag":[],"expert":[16],"class_list":{"0":"post-1022","1":"product","2":"type-product","3":"status-publish","4":"has-post-thumbnail","6":"product_cat-dolor-abdominal","7":"product_cat-dolor-de-espalda-musculos-y-articulaciones","8":"product_cat-dolor-nervioso","9":"product_cat-dolores-de-cabeza-y-migranas","10":"product_cat-incomodidad-menstrual","11":"product_cat-remedios-para-la-gripe-tos-y-resfriado","12":"expert-dr-c-alexandru","14":"first","15":"instock","16":"shipping-taxable","17":"product-type-variable"},"yoast_head":"<!-- This site is optimized with the Yoast SEO plugin v27.0 - https:\/\/yoast.com\/product\/yoast-seo-wordpress\/ -->\n<title>Compra Paracetamol con Code\u00edna en L\u00ednea | Alivio R\u00e1pido - Transtoyou - ES<\/title>\n<meta name=\"description\" content=\"Pide Paracetamol\/Code\u00edna en l\u00ednea para un alivio r\u00e1pido y efectivo del dolor moderado a severo. \u00a1No dejes que el dolor te detenga!\" \/>\n<meta name=\"robots\" content=\"noindex, follow, max-snippet:-1, max-image-preview:large, max-video-preview:-1\" \/>\n<meta property=\"og:locale\" content=\"es_ES\" \/>\n<meta property=\"og:type\" content=\"article\" \/>\n<meta property=\"og:title\" content=\"Compra Paracetamol con Code\u00edna en L\u00ednea | Alivio R\u00e1pido - Transtoyou - ES\" \/>\n<meta property=\"og:description\" content=\"Pide Paracetamol\/Code\u00edna en l\u00ednea para un alivio r\u00e1pido y efectivo del dolor moderado a severo. \u00a1No dejes que el dolor te detenga!\" \/>\n<meta property=\"og:url\" content=\"https:\/\/www.transtoyou.com\/es\/product\/paracetamol-codeine\/\" \/>\n<meta property=\"og:site_name\" content=\"Transtoyou - ES\" \/>\n<meta property=\"article:modified_time\" content=\"2026-03-01T10:26:20+00:00\" \/>\n<meta name=\"twitter:card\" content=\"summary_large_image\" \/>\n<meta name=\"twitter:label1\" content=\"Tiempo de lectura\" \/>\n\t<meta name=\"twitter:data1\" content=\"1 minuto\" \/>\n<script type=\"application\/ld+json\" class=\"yoast-schema-graph\">{\"@context\":\"https:\/\/schema.org\",\"@graph\":[{\"@type\":\"WebPage\",\"@id\":\"https:\/\/www.transtoyou.com\/es\/product\/paracetamol-codeine\/\",\"url\":\"https:\/\/www.transtoyou.com\/es\/product\/paracetamol-codeine\/\",\"name\":\"Compra Paracetamol con Code\u00edna en L\u00ednea | Alivio R\u00e1pido - Transtoyou - ES\",\"isPartOf\":{\"@id\":\"https:\/\/www.transtoyou.com\/es\/#website\"},\"primaryImageOfPage\":{\"@id\":\"https:\/\/www.transtoyou.com\/es\/product\/paracetamol-codeine\/#primaryimage\"},\"image\":{\"@id\":\"https:\/\/www.transtoyou.com\/es\/product\/paracetamol-codeine\/#primaryimage\"},\"thumbnailUrl\":\"https:\/\/www.transtoyou.com\/es\/wp-content\/uploads\/sites\/14\/2026\/01\/tty-no-product-image-184.webp\",\"datePublished\":\"2026-01-26T03:48:57+00:00\",\"dateModified\":\"2026-03-01T10:26:20+00:00\",\"description\":\"Pide Paracetamol\/Code\u00edna en l\u00ednea para un alivio r\u00e1pido y efectivo del dolor moderado a severo. \u00a1No dejes que el dolor te detenga!\",\"breadcrumb\":{\"@id\":\"https:\/\/www.transtoyou.com\/es\/product\/paracetamol-codeine\/#breadcrumb\"},\"inLanguage\":\"es\",\"potentialAction\":[{\"@type\":\"ReadAction\",\"target\":[\"https:\/\/www.transtoyou.com\/es\/product\/paracetamol-codeine\/\"]}]},{\"@type\":\"ImageObject\",\"inLanguage\":\"es\",\"@id\":\"https:\/\/www.transtoyou.com\/es\/product\/paracetamol-codeine\/#primaryimage\",\"url\":\"https:\/\/www.transtoyou.com\/es\/wp-content\/uploads\/sites\/14\/2026\/01\/tty-no-product-image-184.webp\",\"contentUrl\":\"https:\/\/www.transtoyou.com\/es\/wp-content\/uploads\/sites\/14\/2026\/01\/tty-no-product-image-184.webp\",\"width\":1000,\"height\":1000,\"caption\":\"Imagen de producto predeterminada\"},{\"@type\":\"WebSite\",\"@id\":\"https:\/\/www.transtoyou.com\/es\/#website\",\"url\":\"https:\/\/www.transtoyou.com\/es\/\",\"name\":\"Transtoyou - ES\",\"description\":\"\",\"publisher\":{\"@id\":\"https:\/\/www.transtoyou.com\/es\/#organization\"},\"potentialAction\":[{\"@type\":\"SearchAction\",\"target\":{\"@type\":\"EntryPoint\",\"urlTemplate\":\"https:\/\/www.transtoyou.com\/es\/?s={search_term_string}\"},\"query-input\":{\"@type\":\"PropertyValueSpecification\",\"valueRequired\":true,\"valueName\":\"search_term_string\"}}],\"inLanguage\":\"es\"},{\"@type\":\"Organization\",\"@id\":\"https:\/\/www.transtoyou.com\/es\/#organization\",\"name\":\"Transtoyou - ES\",\"url\":\"https:\/\/www.transtoyou.com\/es\/\",\"logo\":{\"@type\":\"ImageObject\",\"inLanguage\":\"es\",\"@id\":\"https:\/\/www.transtoyou.com\/es\/#\/schema\/logo\/image\/\",\"url\":\"https:\/\/www.transtoyou.com\/es\/wp-content\/uploads\/sites\/14\/2026\/01\/logo-tty-menu-bar-300x87-1.webp\",\"contentUrl\":\"https:\/\/www.transtoyou.com\/es\/wp-content\/uploads\/sites\/14\/2026\/01\/logo-tty-menu-bar-300x87-1.webp\",\"width\":300,\"height\":87,\"caption\":\"Transtoyou - ES\"},\"image\":{\"@id\":\"https:\/\/www.transtoyou.com\/es\/#\/schema\/logo\/image\/\"}}]}<\/script>\n<!-- \/ Yoast SEO plugin. -->","yoast_head_json":{"title":"Compra Paracetamol con Code\u00edna en L\u00ednea | Alivio R\u00e1pido - Transtoyou - ES","description":"Pide Paracetamol\/Code\u00edna en l\u00ednea para un alivio r\u00e1pido y efectivo del dolor moderado a severo. \u00a1No dejes que el dolor te detenga!","robots":{"index":"noindex","follow":"follow","max-snippet":"max-snippet:-1","max-image-preview":"max-image-preview:large","max-video-preview":"max-video-preview:-1"},"og_locale":"es_ES","og_type":"article","og_title":"Compra Paracetamol con Code\u00edna en L\u00ednea | Alivio R\u00e1pido - Transtoyou - ES","og_description":"Pide Paracetamol\/Code\u00edna en l\u00ednea para un alivio r\u00e1pido y efectivo del dolor moderado a severo. \u00a1No dejes que el dolor te detenga!","og_url":"https:\/\/www.transtoyou.com\/es\/product\/paracetamol-codeine\/","og_site_name":"Transtoyou - ES","article_modified_time":"2026-03-01T10:26:20+00:00","twitter_card":"summary_large_image","twitter_misc":{"Tiempo de lectura":"1 minuto"},"schema":{"@context":"https:\/\/schema.org","@graph":[{"@type":"WebPage","@id":"https:\/\/www.transtoyou.com\/es\/product\/paracetamol-codeine\/","url":"https:\/\/www.transtoyou.com\/es\/product\/paracetamol-codeine\/","name":"Compra Paracetamol con Code\u00edna en L\u00ednea | Alivio R\u00e1pido - Transtoyou - ES","isPartOf":{"@id":"https:\/\/www.transtoyou.com\/es\/#website"},"primaryImageOfPage":{"@id":"https:\/\/www.transtoyou.com\/es\/product\/paracetamol-codeine\/#primaryimage"},"image":{"@id":"https:\/\/www.transtoyou.com\/es\/product\/paracetamol-codeine\/#primaryimage"},"thumbnailUrl":"https:\/\/www.transtoyou.com\/es\/wp-content\/uploads\/sites\/14\/2026\/01\/tty-no-product-image-184.webp","datePublished":"2026-01-26T03:48:57+00:00","dateModified":"2026-03-01T10:26:20+00:00","description":"Pide Paracetamol\/Code\u00edna en l\u00ednea para un alivio r\u00e1pido y efectivo del dolor moderado a severo. \u00a1No dejes que el dolor te detenga!","breadcrumb":{"@id":"https:\/\/www.transtoyou.com\/es\/product\/paracetamol-codeine\/#breadcrumb"},"inLanguage":"es","potentialAction":[{"@type":"ReadAction","target":["https:\/\/www.transtoyou.com\/es\/product\/paracetamol-codeine\/"]}]},{"@type":"ImageObject","inLanguage":"es","@id":"https:\/\/www.transtoyou.com\/es\/product\/paracetamol-codeine\/#primaryimage","url":"https:\/\/www.transtoyou.com\/es\/wp-content\/uploads\/sites\/14\/2026\/01\/tty-no-product-image-184.webp","contentUrl":"https:\/\/www.transtoyou.com\/es\/wp-content\/uploads\/sites\/14\/2026\/01\/tty-no-product-image-184.webp","width":1000,"height":1000,"caption":"Imagen de producto predeterminada"},{"@type":"WebSite","@id":"https:\/\/www.transtoyou.com\/es\/#website","url":"https:\/\/www.transtoyou.com\/es\/","name":"Transtoyou - ES","description":"","publisher":{"@id":"https:\/\/www.transtoyou.com\/es\/#organization"},"potentialAction":[{"@type":"SearchAction","target":{"@type":"EntryPoint","urlTemplate":"https:\/\/www.transtoyou.com\/es\/?s={search_term_string}"},"query-input":{"@type":"PropertyValueSpecification","valueRequired":true,"valueName":"search_term_string"}}],"inLanguage":"es"},{"@type":"Organization","@id":"https:\/\/www.transtoyou.com\/es\/#organization","name":"Transtoyou - ES","url":"https:\/\/www.transtoyou.com\/es\/","logo":{"@type":"ImageObject","inLanguage":"es","@id":"https:\/\/www.transtoyou.com\/es\/#\/schema\/logo\/image\/","url":"https:\/\/www.transtoyou.com\/es\/wp-content\/uploads\/sites\/14\/2026\/01\/logo-tty-menu-bar-300x87-1.webp","contentUrl":"https:\/\/www.transtoyou.com\/es\/wp-content\/uploads\/sites\/14\/2026\/01\/logo-tty-menu-bar-300x87-1.webp","width":300,"height":87,"caption":"Transtoyou - ES"},"image":{"@id":"https:\/\/www.transtoyou.com\/es\/#\/schema\/logo\/image\/"}}]}},"_links":{"self":[{"href":"https:\/\/www.transtoyou.com\/es\/wp-json\/wp\/v2\/product\/1022","targetHints":{"allow":["GET"]}}],"collection":[{"href":"https:\/\/www.transtoyou.com\/es\/wp-json\/wp\/v2\/product"}],"about":[{"href":"https:\/\/www.transtoyou.com\/es\/wp-json\/wp\/v2\/types\/product"}],"replies":[{"embeddable":true,"href":"https:\/\/www.transtoyou.com\/es\/wp-json\/wp\/v2\/comments?post=1022"}],"wp:featuredmedia":[{"embeddable":true,"href":"https:\/\/www.transtoyou.com\/es\/wp-json\/wp\/v2\/media\/1024"}],"wp:attachment":[{"href":"https:\/\/www.transtoyou.com\/es\/wp-json\/wp\/v2\/media?parent=1022"}],"wp:term":[{"taxonomy":"product_brand","embeddable":true,"href":"https:\/\/www.transtoyou.com\/es\/wp-json\/wp\/v2\/product_brand?post=1022"},{"taxonomy":"product_cat","embeddable":true,"href":"https:\/\/www.transtoyou.com\/es\/wp-json\/wp\/v2\/product_cat?post=1022"},{"taxonomy":"product_tag","embeddable":true,"href":"https:\/\/www.transtoyou.com\/es\/wp-json\/wp\/v2\/product_tag?post=1022"},{"taxonomy":"expert","embeddable":true,"href":"https:\/\/www.transtoyou.com\/es\/wp-json\/wp\/v2\/expert?post=1022"}],"curies":[{"name":"wp","href":"https:\/\/api.w.org\/{rel}","templated":true}]}}