{"id":1682,"date":"2026-02-28T10:04:05","date_gmt":"2026-02-28T10:04:05","guid":{"rendered":"https:\/\/www.transtoyou.com\/es\/product\/maxim\/"},"modified":"2026-02-28T10:19:13","modified_gmt":"2026-02-28T10:19:13","slug":"maximo","status":"publish","type":"product","link":"https:\/\/www.transtoyou.com\/es\/product\/maximo\/","title":{"rendered":"Maxim"},"content":{"rendered":"<h2>\u00bfQu\u00e9 es Maxim?<\/h2>\n<p>Maxim es una p\u00edldora anticonceptiva oral combinada, a menudo llamada simplemente \u00abla p\u00edldora\u00bb. Contiene dos hormonas femeninas: etinilestradiol, una forma sint\u00e9tica de estr\u00f3geno, y dienogest, un tipo de progest\u00e1geno (una hormona similar a la progesterona).<\/p>\n<p>Maxim se toma diariamente para prevenir el embarazo. Debido a que contiene dos hormonas, se conoce como un <a href=\"\/es\/treatment\/combination-pill\/\">anticonceptivo hormonal combinado<\/a>.<\/p>\n<p>Adem\u00e1s de prevenir el embarazo, Maxim tambi\u00e9n puede ayudar a regular tu ciclo menstrual, reducir el sangrado abundante y <a href=\"\/es\/treatment\/menstrual-discomfort\/\">mejorar el malestar relacionado con la menstruaci\u00f3n<\/a>.<\/p>\n<h2>\u00bfPara qu\u00e9 se utiliza?<\/h2>\n<p>Maxim se utiliza principalmente para la anticoncepci\u00f3n, lo que significa que previene el embarazo.<\/p>\n<p>Funciona cuando se toma correctamente y de manera consistente todos los d\u00edas.<\/p>\n<p>En algunas mujeres, Maxim tambi\u00e9n puede:<\/p>\n<ul>\n<li>Hacer que los per\u00edodos sean m\u00e1s regulares<\/li>\n<li>Reducir el sangrado menstrual abundante<\/li>\n<li>Disminuir los calambres menstruales<\/li>\n<li>Mejorar el acn\u00e9 en ciertos casos<\/li>\n<li>Reducir los s\u00edntomas del s\u00edndrome premenstrual (SPM)<\/li>\n<\/ul>\n<p>Maxim no protege contra <a href=\"\/es\/treatment\/std-testing-treatments\/\">infecciones de transmisi\u00f3n sexual (ITS)<\/a>. Si se necesita protecci\u00f3n contra ITS, se deben usar condones.<\/p>\n<h2>\u00bfC\u00f3mo funciona el producto?<\/h2>\n<p>Maxim previene el embarazo de tres maneras principales:<\/p>\n<p>1. Detiene la ovulaci\u00f3n<\/p>\n<p>La ovulaci\u00f3n es la liberaci\u00f3n de un \u00f3vulo de tu ovario. Sin ovulaci\u00f3n, no puede ocurrir el embarazo.<\/p>\n<p>2. Espesa el moco cervical<\/p>\n<p>La p\u00edldora hace que el moco en la entrada de tu \u00fatero sea m\u00e1s espeso. Esto dificulta la entrada de los espermatozoides.<\/p>\n<p>3. Cambia el revestimiento del \u00fatero<\/p>\n<p>Hace que el revestimiento de tu \u00fatero sea m\u00e1s delgado, lo que reduce la probabilidad de que un \u00f3vulo fertilizado se implante.<\/p>\n<p>Debido a que Maxim contiene tanto estr\u00f3geno como progest\u00e1geno, proporciona una anticoncepci\u00f3n confiable cuando se toma correctamente.<\/p>\n<h2>\u00bfQui\u00e9n no debe usar el producto?<\/h2>\n<p>No debes usar Maxim si:<\/p>\n<ul>\n<li>Tienes o has tenido un co\u00e1gulo sangu\u00edneo (trombosis venosa profunda o embolia pulmonar)<\/li>\n<li>Tienes un trastorno de coagulaci\u00f3n<\/li>\n<li>Has tenido un accidente cerebrovascular o un infarto<\/li>\n<li>Tienes una enfermedad hep\u00e1tica grave<\/li>\n<li>Tienes c\u00e1ncer sensible a hormonas (como el c\u00e1ncer de mama)<\/li>\n<li>Tienes sangrado vaginal inexplicado<\/li>\n<li>Eres al\u00e9rgico a alguno de sus ingredientes<\/li>\n<li>Tienes migra\u00f1a con aura<\/li>\n<li>Tienes hipertensi\u00f3n no controlada<\/li>\n<\/ul>\n<p>Las p\u00edldoras anticonceptivas combinadas aumentan ligeramente el riesgo de co\u00e1gulos sangu\u00edneos. Tu m\u00e9dico evaluar\u00e1 tus factores de riesgo personales antes de prescribir.<\/p>\n<h3>Embarazo y lactancia<\/h3>\n<p>Maxim no debe usarse si est\u00e1s embarazada.<\/p>\n<p>Si crees que puedes estar embarazada, deja de tomar la p\u00edldora y contacta a un m\u00e9dico.<\/p>\n<p>Generalmente, no se recomienda Maxim durante la lactancia, especialmente en las primeras semanas despu\u00e9s del parto, porque el estr\u00f3geno puede reducir la producci\u00f3n de leche.<\/p>\n<h2>C\u00f3mo usar y dosificaci\u00f3n<\/h2>\n<p>Siempre toma Maxim exactamente como te lo prescribieron.<\/p>\n<ul>\n<li>Toma una tableta diariamente<\/li>\n<li>T\u00f3mala a la misma hora cada d\u00eda<\/li>\n<li>Sigue el orden mostrado en el bl\u00edster<\/li>\n<\/ul>\n<p>La mayor\u00eda de los paquetes contienen 21 tabletas activas seguidas de un descanso de 7 d\u00edas, durante el cual generalmente tendr\u00e1s un sangrado por retirada similar a un per\u00edodo.<\/p>\n<p>Comienza tu pr\u00f3ximo paquete despu\u00e9s del descanso de 7 d\u00edas, incluso si el sangrado no se ha detenido por completo.<\/p>\n<p>Si olvidas una p\u00edldora:<\/p>\n<ul>\n<li>Si es menos de 12 horas tarde, t\u00f3mala tan pronto como recuerdes<\/li>\n<li>Si es m\u00e1s de 12 horas tarde, la protecci\u00f3n anticonceptiva puede verse reducida<\/li>\n<\/ul>\n<p>Sigue las instrucciones en el prospecto y considera anticoncepci\u00f3n adicional si es necesario.<\/p>\n<p>Tomar Maxim correctamente todos los d\u00edas es esencial para una prevenci\u00f3n efectiva del embarazo.<\/p>\n<h2>Efectos secundarios posibles<\/h2>\n<p>Como todos los medicamentos, Maxim puede causar efectos secundarios, aunque no todas las personas los experimentan.<\/p>\n<p>Los efectos secundarios comunes incluyen:<\/p>\n<ul>\n<li>N\u00e1useas<\/li>\n<li> sensibilidad en los senos<\/li>\n<li>Dolor de cabeza<\/li>\n<li>Cambios de humor<\/li>\n<li>Sangrado intermenstrual<\/li>\n<li>Cambios en la libido<\/li>\n<\/ul>\n<p>Los riesgos menos comunes pero m\u00e1s graves incluyen:<\/p>\n<ul>\n<li>Co\u00e1gulos sangu\u00edneos<\/li>\n<li>Accidente cerebrovascular<\/li>\n<li>Infarto<\/li>\n<li>Aumento de la presi\u00f3n arterial<\/li>\n<\/ul>\n<p>El riesgo de co\u00e1gulos sangu\u00edneos es mayor si fumas, tienes sobrepeso, tienes m\u00e1s de 35 a\u00f1os o tienes antecedentes familiares de trastornos de coagulaci\u00f3n.<\/p>\n<p>Busca atenci\u00f3n m\u00e9dica urgente si experimentas:<\/p>\n<ul>\n<li>Hinchaz\u00f3n o dolor en las piernas<\/li>\n<li>Dolor en el pecho repentino<\/li>\n<li>Dificultad para respirar<\/li>\n<li>Dolor de cabeza severo<\/li>\n<li>Problemas de visi\u00f3n<\/li>\n<\/ul>\n<h2>Informaci\u00f3n de seguridad importante<\/h2>\n<p>Antes de comenzar con Maxim, debes tener una consulta m\u00e9dica.<\/p>\n<p>Informa a tu m\u00e9dico si:<\/p>\n<ul>\n<li>Fumas<\/li>\n<li>Tienes <a href=\"\/es\/treatment\/diabetes\">diabetes<\/a><\/li>\n<li>Tienes <a href=\"\/es\/treatment\/high-blood-pressure\">hipertensi\u00f3n<\/a><\/li>\n<li>Tienes <a href=\"\/es\/treatment\/cholesterol-control\">colesterol alto<\/a><\/li>\n<li>Tienes <a href=\"\/es\/treatment\/headache-and-migraines\/\">migra\u00f1a<\/a> (especialmente con aura)<\/li>\n<li>Tienes antecedentes familiares de co\u00e1gulos sangu\u00edneos<\/li>\n<li>Tienes sobrepeso<\/li>\n<\/ul>\n<p>Maxim no protege contra ITS.<\/p>\n<p>Ciertos medicamentos, como algunos antibi\u00f3ticos, medicamentos para la epilepsia y remedios herbales como el hip\u00e9rico, pueden reducir su efectividad.<\/p>\n<p>Se recomiendan chequeos regulares mientras uses anticonceptivos hormonales.<\/p>\n<h2>Cu\u00e1ndo buscar ayuda m\u00e9dica<\/h2>\n<p>Busca atenci\u00f3n m\u00e9dica urgente si experimentas:<\/p>\n<ul>\n<li>Dolor o hinchaz\u00f3n repentina en las piernas<\/li>\n<li>Dolor en el pecho repentino<\/li>\n<li>Dificultad para respirar<\/li>\n<li>Migra\u00f1a severa<\/li>\n<li>Alteraciones de la visi\u00f3n<\/li>\n<li>Coloraci\u00f3n amarillenta de la piel o los ojos<\/li>\n<\/ul>\n<p>Contacta a un m\u00e9dico si:<\/p>\n<ul>\n<li>Olvidas varias p\u00edldoras<\/li>\n<li>Experimentas sangrado abundante persistente<\/li>\n<li>Desarrollas nueva migra\u00f1a con aura<\/li>\n<li>Sospechas que est\u00e1s embarazada<\/li>\n<\/ul>\n<p>Si no est\u00e1s seguro de si tus s\u00edntomas est\u00e1n relacionados con la anticoncepci\u00f3n hormonal, puedes reservar una consulta por video segura con un m\u00e9dico autorizado a trav\u00e9s de Transtoyou para obtener asesoramiento personalizado. Si los s\u00edntomas son graves o repentinos, busca atenci\u00f3n m\u00e9dica urgente de inmediato.<\/p>\n","protected":false},"excerpt":{"rendered":"<ul>\n<li>Maxim: P\u00edldora anticonceptiva combinada que previene el embarazo y puede ayudar a regular tu ciclo menstrual.<\/li>\n<li>Ingrediente activo: Etinilestradiol (estr\u00f3geno) y Dienogest (progest\u00e1geno)<\/li>\n<li>Usado para: Control de la natalidad<\/li>\n<\/ul>\n","protected":false},"featured_media":1685,"comment_status":"open","ping_status":"closed","template":"","meta":[],"product_brand":[],"product_cat":[127,74],"product_tag":[],"expert":[18],"class_list":{"0":"post-1682","1":"product","2":"type-product","3":"status-publish","4":"has-post-thumbnail","6":"product_cat-incomodidad-menstrual","7":"product_cat-pildora-combinada","8":"expert-dr-g-varbanov","10":"first","11":"instock","12":"shipping-taxable","13":"product-type-variable"},"yoast_head":"<!-- This site is optimized with the Yoast SEO plugin v27.0 - https:\/\/yoast.com\/product\/yoast-seo-wordpress\/ -->\n<title>Maxim | Pastilla Anticonceptiva para un Control del Ciclo Confiable - Transtoyou<\/title>\n<meta name=\"description\" content=\"La p\u00edldora anticonceptiva combinada Maxime previene el embarazo y regula el ciclo. Cons\u00edguela aqu\u00ed en Transtoyou, \u00a1compra ahora de forma segura!\" \/>\n<meta name=\"robots\" content=\"noindex, follow, max-snippet:-1, max-image-preview:large, max-video-preview:-1\" \/>\n<meta property=\"og:locale\" content=\"es_ES\" \/>\n<meta property=\"og:type\" content=\"article\" \/>\n<meta property=\"og:title\" content=\"Maxim | Pastilla Anticonceptiva para un Control del Ciclo Confiable - Transtoyou\" \/>\n<meta property=\"og:description\" content=\"La p\u00edldora anticonceptiva combinada Maxime previene el embarazo y regula el ciclo. Cons\u00edguela aqu\u00ed en Transtoyou, \u00a1compra ahora de forma segura!\" \/>\n<meta property=\"og:url\" content=\"https:\/\/www.transtoyou.com\/es\/product\/maxim\/\" \/>\n<meta property=\"og:site_name\" content=\"Transtoyou - ES\" \/>\n<meta property=\"article:modified_time\" content=\"2026-02-28T10:19:13+00:00\" \/>\n<meta name=\"twitter:card\" content=\"summary_large_image\" \/>\n<meta name=\"twitter:label1\" content=\"Tiempo de lectura\" \/>\n\t<meta name=\"twitter:data1\" content=\"5 minutos\" \/>\n<script type=\"application\/ld+json\" class=\"yoast-schema-graph\">{\"@context\":\"https:\/\/schema.org\",\"@graph\":[{\"@type\":\"WebPage\",\"@id\":\"https:\/\/www.transtoyou.com\/es\/product\/maxim\/\",\"url\":\"https:\/\/www.transtoyou.com\/es\/product\/maxim\/\",\"name\":\"Maxim | Pastilla Anticonceptiva para un Control del Ciclo Confiable - Transtoyou\",\"isPartOf\":{\"@id\":\"https:\/\/www.transtoyou.com\/es\/#website\"},\"primaryImageOfPage\":{\"@id\":\"https:\/\/www.transtoyou.com\/es\/product\/maxim\/#primaryimage\"},\"image\":{\"@id\":\"https:\/\/www.transtoyou.com\/es\/product\/maxim\/#primaryimage\"},\"thumbnailUrl\":\"https:\/\/www.transtoyou.com\/es\/wp-content\/uploads\/sites\/14\/2026\/02\/tty-no-product-image-14.webp\",\"datePublished\":\"2026-02-28T10:04:05+00:00\",\"dateModified\":\"2026-02-28T10:19:13+00:00\",\"description\":\"La p\u00edldora anticonceptiva combinada Maxime previene el embarazo y regula el ciclo. Cons\u00edguela aqu\u00ed en Transtoyou, \u00a1compra ahora de forma segura!\",\"breadcrumb\":{\"@id\":\"https:\/\/www.transtoyou.com\/es\/product\/maxim\/#breadcrumb\"},\"inLanguage\":\"es\",\"potentialAction\":[{\"@type\":\"ReadAction\",\"target\":[\"https:\/\/www.transtoyou.com\/es\/product\/maxim\/\"]}]},{\"@type\":\"ImageObject\",\"inLanguage\":\"es\",\"@id\":\"https:\/\/www.transtoyou.com\/es\/product\/maxim\/#primaryimage\",\"url\":\"https:\/\/www.transtoyou.com\/es\/wp-content\/uploads\/sites\/14\/2026\/02\/tty-no-product-image-14.webp\",\"contentUrl\":\"https:\/\/www.transtoyou.com\/es\/wp-content\/uploads\/sites\/14\/2026\/02\/tty-no-product-image-14.webp\",\"width\":1000,\"height\":1000,\"caption\":\"Imagen de producto predeterminada\"},{\"@type\":\"WebSite\",\"@id\":\"https:\/\/www.transtoyou.com\/es\/#website\",\"url\":\"https:\/\/www.transtoyou.com\/es\/\",\"name\":\"Transtoyou - ES\",\"description\":\"\",\"publisher\":{\"@id\":\"https:\/\/www.transtoyou.com\/es\/#organization\"},\"potentialAction\":[{\"@type\":\"SearchAction\",\"target\":{\"@type\":\"EntryPoint\",\"urlTemplate\":\"https:\/\/www.transtoyou.com\/es\/?s={search_term_string}\"},\"query-input\":{\"@type\":\"PropertyValueSpecification\",\"valueRequired\":true,\"valueName\":\"search_term_string\"}}],\"inLanguage\":\"es\"},{\"@type\":\"Organization\",\"@id\":\"https:\/\/www.transtoyou.com\/es\/#organization\",\"name\":\"Transtoyou - ES\",\"url\":\"https:\/\/www.transtoyou.com\/es\/\",\"logo\":{\"@type\":\"ImageObject\",\"inLanguage\":\"es\",\"@id\":\"https:\/\/www.transtoyou.com\/es\/#\/schema\/logo\/image\/\",\"url\":\"https:\/\/www.transtoyou.com\/es\/wp-content\/uploads\/sites\/14\/2026\/01\/logo-tty-menu-bar-300x87-1.webp\",\"contentUrl\":\"https:\/\/www.transtoyou.com\/es\/wp-content\/uploads\/sites\/14\/2026\/01\/logo-tty-menu-bar-300x87-1.webp\",\"width\":300,\"height\":87,\"caption\":\"Transtoyou - ES\"},\"image\":{\"@id\":\"https:\/\/www.transtoyou.com\/es\/#\/schema\/logo\/image\/\"}}]}<\/script>\n<!-- \/ Yoast SEO plugin. -->","yoast_head_json":{"title":"Maxim | Pastilla Anticonceptiva para un Control del Ciclo Confiable - Transtoyou","description":"La p\u00edldora anticonceptiva combinada Maxime previene el embarazo y regula el ciclo. Cons\u00edguela aqu\u00ed en Transtoyou, \u00a1compra ahora de forma segura!","robots":{"index":"noindex","follow":"follow","max-snippet":"max-snippet:-1","max-image-preview":"max-image-preview:large","max-video-preview":"max-video-preview:-1"},"og_locale":"es_ES","og_type":"article","og_title":"Maxim | Pastilla Anticonceptiva para un Control del Ciclo Confiable - Transtoyou","og_description":"La p\u00edldora anticonceptiva combinada Maxime previene el embarazo y regula el ciclo. Cons\u00edguela aqu\u00ed en Transtoyou, \u00a1compra ahora de forma segura!","og_url":"https:\/\/www.transtoyou.com\/es\/product\/maxim\/","og_site_name":"Transtoyou - ES","article_modified_time":"2026-02-28T10:19:13+00:00","twitter_card":"summary_large_image","twitter_misc":{"Tiempo de lectura":"5 minutos"},"schema":{"@context":"https:\/\/schema.org","@graph":[{"@type":"WebPage","@id":"https:\/\/www.transtoyou.com\/es\/product\/maxim\/","url":"https:\/\/www.transtoyou.com\/es\/product\/maxim\/","name":"Maxim | Pastilla Anticonceptiva para un Control del Ciclo Confiable - Transtoyou","isPartOf":{"@id":"https:\/\/www.transtoyou.com\/es\/#website"},"primaryImageOfPage":{"@id":"https:\/\/www.transtoyou.com\/es\/product\/maxim\/#primaryimage"},"image":{"@id":"https:\/\/www.transtoyou.com\/es\/product\/maxim\/#primaryimage"},"thumbnailUrl":"https:\/\/www.transtoyou.com\/es\/wp-content\/uploads\/sites\/14\/2026\/02\/tty-no-product-image-14.webp","datePublished":"2026-02-28T10:04:05+00:00","dateModified":"2026-02-28T10:19:13+00:00","description":"La p\u00edldora anticonceptiva combinada Maxime previene el embarazo y regula el ciclo. Cons\u00edguela aqu\u00ed en Transtoyou, \u00a1compra ahora de forma segura!","breadcrumb":{"@id":"https:\/\/www.transtoyou.com\/es\/product\/maxim\/#breadcrumb"},"inLanguage":"es","potentialAction":[{"@type":"ReadAction","target":["https:\/\/www.transtoyou.com\/es\/product\/maxim\/"]}]},{"@type":"ImageObject","inLanguage":"es","@id":"https:\/\/www.transtoyou.com\/es\/product\/maxim\/#primaryimage","url":"https:\/\/www.transtoyou.com\/es\/wp-content\/uploads\/sites\/14\/2026\/02\/tty-no-product-image-14.webp","contentUrl":"https:\/\/www.transtoyou.com\/es\/wp-content\/uploads\/sites\/14\/2026\/02\/tty-no-product-image-14.webp","width":1000,"height":1000,"caption":"Imagen de producto predeterminada"},{"@type":"WebSite","@id":"https:\/\/www.transtoyou.com\/es\/#website","url":"https:\/\/www.transtoyou.com\/es\/","name":"Transtoyou - ES","description":"","publisher":{"@id":"https:\/\/www.transtoyou.com\/es\/#organization"},"potentialAction":[{"@type":"SearchAction","target":{"@type":"EntryPoint","urlTemplate":"https:\/\/www.transtoyou.com\/es\/?s={search_term_string}"},"query-input":{"@type":"PropertyValueSpecification","valueRequired":true,"valueName":"search_term_string"}}],"inLanguage":"es"},{"@type":"Organization","@id":"https:\/\/www.transtoyou.com\/es\/#organization","name":"Transtoyou - ES","url":"https:\/\/www.transtoyou.com\/es\/","logo":{"@type":"ImageObject","inLanguage":"es","@id":"https:\/\/www.transtoyou.com\/es\/#\/schema\/logo\/image\/","url":"https:\/\/www.transtoyou.com\/es\/wp-content\/uploads\/sites\/14\/2026\/01\/logo-tty-menu-bar-300x87-1.webp","contentUrl":"https:\/\/www.transtoyou.com\/es\/wp-content\/uploads\/sites\/14\/2026\/01\/logo-tty-menu-bar-300x87-1.webp","width":300,"height":87,"caption":"Transtoyou - ES"},"image":{"@id":"https:\/\/www.transtoyou.com\/es\/#\/schema\/logo\/image\/"}}]}},"_links":{"self":[{"href":"https:\/\/www.transtoyou.com\/es\/wp-json\/wp\/v2\/product\/1682","targetHints":{"allow":["GET"]}}],"collection":[{"href":"https:\/\/www.transtoyou.com\/es\/wp-json\/wp\/v2\/product"}],"about":[{"href":"https:\/\/www.transtoyou.com\/es\/wp-json\/wp\/v2\/types\/product"}],"replies":[{"embeddable":true,"href":"https:\/\/www.transtoyou.com\/es\/wp-json\/wp\/v2\/comments?post=1682"}],"wp:featuredmedia":[{"embeddable":true,"href":"https:\/\/www.transtoyou.com\/es\/wp-json\/wp\/v2\/media\/1685"}],"wp:attachment":[{"href":"https:\/\/www.transtoyou.com\/es\/wp-json\/wp\/v2\/media?parent=1682"}],"wp:term":[{"taxonomy":"product_brand","embeddable":true,"href":"https:\/\/www.transtoyou.com\/es\/wp-json\/wp\/v2\/product_brand?post=1682"},{"taxonomy":"product_cat","embeddable":true,"href":"https:\/\/www.transtoyou.com\/es\/wp-json\/wp\/v2\/product_cat?post=1682"},{"taxonomy":"product_tag","embeddable":true,"href":"https:\/\/www.transtoyou.com\/es\/wp-json\/wp\/v2\/product_tag?post=1682"},{"taxonomy":"expert","embeddable":true,"href":"https:\/\/www.transtoyou.com\/es\/wp-json\/wp\/v2\/expert?post=1682"}],"curies":[{"name":"wp","href":"https:\/\/api.w.org\/{rel}","templated":true}]}}