{"id":1827,"date":"2026-03-05T10:10:12","date_gmt":"2026-03-05T10:10:12","guid":{"rendered":"https:\/\/www.transtoyou.com\/es\/product\/sildenafil\/"},"modified":"2026-03-05T10:15:01","modified_gmt":"2026-03-05T10:15:01","slug":"sildenafil","status":"publish","type":"product","link":"https:\/\/www.transtoyou.com\/es\/product\/sildenafil\/","title":{"rendered":"Sildenafil: Lo que debes saber"},"content":{"rendered":"<p>El sildenafil es un tratamiento para la disfunci\u00f3n er\u00e9ctil, una condici\u00f3n en la que un hombre tiene dificultades para lograr o mantener una erecci\u00f3n. La sustancia activa, tambi\u00e9n llamada sildenafil, act\u00faa mejorando el flujo sangu\u00edneo al pene cuando un hombre est\u00e1 sexualmente excitado. No aumenta la libido, pero apoya la respuesta f\u00edsica a la estimulaci\u00f3n sexual.<\/p>\n<p>Desarrollado originalmente para el dolor en el pecho relacionado con el coraz\u00f3n, se descubri\u00f3 m\u00e1s tarde que el sildenafil era efectivo para tratar las dificultades er\u00e9ctiles. A menudo se utiliza bajo el nombre de marca Viagra, aunque las versiones gen\u00e9ricas son igualmente efectivas. El sildenafil generalmente comienza a hacer efecto entre 30 y 60 minutos y puede permanecer efectivo durante aproximadamente cuatro horas, lo que permite una experiencia m\u00e1s relajada.<\/p>\n<p>La dosis recomendada est\u00e1ndar es de 50 mg, tomada seg\u00fan sea necesario antes de la actividad sexual. Sin embargo, algunas personas pueden beneficiarse de dosis m\u00e1s bajas o m\u00e1s altas dependiendo de la tolerancia y la respuesta individual. No debe tomarse m\u00e1s de una vez al d\u00eda y debe tragarse con agua. Una comida pesada puede retrasar sus efectos.<\/p>\n<p>Los efectos secundarios comunes pueden incluir dolor de cabeza, enrojecimiento facial, congesti\u00f3n nasal y mareos. Efectos m\u00e1s graves como cambios en la visi\u00f3n o erecciones prolongadas son raros, pero requieren atenci\u00f3n m\u00e9dica. El sildenafil no debe usarse con medicamentos que contengan nitratos o ciertos medicamentos para la presi\u00f3n arterial debido al riesgo de ca\u00eddas severas de la presi\u00f3n arterial.<\/p>\n","protected":false},"excerpt":{"rendered":"<ul>\n<li>Comienza a hacer efecto en 30 a 60 minutos<\/li>\n<li>Los efectos duran hasta 4 horas<\/li>\n<li>Ayuda a apoyar erecciones naturales<\/li>\n<\/ul>\n","protected":false},"featured_media":1846,"comment_status":"open","ping_status":"closed","template":"","meta":[],"product_brand":[],"product_cat":[95],"product_tag":[],"expert":[16],"class_list":{"0":"post-1827","1":"product","2":"type-product","3":"status-publish","4":"has-post-thumbnail","6":"product_cat-tratamientos-para-la-disfuncion-erectil","7":"expert-dr-c-alexandru","9":"first","10":"instock","11":"shipping-taxable","12":"product-type-variable"},"yoast_head":"<!-- This site is optimized with the Yoast SEO plugin v27.0 - https:\/\/yoast.com\/product\/yoast-seo-wordpress\/ -->\n<title>Sildenafil | Mejora tu rendimiento de manera discreta - Transtoyou<\/title>\n<meta name=\"description\" content=\"Explora Sildenafil en Transtoyou, tu fuente confiable de productos de salud. Conoce sus beneficios y compra f\u00e1cilmente. \u00a1Disponible ahora!\" \/>\n<meta name=\"robots\" content=\"noindex, follow, max-snippet:-1, max-image-preview:large, max-video-preview:-1\" \/>\n<meta property=\"og:locale\" content=\"es_ES\" \/>\n<meta property=\"og:type\" content=\"article\" \/>\n<meta property=\"og:title\" content=\"Sildenafil | Mejora tu rendimiento de manera discreta - Transtoyou\" \/>\n<meta property=\"og:description\" content=\"Explora Sildenafil en Transtoyou, tu fuente confiable de productos de salud. Conoce sus beneficios y compra f\u00e1cilmente. \u00a1Disponible ahora!\" \/>\n<meta property=\"og:url\" content=\"https:\/\/www.transtoyou.com\/es\/product\/sildenafil\/\" \/>\n<meta property=\"og:site_name\" content=\"Transtoyou - ES\" \/>\n<meta property=\"article:modified_time\" content=\"2026-03-05T10:15:01+00:00\" \/>\n<meta name=\"twitter:card\" content=\"summary_large_image\" \/>\n<meta name=\"twitter:label1\" content=\"Tiempo de lectura\" \/>\n\t<meta name=\"twitter:data1\" content=\"1 minuto\" \/>\n<script type=\"application\/ld+json\" class=\"yoast-schema-graph\">{\"@context\":\"https:\/\/schema.org\",\"@graph\":[{\"@type\":\"WebPage\",\"@id\":\"https:\/\/www.transtoyou.com\/es\/product\/sildenafil\/\",\"url\":\"https:\/\/www.transtoyou.com\/es\/product\/sildenafil\/\",\"name\":\"Sildenafil | Mejora tu rendimiento de manera discreta - Transtoyou\",\"isPartOf\":{\"@id\":\"https:\/\/www.transtoyou.com\/es\/#website\"},\"primaryImageOfPage\":{\"@id\":\"https:\/\/www.transtoyou.com\/es\/product\/sildenafil\/#primaryimage\"},\"image\":{\"@id\":\"https:\/\/www.transtoyou.com\/es\/product\/sildenafil\/#primaryimage\"},\"thumbnailUrl\":\"https:\/\/www.transtoyou.com\/es\/wp-content\/uploads\/sites\/14\/2026\/03\/tty-no-product-image-6.webp\",\"datePublished\":\"2026-03-05T10:10:12+00:00\",\"dateModified\":\"2026-03-05T10:15:01+00:00\",\"description\":\"Explora Sildenafil en Transtoyou, tu fuente confiable de productos de salud. Conoce sus beneficios y compra f\u00e1cilmente. \u00a1Disponible ahora!\",\"breadcrumb\":{\"@id\":\"https:\/\/www.transtoyou.com\/es\/product\/sildenafil\/#breadcrumb\"},\"inLanguage\":\"es\",\"potentialAction\":[{\"@type\":\"ReadAction\",\"target\":[\"https:\/\/www.transtoyou.com\/es\/product\/sildenafil\/\"]}]},{\"@type\":\"ImageObject\",\"inLanguage\":\"es\",\"@id\":\"https:\/\/www.transtoyou.com\/es\/product\/sildenafil\/#primaryimage\",\"url\":\"https:\/\/www.transtoyou.com\/es\/wp-content\/uploads\/sites\/14\/2026\/03\/tty-no-product-image-6.webp\",\"contentUrl\":\"https:\/\/www.transtoyou.com\/es\/wp-content\/uploads\/sites\/14\/2026\/03\/tty-no-product-image-6.webp\",\"width\":1000,\"height\":1000,\"caption\":\"Imagen de producto predeterminada\"},{\"@type\":\"WebSite\",\"@id\":\"https:\/\/www.transtoyou.com\/es\/#website\",\"url\":\"https:\/\/www.transtoyou.com\/es\/\",\"name\":\"Transtoyou - ES\",\"description\":\"\",\"publisher\":{\"@id\":\"https:\/\/www.transtoyou.com\/es\/#organization\"},\"potentialAction\":[{\"@type\":\"SearchAction\",\"target\":{\"@type\":\"EntryPoint\",\"urlTemplate\":\"https:\/\/www.transtoyou.com\/es\/?s={search_term_string}\"},\"query-input\":{\"@type\":\"PropertyValueSpecification\",\"valueRequired\":true,\"valueName\":\"search_term_string\"}}],\"inLanguage\":\"es\"},{\"@type\":\"Organization\",\"@id\":\"https:\/\/www.transtoyou.com\/es\/#organization\",\"name\":\"Transtoyou - ES\",\"url\":\"https:\/\/www.transtoyou.com\/es\/\",\"logo\":{\"@type\":\"ImageObject\",\"inLanguage\":\"es\",\"@id\":\"https:\/\/www.transtoyou.com\/es\/#\/schema\/logo\/image\/\",\"url\":\"https:\/\/www.transtoyou.com\/es\/wp-content\/uploads\/sites\/14\/2026\/01\/logo-tty-menu-bar-300x87-1.webp\",\"contentUrl\":\"https:\/\/www.transtoyou.com\/es\/wp-content\/uploads\/sites\/14\/2026\/01\/logo-tty-menu-bar-300x87-1.webp\",\"width\":300,\"height\":87,\"caption\":\"Transtoyou - ES\"},\"image\":{\"@id\":\"https:\/\/www.transtoyou.com\/es\/#\/schema\/logo\/image\/\"}}]}<\/script>\n<!-- \/ Yoast SEO plugin. -->","yoast_head_json":{"title":"Sildenafil | Mejora tu rendimiento de manera discreta - Transtoyou","description":"Explora Sildenafil en Transtoyou, tu fuente confiable de productos de salud. Conoce sus beneficios y compra f\u00e1cilmente. \u00a1Disponible ahora!","robots":{"index":"noindex","follow":"follow","max-snippet":"max-snippet:-1","max-image-preview":"max-image-preview:large","max-video-preview":"max-video-preview:-1"},"og_locale":"es_ES","og_type":"article","og_title":"Sildenafil | Mejora tu rendimiento de manera discreta - Transtoyou","og_description":"Explora Sildenafil en Transtoyou, tu fuente confiable de productos de salud. Conoce sus beneficios y compra f\u00e1cilmente. \u00a1Disponible ahora!","og_url":"https:\/\/www.transtoyou.com\/es\/product\/sildenafil\/","og_site_name":"Transtoyou - ES","article_modified_time":"2026-03-05T10:15:01+00:00","twitter_card":"summary_large_image","twitter_misc":{"Tiempo de lectura":"1 minuto"},"schema":{"@context":"https:\/\/schema.org","@graph":[{"@type":"WebPage","@id":"https:\/\/www.transtoyou.com\/es\/product\/sildenafil\/","url":"https:\/\/www.transtoyou.com\/es\/product\/sildenafil\/","name":"Sildenafil | Mejora tu rendimiento de manera discreta - Transtoyou","isPartOf":{"@id":"https:\/\/www.transtoyou.com\/es\/#website"},"primaryImageOfPage":{"@id":"https:\/\/www.transtoyou.com\/es\/product\/sildenafil\/#primaryimage"},"image":{"@id":"https:\/\/www.transtoyou.com\/es\/product\/sildenafil\/#primaryimage"},"thumbnailUrl":"https:\/\/www.transtoyou.com\/es\/wp-content\/uploads\/sites\/14\/2026\/03\/tty-no-product-image-6.webp","datePublished":"2026-03-05T10:10:12+00:00","dateModified":"2026-03-05T10:15:01+00:00","description":"Explora Sildenafil en Transtoyou, tu fuente confiable de productos de salud. Conoce sus beneficios y compra f\u00e1cilmente. \u00a1Disponible ahora!","breadcrumb":{"@id":"https:\/\/www.transtoyou.com\/es\/product\/sildenafil\/#breadcrumb"},"inLanguage":"es","potentialAction":[{"@type":"ReadAction","target":["https:\/\/www.transtoyou.com\/es\/product\/sildenafil\/"]}]},{"@type":"ImageObject","inLanguage":"es","@id":"https:\/\/www.transtoyou.com\/es\/product\/sildenafil\/#primaryimage","url":"https:\/\/www.transtoyou.com\/es\/wp-content\/uploads\/sites\/14\/2026\/03\/tty-no-product-image-6.webp","contentUrl":"https:\/\/www.transtoyou.com\/es\/wp-content\/uploads\/sites\/14\/2026\/03\/tty-no-product-image-6.webp","width":1000,"height":1000,"caption":"Imagen de producto predeterminada"},{"@type":"WebSite","@id":"https:\/\/www.transtoyou.com\/es\/#website","url":"https:\/\/www.transtoyou.com\/es\/","name":"Transtoyou - ES","description":"","publisher":{"@id":"https:\/\/www.transtoyou.com\/es\/#organization"},"potentialAction":[{"@type":"SearchAction","target":{"@type":"EntryPoint","urlTemplate":"https:\/\/www.transtoyou.com\/es\/?s={search_term_string}"},"query-input":{"@type":"PropertyValueSpecification","valueRequired":true,"valueName":"search_term_string"}}],"inLanguage":"es"},{"@type":"Organization","@id":"https:\/\/www.transtoyou.com\/es\/#organization","name":"Transtoyou - ES","url":"https:\/\/www.transtoyou.com\/es\/","logo":{"@type":"ImageObject","inLanguage":"es","@id":"https:\/\/www.transtoyou.com\/es\/#\/schema\/logo\/image\/","url":"https:\/\/www.transtoyou.com\/es\/wp-content\/uploads\/sites\/14\/2026\/01\/logo-tty-menu-bar-300x87-1.webp","contentUrl":"https:\/\/www.transtoyou.com\/es\/wp-content\/uploads\/sites\/14\/2026\/01\/logo-tty-menu-bar-300x87-1.webp","width":300,"height":87,"caption":"Transtoyou - ES"},"image":{"@id":"https:\/\/www.transtoyou.com\/es\/#\/schema\/logo\/image\/"}}]}},"_links":{"self":[{"href":"https:\/\/www.transtoyou.com\/es\/wp-json\/wp\/v2\/product\/1827","targetHints":{"allow":["GET"]}}],"collection":[{"href":"https:\/\/www.transtoyou.com\/es\/wp-json\/wp\/v2\/product"}],"about":[{"href":"https:\/\/www.transtoyou.com\/es\/wp-json\/wp\/v2\/types\/product"}],"replies":[{"embeddable":true,"href":"https:\/\/www.transtoyou.com\/es\/wp-json\/wp\/v2\/comments?post=1827"}],"wp:featuredmedia":[{"embeddable":true,"href":"https:\/\/www.transtoyou.com\/es\/wp-json\/wp\/v2\/media\/1846"}],"wp:attachment":[{"href":"https:\/\/www.transtoyou.com\/es\/wp-json\/wp\/v2\/media?parent=1827"}],"wp:term":[{"taxonomy":"product_brand","embeddable":true,"href":"https:\/\/www.transtoyou.com\/es\/wp-json\/wp\/v2\/product_brand?post=1827"},{"taxonomy":"product_cat","embeddable":true,"href":"https:\/\/www.transtoyou.com\/es\/wp-json\/wp\/v2\/product_cat?post=1827"},{"taxonomy":"product_tag","embeddable":true,"href":"https:\/\/www.transtoyou.com\/es\/wp-json\/wp\/v2\/product_tag?post=1827"},{"taxonomy":"expert","embeddable":true,"href":"https:\/\/www.transtoyou.com\/es\/wp-json\/wp\/v2\/expert?post=1827"}],"curies":[{"name":"wp","href":"https:\/\/api.w.org\/{rel}","templated":true}]}}