{"id":453,"date":"2026-01-22T13:43:14","date_gmt":"2026-01-22T13:43:14","guid":{"rendered":"https:\/\/www.transtoyou.com\/es\/product\/vermox\/"},"modified":"2026-03-07T14:05:02","modified_gmt":"2026-03-07T14:05:02","slug":"vermox","status":"publish","type":"product","link":"https:\/\/www.transtoyou.com\/es\/product\/vermox\/","title":{"rendered":"Vermox"},"content":{"rendered":"<p>Vermox es un tratamiento ampliamente utilizado para las infecciones por gusanos intestinales, particularmente efectivo contra los oxiuros, lombrices, tricoc\u00e9falos y anquilostomas. Contiene el ingrediente activo mebendazol, que interfiere con la capacidad de los gusanos para absorber glucosa, su principal fuente de energ\u00eda. Como resultado, los par\u00e1sitos pierden energ\u00eda, mueren y son expulsados naturalmente del cuerpo a trav\u00e9s del sistema digestivo.<\/p>\n<p>Las infecciones por gusanos pueden causar s\u00edntomas como picaz\u00f3n anal, inquietud, calambres estomacales y deficiencias nutricionales. Vermox ofrece una forma sencilla y eficiente de aliviar estos s\u00edntomas y eliminar la infecci\u00f3n. Generalmente se administra como un tratamiento de dosis \u00fanica, y en algunos casos, se recomienda una segunda dosis dos semanas despu\u00e9s para prevenir la reinfecci\u00f3n.<\/p>\n<p>Este medicamento generalmente es bien tolerado, con efectos secundarios poco frecuentes y generalmente leves. Cuando ocurren, pueden incluir malestar gastrointestinal temporal. Vermox permanece en el tracto digestivo y se absorbe m\u00ednimamente en el torrente sangu\u00edneo, lo que reduce el riesgo de efectos secundarios sist\u00e9micos.<\/p>\n<p>Para prevenir la propagaci\u00f3n de gusanos, se recomiendan medidas de higiene como lavarse las manos regularmente, mantener las u\u00f1as cortas y lavar frecuentemente la ropa de cama y la ropa. Tratar a todos los miembros del hogar al mismo tiempo puede ayudar a detener la recurrencia de la infecci\u00f3n.<\/p>\n","protected":false},"excerpt":{"rendered":"<ul>\n<li>Efectivo contra m\u00faltiples tipos de gusanos<\/li>\n<li>Tratamiento de una o dos dosis<\/li>\n<li>Opciones aptas para toda la familia<\/li>\n<\/ul>\n","protected":false},"featured_media":455,"comment_status":"open","ping_status":"closed","template":"","meta":[],"product_brand":[],"product_cat":[160],"product_tag":[],"expert":[],"class_list":{"0":"post-453","1":"product","2":"type-product","3":"status-publish","4":"has-post-thumbnail","6":"product_cat-gusanos","8":"first","9":"instock","10":"shipping-taxable","11":"product-type-variable"},"yoast_head":"<!-- This site is optimized with the Yoast SEO plugin v27.0 - https:\/\/yoast.com\/product\/yoast-seo-wordpress\/ -->\n<title>Vermox | Tratamiento Efectivo de Par\u00e1sitos - Transtoyou<\/title>\n<meta name=\"description\" content=\"Vermox disponible en Transtoyou, una plataforma de salud confiable. Compra ahora para un tratamiento efectivo de infecciones parasitarias. Acceso conveniente y seguro.\" \/>\n<meta name=\"robots\" content=\"noindex, follow, max-snippet:-1, max-image-preview:large, max-video-preview:-1\" \/>\n<meta property=\"og:locale\" content=\"es_ES\" \/>\n<meta property=\"og:type\" content=\"article\" \/>\n<meta property=\"og:title\" content=\"Vermox | Tratamiento Efectivo de Par\u00e1sitos - Transtoyou\" \/>\n<meta property=\"og:description\" content=\"Vermox disponible en Transtoyou, una plataforma de salud confiable. Compra ahora para un tratamiento efectivo de infecciones parasitarias. Acceso conveniente y seguro.\" \/>\n<meta property=\"og:url\" content=\"https:\/\/www.transtoyou.com\/es\/product\/vermox\/\" \/>\n<meta property=\"og:site_name\" content=\"Transtoyou - ES\" \/>\n<meta property=\"article:modified_time\" content=\"2026-03-07T14:05:02+00:00\" \/>\n<meta name=\"twitter:card\" content=\"summary_large_image\" \/>\n<meta name=\"twitter:label1\" content=\"Tiempo de lectura\" \/>\n\t<meta name=\"twitter:data1\" content=\"1 minuto\" \/>\n<script type=\"application\/ld+json\" class=\"yoast-schema-graph\">{\"@context\":\"https:\/\/schema.org\",\"@graph\":[{\"@type\":\"WebPage\",\"@id\":\"https:\/\/www.transtoyou.com\/es\/product\/vermox\/\",\"url\":\"https:\/\/www.transtoyou.com\/es\/product\/vermox\/\",\"name\":\"Vermox | Tratamiento Efectivo de Par\u00e1sitos - Transtoyou\",\"isPartOf\":{\"@id\":\"https:\/\/www.transtoyou.com\/es\/#website\"},\"primaryImageOfPage\":{\"@id\":\"https:\/\/www.transtoyou.com\/es\/product\/vermox\/#primaryimage\"},\"image\":{\"@id\":\"https:\/\/www.transtoyou.com\/es\/product\/vermox\/#primaryimage\"},\"thumbnailUrl\":\"https:\/\/www.transtoyou.com\/es\/wp-content\/uploads\/sites\/14\/2026\/01\/tty-no-product-image-5.webp\",\"datePublished\":\"2026-01-22T13:43:14+00:00\",\"dateModified\":\"2026-03-07T14:05:02+00:00\",\"description\":\"Vermox disponible en Transtoyou, una plataforma de salud confiable. Compra ahora para un tratamiento efectivo de infecciones parasitarias. Acceso conveniente y seguro.\",\"breadcrumb\":{\"@id\":\"https:\/\/www.transtoyou.com\/es\/product\/vermox\/#breadcrumb\"},\"inLanguage\":\"es\",\"potentialAction\":[{\"@type\":\"ReadAction\",\"target\":[\"https:\/\/www.transtoyou.com\/es\/product\/vermox\/\"]}]},{\"@type\":\"ImageObject\",\"inLanguage\":\"es\",\"@id\":\"https:\/\/www.transtoyou.com\/es\/product\/vermox\/#primaryimage\",\"url\":\"https:\/\/www.transtoyou.com\/es\/wp-content\/uploads\/sites\/14\/2026\/01\/tty-no-product-image-5.webp\",\"contentUrl\":\"https:\/\/www.transtoyou.com\/es\/wp-content\/uploads\/sites\/14\/2026\/01\/tty-no-product-image-5.webp\",\"width\":1000,\"height\":1000,\"caption\":\"Imagen de producto predeterminada\"},{\"@type\":\"WebSite\",\"@id\":\"https:\/\/www.transtoyou.com\/es\/#website\",\"url\":\"https:\/\/www.transtoyou.com\/es\/\",\"name\":\"Transtoyou - ES\",\"description\":\"\",\"publisher\":{\"@id\":\"https:\/\/www.transtoyou.com\/es\/#organization\"},\"potentialAction\":[{\"@type\":\"SearchAction\",\"target\":{\"@type\":\"EntryPoint\",\"urlTemplate\":\"https:\/\/www.transtoyou.com\/es\/?s={search_term_string}\"},\"query-input\":{\"@type\":\"PropertyValueSpecification\",\"valueRequired\":true,\"valueName\":\"search_term_string\"}}],\"inLanguage\":\"es\"},{\"@type\":\"Organization\",\"@id\":\"https:\/\/www.transtoyou.com\/es\/#organization\",\"name\":\"Transtoyou - ES\",\"url\":\"https:\/\/www.transtoyou.com\/es\/\",\"logo\":{\"@type\":\"ImageObject\",\"inLanguage\":\"es\",\"@id\":\"https:\/\/www.transtoyou.com\/es\/#\/schema\/logo\/image\/\",\"url\":\"https:\/\/www.transtoyou.com\/es\/wp-content\/uploads\/sites\/14\/2026\/01\/logo-tty-menu-bar-300x87-1.webp\",\"contentUrl\":\"https:\/\/www.transtoyou.com\/es\/wp-content\/uploads\/sites\/14\/2026\/01\/logo-tty-menu-bar-300x87-1.webp\",\"width\":300,\"height\":87,\"caption\":\"Transtoyou - ES\"},\"image\":{\"@id\":\"https:\/\/www.transtoyou.com\/es\/#\/schema\/logo\/image\/\"}}]}<\/script>\n<!-- \/ Yoast SEO plugin. -->","yoast_head_json":{"title":"Vermox | Tratamiento Efectivo de Par\u00e1sitos - Transtoyou","description":"Vermox disponible en Transtoyou, una plataforma de salud confiable. Compra ahora para un tratamiento efectivo de infecciones parasitarias. Acceso conveniente y seguro.","robots":{"index":"noindex","follow":"follow","max-snippet":"max-snippet:-1","max-image-preview":"max-image-preview:large","max-video-preview":"max-video-preview:-1"},"og_locale":"es_ES","og_type":"article","og_title":"Vermox | Tratamiento Efectivo de Par\u00e1sitos - Transtoyou","og_description":"Vermox disponible en Transtoyou, una plataforma de salud confiable. Compra ahora para un tratamiento efectivo de infecciones parasitarias. Acceso conveniente y seguro.","og_url":"https:\/\/www.transtoyou.com\/es\/product\/vermox\/","og_site_name":"Transtoyou - ES","article_modified_time":"2026-03-07T14:05:02+00:00","twitter_card":"summary_large_image","twitter_misc":{"Tiempo de lectura":"1 minuto"},"schema":{"@context":"https:\/\/schema.org","@graph":[{"@type":"WebPage","@id":"https:\/\/www.transtoyou.com\/es\/product\/vermox\/","url":"https:\/\/www.transtoyou.com\/es\/product\/vermox\/","name":"Vermox | Tratamiento Efectivo de Par\u00e1sitos - Transtoyou","isPartOf":{"@id":"https:\/\/www.transtoyou.com\/es\/#website"},"primaryImageOfPage":{"@id":"https:\/\/www.transtoyou.com\/es\/product\/vermox\/#primaryimage"},"image":{"@id":"https:\/\/www.transtoyou.com\/es\/product\/vermox\/#primaryimage"},"thumbnailUrl":"https:\/\/www.transtoyou.com\/es\/wp-content\/uploads\/sites\/14\/2026\/01\/tty-no-product-image-5.webp","datePublished":"2026-01-22T13:43:14+00:00","dateModified":"2026-03-07T14:05:02+00:00","description":"Vermox disponible en Transtoyou, una plataforma de salud confiable. Compra ahora para un tratamiento efectivo de infecciones parasitarias. Acceso conveniente y seguro.","breadcrumb":{"@id":"https:\/\/www.transtoyou.com\/es\/product\/vermox\/#breadcrumb"},"inLanguage":"es","potentialAction":[{"@type":"ReadAction","target":["https:\/\/www.transtoyou.com\/es\/product\/vermox\/"]}]},{"@type":"ImageObject","inLanguage":"es","@id":"https:\/\/www.transtoyou.com\/es\/product\/vermox\/#primaryimage","url":"https:\/\/www.transtoyou.com\/es\/wp-content\/uploads\/sites\/14\/2026\/01\/tty-no-product-image-5.webp","contentUrl":"https:\/\/www.transtoyou.com\/es\/wp-content\/uploads\/sites\/14\/2026\/01\/tty-no-product-image-5.webp","width":1000,"height":1000,"caption":"Imagen de producto predeterminada"},{"@type":"WebSite","@id":"https:\/\/www.transtoyou.com\/es\/#website","url":"https:\/\/www.transtoyou.com\/es\/","name":"Transtoyou - ES","description":"","publisher":{"@id":"https:\/\/www.transtoyou.com\/es\/#organization"},"potentialAction":[{"@type":"SearchAction","target":{"@type":"EntryPoint","urlTemplate":"https:\/\/www.transtoyou.com\/es\/?s={search_term_string}"},"query-input":{"@type":"PropertyValueSpecification","valueRequired":true,"valueName":"search_term_string"}}],"inLanguage":"es"},{"@type":"Organization","@id":"https:\/\/www.transtoyou.com\/es\/#organization","name":"Transtoyou - ES","url":"https:\/\/www.transtoyou.com\/es\/","logo":{"@type":"ImageObject","inLanguage":"es","@id":"https:\/\/www.transtoyou.com\/es\/#\/schema\/logo\/image\/","url":"https:\/\/www.transtoyou.com\/es\/wp-content\/uploads\/sites\/14\/2026\/01\/logo-tty-menu-bar-300x87-1.webp","contentUrl":"https:\/\/www.transtoyou.com\/es\/wp-content\/uploads\/sites\/14\/2026\/01\/logo-tty-menu-bar-300x87-1.webp","width":300,"height":87,"caption":"Transtoyou - ES"},"image":{"@id":"https:\/\/www.transtoyou.com\/es\/#\/schema\/logo\/image\/"}}]}},"_links":{"self":[{"href":"https:\/\/www.transtoyou.com\/es\/wp-json\/wp\/v2\/product\/453","targetHints":{"allow":["GET"]}}],"collection":[{"href":"https:\/\/www.transtoyou.com\/es\/wp-json\/wp\/v2\/product"}],"about":[{"href":"https:\/\/www.transtoyou.com\/es\/wp-json\/wp\/v2\/types\/product"}],"replies":[{"embeddable":true,"href":"https:\/\/www.transtoyou.com\/es\/wp-json\/wp\/v2\/comments?post=453"}],"wp:featuredmedia":[{"embeddable":true,"href":"https:\/\/www.transtoyou.com\/es\/wp-json\/wp\/v2\/media\/455"}],"wp:attachment":[{"href":"https:\/\/www.transtoyou.com\/es\/wp-json\/wp\/v2\/media?parent=453"}],"wp:term":[{"taxonomy":"product_brand","embeddable":true,"href":"https:\/\/www.transtoyou.com\/es\/wp-json\/wp\/v2\/product_brand?post=453"},{"taxonomy":"product_cat","embeddable":true,"href":"https:\/\/www.transtoyou.com\/es\/wp-json\/wp\/v2\/product_cat?post=453"},{"taxonomy":"product_tag","embeddable":true,"href":"https:\/\/www.transtoyou.com\/es\/wp-json\/wp\/v2\/product_tag?post=453"},{"taxonomy":"expert","embeddable":true,"href":"https:\/\/www.transtoyou.com\/es\/wp-json\/wp\/v2\/expert?post=453"}],"curies":[{"name":"wp","href":"https:\/\/api.w.org\/{rel}","templated":true}]}}