{"id":456,"date":"2026-01-22T13:58:42","date_gmt":"2026-01-22T13:58:42","guid":{"rendered":"https:\/\/www.transtoyou.com\/es\/product\/molevac\/"},"modified":"2026-02-28T10:30:15","modified_gmt":"2026-02-28T10:30:15","slug":"molevac","status":"publish","type":"product","link":"https:\/\/www.transtoyou.com\/es\/product\/molevac\/","title":{"rendered":"Molevac"},"content":{"rendered":"<p>Molevac es un medicamento utilizado para tratar infecciones causadas por lombrices intestinales, particularmente oxiuros. Las infecciones por oxiuros son comunes, especialmente en ni\u00f1os, y pueden causar s\u00edntomas como picaz\u00f3n (inquietud) alrededor del ano, inquietud y malestar estomacal leve. Molevac contiene el ingrediente activo embonato de pirvinios, que act\u00faa paralizando a los gusanos para que puedan ser expulsados naturalmente a trav\u00e9s de las deposiciones.<\/p>\n<p>Este tratamiento generalmente se administra como una sola dosis oral, con una dosis repetida recomendada despu\u00e9s de dos semanas para prevenir la reinfecci\u00f3n. Dado que los oxiuros se propagan f\u00e1cilmente a trav\u00e9s del contacto y superficies contaminadas, se recomienda tratar a todos los miembros del hogar simult\u00e1neamente para evitar la reinfecci\u00f3n.<\/p>\n<p>Molevac es bien tolerado, con muy pocos efectos secundarios. Algunas personas pueden notar s\u00edntomas gastrointestinales leves como n\u00e1useas o calambres, pero estos son generalmente de corta duraci\u00f3n. Una buena higiene es esencial durante y despu\u00e9s del tratamiento para evitar una mayor transmisi\u00f3n de los gusanos. Esto incluye lavarse las manos regularmente, limpiar la ropa de cama y la ropa, y recortarse las u\u00f1as.<\/p>\n","protected":false},"excerpt":{"rendered":"<ul>\n<li>Tratamiento de dosis \u00fanica<\/li>\n<li>Dirigido a oxiuros<\/li>\n<li>Adecuado para muchas personas<\/li>\n<\/ul>\n","protected":false},"featured_media":457,"comment_status":"open","ping_status":"closed","template":"","meta":[],"product_brand":[],"product_cat":[160],"product_tag":[],"expert":[21],"class_list":{"0":"post-456","1":"product","2":"type-product","3":"status-publish","4":"has-post-thumbnail","6":"product_cat-gusanos","7":"expert-dr-m-sharoyko","9":"first","10":"outofstock","11":"shipping-taxable","12":"product-type-simple"},"yoast_head":"<!-- This site is optimized with the Yoast SEO plugin v27.0 - https:\/\/yoast.com\/product\/yoast-seo-wordpress\/ -->\n<title>Molevac | Soluci\u00f3n Efectiva contra Par\u00e1sitos - Transtoyou<\/title>\n<meta name=\"description\" content=\"Descubre Molevac para eliminar par\u00e1sitos de manera efectiva, disponible en Transtoyou. Mejora tu salud intestinal con nuestra f\u00f3rmula. \u00a1Consigue la tuya hoy!\" \/>\n<meta name=\"robots\" content=\"noindex, follow, max-snippet:-1, max-image-preview:large, max-video-preview:-1\" \/>\n<meta property=\"og:locale\" content=\"es_ES\" \/>\n<meta property=\"og:type\" content=\"article\" \/>\n<meta property=\"og:title\" content=\"Molevac | Soluci\u00f3n Efectiva contra Par\u00e1sitos - Transtoyou\" \/>\n<meta property=\"og:description\" content=\"Descubre Molevac para eliminar par\u00e1sitos de manera efectiva, disponible en Transtoyou. Mejora tu salud intestinal con nuestra f\u00f3rmula. \u00a1Consigue la tuya hoy!\" \/>\n<meta property=\"og:url\" content=\"https:\/\/www.transtoyou.com\/es\/product\/molevac\/\" \/>\n<meta property=\"og:site_name\" content=\"Transtoyou - ES\" \/>\n<meta property=\"article:modified_time\" content=\"2026-02-28T10:30:15+00:00\" \/>\n<meta name=\"twitter:card\" content=\"summary_large_image\" \/>\n<meta name=\"twitter:label1\" content=\"Tiempo de lectura\" \/>\n\t<meta name=\"twitter:data1\" content=\"1 minuto\" \/>\n<script type=\"application\/ld+json\" class=\"yoast-schema-graph\">{\"@context\":\"https:\/\/schema.org\",\"@graph\":[{\"@type\":\"WebPage\",\"@id\":\"https:\/\/www.transtoyou.com\/es\/product\/molevac\/\",\"url\":\"https:\/\/www.transtoyou.com\/es\/product\/molevac\/\",\"name\":\"Molevac | Soluci\u00f3n Efectiva contra Par\u00e1sitos - Transtoyou\",\"isPartOf\":{\"@id\":\"https:\/\/www.transtoyou.com\/es\/#website\"},\"primaryImageOfPage\":{\"@id\":\"https:\/\/www.transtoyou.com\/es\/product\/molevac\/#primaryimage\"},\"image\":{\"@id\":\"https:\/\/www.transtoyou.com\/es\/product\/molevac\/#primaryimage\"},\"thumbnailUrl\":\"https:\/\/www.transtoyou.com\/es\/wp-content\/uploads\/sites\/14\/2026\/01\/tty-no-product-image-6.webp\",\"datePublished\":\"2026-01-22T13:58:42+00:00\",\"dateModified\":\"2026-02-28T10:30:15+00:00\",\"description\":\"Descubre Molevac para eliminar par\u00e1sitos de manera efectiva, disponible en Transtoyou. Mejora tu salud intestinal con nuestra f\u00f3rmula. \u00a1Consigue la tuya hoy!\",\"breadcrumb\":{\"@id\":\"https:\/\/www.transtoyou.com\/es\/product\/molevac\/#breadcrumb\"},\"inLanguage\":\"es\",\"potentialAction\":[{\"@type\":\"ReadAction\",\"target\":[\"https:\/\/www.transtoyou.com\/es\/product\/molevac\/\"]}]},{\"@type\":\"ImageObject\",\"inLanguage\":\"es\",\"@id\":\"https:\/\/www.transtoyou.com\/es\/product\/molevac\/#primaryimage\",\"url\":\"https:\/\/www.transtoyou.com\/es\/wp-content\/uploads\/sites\/14\/2026\/01\/tty-no-product-image-6.webp\",\"contentUrl\":\"https:\/\/www.transtoyou.com\/es\/wp-content\/uploads\/sites\/14\/2026\/01\/tty-no-product-image-6.webp\",\"width\":1000,\"height\":1000,\"caption\":\"Imagen de producto predeterminada\"},{\"@type\":\"WebSite\",\"@id\":\"https:\/\/www.transtoyou.com\/es\/#website\",\"url\":\"https:\/\/www.transtoyou.com\/es\/\",\"name\":\"Transtoyou - ES\",\"description\":\"\",\"publisher\":{\"@id\":\"https:\/\/www.transtoyou.com\/es\/#organization\"},\"potentialAction\":[{\"@type\":\"SearchAction\",\"target\":{\"@type\":\"EntryPoint\",\"urlTemplate\":\"https:\/\/www.transtoyou.com\/es\/?s={search_term_string}\"},\"query-input\":{\"@type\":\"PropertyValueSpecification\",\"valueRequired\":true,\"valueName\":\"search_term_string\"}}],\"inLanguage\":\"es\"},{\"@type\":\"Organization\",\"@id\":\"https:\/\/www.transtoyou.com\/es\/#organization\",\"name\":\"Transtoyou - ES\",\"url\":\"https:\/\/www.transtoyou.com\/es\/\",\"logo\":{\"@type\":\"ImageObject\",\"inLanguage\":\"es\",\"@id\":\"https:\/\/www.transtoyou.com\/es\/#\/schema\/logo\/image\/\",\"url\":\"https:\/\/www.transtoyou.com\/es\/wp-content\/uploads\/sites\/14\/2026\/01\/logo-tty-menu-bar-300x87-1.webp\",\"contentUrl\":\"https:\/\/www.transtoyou.com\/es\/wp-content\/uploads\/sites\/14\/2026\/01\/logo-tty-menu-bar-300x87-1.webp\",\"width\":300,\"height\":87,\"caption\":\"Transtoyou - ES\"},\"image\":{\"@id\":\"https:\/\/www.transtoyou.com\/es\/#\/schema\/logo\/image\/\"}}]}<\/script>\n<!-- \/ Yoast SEO plugin. -->","yoast_head_json":{"title":"Molevac | Soluci\u00f3n Efectiva contra Par\u00e1sitos - Transtoyou","description":"Descubre Molevac para eliminar par\u00e1sitos de manera efectiva, disponible en Transtoyou. Mejora tu salud intestinal con nuestra f\u00f3rmula. \u00a1Consigue la tuya hoy!","robots":{"index":"noindex","follow":"follow","max-snippet":"max-snippet:-1","max-image-preview":"max-image-preview:large","max-video-preview":"max-video-preview:-1"},"og_locale":"es_ES","og_type":"article","og_title":"Molevac | Soluci\u00f3n Efectiva contra Par\u00e1sitos - Transtoyou","og_description":"Descubre Molevac para eliminar par\u00e1sitos de manera efectiva, disponible en Transtoyou. Mejora tu salud intestinal con nuestra f\u00f3rmula. \u00a1Consigue la tuya hoy!","og_url":"https:\/\/www.transtoyou.com\/es\/product\/molevac\/","og_site_name":"Transtoyou - ES","article_modified_time":"2026-02-28T10:30:15+00:00","twitter_card":"summary_large_image","twitter_misc":{"Tiempo de lectura":"1 minuto"},"schema":{"@context":"https:\/\/schema.org","@graph":[{"@type":"WebPage","@id":"https:\/\/www.transtoyou.com\/es\/product\/molevac\/","url":"https:\/\/www.transtoyou.com\/es\/product\/molevac\/","name":"Molevac | Soluci\u00f3n Efectiva contra Par\u00e1sitos - Transtoyou","isPartOf":{"@id":"https:\/\/www.transtoyou.com\/es\/#website"},"primaryImageOfPage":{"@id":"https:\/\/www.transtoyou.com\/es\/product\/molevac\/#primaryimage"},"image":{"@id":"https:\/\/www.transtoyou.com\/es\/product\/molevac\/#primaryimage"},"thumbnailUrl":"https:\/\/www.transtoyou.com\/es\/wp-content\/uploads\/sites\/14\/2026\/01\/tty-no-product-image-6.webp","datePublished":"2026-01-22T13:58:42+00:00","dateModified":"2026-02-28T10:30:15+00:00","description":"Descubre Molevac para eliminar par\u00e1sitos de manera efectiva, disponible en Transtoyou. Mejora tu salud intestinal con nuestra f\u00f3rmula. \u00a1Consigue la tuya hoy!","breadcrumb":{"@id":"https:\/\/www.transtoyou.com\/es\/product\/molevac\/#breadcrumb"},"inLanguage":"es","potentialAction":[{"@type":"ReadAction","target":["https:\/\/www.transtoyou.com\/es\/product\/molevac\/"]}]},{"@type":"ImageObject","inLanguage":"es","@id":"https:\/\/www.transtoyou.com\/es\/product\/molevac\/#primaryimage","url":"https:\/\/www.transtoyou.com\/es\/wp-content\/uploads\/sites\/14\/2026\/01\/tty-no-product-image-6.webp","contentUrl":"https:\/\/www.transtoyou.com\/es\/wp-content\/uploads\/sites\/14\/2026\/01\/tty-no-product-image-6.webp","width":1000,"height":1000,"caption":"Imagen de producto predeterminada"},{"@type":"WebSite","@id":"https:\/\/www.transtoyou.com\/es\/#website","url":"https:\/\/www.transtoyou.com\/es\/","name":"Transtoyou - ES","description":"","publisher":{"@id":"https:\/\/www.transtoyou.com\/es\/#organization"},"potentialAction":[{"@type":"SearchAction","target":{"@type":"EntryPoint","urlTemplate":"https:\/\/www.transtoyou.com\/es\/?s={search_term_string}"},"query-input":{"@type":"PropertyValueSpecification","valueRequired":true,"valueName":"search_term_string"}}],"inLanguage":"es"},{"@type":"Organization","@id":"https:\/\/www.transtoyou.com\/es\/#organization","name":"Transtoyou - ES","url":"https:\/\/www.transtoyou.com\/es\/","logo":{"@type":"ImageObject","inLanguage":"es","@id":"https:\/\/www.transtoyou.com\/es\/#\/schema\/logo\/image\/","url":"https:\/\/www.transtoyou.com\/es\/wp-content\/uploads\/sites\/14\/2026\/01\/logo-tty-menu-bar-300x87-1.webp","contentUrl":"https:\/\/www.transtoyou.com\/es\/wp-content\/uploads\/sites\/14\/2026\/01\/logo-tty-menu-bar-300x87-1.webp","width":300,"height":87,"caption":"Transtoyou - ES"},"image":{"@id":"https:\/\/www.transtoyou.com\/es\/#\/schema\/logo\/image\/"}}]}},"_links":{"self":[{"href":"https:\/\/www.transtoyou.com\/es\/wp-json\/wp\/v2\/product\/456","targetHints":{"allow":["GET"]}}],"collection":[{"href":"https:\/\/www.transtoyou.com\/es\/wp-json\/wp\/v2\/product"}],"about":[{"href":"https:\/\/www.transtoyou.com\/es\/wp-json\/wp\/v2\/types\/product"}],"replies":[{"embeddable":true,"href":"https:\/\/www.transtoyou.com\/es\/wp-json\/wp\/v2\/comments?post=456"}],"wp:featuredmedia":[{"embeddable":true,"href":"https:\/\/www.transtoyou.com\/es\/wp-json\/wp\/v2\/media\/457"}],"wp:attachment":[{"href":"https:\/\/www.transtoyou.com\/es\/wp-json\/wp\/v2\/media?parent=456"}],"wp:term":[{"taxonomy":"product_brand","embeddable":true,"href":"https:\/\/www.transtoyou.com\/es\/wp-json\/wp\/v2\/product_brand?post=456"},{"taxonomy":"product_cat","embeddable":true,"href":"https:\/\/www.transtoyou.com\/es\/wp-json\/wp\/v2\/product_cat?post=456"},{"taxonomy":"product_tag","embeddable":true,"href":"https:\/\/www.transtoyou.com\/es\/wp-json\/wp\/v2\/product_tag?post=456"},{"taxonomy":"expert","embeddable":true,"href":"https:\/\/www.transtoyou.com\/es\/wp-json\/wp\/v2\/expert?post=456"}],"curies":[{"name":"wp","href":"https:\/\/api.w.org\/{rel}","templated":true}]}}